{"id":8219,"date":"2021-02-16T15:01:58","date_gmt":"2021-02-16T14:01:58","guid":{"rendered":"https:\/\/done.lu\/?page_id=8219"},"modified":"2025-07-07T19:14:33","modified_gmt":"2025-07-07T17:14:33","slug":"disclaimer","status":"publish","type":"page","link":"https:\/\/done.lu\/fr\/disclaimer\/","title":{"rendered":"Disclaimer"},"content":{"rendered":"<section class=\"wpb-content-wrapper\"><p>[vc_section full_width=\u00a0\u00bbstretch_row_content\u00a0\u00bb parallax=\u00a0\u00bbcontent-moving\u00a0\u00bb parallax_speed_bg=\u00a0\u00bb2.5&Prime; el_id=\u00a0\u00bbintro\u00a0\u00bb css=\u00a0\u00bb.vc_custom_1596635908694{background-image: url(\/wp-content\/uploads\/2020\/08\/BG-STARS.jpg?id=109) !important;}\u00a0\u00bb][vc_row el_id=\u00a0\u00bbiss\u00a0\u00bb css=\u00a0\u00bb.vc_custom_1596635068619{background-image: url(\/wp-content\/uploads\/2020\/08\/Moon.png?id=116) !important;}\u00a0\u00bb][vc_column][vc_single_image image=\u00a0\u00bb113&Prime; img_size=\u00a0\u00bbfull\u00a0\u00bb alignment=\u00a0\u00bbcenter\u00a0\u00bb el_class=\u00a0\u00bbno-space-img\u00a0\u00bb][\/vc_column][\/vc_row][\/vc_section][vc_section full_width=\u00a0\u00bbstretch_row\u00a0\u00bb parallax=\u00a0\u00bbcontent-moving\u00a0\u00bb parallax_speed_bg=\u00a0\u00bb2&Prime; css=\u00a0\u00bb.vc_custom_1613482303958{background-image: url(\/wp-content\/uploads\/2021\/02\/PurpleStarsBG5000.jpg?id=7973) !important;}\u00a0\u00bb el_id=\u00a0\u00bbimprint-sec\u00a0\u00bb][vc_row][vc_column][vc_column_text]<\/p>\n<h1 class=\"al-center\">Disclaimer<\/h1>\n<p>&nbsp;<\/p>\n<p>Identification et si\u00e8ge social du propri\u00e9taire du site web:<\/p>\n<p>Done SARL<br \/>\n22 rue de Luxembourg, L-8077 Bertrange, Luxembourg (Grand-Duch\u00e9 de Luxembourg)<\/p>\n<p>N\u00b0 TVA: LU27317130<\/p>\n<p>Tel: +352 202 11 033<br \/>\nFax: +352 202 11 033 99<br \/>\nE-mail: you@done.lu<\/p>\n<p>Bienvenue sur le site web www.done.lu. Lisez ces Conditions G\u00e9n\u00e9rales attentivement. Elles contiennent les r\u00e8gles qui s&rsquo;appliquent \u00e0 l&rsquo;acc\u00e8s \u00e0 la partie publique de notre site (utilisateurs non-enregistr\u00e9s).<\/p>\n<p>En visitant notre site Internet et en l\u2019utilisant tout utilisateur s\u2019engage \u00e0 respecter les pr\u00e9sentes Conditions G\u00e9n\u00e9rales et il \/ elle accepte leur force contraignante.<\/p>\n<p>&nbsp;<\/p>\n<p>Propri\u00e9t\u00e9 intellectuelle<\/p>\n<p>Le contenu du site internet, y inclus les marques, logos, les \u00e9l\u00e9ments et illustrations graphiques, les donn\u00e9es, les d\u00e9nominations de produits et de soci\u00e9t\u00e9, les textes, les images, etc, sont et resteront le propri\u00e9t\u00e9 exclusif de Done SARL ou de certains tiers avec qui Done SARL a conclu des contrats de license ou d\u2019utilisation.<\/p>\n<p>&nbsp;<\/p>\n<p>Limitation de responsabilit\u00e9<\/p>\n<p>L\u2019information sur ce site est de nature g\u00e9n\u00e9ral. L\u2019information n\u2019est pas adapt\u00e9e \u00e0 des situations sp\u00e9cifiques ni individualis\u00e9e et ne peut donc en aucun cas constituer un avis personnel ou juridique \u00e0 un utilisateur individuel.<\/p>\n<p>Done SARL consacre la plus grande attention et le plus grand soin possibles au contenu de son site internet. Ce contenu est toutefois sujet \u00e0 des modifications, peut \u00eatre supprim\u00e9 de tout temps et est mis \u00e0 disposition de l\u2019utilisateur sans garanties explicites ou implicites concernant son exactitude.<\/p>\n<p>Done SARL n\u2019est pas responsable des d\u00e9g\u00e2ts directs ou indirects caus\u00e9s par l\u2019utilisation du contenu de son site internet. Si vous constatez la pr\u00e9sence d\u2019inexactitudes dans l\u2019information communiqu\u00e9 sur notre site internet, nous vous prions de contacter le responsable du site internet.<\/p>\n<p>Le contenu du site internet (y inclus les hyperliens) est sujet \u00e0 des modifications et peut \u00eatre supprim\u00e9 de tout temps.<\/p>\n<p>Done SARL ne peut garantir un fonctionnement parfait de son site internet, ni un acc\u00e8s ininterrompu \u00e0 son site internet et des probl\u00e8mes de fonctionnement o\u00f9 d\u2019acc\u00e8s ne pourront en aucun cas entra\u00eener de sanction ou d\u2019indemnit\u00e9, directe ou indirecte dans son chef.<\/p>\n<p>Done SARL ne peut \u00eatre tenu responsable de toute erreur ou omission, ni des r\u00e9sultats obtenus par suite de l\u2019utilisation de ce site ou d\u2019un autre.<\/p>\n<p>Le site internet peut contenir des liens vers des sites qui ne sont pas g\u00e9r\u00e9s, abrit\u00e9s ou entretenus par Done SARL. La pr\u00e9sence de liens vers ces sites n\u2019implique en aucun cas l\u2019accord de Done SARL avec le contenu de ces sites internet. Done SARL n\u2019est en aucun cas responsable du contenu ou d\u2019autres caract\u00e9ristiques de tels sites et ne peut \u00eatre tenu responsable de ce contenu, de ces caract\u00e9ristiques ou de quelque dommage que ce soit li\u00e9 \u00e0 l\u2019utilisation de ces sites internet.<\/p>\n<p>&nbsp;<\/p>\n<p>Droit applicable et tribunaux comp\u00e9tents<\/p>\n<p>Ces conditions g\u00e9n\u00e9rales sont r\u00e9gies, interpr\u00e9t\u00e9es et ex\u00e9cut\u00e9es conform\u00e9ment au droit luxembourgeois, seul droit applicable en cas de litige.<\/p>\n<p>Remarque : En cas d&rsquo;achat \u00e0 partir de l&rsquo;\u00e9tranger, le client devient importateur dans son pays ; il devra alors acquitter toutes les taxes locales selon la l\u00e9gislation en vigueur dans son pays.<\/p>\n<p>&nbsp;<\/p>\n<p>L\u2019utilisation des cookies<\/p>\n<p>Lors de votre visite, des cookies peuvent \u00eatre install\u00e9s sur le disque dur de votre ordinateur et ceci afin d\u2019am\u00e9liorer le service offert par le site internet pour des utilisateurs lors des prochaines visites au site internet. Ces petits fichiers ou cookies ne sont pas utilis\u00e9s \u00e0 des fins d\u2019analyse de votre comportement en ligne sur d\u2019autres sites internet. Vous pouvez d\u00e9sactiver l\u2019utilisation de cookies ou adapter le niveau des alertes et demandes d\u2019autorisation envoy\u00e9es avant l\u2019installation des cookies dans les param\u00e8tres de votre moteur de recherche. Vous trouverez plus d\u2019information dans la section aide de votre moteur de recherche.<\/p>\n<div id=\"gtx-trans\" style=\"position: absolute; left: -12px; top: 223.156px;\">\n<div class=\"gtx-trans-icon\"><\/div>\n<\/div>\n<p>[\/vc_column_text][\/vc_column][\/vc_row][\/vc_section]<\/p>\n<\/section>","protected":false},"excerpt":{"rendered":"<p>[vc_section full_width=\u00a0\u00bbstretch_row_content\u00a0\u00bb parallax=\u00a0\u00bbcontent-moving\u00a0\u00bb parallax_speed_bg=\u00a0\u00bb2.5&Prime; el_id=\u00a0\u00bbintro\u00a0\u00bb css=\u00a0\u00bb.vc_custom_1596635908694{background-image: url(\/wp-content\/uploads\/2020\/08\/BG-STARS.jpg?id=109) !important;}\u00a0\u00bb][vc_row el_id=\u00a0\u00bbiss\u00a0\u00bb css=\u00a0\u00bb.vc_custom_1596635068619{background-image: url(\/wp-content\/uploads\/2020\/08\/Moon.png?id=116) !important;}\u00a0\u00bb][vc_column][vc_single_image image=\u00a0\u00bb113&Prime; img_size=\u00a0\u00bbfull\u00a0\u00bb alignment=\u00a0\u00bbcenter\u00a0\u00bb el_class=\u00a0\u00bbno-space-img\u00a0\u00bb][\/vc_column][\/vc_row][\/vc_section][vc_section full_width=\u00a0\u00bbstretch_row\u00a0\u00bb parallax=\u00a0\u00bbcontent-moving\u00a0\u00bb parallax_speed_bg=\u00a0\u00bb2&Prime; css=\u00a0\u00bb.vc_custom_1613482303958{background-image: url(\/wp-content\/uploads\/2021\/02\/PurpleStarsBG5000.jpg?id=7973) !important;}\u00a0\u00bb el_id=\u00a0\u00bbimprint-sec\u00a0\u00bb][vc_row][vc_column][vc_column_text] Disclaimer &nbsp; Identification<span class=\"excerpt-hellip\"> [\u2026]<\/span><\/p>\n","protected":false},"author":1,"featured_media":0,"parent":0,"menu_order":0,"comment_status":"closed","ping_status":"closed","template":"","meta":{"inline_featured_image":false,"footnotes":""},"yoast_head":"<!-- This site is optimized with the Yoast SEO plugin v21.5 - https:\/\/yoast.com\/wordpress\/plugins\/seo\/ -->\n<title>Disclaimer - Done<\/title>\n<meta name=\"robots\" content=\"index, follow, max-snippet:-1, max-image-preview:large, max-video-preview:-1\" \/>\n<link rel=\"canonical\" href=\"https:\/\/done.lu\/fr\/disclaimer\/\" \/>\n<meta property=\"og:locale\" content=\"fr_FR\" \/>\n<meta property=\"og:type\" content=\"article\" \/>\n<meta property=\"og:title\" content=\"Disclaimer - Done\" \/>\n<meta property=\"og:description\" content=\"[vc_section full_width=\u00a0\u00bbstretch_row_content\u00a0\u00bb parallax=\u00a0\u00bbcontent-moving\u00a0\u00bb parallax_speed_bg=\u00a0\u00bb2.5&Prime; el_id=\u00a0\u00bbintro\u00a0\u00bb css=\u00a0\u00bb.vc_custom_1596635908694{background-image: url(\/wp-content\/uploads\/2020\/08\/BG-STARS.jpg?id=109) !important;}\u00a0\u00bb][vc_row el_id=\u00a0\u00bbiss\u00a0\u00bb css=\u00a0\u00bb.vc_custom_1596635068619{background-image: url(\/wp-content\/uploads\/2020\/08\/Moon.png?id=116) !important;}\u00a0\u00bb][vc_column][vc_single_image image=\u00a0\u00bb113&Prime; img_size=\u00a0\u00bbfull\u00a0\u00bb alignment=\u00a0\u00bbcenter\u00a0\u00bb el_class=\u00a0\u00bbno-space-img\u00a0\u00bb][\/vc_column][\/vc_row][\/vc_section][vc_section full_width=\u00a0\u00bbstretch_row\u00a0\u00bb parallax=\u00a0\u00bbcontent-moving\u00a0\u00bb parallax_speed_bg=\u00a0\u00bb2&Prime; css=\u00a0\u00bb.vc_custom_1613482303958{background-image: url(\/wp-content\/uploads\/2021\/02\/PurpleStarsBG5000.jpg?id=7973) !important;}\u00a0\u00bb el_id=\u00a0\u00bbimprint-sec\u00a0\u00bb][vc_row][vc_column][vc_column_text] Disclaimer &nbsp; Identification [\u2026]\" \/>\n<meta property=\"og:url\" content=\"https:\/\/done.lu\/fr\/disclaimer\/\" \/>\n<meta property=\"og:site_name\" content=\"Done\" \/>\n<meta property=\"article:publisher\" content=\"https:\/\/www.facebook.com\/donesarl\" \/>\n<meta property=\"article:modified_time\" content=\"2025-07-07T17:14:33+00:00\" \/>\n<meta name=\"twitter:card\" content=\"summary_large_image\" \/>\n<meta name=\"twitter:site\" content=\"@DONElux\" \/>\n<meta name=\"twitter:label1\" content=\"Dur\u00e9e de lecture estim\u00e9e\" \/>\n\t<meta name=\"twitter:data1\" content=\"3 minutes\" \/>\n<script type=\"application\/ld+json\" class=\"yoast-schema-graph\">{\"@context\":\"https:\/\/schema.org\",\"@graph\":[{\"@type\":\"WebPage\",\"@id\":\"https:\/\/done.lu\/fr\/disclaimer\/\",\"url\":\"https:\/\/done.lu\/fr\/disclaimer\/\",\"name\":\"Disclaimer - Done\",\"isPartOf\":{\"@id\":\"https:\/\/done.lu\/#website\"},\"datePublished\":\"2021-02-16T14:01:58+00:00\",\"dateModified\":\"2025-07-07T17:14:33+00:00\",\"breadcrumb\":{\"@id\":\"https:\/\/done.lu\/fr\/disclaimer\/#breadcrumb\"},\"inLanguage\":\"fr-FR\",\"potentialAction\":[{\"@type\":\"ReadAction\",\"target\":[\"https:\/\/done.lu\/fr\/disclaimer\/\"]}]},{\"@type\":\"BreadcrumbList\",\"@id\":\"https:\/\/done.lu\/fr\/disclaimer\/#breadcrumb\",\"itemListElement\":[{\"@type\":\"ListItem\",\"position\":1,\"name\":\"Home\",\"item\":\"https:\/\/done.lu\/fr\/\"},{\"@type\":\"ListItem\",\"position\":2,\"name\":\"Disclaimer\"}]},{\"@type\":\"WebSite\",\"@id\":\"https:\/\/done.lu\/#website\",\"url\":\"https:\/\/done.lu\/\",\"name\":\"Done\",\"description\":\"\",\"publisher\":{\"@id\":\"https:\/\/done.lu\/#organization\"},\"potentialAction\":[{\"@type\":\"SearchAction\",\"target\":{\"@type\":\"EntryPoint\",\"urlTemplate\":\"https:\/\/done.lu\/?s={search_term_string}\"},\"query-input\":\"required name=search_term_string\"}],\"inLanguage\":\"fr-FR\"},{\"@type\":\"Organization\",\"@id\":\"https:\/\/done.lu\/#organization\",\"name\":\"Done SARL\",\"alternateName\":\"Done Website as a Service\",\"url\":\"https:\/\/done.lu\/\",\"logo\":{\"@type\":\"ImageObject\",\"inLanguage\":\"fr-FR\",\"@id\":\"https:\/\/done.lu\/#\/schema\/logo\/image\/\",\"url\":\"https:\/\/done.lu\/wp-content\/uploads\/2024\/07\/logo_done_rgb_neu.jpg\",\"contentUrl\":\"https:\/\/done.lu\/wp-content\/uploads\/2024\/07\/logo_done_rgb_neu.jpg\",\"width\":945,\"height\":377,\"caption\":\"Done SARL\"},\"image\":{\"@id\":\"https:\/\/done.lu\/#\/schema\/logo\/image\/\"},\"sameAs\":[\"https:\/\/www.facebook.com\/donesarl\",\"https:\/\/twitter.com\/DONElux\",\"https:\/\/www.instagram.com\/done.lu\/\",\"https:\/\/www.linkedin.com\/company\/donelux\/\"]}]}<\/script>\n<!-- \/ Yoast SEO plugin. -->","yoast_head_json":{"title":"Disclaimer - Done","robots":{"index":"index","follow":"follow","max-snippet":"max-snippet:-1","max-image-preview":"max-image-preview:large","max-video-preview":"max-video-preview:-1"},"canonical":"https:\/\/done.lu\/fr\/disclaimer\/","og_locale":"fr_FR","og_type":"article","og_title":"Disclaimer - Done","og_description":"[vc_section full_width=\u00a0\u00bbstretch_row_content\u00a0\u00bb parallax=\u00a0\u00bbcontent-moving\u00a0\u00bb parallax_speed_bg=\u00a0\u00bb2.5&Prime; el_id=\u00a0\u00bbintro\u00a0\u00bb css=\u00a0\u00bb.vc_custom_1596635908694{background-image: url(\/wp-content\/uploads\/2020\/08\/BG-STARS.jpg?id=109) !important;}\u00a0\u00bb][vc_row el_id=\u00a0\u00bbiss\u00a0\u00bb css=\u00a0\u00bb.vc_custom_1596635068619{background-image: url(\/wp-content\/uploads\/2020\/08\/Moon.png?id=116) !important;}\u00a0\u00bb][vc_column][vc_single_image image=\u00a0\u00bb113&Prime; img_size=\u00a0\u00bbfull\u00a0\u00bb alignment=\u00a0\u00bbcenter\u00a0\u00bb el_class=\u00a0\u00bbno-space-img\u00a0\u00bb][\/vc_column][\/vc_row][\/vc_section][vc_section full_width=\u00a0\u00bbstretch_row\u00a0\u00bb parallax=\u00a0\u00bbcontent-moving\u00a0\u00bb parallax_speed_bg=\u00a0\u00bb2&Prime; css=\u00a0\u00bb.vc_custom_1613482303958{background-image: url(\/wp-content\/uploads\/2021\/02\/PurpleStarsBG5000.jpg?id=7973) !important;}\u00a0\u00bb el_id=\u00a0\u00bbimprint-sec\u00a0\u00bb][vc_row][vc_column][vc_column_text] Disclaimer &nbsp; Identification [\u2026]","og_url":"https:\/\/done.lu\/fr\/disclaimer\/","og_site_name":"Done","article_publisher":"https:\/\/www.facebook.com\/donesarl","article_modified_time":"2025-07-07T17:14:33+00:00","twitter_card":"summary_large_image","twitter_site":"@DONElux","twitter_misc":{"Dur\u00e9e de lecture estim\u00e9e":"3 minutes"},"schema":{"@context":"https:\/\/schema.org","@graph":[{"@type":"WebPage","@id":"https:\/\/done.lu\/fr\/disclaimer\/","url":"https:\/\/done.lu\/fr\/disclaimer\/","name":"Disclaimer - Done","isPartOf":{"@id":"https:\/\/done.lu\/#website"},"datePublished":"2021-02-16T14:01:58+00:00","dateModified":"2025-07-07T17:14:33+00:00","breadcrumb":{"@id":"https:\/\/done.lu\/fr\/disclaimer\/#breadcrumb"},"inLanguage":"fr-FR","potentialAction":[{"@type":"ReadAction","target":["https:\/\/done.lu\/fr\/disclaimer\/"]}]},{"@type":"BreadcrumbList","@id":"https:\/\/done.lu\/fr\/disclaimer\/#breadcrumb","itemListElement":[{"@type":"ListItem","position":1,"name":"Home","item":"https:\/\/done.lu\/fr\/"},{"@type":"ListItem","position":2,"name":"Disclaimer"}]},{"@type":"WebSite","@id":"https:\/\/done.lu\/#website","url":"https:\/\/done.lu\/","name":"Done","description":"","publisher":{"@id":"https:\/\/done.lu\/#organization"},"potentialAction":[{"@type":"SearchAction","target":{"@type":"EntryPoint","urlTemplate":"https:\/\/done.lu\/?s={search_term_string}"},"query-input":"required name=search_term_string"}],"inLanguage":"fr-FR"},{"@type":"Organization","@id":"https:\/\/done.lu\/#organization","name":"Done SARL","alternateName":"Done Website as a Service","url":"https:\/\/done.lu\/","logo":{"@type":"ImageObject","inLanguage":"fr-FR","@id":"https:\/\/done.lu\/#\/schema\/logo\/image\/","url":"https:\/\/done.lu\/wp-content\/uploads\/2024\/07\/logo_done_rgb_neu.jpg","contentUrl":"https:\/\/done.lu\/wp-content\/uploads\/2024\/07\/logo_done_rgb_neu.jpg","width":945,"height":377,"caption":"Done SARL"},"image":{"@id":"https:\/\/done.lu\/#\/schema\/logo\/image\/"},"sameAs":["https:\/\/www.facebook.com\/donesarl","https:\/\/twitter.com\/DONElux","https:\/\/www.instagram.com\/done.lu\/","https:\/\/www.linkedin.com\/company\/donelux\/"]}]}},"_links":{"self":[{"href":"https:\/\/done.lu\/fr\/wp-json\/wp\/v2\/pages\/8219"}],"collection":[{"href":"https:\/\/done.lu\/fr\/wp-json\/wp\/v2\/pages"}],"about":[{"href":"https:\/\/done.lu\/fr\/wp-json\/wp\/v2\/types\/page"}],"author":[{"embeddable":true,"href":"https:\/\/done.lu\/fr\/wp-json\/wp\/v2\/users\/1"}],"replies":[{"embeddable":true,"href":"https:\/\/done.lu\/fr\/wp-json\/wp\/v2\/comments?post=8219"}],"version-history":[{"count":3,"href":"https:\/\/done.lu\/fr\/wp-json\/wp\/v2\/pages\/8219\/revisions"}],"predecessor-version":[{"id":12413,"href":"https:\/\/done.lu\/fr\/wp-json\/wp\/v2\/pages\/8219\/revisions\/12413"}],"wp:attachment":[{"href":"https:\/\/done.lu\/fr\/wp-json\/wp\/v2\/media?parent=8219"}],"curies":[{"name":"wp","href":"https:\/\/api.w.org\/{rel}","templated":true}]}}