{"id":8199,"date":"2021-02-16T14:34:41","date_gmt":"2021-02-16T13:34:41","guid":{"rendered":"https:\/\/done.lu\/imprint\/"},"modified":"2025-07-07T19:16:44","modified_gmt":"2025-07-07T17:16:44","slug":"mentions-legales","status":"publish","type":"page","link":"https:\/\/done.lu\/fr\/mentions-legales\/","title":{"rendered":"Mentions l\u00e9gales"},"content":{"rendered":"<section class=\"wpb-content-wrapper\"><p>[vc_section full_width=\u00a0\u00bbstretch_row_content\u00a0\u00bb parallax=\u00a0\u00bbcontent-moving\u00a0\u00bb parallax_speed_bg=\u00a0\u00bb2.5&Prime; el_id=\u00a0\u00bbintro\u00a0\u00bb css=\u00a0\u00bb.vc_custom_1596635908694{background-image: url(\/wp-content\/uploads\/2020\/08\/BG-STARS.jpg?id=109) !important;}\u00a0\u00bb][vc_row el_id=\u00a0\u00bbiss\u00a0\u00bb css=\u00a0\u00bb.vc_custom_1596635068619{background-image: url(\/wp-content\/uploads\/2020\/08\/Moon.png?id=116) !important;}\u00a0\u00bb][vc_column][vc_single_image image=\u00a0\u00bb113&Prime; img_size=\u00a0\u00bbfull\u00a0\u00bb alignment=\u00a0\u00bbcenter\u00a0\u00bb el_class=\u00a0\u00bbno-space-img\u00a0\u00bb][\/vc_column][\/vc_row][\/vc_section][vc_section full_width=\u00a0\u00bbstretch_row\u00a0\u00bb parallax=\u00a0\u00bbcontent-moving\u00a0\u00bb parallax_speed_bg=\u00a0\u00bb2&Prime; css=\u00a0\u00bb.vc_custom_1613482303958{background-image: url(\/wp-content\/uploads\/2021\/02\/PurpleStarsBG5000.jpg?id=7973) !important;}\u00a0\u00bb el_id=\u00a0\u00bbimprint-sec\u00a0\u00bb][vc_row][vc_column][vc_column_text]<\/p>\n<h1 class=\"al-center\">Mentions l\u00e9gales<\/h1>\n<div>\n<table width=\"90%\">\n<tbody>\n<tr>\n<td width=\"50%\">Adresse postale<\/td>\n<td width=\"50%\"><strong>Done S.\u00e0 r.l.<\/strong><br \/>\n22 rue de Luxembourg,<br \/>\nL-8077 Bertrange,<br \/>\nLuxembourg<\/td>\n<\/tr>\n<tr>\n<td width=\"50%\">Adresse de la soci\u00e9t\u00e9 enregistr\u00e9e<\/td>\n<td width=\"50%\"><strong>Done S.\u00e0.r.l.<\/strong><br \/>\n60,rue de Reckange<br \/>\nL-3943 Mondercange<\/td>\n<\/tr>\n<tr>\n<td>repr\u00e9sent\u00e9 par les directeurs g\u00e9n\u00e9raux<\/td>\n<td>Thomas Keipes<\/td>\n<\/tr>\n<tr>\n<td>Tel<\/td>\n<td>+352 2021103311<\/td>\n<\/tr>\n<tr>\n<td>Fax<\/td>\n<td>+352 2021103399<\/td>\n<\/tr>\n<tr>\n<td>E-Mail<\/td>\n<td>office(at)done.lu<\/td>\n<\/tr>\n<tr>\n<td>Enregistr\u00e9 \u00e0<\/td>\n<td>Chambre de Commerce<br \/>\nRCSB0192415<\/td>\n<\/tr>\n<tr>\n<td>num\u00e9ro d&rsquo;identification \u00e0 la TVA<\/td>\n<td>LU27317130<\/td>\n<\/tr>\n<tr>\n<td>Responsable du contenu<\/td>\n<td>Thomas Keipes<\/td>\n<\/tr>\n<\/tbody>\n<\/table>\n<div class=\"row\">\n<h4>(Traduit par Deepl &#8211; voir orginal en Allemand)<\/h4>\n<h4><\/h4>\n<p>Clause de non-responsabilit\u00e9<\/p>\n<p>Malgr\u00e9 un contr\u00f4le minutieux du contenu, nous d\u00e9clinons toute responsabilit\u00e9 quant au contenu des liens externes. Les exploitants des pages li\u00e9es sont seuls responsables de leur contenu. Protection des donn\u00e9es : Les donn\u00e9es personnelles que vous nous transmettez, par exemple votre nom, votre adresse e-mail ou d&rsquo;autres donn\u00e9es personnelles, seront conserv\u00e9es en toute s\u00e9curit\u00e9 par nos soins et ne seront pas transmises \u00e0 des tiers. Si, toutefois, vous souhaitez que vos donn\u00e9es soient effac\u00e9es, veuillez nous le faire savoir et nous le ferons imm\u00e9diatement.<\/p>\n<p>Responsabilit\u00e9 du contenu<\/p>\n<p>Le contenu de nos pages a \u00e9t\u00e9 cr\u00e9\u00e9 avec le plus grand soin. Pour l&rsquo;exactitude, l&rsquo;exhaustivit\u00e9 et l&rsquo;actualit\u00e9 des contenus, nous ne pouvons toutefois assumer aucune garantie. En tant que prestataire de services, nous sommes responsables de notre propre contenu sur ces pages conform\u00e9ment aux lois g\u00e9n\u00e9rales. Nous ne sommes pas oblig\u00e9s de surveiller les informations transmises ou stock\u00e9es par des tiers ou de rechercher des circonstances qui indiquent une activit\u00e9 ill\u00e9gale. Les obligations de supprimer ou de bloquer l&rsquo;utilisation des informations conform\u00e9ment aux lois g\u00e9n\u00e9rales n&rsquo;en sont pas affect\u00e9es. Toutefois, la responsabilit\u00e9 \u00e0 cet \u00e9gard n&rsquo;est possible qu&rsquo;\u00e0 partir du moment o\u00f9 nous prenons connaissance d&rsquo;une violation concr\u00e8te de la loi. D\u00e8s que nous aurons connaissance de telles infractions, nous supprimerons imm\u00e9diatement le contenu.<\/p>\n<p>Responsabilit\u00e9 pour les liens<\/p>\n<p>Notre offre contient des liens vers des sites Web externes de tiers sur les contenus desquels nous n&rsquo;avons aucune influence. C&rsquo;est pourquoi nous d\u00e9clinons toute responsabilit\u00e9 pour ces contenus externes. Le fournisseur ou l&rsquo;exploitant respectif des pages est toujours responsable du contenu des pages li\u00e9es. Au moment de l&rsquo;\u00e9tablissement du lien, les pages li\u00e9es ont \u00e9t\u00e9 contr\u00f4l\u00e9es quant \u00e0 d&rsquo;\u00e9ventuelles violations de la loi. Les contenus ill\u00e9gaux n&rsquo;\u00e9taient pas reconnaissables au moment de la cr\u00e9ation des liens. Un contr\u00f4le permanent du contenu des pages li\u00e9es n&rsquo;est pas raisonnable sans preuve concr\u00e8te d&rsquo;une infraction. D\u00e8s que nous aurons connaissance d&rsquo;une violation de la loi, nous supprimerons imm\u00e9diatement ces liens.<\/p>\n<p>Les droits d&rsquo;auteur<\/p>\n<p>Le contenu et les \u0153uvres de ces pages cr\u00e9\u00e9es par les exploitants du site sont soumis au droit d&rsquo;auteur allemand. La reproduction, le traitement, la distribution et toute forme de commercialisation de ce mat\u00e9riel en dehors du champ d&rsquo;application de la loi sur le droit d&rsquo;auteur n\u00e9cessitent l&rsquo;autorisation \u00e9crite pr\u00e9alable de son auteur ou cr\u00e9ateur respectif. Le t\u00e9l\u00e9chargement et la copie de ces pages ne sont autoris\u00e9s que pour un usage priv\u00e9 et non commercial. Dans la mesure o\u00f9 le contenu de ce site n&rsquo;a pas \u00e9t\u00e9 cr\u00e9\u00e9 par l&rsquo;exploitant, les droits d&rsquo;auteur de tiers sont respect\u00e9s. En particulier, les contenus de tiers sont marqu\u00e9s comme tels. Si vous avez n\u00e9anmoins connaissance d&rsquo;une violation du droit d&rsquo;auteur, veuillez nous en informer. D\u00e8s que nous aurons connaissance d&rsquo;une infraction, nous supprimerons imm\u00e9diatement ces contenus.<\/p>\n<p>Protection des donn\u00e9es<\/p>\n<p>L&rsquo;utilisation de notre site Internet est g\u00e9n\u00e9ralement possible sans fournir de donn\u00e9es personnelles. Dans la mesure o\u00f9 des donn\u00e9es personnelles (par ex. nom, adresse ou adresse e-mail) sont collect\u00e9es sur nos pages, cela se fait toujours sur une base volontaire dans la mesure du possible. Ces donn\u00e9es ne seront pas transmises \u00e0 des tiers sans votre consentement explicite. Nous attirons votre attention sur le fait que la transmission de donn\u00e9es sur Internet (p. ex. la communication par e-mail) peut pr\u00e9senter des failles de s\u00e9curit\u00e9. Une protection compl\u00e8te des donn\u00e9es contre l&rsquo;acc\u00e8s par des tiers n&rsquo;est pas possible. L&rsquo;utilisation des donn\u00e9es de contact publi\u00e9es dans le cadre de l&rsquo;obligation de mentions l\u00e9gales par des tiers pour l&rsquo;envoi de mat\u00e9riel publicitaire et d&rsquo;information non sollicit\u00e9 est express\u00e9ment interdite. Les exploitants de ce site Web se r\u00e9servent express\u00e9ment le droit d&rsquo;intenter une action en justice en cas d&rsquo;envoi ou d&rsquo;envoi non sollicit\u00e9 de pourriels ou d&rsquo;autres mat\u00e9riels publicitaires similaires. Source : Disclaimer de eRecht24, le portail du droit de l&rsquo;Internet de l&rsquo;avocat S\u00f6ren Siebert.<\/p>\n<p>Mat\u00e9riel photographique<\/p>\n<p>http:\/\/www.bigstockphoto.com\/ Pi\u00e8ce d&rsquo;identit\u00e9 avec photo : 48691688<br \/>\nCopyright : Nyul<\/p>\n<p>Pi\u00e8ce d&rsquo;identit\u00e9 avec photo : 34082387<br \/>\nCopyright : Olivier Le Moal<\/p>\n<\/div>\n<\/div>\n<div id=\"gtx-trans\" style=\"position: absolute; left: 251px; top: 101.156px;\">\n<div class=\"gtx-trans-icon\"><\/div>\n<\/div>\n<p>[\/vc_column_text][\/vc_column][\/vc_row][\/vc_section]<\/p>\n<\/section>","protected":false},"excerpt":{"rendered":"<p>[vc_section full_width=\u00a0\u00bbstretch_row_content\u00a0\u00bb parallax=\u00a0\u00bbcontent-moving\u00a0\u00bb parallax_speed_bg=\u00a0\u00bb2.5&Prime; el_id=\u00a0\u00bbintro\u00a0\u00bb css=\u00a0\u00bb.vc_custom_1596635908694{background-image: url(\/wp-content\/uploads\/2020\/08\/BG-STARS.jpg?id=109) !important;}\u00a0\u00bb][vc_row el_id=\u00a0\u00bbiss\u00a0\u00bb css=\u00a0\u00bb.vc_custom_1596635068619{background-image: url(\/wp-content\/uploads\/2020\/08\/Moon.png?id=116) !important;}\u00a0\u00bb][vc_column][vc_single_image image=\u00a0\u00bb113&Prime; img_size=\u00a0\u00bbfull\u00a0\u00bb alignment=\u00a0\u00bbcenter\u00a0\u00bb el_class=\u00a0\u00bbno-space-img\u00a0\u00bb][\/vc_column][\/vc_row][\/vc_section][vc_section full_width=\u00a0\u00bbstretch_row\u00a0\u00bb parallax=\u00a0\u00bbcontent-moving\u00a0\u00bb parallax_speed_bg=\u00a0\u00bb2&Prime; css=\u00a0\u00bb.vc_custom_1613482303958{background-image: url(\/wp-content\/uploads\/2021\/02\/PurpleStarsBG5000.jpg?id=7973) !important;}\u00a0\u00bb el_id=\u00a0\u00bbimprint-sec\u00a0\u00bb][vc_row][vc_column][vc_column_text] Mentions l\u00e9gales Adresse<span class=\"excerpt-hellip\"> [\u2026]<\/span><\/p>\n","protected":false},"author":1,"featured_media":0,"parent":0,"menu_order":0,"comment_status":"closed","ping_status":"closed","template":"","meta":{"inline_featured_image":false,"footnotes":""},"yoast_head":"<!-- This site is optimized with the Yoast SEO plugin v21.5 - https:\/\/yoast.com\/wordpress\/plugins\/seo\/ -->\n<title>Mentions l\u00e9gales - Done<\/title>\n<meta name=\"robots\" content=\"index, follow, max-snippet:-1, max-image-preview:large, max-video-preview:-1\" \/>\n<link rel=\"canonical\" href=\"https:\/\/done.lu\/fr\/mentions-legales\/\" \/>\n<meta property=\"og:locale\" content=\"fr_FR\" \/>\n<meta property=\"og:type\" content=\"article\" \/>\n<meta property=\"og:title\" content=\"Mentions l\u00e9gales - Done\" \/>\n<meta property=\"og:description\" content=\"[vc_section full_width=\u00a0\u00bbstretch_row_content\u00a0\u00bb parallax=\u00a0\u00bbcontent-moving\u00a0\u00bb parallax_speed_bg=\u00a0\u00bb2.5&Prime; el_id=\u00a0\u00bbintro\u00a0\u00bb css=\u00a0\u00bb.vc_custom_1596635908694{background-image: url(\/wp-content\/uploads\/2020\/08\/BG-STARS.jpg?id=109) !important;}\u00a0\u00bb][vc_row el_id=\u00a0\u00bbiss\u00a0\u00bb css=\u00a0\u00bb.vc_custom_1596635068619{background-image: url(\/wp-content\/uploads\/2020\/08\/Moon.png?id=116) !important;}\u00a0\u00bb][vc_column][vc_single_image image=\u00a0\u00bb113&Prime; img_size=\u00a0\u00bbfull\u00a0\u00bb alignment=\u00a0\u00bbcenter\u00a0\u00bb el_class=\u00a0\u00bbno-space-img\u00a0\u00bb][\/vc_column][\/vc_row][\/vc_section][vc_section full_width=\u00a0\u00bbstretch_row\u00a0\u00bb parallax=\u00a0\u00bbcontent-moving\u00a0\u00bb parallax_speed_bg=\u00a0\u00bb2&Prime; css=\u00a0\u00bb.vc_custom_1613482303958{background-image: url(\/wp-content\/uploads\/2021\/02\/PurpleStarsBG5000.jpg?id=7973) !important;}\u00a0\u00bb el_id=\u00a0\u00bbimprint-sec\u00a0\u00bb][vc_row][vc_column][vc_column_text] Mentions l\u00e9gales Adresse [\u2026]\" \/>\n<meta property=\"og:url\" content=\"https:\/\/done.lu\/fr\/mentions-legales\/\" \/>\n<meta property=\"og:site_name\" content=\"Done\" \/>\n<meta property=\"article:publisher\" content=\"https:\/\/www.facebook.com\/donesarl\" \/>\n<meta property=\"article:modified_time\" content=\"2025-07-07T17:16:44+00:00\" \/>\n<meta name=\"twitter:card\" content=\"summary_large_image\" \/>\n<meta name=\"twitter:site\" content=\"@DONElux\" \/>\n<meta name=\"twitter:label1\" content=\"Dur\u00e9e de lecture estim\u00e9e\" \/>\n\t<meta name=\"twitter:data1\" content=\"4 minutes\" \/>\n<script type=\"application\/ld+json\" class=\"yoast-schema-graph\">{\"@context\":\"https:\/\/schema.org\",\"@graph\":[{\"@type\":\"WebPage\",\"@id\":\"https:\/\/done.lu\/fr\/mentions-legales\/\",\"url\":\"https:\/\/done.lu\/fr\/mentions-legales\/\",\"name\":\"Mentions l\u00e9gales - Done\",\"isPartOf\":{\"@id\":\"https:\/\/done.lu\/#website\"},\"datePublished\":\"2021-02-16T13:34:41+00:00\",\"dateModified\":\"2025-07-07T17:16:44+00:00\",\"breadcrumb\":{\"@id\":\"https:\/\/done.lu\/fr\/mentions-legales\/#breadcrumb\"},\"inLanguage\":\"fr-FR\",\"potentialAction\":[{\"@type\":\"ReadAction\",\"target\":[\"https:\/\/done.lu\/fr\/mentions-legales\/\"]}]},{\"@type\":\"BreadcrumbList\",\"@id\":\"https:\/\/done.lu\/fr\/mentions-legales\/#breadcrumb\",\"itemListElement\":[{\"@type\":\"ListItem\",\"position\":1,\"name\":\"Home\",\"item\":\"https:\/\/done.lu\/fr\/\"},{\"@type\":\"ListItem\",\"position\":2,\"name\":\"Mentions l\u00e9gales\"}]},{\"@type\":\"WebSite\",\"@id\":\"https:\/\/done.lu\/#website\",\"url\":\"https:\/\/done.lu\/\",\"name\":\"Done\",\"description\":\"\",\"publisher\":{\"@id\":\"https:\/\/done.lu\/#organization\"},\"potentialAction\":[{\"@type\":\"SearchAction\",\"target\":{\"@type\":\"EntryPoint\",\"urlTemplate\":\"https:\/\/done.lu\/?s={search_term_string}\"},\"query-input\":\"required name=search_term_string\"}],\"inLanguage\":\"fr-FR\"},{\"@type\":\"Organization\",\"@id\":\"https:\/\/done.lu\/#organization\",\"name\":\"Done SARL\",\"alternateName\":\"Done Website as a Service\",\"url\":\"https:\/\/done.lu\/\",\"logo\":{\"@type\":\"ImageObject\",\"inLanguage\":\"fr-FR\",\"@id\":\"https:\/\/done.lu\/#\/schema\/logo\/image\/\",\"url\":\"https:\/\/done.lu\/wp-content\/uploads\/2024\/07\/logo_done_rgb_neu.jpg\",\"contentUrl\":\"https:\/\/done.lu\/wp-content\/uploads\/2024\/07\/logo_done_rgb_neu.jpg\",\"width\":945,\"height\":377,\"caption\":\"Done SARL\"},\"image\":{\"@id\":\"https:\/\/done.lu\/#\/schema\/logo\/image\/\"},\"sameAs\":[\"https:\/\/www.facebook.com\/donesarl\",\"https:\/\/twitter.com\/DONElux\",\"https:\/\/www.instagram.com\/done.lu\/\",\"https:\/\/www.linkedin.com\/company\/donelux\/\"]}]}<\/script>\n<!-- \/ Yoast SEO plugin. -->","yoast_head_json":{"title":"Mentions l\u00e9gales - Done","robots":{"index":"index","follow":"follow","max-snippet":"max-snippet:-1","max-image-preview":"max-image-preview:large","max-video-preview":"max-video-preview:-1"},"canonical":"https:\/\/done.lu\/fr\/mentions-legales\/","og_locale":"fr_FR","og_type":"article","og_title":"Mentions l\u00e9gales - Done","og_description":"[vc_section full_width=\u00a0\u00bbstretch_row_content\u00a0\u00bb parallax=\u00a0\u00bbcontent-moving\u00a0\u00bb parallax_speed_bg=\u00a0\u00bb2.5&Prime; el_id=\u00a0\u00bbintro\u00a0\u00bb css=\u00a0\u00bb.vc_custom_1596635908694{background-image: url(\/wp-content\/uploads\/2020\/08\/BG-STARS.jpg?id=109) !important;}\u00a0\u00bb][vc_row el_id=\u00a0\u00bbiss\u00a0\u00bb css=\u00a0\u00bb.vc_custom_1596635068619{background-image: url(\/wp-content\/uploads\/2020\/08\/Moon.png?id=116) !important;}\u00a0\u00bb][vc_column][vc_single_image image=\u00a0\u00bb113&Prime; img_size=\u00a0\u00bbfull\u00a0\u00bb alignment=\u00a0\u00bbcenter\u00a0\u00bb el_class=\u00a0\u00bbno-space-img\u00a0\u00bb][\/vc_column][\/vc_row][\/vc_section][vc_section full_width=\u00a0\u00bbstretch_row\u00a0\u00bb parallax=\u00a0\u00bbcontent-moving\u00a0\u00bb parallax_speed_bg=\u00a0\u00bb2&Prime; css=\u00a0\u00bb.vc_custom_1613482303958{background-image: url(\/wp-content\/uploads\/2021\/02\/PurpleStarsBG5000.jpg?id=7973) !important;}\u00a0\u00bb el_id=\u00a0\u00bbimprint-sec\u00a0\u00bb][vc_row][vc_column][vc_column_text] Mentions l\u00e9gales Adresse [\u2026]","og_url":"https:\/\/done.lu\/fr\/mentions-legales\/","og_site_name":"Done","article_publisher":"https:\/\/www.facebook.com\/donesarl","article_modified_time":"2025-07-07T17:16:44+00:00","twitter_card":"summary_large_image","twitter_site":"@DONElux","twitter_misc":{"Dur\u00e9e de lecture estim\u00e9e":"4 minutes"},"schema":{"@context":"https:\/\/schema.org","@graph":[{"@type":"WebPage","@id":"https:\/\/done.lu\/fr\/mentions-legales\/","url":"https:\/\/done.lu\/fr\/mentions-legales\/","name":"Mentions l\u00e9gales - Done","isPartOf":{"@id":"https:\/\/done.lu\/#website"},"datePublished":"2021-02-16T13:34:41+00:00","dateModified":"2025-07-07T17:16:44+00:00","breadcrumb":{"@id":"https:\/\/done.lu\/fr\/mentions-legales\/#breadcrumb"},"inLanguage":"fr-FR","potentialAction":[{"@type":"ReadAction","target":["https:\/\/done.lu\/fr\/mentions-legales\/"]}]},{"@type":"BreadcrumbList","@id":"https:\/\/done.lu\/fr\/mentions-legales\/#breadcrumb","itemListElement":[{"@type":"ListItem","position":1,"name":"Home","item":"https:\/\/done.lu\/fr\/"},{"@type":"ListItem","position":2,"name":"Mentions l\u00e9gales"}]},{"@type":"WebSite","@id":"https:\/\/done.lu\/#website","url":"https:\/\/done.lu\/","name":"Done","description":"","publisher":{"@id":"https:\/\/done.lu\/#organization"},"potentialAction":[{"@type":"SearchAction","target":{"@type":"EntryPoint","urlTemplate":"https:\/\/done.lu\/?s={search_term_string}"},"query-input":"required name=search_term_string"}],"inLanguage":"fr-FR"},{"@type":"Organization","@id":"https:\/\/done.lu\/#organization","name":"Done SARL","alternateName":"Done Website as a Service","url":"https:\/\/done.lu\/","logo":{"@type":"ImageObject","inLanguage":"fr-FR","@id":"https:\/\/done.lu\/#\/schema\/logo\/image\/","url":"https:\/\/done.lu\/wp-content\/uploads\/2024\/07\/logo_done_rgb_neu.jpg","contentUrl":"https:\/\/done.lu\/wp-content\/uploads\/2024\/07\/logo_done_rgb_neu.jpg","width":945,"height":377,"caption":"Done SARL"},"image":{"@id":"https:\/\/done.lu\/#\/schema\/logo\/image\/"},"sameAs":["https:\/\/www.facebook.com\/donesarl","https:\/\/twitter.com\/DONElux","https:\/\/www.instagram.com\/done.lu\/","https:\/\/www.linkedin.com\/company\/donelux\/"]}]}},"_links":{"self":[{"href":"https:\/\/done.lu\/fr\/wp-json\/wp\/v2\/pages\/8199"}],"collection":[{"href":"https:\/\/done.lu\/fr\/wp-json\/wp\/v2\/pages"}],"about":[{"href":"https:\/\/done.lu\/fr\/wp-json\/wp\/v2\/types\/page"}],"author":[{"embeddable":true,"href":"https:\/\/done.lu\/fr\/wp-json\/wp\/v2\/users\/1"}],"replies":[{"embeddable":true,"href":"https:\/\/done.lu\/fr\/wp-json\/wp\/v2\/comments?post=8199"}],"version-history":[{"count":4,"href":"https:\/\/done.lu\/fr\/wp-json\/wp\/v2\/pages\/8199\/revisions"}],"predecessor-version":[{"id":12419,"href":"https:\/\/done.lu\/fr\/wp-json\/wp\/v2\/pages\/8199\/revisions\/12419"}],"wp:attachment":[{"href":"https:\/\/done.lu\/fr\/wp-json\/wp\/v2\/media?parent=8199"}],"curies":[{"name":"wp","href":"https:\/\/api.w.org\/{rel}","templated":true}]}}