{"id":7981,"date":"2020-10-06T18:11:05","date_gmt":"2020-10-06T16:11:05","guid":{"rendered":"https:\/\/done.lu\/competences\/gsuite\/"},"modified":"2021-02-23T12:01:50","modified_gmt":"2021-02-23T11:01:50","slug":"gsuite","status":"publish","type":"page","link":"https:\/\/done.lu\/fr\/competences\/gsuite\/","title":{"rendered":"Google Workspace"},"content":{"rendered":"<section class=\"wpb-content-wrapper\"><p>[vc_section full_width=\u00a0\u00bbstretch_row_content\u00a0\u00bb full_height=\u00a0\u00bbyes\u00a0\u00bb content_placement=\u00a0\u00bbmiddle\u00a0\u00bb el_class=\u00a0\u00bbintro-section\u00a0\u00bb][vc_row full_width=\u00a0\u00bbstretch_row_content_no_spaces\u00a0\u00bb full_height=\u00a0\u00bbyes\u00a0\u00bb el_class=\u00a0\u00bbwhite\u00a0\u00bb css=\u00a0\u00bb.vc_custom_1606220665121{background-image: url(\/wp-content\/uploads\/2020\/11\/BG-headeronly.jpg?id=7104) !important;}\u00a0\u00bb el_id=\u00a0\u00bbworkspace-row\u00a0\u00bb][vc_column width=\u00a0\u00bb1\/3&Prime;][vc_column_text]<\/p>\n<h1 class=\"white upper\">Google Workspace<\/h1>\n<h2 class=\"white\">Transfom the way you do business<\/h2>\n<p>[\/vc_column_text][vc_column_text]<\/p>\n<p class=\"bigger\">Contactez votre agence Google Cloud Partner<\/p>\n<h3 class=\"upper white\">impl\u00e9mentation \u2013 d\u00e9ploiement \u2013 formation<\/h3>\n<p>[\/vc_column_text][vc_btn title=\u00a0\u00bbPlanifiez votre RDV\u00a0\u00bb link=\u00a0\u00bburl:%23footer-contact-wrap|title:Contact\u00a0\u00bb el_class=\u00a0\u00bbinverse-btn scroll\u00a0\u00bb][\/vc_column][vc_column width=\u00a0\u00bb2\/3&Prime;][vc_single_image image=\u00a0\u00bb7107&Prime; img_size=\u00a0\u00bbfull\u00a0\u00bb alignment=\u00a0\u00bbcenter\u00a0\u00bb el_class=\u00a0\u00bbno-space-img workspace-header-icons\u00a0\u00bb][\/vc_column][\/vc_row][\/vc_section][vc_section full_width=\u00a0\u00bbstretch_row\u00a0\u00bb parallax=\u00a0\u00bbcontent-moving\u00a0\u00bb parallax_speed_bg=\u00a0\u00bb2&Prime; el_class=\u00a0\u00bbwhite planet-parallax\u00a0\u00bb css=\u00a0\u00bb.vc_custom_1614078100545{background-image: url(\/wp-content\/uploads\/2021\/02\/PurpleStarsBG5000-YReapeat-aw.jpg?id=8687) !important;}\u00a0\u00bb el_id=\u00a0\u00bbworkspace-main-content\u00a0\u00bb][vc_row el_class=\u00a0\u00bbbot-mar-row-2 shadow-text\u00a0\u00bb][vc_column][vc_column_text el_class=\u00a0\u00bbal-center\u00a0\u00bb]<\/p>\n<h1 class=\"upper green\">Pourquoi choisir Done pour digitaliser votre entreprise avec Google Workspace ?<\/h1>\n<p>[\/vc_column_text][\/vc_column][\/vc_row][vc_row el_class=\u00a0\u00bbshadow-text\u00a0\u00bb][vc_column width=\u00a0\u00bb4\/5&Prime;][vc_column_text el_class=\u00a0\u00bbbig shadowed\u00a0\u00bb]En tant que <strong class=\"green\">revendeur agr\u00e9e de Google Workspace au Luxembourg<\/strong>, notre objectif est d\u2019am\u00e9liorer durablement les performances de votre entreprise et de vous garantir un niveau de s\u00e9curit\u00e9 optimale et une formation op\u00e9rationnelle.[\/vc_column_text][vc_column_text el_class=\u00a0\u00bbbig shadowed\u00a0\u00bb]<strong class=\"green\">Nos experts certifi\u00e9s par Google <\/strong>vous accompagneront \u00e0 chaque \u00e9tape de votre utilisation de Google Workspace et ils s&rsquo;assureront que votre digitalisation se fasse en douceur et sans heurts.[\/vc_column_text][\/vc_column][vc_column width=\u00a0\u00bb1\/5&Prime;][vc_single_image image=\u00a0\u00bb6930&Prime; img_size=\u00a0\u00bbfull\u00a0\u00bb alignment=\u00a0\u00bbcenter\u00a0\u00bb][\/vc_column][\/vc_row][vc_row equal_height=\u00a0\u00bbyes\u00a0\u00bb el_class=\u00a0\u00bbicon-row white icon-row-squeezed top-mar-row-4 bot-mar-row-2&Prime;][vc_column width=\u00a0\u00bb1\/3&Prime;][vc_single_image image=\u00a0\u00bb7880&Prime; img_size=\u00a0\u00bbfull\u00a0\u00bb alignment=\u00a0\u00bbcenter\u00a0\u00bb css=\u00a0\u00bb.vc_custom_1612965539919{margin-bottom: 22px !important;}\u00a0\u00bb][vc_column_text el_id=\u00a0\u00bbtech-head\u00a0\u00bb]<\/p>\n<h4 class=\"upper al-center white big\">Assistance technique<\/h4>\n<p>[\/vc_column_text][\/vc_column][vc_column width=\u00a0\u00bb1\/3&Prime;][vc_single_image image=\u00a0\u00bb7883&Prime; img_size=\u00a0\u00bbfull\u00a0\u00bb alignment=\u00a0\u00bbcenter\u00a0\u00bb][vc_column_text]<\/p>\n<h4 class=\"upper al-center white big\">Conseils et formations<\/h4>\n<p>[\/vc_column_text][\/vc_column][vc_column width=\u00a0\u00bb1\/3&Prime;][vc_single_image image=\u00a0\u00bb7886&Prime; img_size=\u00a0\u00bbfull\u00a0\u00bb alignment=\u00a0\u00bbcenter\u00a0\u00bb][vc_column_text]<\/p>\n<h4 class=\"upper al-center white big\">S\u00e9curit\u00e9<\/h4>\n<p>[\/vc_column_text][\/vc_column][\/vc_row][vc_row el_class=\u00a0\u00bbbot-mar-row-2&Prime;][vc_column][vc_column_text]<\/p>\n<h2 class=\"al-center green upper bigger-50\">Les principaux services de Google Workspace<\/h2>\n<p>[\/vc_column_text][\/vc_column][\/vc_row][vc_row gap=\u00a0\u00bb20&Prime; equal_height=\u00a0\u00bbyes\u00a0\u00bb el_class=\u00a0\u00bbicon-row top-head-icon-row shadow-text\u00a0\u00bb][vc_column width=\u00a0\u00bb1\/4&Prime;][vc_column_text css=\u00a0\u00bb.vc_custom_1606125558086{margin-bottom: 0px !important;}\u00a0\u00bb]<\/p>\n<h4 class=\"upper green al-center big\"><strong>Gmail<\/strong><\/h4>\n<p>[\/vc_column_text][vc_single_image image=\u00a0\u00bb6942&Prime; img_size=\u00a0\u00bbfull\u00a0\u00bb alignment=\u00a0\u00bbcenter\u00a0\u00bb css=\u00a0\u00bb.vc_custom_1606125477754{margin-bottom: 0px !important;}\u00a0\u00bb][vc_column_text el_class=\u00a0\u00bbbig al-center\u00a0\u00bb]<strong class=\"green\">Professionnalisez votre adresse mail<\/strong> tout en utilisant l&rsquo;interface bien connue de Gmail et b\u00e9n\u00e9ficiez de jusqu&rsquo;\u00e0 30 Go de stockage.[\/vc_column_text][\/vc_column][vc_column width=\u00a0\u00bb1\/4&Prime;][vc_column_text css=\u00a0\u00bb.vc_custom_1606126284072{margin-bottom: 0px !important;}\u00a0\u00bb]<\/p>\n<h4 class=\"upper green al-center big\"><strong>Drive<\/strong><\/h4>\n<p>[\/vc_column_text][vc_single_image image=\u00a0\u00bb6946&Prime; img_size=\u00a0\u00bbfull\u00a0\u00bb alignment=\u00a0\u00bbcenter\u00a0\u00bb css=\u00a0\u00bb.vc_custom_1606126309886{margin-bottom: 0px !important;}\u00a0\u00bb][vc_column_text el_class=\u00a0\u00bbbig al-center\u00a0\u00bb]<strong class=\"green\">Stockez, organisez, partagez<\/strong>, et transmettez vos fichiers en toute transparence et en toute s\u00e9curit\u00e9 sur le Cloud gr\u00e2ce \u00e0 Google Drive.[\/vc_column_text][\/vc_column][vc_column width=\u00a0\u00bb1\/4&Prime;][vc_column_text css=\u00a0\u00bb.vc_custom_1606126411744{margin-bottom: 0px !important;}\u00a0\u00bb]<\/p>\n<h4 class=\"upper green al-center big\"><strong>Calendar<\/strong><\/h4>\n<p>[\/vc_column_text][vc_single_image image=\u00a0\u00bb6949&Prime; img_size=\u00a0\u00bbfull\u00a0\u00bb alignment=\u00a0\u00bbcenter\u00a0\u00bb css=\u00a0\u00bb.vc_custom_1606126436026{margin-bottom: 0px !important;}\u00a0\u00bb][vc_column_text el_class=\u00a0\u00bbbig al-center\u00a0\u00bb]Programmez <strong class=\"green\">vos r\u00e9unions en quelques clics<\/strong>. Cr\u00e9ez et partagez plusieurs calendriers, d\u00e9finissez des rappels de r\u00e9unions, et bien plus encore.[\/vc_column_text][\/vc_column][vc_column width=\u00a0\u00bb1\/4&Prime;][vc_column_text css=\u00a0\u00bb.vc_custom_1606126476973{margin-bottom: 0px !important;}\u00a0\u00bb]<\/p>\n<h4 class=\"upper green al-center big\"><strong>Meet<\/strong><\/h4>\n<p>[\/vc_column_text][vc_single_image image=\u00a0\u00bb6952&Prime; img_size=\u00a0\u00bbfull\u00a0\u00bb alignment=\u00a0\u00bbcenter\u00a0\u00bb css=\u00a0\u00bb.vc_custom_1606126501663{margin-bottom: 0px !important;}\u00a0\u00bb][vc_column_text el_class=\u00a0\u00bbbig al-center\u00a0\u00bb]Organisez en quelques clics des <strong class=\"green\">visioconf\u00e9rences <\/strong>jusqu&rsquo;\u00e0 250 personnes.[\/vc_column_text][\/vc_column][\/vc_row][vc_row gap=\u00a0\u00bb20&Prime; equal_height=\u00a0\u00bbyes\u00a0\u00bb el_class=\u00a0\u00bbicon-row top-head-icon-row shadow-text\u00a0\u00bb][vc_column width=\u00a0\u00bb1\/4&Prime;][vc_column_text css=\u00a0\u00bb.vc_custom_1606126731377{margin-bottom: 0px !important;}\u00a0\u00bb]<\/p>\n<h4 class=\"upper green al-center big\"><strong>Docs<\/strong><\/h4>\n<p>[\/vc_column_text][vc_single_image image=\u00a0\u00bb6955&Prime; img_size=\u00a0\u00bbfull\u00a0\u00bb alignment=\u00a0\u00bbcenter\u00a0\u00bb css=\u00a0\u00bb.vc_custom_1606126721707{margin-bottom: 0px !important;}\u00a0\u00bb][vc_column_text el_class=\u00a0\u00bbbig al-center\u00a0\u00bb]Un <strong class=\"green\">puissant traitement de texte<\/strong> pour tous vos courriers d&rsquo;entreprise.[\/vc_column_text][\/vc_column][vc_column width=\u00a0\u00bb1\/4&Prime;][vc_column_text css=\u00a0\u00bb.vc_custom_1606126923995{margin-bottom: 0px !important;}\u00a0\u00bb]<\/p>\n<h4 class=\"upper green al-center big\"><strong>Slides<\/strong><\/h4>\n<p>[\/vc_column_text][vc_single_image image=\u00a0\u00bb6958&Prime; img_size=\u00a0\u00bbfull\u00a0\u00bb alignment=\u00a0\u00bbcenter\u00a0\u00bb css=\u00a0\u00bb.vc_custom_1606126948638{margin-bottom: 0px !important;}\u00a0\u00bb][vc_column_text el_class=\u00a0\u00bbbig al-center\u00a0\u00bb]<strong class=\"green\">Cr\u00e9ez et partagez<\/strong> facilement des pr\u00e9sentations de qualit\u00e9 professionnelle.[\/vc_column_text][\/vc_column][vc_column width=\u00a0\u00bb1\/4&Prime;][vc_column_text css=\u00a0\u00bb.vc_custom_1606127085797{margin-bottom: 0px !important;}\u00a0\u00bb]<\/p>\n<h4 class=\"upper green al-center big\"><strong>Forms<\/strong><\/h4>\n<p>[\/vc_column_text][vc_single_image image=\u00a0\u00bb6961&Prime; img_size=\u00a0\u00bbfull\u00a0\u00bb alignment=\u00a0\u00bbcenter\u00a0\u00bb css=\u00a0\u00bb.vc_custom_1606127111551{margin-bottom: 0px !important;}\u00a0\u00bb][vc_column_text el_class=\u00a0\u00bbbig al-center\u00a0\u00bb]<strong class=\"green\">Collectez et transmettez<\/strong> facilement des donn\u00e9es aupr\u00e8s de vos collaborateurs ou de vos clients.[\/vc_column_text][\/vc_column][vc_column width=\u00a0\u00bb1\/4&Prime;][vc_column_text css=\u00a0\u00bb.vc_custom_1606127200541{margin-bottom: 0px !important;}\u00a0\u00bb]<\/p>\n<h4 class=\"upper green al-center big\"><strong>Sheets<\/strong><\/h4>\n<p>[\/vc_column_text][vc_single_image image=\u00a0\u00bb6964&Prime; img_size=\u00a0\u00bbfull\u00a0\u00bb alignment=\u00a0\u00bbcenter\u00a0\u00bb css=\u00a0\u00bb.vc_custom_1606127227257{margin-bottom: 0px !important;}\u00a0\u00bb][vc_column_text el_class=\u00a0\u00bbbig al-center\u00a0\u00bb]Cr\u00e9er instantan\u00e9ment vos <strong class=\"green\">fichiers tableurs<\/strong>, modifiez les en ligne, m\u00eame \u00e0 plusieurs utilisateurs en m\u00eame temps et depuis n&rsquo;importe quel appareil.[\/vc_column_text][\/vc_column][\/vc_row][vc_row equal_height=\u00a0\u00bbyes\u00a0\u00bb content_placement=\u00a0\u00bbmiddle\u00a0\u00bb el_class=\u00a0\u00bbcta-row\u00a0\u00bb el_id=\u00a0\u00bbcta-11&Prime;][vc_column width=\u00a0\u00bb1\/3&Prime; css=\u00a0\u00bb.vc_custom_1606127567338{background-color: #ffffff !important;}\u00a0\u00bb][vc_single_image image=\u00a0\u00bb6967&Prime; img_size=\u00a0\u00bbfull\u00a0\u00bb alignment=\u00a0\u00bbcenter\u00a0\u00bb el_class=\u00a0\u00bbno-space-img\u00a0\u00bb][\/vc_column][vc_column width=\u00a0\u00bb2\/3&Prime; css=\u00a0\u00bb.vc_custom_1606127558105{background-color: #79ca30 !important;}\u00a0\u00bb][vc_column_text]<\/p>\n<h3 class=\"white upper al-center bigger-40\">Plus d&rsquo;informations sur Google Workspace ?<\/h3>\n<p>[\/vc_column_text][vc_column_text el_class=\u00a0\u00bbbig white al-center\u00a0\u00bb]En tant que partenaire Google Cloud, nous vous aidons \u00e0 tirer le meilleur parti de ce puissant outil de travail collaboratif en temps r\u00e9el.[\/vc_column_text][vc_row_inner equal_height=\u00a0\u00bbyes\u00a0\u00bb el_class=\u00a0\u00bbcta-inner-icons-row\u00a0\u00bb][vc_column_inner width=\u00a0\u00bb1\/5&Prime;][vc_single_image image=\u00a0\u00bb6942&Prime; img_size=\u00a0\u00bbfull\u00a0\u00bb alignment=\u00a0\u00bbcenter\u00a0\u00bb css=\u00a0\u00bb.vc_custom_1606127837382{margin-bottom: 0px !important;}\u00a0\u00bb el_class=\u00a0\u00bbno-space-img\u00a0\u00bb][vc_column_text css=\u00a0\u00bb.vc_custom_1606127918016{margin-bottom: 0px !important;}\u00a0\u00bb]<\/p>\n<h4 class=\"al-center big white\"><strong>Gmail<\/strong><\/h4>\n<p>[\/vc_column_text][\/vc_column_inner][vc_column_inner width=\u00a0\u00bb1\/5&Prime;][vc_single_image image=\u00a0\u00bb6946&Prime; img_size=\u00a0\u00bbfull\u00a0\u00bb alignment=\u00a0\u00bbcenter\u00a0\u00bb css=\u00a0\u00bb.vc_custom_1606127843438{margin-bottom: 0px !important;}\u00a0\u00bb el_class=\u00a0\u00bbno-space-img\u00a0\u00bb][vc_column_text css=\u00a0\u00bb.vc_custom_1606127966589{margin-bottom: 0px !important;}\u00a0\u00bb]<\/p>\n<h4 class=\"al-center big white\"><strong>Drive<\/strong><\/h4>\n<p>[\/vc_column_text][\/vc_column_inner][vc_column_inner width=\u00a0\u00bb1\/5&Prime;][vc_single_image image=\u00a0\u00bb6955&Prime; img_size=\u00a0\u00bbfull\u00a0\u00bb alignment=\u00a0\u00bbcenter\u00a0\u00bb css=\u00a0\u00bb.vc_custom_1606127850421{margin-bottom: 0px !important;}\u00a0\u00bb el_class=\u00a0\u00bbno-space-img\u00a0\u00bb][vc_column_text css=\u00a0\u00bb.vc_custom_1606127958608{margin-bottom: 0px !important;}\u00a0\u00bb]<\/p>\n<h4 class=\"al-center big white\"><strong>Docs<\/strong><\/h4>\n<p>[\/vc_column_text][\/vc_column_inner][vc_column_inner width=\u00a0\u00bb1\/5&Prime;][vc_single_image image=\u00a0\u00bb6949&Prime; img_size=\u00a0\u00bbfull\u00a0\u00bb alignment=\u00a0\u00bbcenter\u00a0\u00bb css=\u00a0\u00bb.vc_custom_1606127856672{margin-bottom: 0px !important;}\u00a0\u00bb el_class=\u00a0\u00bbno-space-img\u00a0\u00bb][vc_column_text css=\u00a0\u00bb.vc_custom_1606127950618{margin-bottom: 0px !important;}\u00a0\u00bb]<\/p>\n<h4 class=\"al-center big white\"><strong>Calendar<\/strong><\/h4>\n<p>[\/vc_column_text][\/vc_column_inner][vc_column_inner width=\u00a0\u00bb1\/5&Prime;][vc_single_image image=\u00a0\u00bb6952&Prime; img_size=\u00a0\u00bbfull\u00a0\u00bb alignment=\u00a0\u00bbcenter\u00a0\u00bb css=\u00a0\u00bb.vc_custom_1606127863738{margin-bottom: 0px !important;}\u00a0\u00bb el_class=\u00a0\u00bbno-space-img\u00a0\u00bb][vc_column_text css=\u00a0\u00bb.vc_custom_1606127942007{margin-bottom: 0px !important;}\u00a0\u00bb]<\/p>\n<h4 class=\"al-center big white\"><strong>Meet<\/strong><\/h4>\n<p>[\/vc_column_text][\/vc_column_inner][\/vc_row_inner][vc_btn title=\u00a0\u00bbContactez-nous\u00a0\u00bb align=\u00a0\u00bbcenter\u00a0\u00bb link=\u00a0\u00bburl:%23footer-contact-wrap|title:Contact\u00a0\u00bb el_class=\u00a0\u00bbinverse-btn scroll\u00a0\u00bb][\/vc_column][\/vc_row][\/vc_section]<\/p>\n<\/section>","protected":false},"excerpt":{"rendered":"<p>[vc_section full_width=\u00a0\u00bbstretch_row_content\u00a0\u00bb full_height=\u00a0\u00bbyes\u00a0\u00bb content_placement=\u00a0\u00bbmiddle\u00a0\u00bb el_class=\u00a0\u00bbintro-section\u00a0\u00bb][vc_row full_width=\u00a0\u00bbstretch_row_content_no_spaces\u00a0\u00bb full_height=\u00a0\u00bbyes\u00a0\u00bb el_class=\u00a0\u00bbwhite\u00a0\u00bb css=\u00a0\u00bb.vc_custom_1606220665121{background-image: url(\/wp-content\/uploads\/2020\/11\/BG-headeronly.jpg?id=7104) !important;}\u00a0\u00bb el_id=\u00a0\u00bbworkspace-row\u00a0\u00bb][vc_column width=\u00a0\u00bb1\/3&Prime;][vc_column_text] Google Workspace Transfom the way you do business [\/vc_column_text][vc_column_text] Contactez votre agence Google<span class=\"excerpt-hellip\"> [\u2026]<\/span><\/p>\n","protected":false},"author":1,"featured_media":0,"parent":5712,"menu_order":0,"comment_status":"closed","ping_status":"closed","template":"","meta":{"inline_featured_image":false,"footnotes":""},"yoast_head":"<!-- This site is optimized with the Yoast SEO plugin v21.5 - https:\/\/yoast.com\/wordpress\/plugins\/seo\/ -->\n<title>Google Workspace - Done<\/title>\n<meta name=\"robots\" content=\"index, follow, max-snippet:-1, max-image-preview:large, max-video-preview:-1\" \/>\n<link rel=\"canonical\" href=\"https:\/\/done.lu\/fr\/competences\/gsuite\/\" \/>\n<meta property=\"og:locale\" content=\"fr_FR\" \/>\n<meta property=\"og:type\" content=\"article\" \/>\n<meta property=\"og:title\" content=\"Google Workspace - Done\" \/>\n<meta property=\"og:description\" content=\"[vc_section full_width=\u00a0\u00bbstretch_row_content\u00a0\u00bb full_height=\u00a0\u00bbyes\u00a0\u00bb content_placement=\u00a0\u00bbmiddle\u00a0\u00bb el_class=\u00a0\u00bbintro-section\u00a0\u00bb][vc_row full_width=\u00a0\u00bbstretch_row_content_no_spaces\u00a0\u00bb full_height=\u00a0\u00bbyes\u00a0\u00bb el_class=\u00a0\u00bbwhite\u00a0\u00bb css=\u00a0\u00bb.vc_custom_1606220665121{background-image: url(\/wp-content\/uploads\/2020\/11\/BG-headeronly.jpg?id=7104) !important;}\u00a0\u00bb el_id=\u00a0\u00bbworkspace-row\u00a0\u00bb][vc_column width=\u00a0\u00bb1\/3&Prime;][vc_column_text] Google Workspace Transfom the way you do business [\/vc_column_text][vc_column_text] Contactez votre agence Google [\u2026]\" \/>\n<meta property=\"og:url\" content=\"https:\/\/done.lu\/fr\/competences\/gsuite\/\" \/>\n<meta property=\"og:site_name\" content=\"Done\" \/>\n<meta property=\"article:publisher\" content=\"https:\/\/www.facebook.com\/donesarl\" \/>\n<meta property=\"article:modified_time\" content=\"2021-02-23T11:01:50+00:00\" \/>\n<meta name=\"twitter:card\" content=\"summary_large_image\" \/>\n<meta name=\"twitter:site\" content=\"@DONElux\" \/>\n<meta name=\"twitter:label1\" content=\"Dur\u00e9e de lecture estim\u00e9e\" \/>\n\t<meta name=\"twitter:data1\" content=\"3 minutes\" \/>\n<script type=\"application\/ld+json\" class=\"yoast-schema-graph\">{\"@context\":\"https:\/\/schema.org\",\"@graph\":[{\"@type\":\"WebPage\",\"@id\":\"https:\/\/done.lu\/fr\/competences\/gsuite\/\",\"url\":\"https:\/\/done.lu\/fr\/competences\/gsuite\/\",\"name\":\"Google Workspace - Done\",\"isPartOf\":{\"@id\":\"https:\/\/done.lu\/#website\"},\"datePublished\":\"2020-10-06T16:11:05+00:00\",\"dateModified\":\"2021-02-23T11:01:50+00:00\",\"breadcrumb\":{\"@id\":\"https:\/\/done.lu\/fr\/competences\/gsuite\/#breadcrumb\"},\"inLanguage\":\"fr-FR\",\"potentialAction\":[{\"@type\":\"ReadAction\",\"target\":[\"https:\/\/done.lu\/fr\/competences\/gsuite\/\"]}]},{\"@type\":\"BreadcrumbList\",\"@id\":\"https:\/\/done.lu\/fr\/competences\/gsuite\/#breadcrumb\",\"itemListElement\":[{\"@type\":\"ListItem\",\"position\":1,\"name\":\"Home\",\"item\":\"https:\/\/done.lu\/fr\/\"},{\"@type\":\"ListItem\",\"position\":2,\"name\":\"Comp\u00e9tences\",\"item\":\"https:\/\/done.lu\/fr\/competences\/\"},{\"@type\":\"ListItem\",\"position\":3,\"name\":\"Google Workspace\"}]},{\"@type\":\"WebSite\",\"@id\":\"https:\/\/done.lu\/#website\",\"url\":\"https:\/\/done.lu\/\",\"name\":\"Done\",\"description\":\"\",\"publisher\":{\"@id\":\"https:\/\/done.lu\/#organization\"},\"potentialAction\":[{\"@type\":\"SearchAction\",\"target\":{\"@type\":\"EntryPoint\",\"urlTemplate\":\"https:\/\/done.lu\/?s={search_term_string}\"},\"query-input\":\"required name=search_term_string\"}],\"inLanguage\":\"fr-FR\"},{\"@type\":\"Organization\",\"@id\":\"https:\/\/done.lu\/#organization\",\"name\":\"Done SARL\",\"alternateName\":\"Done Website as a Service\",\"url\":\"https:\/\/done.lu\/\",\"logo\":{\"@type\":\"ImageObject\",\"inLanguage\":\"fr-FR\",\"@id\":\"https:\/\/done.lu\/#\/schema\/logo\/image\/\",\"url\":\"https:\/\/done.lu\/wp-content\/uploads\/2024\/07\/logo_done_rgb_neu.jpg\",\"contentUrl\":\"https:\/\/done.lu\/wp-content\/uploads\/2024\/07\/logo_done_rgb_neu.jpg\",\"width\":945,\"height\":377,\"caption\":\"Done SARL\"},\"image\":{\"@id\":\"https:\/\/done.lu\/#\/schema\/logo\/image\/\"},\"sameAs\":[\"https:\/\/www.facebook.com\/donesarl\",\"https:\/\/twitter.com\/DONElux\",\"https:\/\/www.instagram.com\/done.lu\/\",\"https:\/\/www.linkedin.com\/company\/donelux\/\"]}]}<\/script>\n<!-- \/ Yoast SEO plugin. -->","yoast_head_json":{"title":"Google Workspace - Done","robots":{"index":"index","follow":"follow","max-snippet":"max-snippet:-1","max-image-preview":"max-image-preview:large","max-video-preview":"max-video-preview:-1"},"canonical":"https:\/\/done.lu\/fr\/competences\/gsuite\/","og_locale":"fr_FR","og_type":"article","og_title":"Google Workspace - Done","og_description":"[vc_section full_width=\u00a0\u00bbstretch_row_content\u00a0\u00bb full_height=\u00a0\u00bbyes\u00a0\u00bb content_placement=\u00a0\u00bbmiddle\u00a0\u00bb el_class=\u00a0\u00bbintro-section\u00a0\u00bb][vc_row full_width=\u00a0\u00bbstretch_row_content_no_spaces\u00a0\u00bb full_height=\u00a0\u00bbyes\u00a0\u00bb el_class=\u00a0\u00bbwhite\u00a0\u00bb css=\u00a0\u00bb.vc_custom_1606220665121{background-image: url(\/wp-content\/uploads\/2020\/11\/BG-headeronly.jpg?id=7104) !important;}\u00a0\u00bb el_id=\u00a0\u00bbworkspace-row\u00a0\u00bb][vc_column width=\u00a0\u00bb1\/3&Prime;][vc_column_text] Google Workspace Transfom the way you do business [\/vc_column_text][vc_column_text] Contactez votre agence Google [\u2026]","og_url":"https:\/\/done.lu\/fr\/competences\/gsuite\/","og_site_name":"Done","article_publisher":"https:\/\/www.facebook.com\/donesarl","article_modified_time":"2021-02-23T11:01:50+00:00","twitter_card":"summary_large_image","twitter_site":"@DONElux","twitter_misc":{"Dur\u00e9e de lecture estim\u00e9e":"3 minutes"},"schema":{"@context":"https:\/\/schema.org","@graph":[{"@type":"WebPage","@id":"https:\/\/done.lu\/fr\/competences\/gsuite\/","url":"https:\/\/done.lu\/fr\/competences\/gsuite\/","name":"Google Workspace - Done","isPartOf":{"@id":"https:\/\/done.lu\/#website"},"datePublished":"2020-10-06T16:11:05+00:00","dateModified":"2021-02-23T11:01:50+00:00","breadcrumb":{"@id":"https:\/\/done.lu\/fr\/competences\/gsuite\/#breadcrumb"},"inLanguage":"fr-FR","potentialAction":[{"@type":"ReadAction","target":["https:\/\/done.lu\/fr\/competences\/gsuite\/"]}]},{"@type":"BreadcrumbList","@id":"https:\/\/done.lu\/fr\/competences\/gsuite\/#breadcrumb","itemListElement":[{"@type":"ListItem","position":1,"name":"Home","item":"https:\/\/done.lu\/fr\/"},{"@type":"ListItem","position":2,"name":"Comp\u00e9tences","item":"https:\/\/done.lu\/fr\/competences\/"},{"@type":"ListItem","position":3,"name":"Google Workspace"}]},{"@type":"WebSite","@id":"https:\/\/done.lu\/#website","url":"https:\/\/done.lu\/","name":"Done","description":"","publisher":{"@id":"https:\/\/done.lu\/#organization"},"potentialAction":[{"@type":"SearchAction","target":{"@type":"EntryPoint","urlTemplate":"https:\/\/done.lu\/?s={search_term_string}"},"query-input":"required name=search_term_string"}],"inLanguage":"fr-FR"},{"@type":"Organization","@id":"https:\/\/done.lu\/#organization","name":"Done SARL","alternateName":"Done Website as a Service","url":"https:\/\/done.lu\/","logo":{"@type":"ImageObject","inLanguage":"fr-FR","@id":"https:\/\/done.lu\/#\/schema\/logo\/image\/","url":"https:\/\/done.lu\/wp-content\/uploads\/2024\/07\/logo_done_rgb_neu.jpg","contentUrl":"https:\/\/done.lu\/wp-content\/uploads\/2024\/07\/logo_done_rgb_neu.jpg","width":945,"height":377,"caption":"Done SARL"},"image":{"@id":"https:\/\/done.lu\/#\/schema\/logo\/image\/"},"sameAs":["https:\/\/www.facebook.com\/donesarl","https:\/\/twitter.com\/DONElux","https:\/\/www.instagram.com\/done.lu\/","https:\/\/www.linkedin.com\/company\/donelux\/"]}]}},"_links":{"self":[{"href":"https:\/\/done.lu\/fr\/wp-json\/wp\/v2\/pages\/7981"}],"collection":[{"href":"https:\/\/done.lu\/fr\/wp-json\/wp\/v2\/pages"}],"about":[{"href":"https:\/\/done.lu\/fr\/wp-json\/wp\/v2\/types\/page"}],"author":[{"embeddable":true,"href":"https:\/\/done.lu\/fr\/wp-json\/wp\/v2\/users\/1"}],"replies":[{"embeddable":true,"href":"https:\/\/done.lu\/fr\/wp-json\/wp\/v2\/comments?post=7981"}],"version-history":[{"count":5,"href":"https:\/\/done.lu\/fr\/wp-json\/wp\/v2\/pages\/7981\/revisions"}],"predecessor-version":[{"id":8699,"href":"https:\/\/done.lu\/fr\/wp-json\/wp\/v2\/pages\/7981\/revisions\/8699"}],"up":[{"embeddable":true,"href":"https:\/\/done.lu\/fr\/wp-json\/wp\/v2\/pages\/5712"}],"wp:attachment":[{"href":"https:\/\/done.lu\/fr\/wp-json\/wp\/v2\/media?parent=7981"}],"curies":[{"name":"wp","href":"https:\/\/api.w.org\/{rel}","templated":true}]}}