{"id":6172,"date":"2020-08-05T15:21:39","date_gmt":"2020-08-05T13:21:39","guid":{"rendered":"https:\/\/done.lu\/solutions\/inbound-marketing\/"},"modified":"2021-02-22T15:46:11","modified_gmt":"2021-02-22T14:46:11","slug":"inbound-marketing","status":"publish","type":"page","link":"https:\/\/done.lu\/fr\/solutions\/inbound-marketing\/","title":{"rendered":"Inbound Marketing"},"content":{"rendered":"<section class=\"wpb-content-wrapper\"><p>[vc_section full_width=\u00a0\u00bbstretch_row_content\u00a0\u00bb parallax=\u00a0\u00bbcontent-moving\u00a0\u00bb parallax_speed_bg=\u00a0\u00bb2.5&Prime; el_id=\u00a0\u00bbintro\u00a0\u00bb css=\u00a0\u00bb.vc_custom_1596635908694{background-image: url(\/wp-content\/uploads\/2020\/08\/BG-STARS.jpg?id=109) !important;}\u00a0\u00bb][vc_row el_id=\u00a0\u00bbiss\u00a0\u00bb css=\u00a0\u00bb.vc_custom_1596635068619{background-image: url(\/wp-content\/uploads\/2020\/08\/Moon.png?id=116) !important;}\u00a0\u00bb][vc_column][vc_single_image image=\u00a0\u00bb113&Prime; img_size=\u00a0\u00bbfull\u00a0\u00bb alignment=\u00a0\u00bbcenter\u00a0\u00bb el_class=\u00a0\u00bbno-space-img\u00a0\u00bb][\/vc_column][\/vc_row][\/vc_section][vc_section full_width=\u00a0\u00bbstretch_row\u00a0\u00bb parallax=\u00a0\u00bbcontent-moving\u00a0\u00bb parallax_speed_bg=\u00a0\u00bb2&Prime; css=\u00a0\u00bb.vc_custom_1612967851554{background-image: url(\/wp-content\/uploads\/2021\/02\/PurpleStarsBG3000.jpg?id=7825) !important;}\u00a0\u00bb el_class=\u00a0\u00bbwhite\u00a0\u00bb][vc_row][vc_column][vc_column_text]<\/p>\n<h1 class=\"intro-heading al-left\">Inbound Marketing<\/h1>\n<p>[\/vc_column_text][\/vc_column][\/vc_row][vc_row equal_height=\u00a0\u00bbyes\u00a0\u00bb el_class=\u00a0\u00bbtop-space-row bot-space-row\u00a0\u00bb][vc_column width=\u00a0\u00bb1\/2&Prime;][vc_column_text]<\/p>\n<h2 id=\"intro\" class=\"green al-left\">Attirez les bons visiteurs vers votre site et convertissez-les en clients !<\/h2>\n<h3 id=\"intro-sub\" class=\"green al-left\">Le comportement de votre public cible a chang\u00e9<\/h3>\n<p class=\"intro-par\">&#8211; <strong class=\"green\">La digitalisation de l\u2019information a un impact sur le comportement de votre public cible<\/strong>, celui-ci dispose d\u2019une plus grande facilit\u00e9 pour s\u2019informer par lui-m\u00eame pour identifier les solutions et les fournisseurs qui r\u00e9pondent \u00e0 ses besoins.<\/p>\n<p class=\"intro-par\">&#8211; <strong class=\"green\">Cette \u00e9volution, si elle n\u2019est pas prise en compte, est un frein \u00e0 votre d\u00e9veloppement commercial :<\/strong> les prospects et les d\u00e9cideurs rechignent de plus en plus \u00e0 \u00eatre interrompus par des appels ou des e-mails non sollicit\u00e9s, <strong class=\"green\">l\u2019acheteur a repris le pouvoir<\/strong>, c\u2019est lui qui d\u00e9cide quand et avec qui il communiquera ses besoins.<\/p>\n<p>[\/vc_column_text][\/vc_column][vc_column width=\u00a0\u00bb1\/2&Prime; el_id=\u00a0\u00bbintro-img\u00a0\u00bb][vc_single_image image=\u00a0\u00bb7255&Prime; img_size=\u00a0\u00bbfull\u00a0\u00bb alignment=\u00a0\u00bbcenter\u00a0\u00bb css=\u00a0\u00bb.vc_custom_1607952276718{margin-bottom: 0px !important;}\u00a0\u00bb][\/vc_column][\/vc_row][vc_row equal_height=\u00a0\u00bbyes\u00a0\u00bb content_placement=\u00a0\u00bbmiddle\u00a0\u00bb el_class=\u00a0\u00bbcta-row\u00a0\u00bb el_id=\u00a0\u00bbcta-1&Prime;][vc_column width=\u00a0\u00bb1\/3&Prime; css=\u00a0\u00bb.vc_custom_1606127567338{background-color: #ffffff !important;}\u00a0\u00bb][vc_single_image image=\u00a0\u00bb7053&Prime; img_size=\u00a0\u00bbfull\u00a0\u00bb alignment=\u00a0\u00bbcenter\u00a0\u00bb el_class=\u00a0\u00bbno-space-img\u00a0\u00bb][\/vc_column][vc_column width=\u00a0\u00bb2\/3&Prime; css=\u00a0\u00bb.vc_custom_1606127558105{background-color: #79ca30 !important;}\u00a0\u00bb][vc_column_text]<\/p>\n<h3 class=\"white upper al-center bigger-40\">Vous avez un projet web ?<\/h3>\n<p>[\/vc_column_text][vc_column_text el_class=\u00a0\u00bbbig white al-center\u00a0\u00bb]<strong>Parlez-en avec nos experts !<\/strong>[\/vc_column_text][vc_row_inner equal_height=\u00a0\u00bbyes\u00a0\u00bb el_class=\u00a0\u00bbcta-inner-icons-row\u00a0\u00bb][vc_column_inner width=\u00a0\u00bb1\/4&Prime;][vc_single_image image=\u00a0\u00bb7021&Prime; img_size=\u00a0\u00bbfull\u00a0\u00bb alignment=\u00a0\u00bbcenter\u00a0\u00bb css=\u00a0\u00bb.vc_custom_1606152509780{margin-bottom: 0px !important;}\u00a0\u00bb el_class=\u00a0\u00bbno-space-img\u00a0\u00bb][vc_column_text css=\u00a0\u00bb.vc_custom_1606152525256{margin-bottom: 0px !important;}\u00a0\u00bb]<\/p>\n<h4 class=\"al-center big white\"><strong>Expertise<\/strong><\/h4>\n<p>[\/vc_column_text][\/vc_column_inner][vc_column_inner width=\u00a0\u00bb1\/4&Prime;][vc_single_image image=\u00a0\u00bb7027&Prime; img_size=\u00a0\u00bbfull\u00a0\u00bb alignment=\u00a0\u00bbcenter\u00a0\u00bb css=\u00a0\u00bb.vc_custom_1606152547291{margin-bottom: 0px !important;}\u00a0\u00bb el_class=\u00a0\u00bbno-space-img\u00a0\u00bb][vc_column_text css=\u00a0\u00bb.vc_custom_1606152557609{margin-bottom: 0px !important;}\u00a0\u00bb]<\/p>\n<h4 class=\"al-center big white\"><strong>Performance<\/strong><\/h4>\n<p>[\/vc_column_text][\/vc_column_inner][vc_column_inner width=\u00a0\u00bb1\/4&Prime;][vc_single_image image=\u00a0\u00bb7030&Prime; img_size=\u00a0\u00bbfull\u00a0\u00bb alignment=\u00a0\u00bbcenter\u00a0\u00bb css=\u00a0\u00bb.vc_custom_1606152578633{margin-bottom: 0px !important;}\u00a0\u00bb el_class=\u00a0\u00bbno-space-img\u00a0\u00bb][vc_column_text css=\u00a0\u00bb.vc_custom_1606152587446{margin-bottom: 0px !important;}\u00a0\u00bb]<\/p>\n<h4 class=\"al-center big white\"><strong>R\u00e9activit\u00e9<\/strong><\/h4>\n<p>[\/vc_column_text][\/vc_column_inner][vc_column_inner width=\u00a0\u00bb1\/4&Prime;][vc_single_image image=\u00a0\u00bb7024&Prime; img_size=\u00a0\u00bbfull\u00a0\u00bb alignment=\u00a0\u00bbcenter\u00a0\u00bb css=\u00a0\u00bb.vc_custom_1606152614374{margin-bottom: 0px !important;}\u00a0\u00bb el_class=\u00a0\u00bbno-space-img\u00a0\u00bb][vc_column_text css=\u00a0\u00bb.vc_custom_1606152623187{margin-bottom: 0px !important;}\u00a0\u00bb]<\/p>\n<h4 class=\"al-center big white\"><strong>Implication<\/strong><\/h4>\n<p>[\/vc_column_text][\/vc_column_inner][\/vc_row_inner][vc_btn title=\u00a0\u00bbContactez-nous maintenant\u00a0\u00bb align=\u00a0\u00bbcenter\u00a0\u00bb link=\u00a0\u00bburl:%23footer-contact|title:Contact\u00a0\u00bb el_class=\u00a0\u00bbinverse-btn scroll\u00a0\u00bb][\/vc_column][\/vc_row][\/vc_section][vc_section full_width=\u00a0\u00bbstretch_row\u00a0\u00bb parallax=\u00a0\u00bbcontent-moving\u00a0\u00bb parallax_speed_bg=\u00a0\u00bb2.5&Prime; css=\u00a0\u00bb.vc_custom_1612967870926{background-image: url(\/wp-content\/uploads\/2021\/02\/BGstars2000.jpg?id=7828) !important;}\u00a0\u00bb el_class=\u00a0\u00bbstar-sec\u00a0\u00bb][vc_row el_class=\u00a0\u00bbtop-space-row\u00a0\u00bb][vc_column][vc_column_text]<\/p>\n<h2 class=\"al-center green\">L\u2019Inbound Marketing est la r\u00e9ponse digitale \u00e0 cette \u00e9volution.<\/h2>\n<hr class=\"heading-sep\" \/>\n<p>[\/vc_column_text][\/vc_column][\/vc_row][vc_row el_class=\u00a0\u00bbbot-space-row\u00a0\u00bb][vc_column width=\u00a0\u00bb1\/3&Prime;][\/vc_column][vc_column width=\u00a0\u00bb1\/3&Prime;][vc_column_text]<\/p>\n<p id=\"inbound-desc\">L\u2019Inbound Marketing est une strat\u00e9gie qui consiste \u00e0 attirer les prospects qualifi\u00e9s sur votre site et de les engager dans une relation avec vos produits ou vos services. La m\u00e9thode utilis\u00e9e consiste en la cr\u00e9ation et la diffusion de contenus judicieux et adapt\u00e9s \u00e0 leurs besoins et \u00e0 leurs caract\u00e9ristiques.<\/p>\n<p>[\/vc_column_text][\/vc_column][vc_column width=\u00a0\u00bb1\/3&Prime;][\/vc_column][\/vc_row][\/vc_section][vc_section full_width=\u00a0\u00bbstretch_row\u00a0\u00bb parallax=\u00a0\u00bbcontent-moving\u00a0\u00bb parallax_speed_bg=\u00a0\u00bb2&Prime; css=\u00a0\u00bb.vc_custom_1612967882511{background-image: url(\/wp-content\/uploads\/2021\/02\/PurpleStarsBG3000.jpg?id=7825) !important;}\u00a0\u00bb el_class=\u00a0\u00bbwhite\u00a0\u00bb][vc_row el_class=\u00a0\u00bbtop-space-row\u00a0\u00bb][vc_column][vc_column_text]<\/p>\n<h2 class=\"green al-center\">L\u2019agence Done est certifi\u00e9e Hubspot Partner.<\/h2>\n<hr class=\"heading-sep\" \/>\n<p>[\/vc_column_text][\/vc_column][\/vc_row][vc_row el_class=\u00a0\u00bbbot-space-row\u00a0\u00bb][vc_column width=\u00a0\u00bb1\/4&Prime;][\/vc_column][vc_column width=\u00a0\u00bb1\/2&Prime;][vc_single_image image=\u00a0\u00bb7258&Prime; img_size=\u00a0\u00bbfull\u00a0\u00bb alignment=\u00a0\u00bbcenter\u00a0\u00bb][vc_column_text]Les outils d\u00e9velopp\u00e9s par notre partenaire hubspot (leader mondial des logiciels d\u2019inbound marketing) vous permettent de <strong class=\"green\">capter l\u2019attention de votre audience cible et de g\u00e9n\u00e9rer des leads de qualit\u00e9<\/strong>. En tant que partenaire Hubspot pour le Grand-Duch\u00e9 de Luxembourg nous vous formons et nous vous conseillons pour une bonne utilisation de ce puissant outil :<\/p>\n<ul id=\"partner-list\" class=\"dashed\">\n<li>nous d\u00e9finissions le profil de vos buyer persona et \u00e9tablissons leur buyer journey<\/li>\n<li>nous produisons les contenus attractifs qui les sensibiliseront<\/li>\n<li>nous digitalisons votre cycle de vente (marketing automation)<\/li>\n<li>nous analysons vos r\u00e9sultats et vous conseillons en continu<\/li>\n<\/ul>\n<p>[\/vc_column_text][\/vc_column][vc_column width=\u00a0\u00bb1\/4&Prime;][\/vc_column][\/vc_row][\/vc_section][vc_section full_width=\u00a0\u00bbstretch_row\u00a0\u00bb parallax=\u00a0\u00bbcontent-moving\u00a0\u00bb parallax_speed_bg=\u00a0\u00bb2.5&Prime; css=\u00a0\u00bb.vc_custom_1612967895709{background-image: url(\/wp-content\/uploads\/2021\/02\/BGstars3000-1.jpg?id=7831) !important;}\u00a0\u00bb el_class=\u00a0\u00bbstar-sec\u00a0\u00bb][vc_row el_class=\u00a0\u00bbtop-space-row\u00a0\u00bb][vc_column][vc_column_text]<\/p>\n<h2 class=\"al-center green\">Les 4 \u00e9tapes n\u00e9cessaires d\u2019une strat\u00e9gie d\u2019Inbound Marketing<\/h2>\n<hr class=\"heading-sep\" \/>\n<p>[\/vc_column_text][\/vc_column][\/vc_row][vc_row][vc_column width=\u00a0\u00bb1\/3&Prime;][\/vc_column][vc_column width=\u00a0\u00bb1\/3&Prime;][vc_column_text]<\/p>\n<p id=\"step-desc\">La mise en place d\u2019une strat\u00e9gie et d\u2019outils d\u2019inbound marketing permet \u00e0 votre entreprise, vos produits et services d\u2019\u00eatre trouv\u00e9s par les acheteurs, et que ceux-ci vous contactent ou vous demandent de les contacter. L\u2019inbound marketing vous permet de d\u00e9cupler vos leads et vos ventes tout en diminuant tr\u00e8s largement votre co\u00fbt d\u2019acquisition clients.<\/p>\n<p>[\/vc_column_text][\/vc_column][vc_column width=\u00a0\u00bb1\/3&Prime;][\/vc_column][\/vc_row][vc_row el_class=\u00a0\u00bbtop-bot-space-row\u00a0\u00bb][vc_column][vc_single_image image=\u00a0\u00bb1059&Prime; img_size=\u00a0\u00bbfull\u00a0\u00bb alignment=\u00a0\u00bbcenter\u00a0\u00bb][\/vc_column][\/vc_row][\/vc_section][vc_section full_width=\u00a0\u00bbstretch_row\u00a0\u00bb parallax=\u00a0\u00bbcontent-moving\u00a0\u00bb parallax_speed_bg=\u00a0\u00bb2&Prime; el_id=\u00a0\u00bbpacks\u00a0\u00bb el_class=\u00a0\u00bbwhite\u00a0\u00bb css=\u00a0\u00bb.vc_custom_1614005158001{background-image: url(\/wp-content\/uploads\/2021\/02\/PurpleStarsBG5000.jpg?id=7974) !important;}\u00a0\u00bb][vc_row el_class=\u00a0\u00bbbot-space-row\u00a0\u00bb][vc_column][vc_column_text]<\/p>\n<h2 class=\"al-center green\">Inclus dans tous les packs :<\/h2>\n<hr class=\"heading-sep\" \/>\n<p>[\/vc_column_text][\/vc_column][\/vc_row][vc_row el_class=\u00a0\u00bbcommon-pack-row\u00a0\u00bb][vc_column width=\u00a0\u00bb1\/6&Prime;][\/vc_column][vc_column width=\u00a0\u00bb2\/3&Prime;][vc_column_text]<\/p>\n<ul class=\"inbound-common-split-list\">\n<li>Configurez votre logiciel de marketing<\/li>\n<li>D\u00e9marrez votre \u00e9quipe<\/li>\n<li>Cr\u00e9ez des Personnages Client<\/li>\n<li>Cr\u00e9er des listes de prospects<\/li>\n<li>Mise en place de l\u2019offre BOFU<\/li>\n<li>Cr\u00e9ez des m\u00e9triques et des rapports SMART<\/li>\n<li>Pages d\u2019atterrissage<\/li>\n<li>Des appels \u00e0 l\u2019action intelligents<\/li>\n<\/ul>\n<ul class=\"inbound-common-split-list\">\n<li>Email marketing<\/li>\n<li>Flux de travail<\/li>\n<li>Optimisation de la conversion<\/li>\n<li>R\u00e9f\u00e9rencement<\/li>\n<li>Formulaires intelligents<\/li>\n<li>Rapports mensuels<\/li>\n<li>Tutorat<\/li>\n<\/ul>\n<p>[\/vc_column_text][\/vc_column][vc_column width=\u00a0\u00bb1\/6&Prime;][\/vc_column][\/vc_row][vc_row el_class=\u00a0\u00bbbot-space-row\u00a0\u00bb][vc_column][vc_column_text]<\/p>\n<h2 class=\"al-center green\">Nos packs<\/h2>\n<hr class=\"heading-sep\" \/>\n<p>[\/vc_column_text][\/vc_column][\/vc_row][vc_row el_id=\u00a0\u00bbtab-row\u00a0\u00bb][vc_column width=\u00a0\u00bb1\/3&Prime;][vc_column_text]<\/p>\n<div class=\"tab-nav tab-nav-active\">\n<h2 class=\"green\">Starter<\/h2>\n<p><strong class=\"green\">1890 \u20ac<\/strong> HT \/ mois<\/div>\n<p>[\/vc_column_text][vc_column_text]<\/p>\n<ul class=\"inbound-list\">\n<li>D\u00e9finition Buyerpersonas et mises \u00e0 jour annuelles (1)<\/li>\n<li>D\u00e9finition Voyages des clients et mises \u00e0 jour annuelles (1)<\/li>\n<li>Cr\u00e9ez des campagnes \u00e0 fort impact (Leadgen\/ trimestre) f (1)<\/li>\n<li>Cr\u00e9ez du contenu de blogue g\u00e9nial (blogs \/ trimestre) (5)<\/li>\n<\/ul>\n<p>[\/vc_column_text][\/vc_column][vc_column width=\u00a0\u00bb1\/3&Prime;][vc_column_text]<\/p>\n<div class=\"tab-nav\">\n<h2 class=\"green\">Business<\/h2>\n<p><strong class=\"green\">3700 \u20ac<\/strong> HT \/ mois<\/div>\n<p>[\/vc_column_text][vc_column_text]<\/p>\n<ul class=\"inbound-list\">\n<li>D\u00e9finition Buyerpersonas et mises \u00e0 jour annuelles (2)<\/li>\n<li>D\u00e9finition Voyages des clients et mises \u00e0 jour annuelles (2)<\/li>\n<li>Mise en place de l\u2019offre TOFU<\/li>\n<li>Cr\u00e9ez des campagnes \u00e0 fort impact (Leadgen\/ trimestre) (3)<\/li>\n<li>Optimisez vos mots-cl\u00e9s<\/li>\n<li>Cr\u00e9er des workflows de Lead Nurturing<\/li>\n<li>Cr\u00e9ez du contenu de blogue g\u00e9nial (blogs \/ trimestre) (8)<\/li>\n<li>Cr\u00e9ation de SLA de marketing commercial<\/li>\n<\/ul>\n<p>[\/vc_column_text][\/vc_column][vc_column width=\u00a0\u00bb1\/3&Prime;][vc_column_text]<\/p>\n<div class=\"tab-nav\">\n<h2 class=\"green\">International<\/h2>\n<p><strong class=\"green\">7500 \u20ac<\/strong> HT \/ mois<\/div>\n<p>[\/vc_column_text][vc_column_text]<\/p>\n<ul class=\"inbound-list\">\n<li>D\u00e9finition Buyerpersonas et mises \u00e0 jour annuelles (4)<\/li>\n<li>D\u00e9finition Voyages des clients et mises \u00e0 jour annuelles (4)<\/li>\n<li>Mise en place de l\u2019offre TOFU<\/li>\n<li>Cr\u00e9ez des campagnes \u00e0 fort impact (Leadgen\/ trimestre) (6)<\/li>\n<li>Optimisez vos mots-cl\u00e9s<\/li>\n<li>Cr\u00e9er des workflows de Lead Nurturing<\/li>\n<li>Pointage et maturation des prospects<\/li>\n<li>Cr\u00e9ez du contenu de blogue g\u00e9nial (blogs \/ trimestre) (30)<\/li>\n<li>M\u00e9dias sociaux g\u00e9r\u00e9s<\/li>\n<li>Cr\u00e9ation de SLA de marketing commercial<\/li>\n<li>S\u00e9minaire de m\u00e9thodologie \u00e0 l\u2019\u00e9chelle de l\u2019entreprise<\/li>\n<\/ul>\n<p>[\/vc_column_text][\/vc_column][\/vc_row][\/vc_section]<\/p>\n<\/section>","protected":false},"excerpt":{"rendered":"<p>[vc_section full_width=\u00a0\u00bbstretch_row_content\u00a0\u00bb parallax=\u00a0\u00bbcontent-moving\u00a0\u00bb parallax_speed_bg=\u00a0\u00bb2.5&Prime; el_id=\u00a0\u00bbintro\u00a0\u00bb css=\u00a0\u00bb.vc_custom_1596635908694{background-image: url(\/wp-content\/uploads\/2020\/08\/BG-STARS.jpg?id=109) !important;}\u00a0\u00bb][vc_row el_id=\u00a0\u00bbiss\u00a0\u00bb css=\u00a0\u00bb.vc_custom_1596635068619{background-image: url(\/wp-content\/uploads\/2020\/08\/Moon.png?id=116) !important;}\u00a0\u00bb][vc_column][vc_single_image image=\u00a0\u00bb113&Prime; img_size=\u00a0\u00bbfull\u00a0\u00bb alignment=\u00a0\u00bbcenter\u00a0\u00bb el_class=\u00a0\u00bbno-space-img\u00a0\u00bb][\/vc_column][\/vc_row][\/vc_section][vc_section full_width=\u00a0\u00bbstretch_row\u00a0\u00bb parallax=\u00a0\u00bbcontent-moving\u00a0\u00bb parallax_speed_bg=\u00a0\u00bb2&Prime; css=\u00a0\u00bb.vc_custom_1612967851554{background-image: url(\/wp-content\/uploads\/2021\/02\/PurpleStarsBG3000.jpg?id=7825) !important;}\u00a0\u00bb el_class=\u00a0\u00bbwhite\u00a0\u00bb][vc_row][vc_column][vc_column_text] Inbound Marketing [\/vc_column_text][\/vc_column][\/vc_row][vc_row<span class=\"excerpt-hellip\"> [\u2026]<\/span><\/p>\n","protected":false},"author":1,"featured_media":0,"parent":6166,"menu_order":0,"comment_status":"closed","ping_status":"closed","template":"","meta":{"inline_featured_image":false,"footnotes":""},"yoast_head":"<!-- This site is optimized with the Yoast SEO plugin v21.5 - https:\/\/yoast.com\/wordpress\/plugins\/seo\/ -->\n<title>L&#039;Inbound Marketing de Done est la r\u00e9ponse \u00e0 cette \u00e9volution num\u00e9rique.<\/title>\n<meta name=\"description\" content=\"L\u2019Inbound Marketing est une strat\u00e9gie qui consiste \u00e0 attirer les prospects qualifi\u00e9s sur votre site et de les engager dans une relation avec vos produits ou vos services.\" \/>\n<meta name=\"robots\" content=\"index, follow, max-snippet:-1, max-image-preview:large, max-video-preview:-1\" \/>\n<link rel=\"canonical\" href=\"https:\/\/done.lu\/fr\/solutions\/inbound-marketing\/\" \/>\n<meta property=\"og:locale\" content=\"fr_FR\" \/>\n<meta property=\"og:type\" content=\"article\" \/>\n<meta property=\"og:title\" content=\"L&#039;Inbound Marketing de Done est la r\u00e9ponse \u00e0 cette \u00e9volution num\u00e9rique.\" \/>\n<meta property=\"og:description\" content=\"L\u2019Inbound Marketing est une strat\u00e9gie qui consiste \u00e0 attirer les prospects qualifi\u00e9s sur votre site et de les engager dans une relation avec vos produits ou vos services.\" \/>\n<meta property=\"og:url\" content=\"https:\/\/done.lu\/fr\/solutions\/inbound-marketing\/\" \/>\n<meta property=\"og:site_name\" content=\"Done\" \/>\n<meta property=\"article:publisher\" content=\"https:\/\/www.facebook.com\/donesarl\" \/>\n<meta property=\"article:modified_time\" content=\"2021-02-22T14:46:11+00:00\" \/>\n<meta name=\"twitter:card\" content=\"summary_large_image\" \/>\n<meta name=\"twitter:site\" content=\"@DONElux\" \/>\n<meta name=\"twitter:label1\" content=\"Dur\u00e9e de lecture estim\u00e9e\" \/>\n\t<meta name=\"twitter:data1\" content=\"7 minutes\" \/>\n<script type=\"application\/ld+json\" class=\"yoast-schema-graph\">{\"@context\":\"https:\/\/schema.org\",\"@graph\":[{\"@type\":\"WebPage\",\"@id\":\"https:\/\/done.lu\/fr\/solutions\/inbound-marketing\/\",\"url\":\"https:\/\/done.lu\/fr\/solutions\/inbound-marketing\/\",\"name\":\"L'Inbound Marketing de Done est la r\u00e9ponse \u00e0 cette \u00e9volution num\u00e9rique.\",\"isPartOf\":{\"@id\":\"https:\/\/done.lu\/#website\"},\"datePublished\":\"2020-08-05T13:21:39+00:00\",\"dateModified\":\"2021-02-22T14:46:11+00:00\",\"description\":\"L\u2019Inbound Marketing est une strat\u00e9gie qui consiste \u00e0 attirer les prospects qualifi\u00e9s sur votre site et de les engager dans une relation avec vos produits ou vos services.\",\"breadcrumb\":{\"@id\":\"https:\/\/done.lu\/fr\/solutions\/inbound-marketing\/#breadcrumb\"},\"inLanguage\":\"fr-FR\",\"potentialAction\":[{\"@type\":\"ReadAction\",\"target\":[\"https:\/\/done.lu\/fr\/solutions\/inbound-marketing\/\"]}]},{\"@type\":\"BreadcrumbList\",\"@id\":\"https:\/\/done.lu\/fr\/solutions\/inbound-marketing\/#breadcrumb\",\"itemListElement\":[{\"@type\":\"ListItem\",\"position\":1,\"name\":\"Home\",\"item\":\"https:\/\/done.lu\/fr\/\"},{\"@type\":\"ListItem\",\"position\":2,\"name\":\"Solutions\",\"item\":\"https:\/\/done.lu\/fr\/solutions\/\"},{\"@type\":\"ListItem\",\"position\":3,\"name\":\"Inbound Marketing\"}]},{\"@type\":\"WebSite\",\"@id\":\"https:\/\/done.lu\/#website\",\"url\":\"https:\/\/done.lu\/\",\"name\":\"Done\",\"description\":\"\",\"publisher\":{\"@id\":\"https:\/\/done.lu\/#organization\"},\"potentialAction\":[{\"@type\":\"SearchAction\",\"target\":{\"@type\":\"EntryPoint\",\"urlTemplate\":\"https:\/\/done.lu\/?s={search_term_string}\"},\"query-input\":\"required name=search_term_string\"}],\"inLanguage\":\"fr-FR\"},{\"@type\":\"Organization\",\"@id\":\"https:\/\/done.lu\/#organization\",\"name\":\"Done SARL\",\"alternateName\":\"Done Website as a Service\",\"url\":\"https:\/\/done.lu\/\",\"logo\":{\"@type\":\"ImageObject\",\"inLanguage\":\"fr-FR\",\"@id\":\"https:\/\/done.lu\/#\/schema\/logo\/image\/\",\"url\":\"https:\/\/done.lu\/wp-content\/uploads\/2024\/07\/logo_done_rgb_neu.jpg\",\"contentUrl\":\"https:\/\/done.lu\/wp-content\/uploads\/2024\/07\/logo_done_rgb_neu.jpg\",\"width\":945,\"height\":377,\"caption\":\"Done SARL\"},\"image\":{\"@id\":\"https:\/\/done.lu\/#\/schema\/logo\/image\/\"},\"sameAs\":[\"https:\/\/www.facebook.com\/donesarl\",\"https:\/\/twitter.com\/DONElux\",\"https:\/\/www.instagram.com\/done.lu\/\",\"https:\/\/www.linkedin.com\/company\/donelux\/\"]}]}<\/script>\n<!-- \/ Yoast SEO plugin. -->","yoast_head_json":{"title":"L'Inbound Marketing de Done est la r\u00e9ponse \u00e0 cette \u00e9volution num\u00e9rique.","description":"L\u2019Inbound Marketing est une strat\u00e9gie qui consiste \u00e0 attirer les prospects qualifi\u00e9s sur votre site et de les engager dans une relation avec vos produits ou vos services.","robots":{"index":"index","follow":"follow","max-snippet":"max-snippet:-1","max-image-preview":"max-image-preview:large","max-video-preview":"max-video-preview:-1"},"canonical":"https:\/\/done.lu\/fr\/solutions\/inbound-marketing\/","og_locale":"fr_FR","og_type":"article","og_title":"L'Inbound Marketing de Done est la r\u00e9ponse \u00e0 cette \u00e9volution num\u00e9rique.","og_description":"L\u2019Inbound Marketing est une strat\u00e9gie qui consiste \u00e0 attirer les prospects qualifi\u00e9s sur votre site et de les engager dans une relation avec vos produits ou vos services.","og_url":"https:\/\/done.lu\/fr\/solutions\/inbound-marketing\/","og_site_name":"Done","article_publisher":"https:\/\/www.facebook.com\/donesarl","article_modified_time":"2021-02-22T14:46:11+00:00","twitter_card":"summary_large_image","twitter_site":"@DONElux","twitter_misc":{"Dur\u00e9e de lecture estim\u00e9e":"7 minutes"},"schema":{"@context":"https:\/\/schema.org","@graph":[{"@type":"WebPage","@id":"https:\/\/done.lu\/fr\/solutions\/inbound-marketing\/","url":"https:\/\/done.lu\/fr\/solutions\/inbound-marketing\/","name":"L'Inbound Marketing de Done est la r\u00e9ponse \u00e0 cette \u00e9volution num\u00e9rique.","isPartOf":{"@id":"https:\/\/done.lu\/#website"},"datePublished":"2020-08-05T13:21:39+00:00","dateModified":"2021-02-22T14:46:11+00:00","description":"L\u2019Inbound Marketing est une strat\u00e9gie qui consiste \u00e0 attirer les prospects qualifi\u00e9s sur votre site et de les engager dans une relation avec vos produits ou vos services.","breadcrumb":{"@id":"https:\/\/done.lu\/fr\/solutions\/inbound-marketing\/#breadcrumb"},"inLanguage":"fr-FR","potentialAction":[{"@type":"ReadAction","target":["https:\/\/done.lu\/fr\/solutions\/inbound-marketing\/"]}]},{"@type":"BreadcrumbList","@id":"https:\/\/done.lu\/fr\/solutions\/inbound-marketing\/#breadcrumb","itemListElement":[{"@type":"ListItem","position":1,"name":"Home","item":"https:\/\/done.lu\/fr\/"},{"@type":"ListItem","position":2,"name":"Solutions","item":"https:\/\/done.lu\/fr\/solutions\/"},{"@type":"ListItem","position":3,"name":"Inbound Marketing"}]},{"@type":"WebSite","@id":"https:\/\/done.lu\/#website","url":"https:\/\/done.lu\/","name":"Done","description":"","publisher":{"@id":"https:\/\/done.lu\/#organization"},"potentialAction":[{"@type":"SearchAction","target":{"@type":"EntryPoint","urlTemplate":"https:\/\/done.lu\/?s={search_term_string}"},"query-input":"required name=search_term_string"}],"inLanguage":"fr-FR"},{"@type":"Organization","@id":"https:\/\/done.lu\/#organization","name":"Done SARL","alternateName":"Done Website as a Service","url":"https:\/\/done.lu\/","logo":{"@type":"ImageObject","inLanguage":"fr-FR","@id":"https:\/\/done.lu\/#\/schema\/logo\/image\/","url":"https:\/\/done.lu\/wp-content\/uploads\/2024\/07\/logo_done_rgb_neu.jpg","contentUrl":"https:\/\/done.lu\/wp-content\/uploads\/2024\/07\/logo_done_rgb_neu.jpg","width":945,"height":377,"caption":"Done SARL"},"image":{"@id":"https:\/\/done.lu\/#\/schema\/logo\/image\/"},"sameAs":["https:\/\/www.facebook.com\/donesarl","https:\/\/twitter.com\/DONElux","https:\/\/www.instagram.com\/done.lu\/","https:\/\/www.linkedin.com\/company\/donelux\/"]}]}},"_links":{"self":[{"href":"https:\/\/done.lu\/fr\/wp-json\/wp\/v2\/pages\/6172"}],"collection":[{"href":"https:\/\/done.lu\/fr\/wp-json\/wp\/v2\/pages"}],"about":[{"href":"https:\/\/done.lu\/fr\/wp-json\/wp\/v2\/types\/page"}],"author":[{"embeddable":true,"href":"https:\/\/done.lu\/fr\/wp-json\/wp\/v2\/users\/1"}],"replies":[{"embeddable":true,"href":"https:\/\/done.lu\/fr\/wp-json\/wp\/v2\/comments?post=6172"}],"version-history":[{"count":7,"href":"https:\/\/done.lu\/fr\/wp-json\/wp\/v2\/pages\/6172\/revisions"}],"predecessor-version":[{"id":8654,"href":"https:\/\/done.lu\/fr\/wp-json\/wp\/v2\/pages\/6172\/revisions\/8654"}],"up":[{"embeddable":true,"href":"https:\/\/done.lu\/fr\/wp-json\/wp\/v2\/pages\/6166"}],"wp:attachment":[{"href":"https:\/\/done.lu\/fr\/wp-json\/wp\/v2\/media?parent=6172"}],"curies":[{"name":"wp","href":"https:\/\/api.w.org\/{rel}","templated":true}]}}