{"id":6098,"date":"2020-08-05T15:19:07","date_gmt":"2020-08-05T13:19:07","guid":{"rendered":"https:\/\/done.lu\/competences\/design\/"},"modified":"2021-02-23T11:58:12","modified_gmt":"2021-02-23T10:58:12","slug":"design","status":"publish","type":"page","link":"https:\/\/done.lu\/fr\/competences\/design\/","title":{"rendered":"Design"},"content":{"rendered":"<section class=\"wpb-content-wrapper\"><p>[vc_section full_width=\u00a0\u00bbstretch_row_content\u00a0\u00bb parallax=\u00a0\u00bbcontent-moving\u00a0\u00bb parallax_speed_bg=\u00a0\u00bb2.5&Prime; el_id=\u00a0\u00bbintro\u00a0\u00bb css=\u00a0\u00bb.vc_custom_1596635908694{background-image: url(\/wp-content\/uploads\/2020\/08\/BG-STARS.jpg?id=109) !important;}\u00a0\u00bb][vc_row el_id=\u00a0\u00bbiss\u00a0\u00bb css=\u00a0\u00bb.vc_custom_1596635068619{background-image: url(\/wp-content\/uploads\/2020\/08\/Moon.png?id=116) !important;}\u00a0\u00bb][vc_column][vc_single_image image=\u00a0\u00bb113&Prime; img_size=\u00a0\u00bbfull\u00a0\u00bb alignment=\u00a0\u00bbcenter\u00a0\u00bb el_class=\u00a0\u00bbno-space-img\u00a0\u00bb][\/vc_column][\/vc_row][\/vc_section][vc_section full_width=\u00a0\u00bbstretch_row\u00a0\u00bb parallax=\u00a0\u00bbcontent-moving\u00a0\u00bb parallax_speed_bg=\u00a0\u00bb2&Prime; css=\u00a0\u00bb.vc_custom_1612954086077{background-image: url(\/wp-content\/uploads\/2021\/02\/PurpleStarsBG4000.jpg) !important;}\u00a0\u00bb el_class=\u00a0\u00bbwhite\u00a0\u00bb][vc_row][vc_column width=\u00a0\u00bb1\/4&Prime;][\/vc_column][vc_column width=\u00a0\u00bb1\/2&Prime;][vc_column_text]<\/p>\n<h1 class=\"intro-heading\">Design<\/h1>\n<p class=\"al-just big\"><strong class=\"green\">En arrivant sur votre site un visiteur ne mettra que quelques secondes pour se faire une opinion \u00e0 votre sujet<\/strong>, cette perception qu\u2019il aura de votre image et de vos services conditionnera grandement la suite des relations qu\u2019il aura ou non avec vous.<\/p>\n<p class=\"al-just big\">Pour vous d\u00e9marquer de vos concurrents et \u00eatre facilement identifiable les design de votre identit\u00e9 visuelle et de votre site internet doivent marquer les esprits.<\/p>\n<p>[\/vc_column_text][\/vc_column][vc_column width=\u00a0\u00bb1\/4&Prime;][\/vc_column][\/vc_row][vc_row equal_height=\u00a0\u00bbyes\u00a0\u00bb][vc_column width=\u00a0\u00bb1\/2&Prime;][vc_column_text]<\/p>\n<h2 class=\"green\">L\u2019identit\u00e9 visuelle : un \u00e9l\u00e9ment fondamental de votre entreprise<\/h2>\n<p class=\"big al-just\">Forts de notre exp\u00e9rience en UX design, en ergonomie web et en design graphique <strong class=\"green\">nous concevons avec passion et envie les \u00e9l\u00e9ments de communication qui contribuent \u00e0 votre succ\u00e8s.<\/strong><\/p>\n<p>[\/vc_column_text][\/vc_column][vc_column width=\u00a0\u00bb1\/2&Prime;][vc_single_image image=\u00a0\u00bb7192&Prime; img_size=\u00a0\u00bbfull\u00a0\u00bb alignment=\u00a0\u00bbcenter\u00a0\u00bb css=\u00a0\u00bb.vc_custom_1607343822609{margin-bottom: 0px !important;}\u00a0\u00bb][\/vc_column][\/vc_row][vc_row equal_height=\u00a0\u00bbyes\u00a0\u00bb content_placement=\u00a0\u00bbmiddle\u00a0\u00bb el_class=\u00a0\u00bbcta-row\u00a0\u00bb el_id=\u00a0\u00bbcta-1&Prime;][vc_column width=\u00a0\u00bb1\/3&Prime; css=\u00a0\u00bb.vc_custom_1606127567338{background-color: #ffffff !important;}\u00a0\u00bb][vc_single_image image=\u00a0\u00bb7053&Prime; img_size=\u00a0\u00bbfull\u00a0\u00bb alignment=\u00a0\u00bbcenter\u00a0\u00bb el_class=\u00a0\u00bbno-space-img\u00a0\u00bb][\/vc_column][vc_column width=\u00a0\u00bb2\/3&Prime; css=\u00a0\u00bb.vc_custom_1606127558105{background-color: #79ca30 !important;}\u00a0\u00bb][vc_column_text]<\/p>\n<h3 class=\"white upper al-center bigger-40\">Vous avez un projet web ?<\/h3>\n<p>[\/vc_column_text][vc_column_text el_class=\u00a0\u00bbbig white al-center\u00a0\u00bb]<strong>Parlez-en avec nos experts !<\/strong>[\/vc_column_text][vc_row_inner equal_height=\u00a0\u00bbyes\u00a0\u00bb el_class=\u00a0\u00bbcta-inner-icons-row\u00a0\u00bb][vc_column_inner width=\u00a0\u00bb1\/4&Prime;][vc_single_image image=\u00a0\u00bb7021&Prime; img_size=\u00a0\u00bbfull\u00a0\u00bb alignment=\u00a0\u00bbcenter\u00a0\u00bb css=\u00a0\u00bb.vc_custom_1606152509780{margin-bottom: 0px !important;}\u00a0\u00bb el_class=\u00a0\u00bbno-space-img\u00a0\u00bb][vc_column_text css=\u00a0\u00bb.vc_custom_1606152525256{margin-bottom: 0px !important;}\u00a0\u00bb]<\/p>\n<h4 class=\"al-center big white\"><strong>Expertise<\/strong><\/h4>\n<p>[\/vc_column_text][\/vc_column_inner][vc_column_inner width=\u00a0\u00bb1\/4&Prime;][vc_single_image image=\u00a0\u00bb7027&Prime; img_size=\u00a0\u00bbfull\u00a0\u00bb alignment=\u00a0\u00bbcenter\u00a0\u00bb css=\u00a0\u00bb.vc_custom_1606152547291{margin-bottom: 0px !important;}\u00a0\u00bb el_class=\u00a0\u00bbno-space-img\u00a0\u00bb][vc_column_text css=\u00a0\u00bb.vc_custom_1606152557609{margin-bottom: 0px !important;}\u00a0\u00bb]<\/p>\n<h4 class=\"al-center big white\"><strong>Performance<\/strong><\/h4>\n<p>[\/vc_column_text][\/vc_column_inner][vc_column_inner width=\u00a0\u00bb1\/4&Prime;][vc_single_image image=\u00a0\u00bb7030&Prime; img_size=\u00a0\u00bbfull\u00a0\u00bb alignment=\u00a0\u00bbcenter\u00a0\u00bb css=\u00a0\u00bb.vc_custom_1606152578633{margin-bottom: 0px !important;}\u00a0\u00bb el_class=\u00a0\u00bbno-space-img\u00a0\u00bb][vc_column_text css=\u00a0\u00bb.vc_custom_1606152587446{margin-bottom: 0px !important;}\u00a0\u00bb]<\/p>\n<h4 class=\"al-center big white\"><strong>R\u00e9activit\u00e9<\/strong><\/h4>\n<p>[\/vc_column_text][\/vc_column_inner][vc_column_inner width=\u00a0\u00bb1\/4&Prime;][vc_single_image image=\u00a0\u00bb7024&Prime; img_size=\u00a0\u00bbfull\u00a0\u00bb alignment=\u00a0\u00bbcenter\u00a0\u00bb css=\u00a0\u00bb.vc_custom_1606152614374{margin-bottom: 0px !important;}\u00a0\u00bb el_class=\u00a0\u00bbno-space-img\u00a0\u00bb][vc_column_text css=\u00a0\u00bb.vc_custom_1606152623187{margin-bottom: 0px !important;}\u00a0\u00bb]<\/p>\n<h4 class=\"al-center big white\"><strong>Implication<\/strong><\/h4>\n<p>[\/vc_column_text][\/vc_column_inner][\/vc_row_inner][vc_btn title=\u00a0\u00bbContactez-nous maintenant\u00a0\u00bb align=\u00a0\u00bbcenter\u00a0\u00bb link=\u00a0\u00bburl:%23footer-contact|title:Contact\u00a0\u00bb el_class=\u00a0\u00bbinverse-btn scroll\u00a0\u00bb][\/vc_column][\/vc_row][\/vc_section][vc_section full_width=\u00a0\u00bbstretch_row\u00a0\u00bb parallax=\u00a0\u00bbcontent-moving\u00a0\u00bb parallax_speed_bg=\u00a0\u00bb2.5&Prime; el_class=\u00a0\u00bbstar-sec\u00a0\u00bb css=\u00a0\u00bb.vc_custom_1612954098483{background-image: url(\/wp-content\/uploads\/2021\/02\/BGstars2000.jpg?id=7828) !important;}\u00a0\u00bb][vc_row][vc_column][vc_column_text]<\/p>\n<h2 class=\"al-center green\">Nos graphistes et webdesigners donnent vie \u00e0 tous vos projets.<\/h2>\n<hr class=\"heading-sep\" \/>\n<p>[\/vc_column_text][\/vc_column][\/vc_row][vc_row][vc_column width=\u00a0\u00bb1\/4&Prime;][\/vc_column][vc_column width=\u00a0\u00bb1\/2&Prime;][vc_column_text el_class=\u00a0\u00bbbig al-just\u00a0\u00bb]Chaque travail d\u2019identit\u00e9 visuelle sur lequel nous intervenons (Webdesign, cr\u00e9ation de logo, flyers, Vid\u00e9os, publications digitales ou print\u2026) est un processus unique et innovant, par lequel <strong class=\"green\">nous cherchons \u00e0 cr\u00e9er des sensations et provoquer des exp\u00e9riences fortes entre l\u2019interface et l\u2019utilisateur.<\/strong>[\/vc_column_text][\/vc_column][vc_column width=\u00a0\u00bb1\/4&Prime;][\/vc_column][\/vc_row][vc_row equal_height=\u00a0\u00bbyes\u00a0\u00bb el_class=\u00a0\u00bbicon-row icon-row-mob-half\u00a0\u00bb][vc_column width=\u00a0\u00bb1\/4&Prime;][vc_single_image image=\u00a0\u00bb5659&Prime; img_size=\u00a0\u00bbfull\u00a0\u00bb alignment=\u00a0\u00bbcenter\u00a0\u00bb css=\u00a0\u00bb.vc_custom_1601284266646{margin-bottom: 0px !important;}\u00a0\u00bb][vc_column_text el_class=\u00a0\u00bbal-center\u00a0\u00bb]<\/p>\n<h3>UX Design<\/h3>\n<ul class=\"al-center\">\n<li>conception<\/li>\n<li>wireframe<\/li>\n<li>personas<\/li>\n<li>user stories<\/li>\n<li>parcours utilisateurs<\/li>\n<\/ul>\n<p>[\/vc_column_text][\/vc_column][vc_column width=\u00a0\u00bb1\/4&Prime;][vc_single_image image=\u00a0\u00bb5568&Prime; img_size=\u00a0\u00bbfull\u00a0\u00bb alignment=\u00a0\u00bbcenter\u00a0\u00bb css=\u00a0\u00bb.vc_custom_1601284298718{margin-bottom: 0px !important;}\u00a0\u00bb][vc_column_text el_class=\u00a0\u00bbal-center\u00a0\u00bb]<\/p>\n<h3>Graphisme<\/h3>\n<ul class=\"al-center\">\n<li>direction artistique<\/li>\n<li>maquettes design<\/li>\n<li>UI design<\/li>\n<li>responsive design<\/li>\n<li>infographies<\/li>\n<\/ul>\n<p>[\/vc_column_text][\/vc_column][vc_column width=\u00a0\u00bb1\/4&Prime;][vc_single_image image=\u00a0\u00bb5860&Prime; img_size=\u00a0\u00bbfull\u00a0\u00bb alignment=\u00a0\u00bbcenter\u00a0\u00bb css=\u00a0\u00bb.vc_custom_1601284343534{margin-bottom: 0px !important;}\u00a0\u00bb][vc_column_text el_class=\u00a0\u00bbal-center\u00a0\u00bb]<\/p>\n<h3>Contenus web<\/h3>\n<ul class=\"al-center\">\n<li>r\u00e9daction<\/li>\n<li>r\u00e9\u00e9criture web<\/li>\n<li>photos<\/li>\n<li>vid\u00e9os<\/li>\n<li>animations<\/li>\n<\/ul>\n<p>[\/vc_column_text][\/vc_column][vc_column width=\u00a0\u00bb1\/4&Prime;][vc_single_image image=\u00a0\u00bb5863&Prime; img_size=\u00a0\u00bbfull\u00a0\u00bb alignment=\u00a0\u00bbcenter\u00a0\u00bb css=\u00a0\u00bb.vc_custom_1601284365107{margin-bottom: 0px !important;}\u00a0\u00bb][vc_column_text el_class=\u00a0\u00bbal-center\u00a0\u00bb]<\/p>\n<h3>Print<\/h3>\n<ul class=\"al-center\">\n<li>chartes graphique<\/li>\n<li>logos<\/li>\n<li>illustrations<\/li>\n<li>brochures<\/li>\n<li>papeterie<\/li>\n<\/ul>\n<p>[\/vc_column_text][\/vc_column][\/vc_row][\/vc_section][vc_section full_width=\u00a0\u00bbstretch_row\u00a0\u00bb parallax=\u00a0\u00bbcontent-moving\u00a0\u00bb parallax_speed_bg=\u00a0\u00bb2&Prime; css=\u00a0\u00bb.vc_custom_1613988328798{background-image: url(\/wp-content\/uploads\/2021\/02\/PurpleStarsBG5000.jpg?id=7974) !important;}\u00a0\u00bb el_class=\u00a0\u00bbwhite\u00a0\u00bb][vc_row full_width=\u00a0\u00bbstretch_row\u00a0\u00bb el_id=\u00a0\u00bbplanet-row\u00a0\u00bb css=\u00a0\u00bb.vc_custom_1597077669122{background-image: url(\/wp-content\/uploads\/2020\/08\/planet-3.png?id=610) !important;}\u00a0\u00bb][vc_column][vc_column_text el_class=\u00a0\u00bbbot-mar-row-4&Prime;]<\/p>\n<h2 class=\"al-center green\">La conception d\u2019un webdesign sur mesure en trois \u00e9tapes avec DONE<\/h2>\n<hr class=\"heading-sep\" \/>\n<p>[\/vc_column_text][vc_row_inner equal_height=\u00a0\u00bbyes\u00a0\u00bb el_class=\u00a0\u00bbicon-row-mob-3 top-mar-row-8 squeeze-row-7&Prime;][vc_column_inner width=\u00a0\u00bb1\/3&Prime;][vc_column_text el_class=\u00a0\u00bbal-center\u00a0\u00bb]<\/p>\n<h3 class=\"step-head green\">Etape 1<\/h3>\n<h4 class=\"step-subhead white\">Sc\u00e9nario et story board<\/h4>\n<p class=\"al-just small\">La d\u00e9composition des diff\u00e9rentes \u00e9tapes de la navigation d\u2019un utilisateur sur un site ou un e-commerce permet de savoir pourquoi et comment il interagit avec ce site. Cette \u00e9tude pr\u00e9cise de son comportement est notre outil principal pour d\u00e9terminer l\u2019ergonomie et les services que doivent proposer votre site internet. L\u2019\u00e9tude des buyers personas ou l\u2019analyse ergonomique des comportements avec google analytics font partie des outils \u00e0 notre disposition pour vous fournir les solutions les plus adapt\u00e9es.<\/p>\n<p>[\/vc_column_text][\/vc_column_inner][vc_column_inner width=\u00a0\u00bb1\/3&Prime;][vc_column_text el_class=\u00a0\u00bbal-center\u00a0\u00bb]<\/p>\n<h3 class=\"step-head green\">Etape 2<\/h3>\n<h4 class=\"step-subhead white\">Conception et ergonomie<\/h4>\n<p class=\"al-just small\">Nous vous soumettons plusieurs prototypes d\u2019interfaces qui offrent l\u2019ergonomie et le design le plus appropri\u00e9 \u00e0 votre strat\u00e9gie. Par \u00e9tapes successives nous faisons \u00e9voluer votre design jusqu\u2019\u00e0 votre validation finale.<\/p>\n<p>[\/vc_column_text][\/vc_column_inner][vc_column_inner width=\u00a0\u00bb1\/3&Prime;][vc_column_text el_class=\u00a0\u00bbal-center\u00a0\u00bb]<\/p>\n<h3 class=\"step-head green\">Etape 3<\/h3>\n<h4 class=\"step-subhead white\">Design et d\u00e9clinaison graphique<\/h4>\n<p class=\"al-just small\">Nos designs modernes et originaux sont adaptables \u00e0 l\u2019ensemble des supports \u00e9cran du mobile au desktop en passant par la tablette (Responsive Web Design ou RWD).<\/p>\n<p>[\/vc_column_text][\/vc_column_inner][\/vc_row_inner][vc_row_inner][vc_column_inner][vc_images_carousel images=\u00a0\u00bb616,613&Prime; img_size=\u00a0\u00bbfull\u00a0\u00bb onclick=\u00a0\u00bblink_no\u00a0\u00bb speed=\u00a0\u00bb3000&Prime; autoplay=\u00a0\u00bbyes\u00a0\u00bb hide_pagination_control=\u00a0\u00bbyes\u00a0\u00bb hide_prev_next_buttons=\u00a0\u00bbyes\u00a0\u00bb wrap=\u00a0\u00bbyes\u00a0\u00bb][\/vc_column_inner][\/vc_row_inner][vc_row_inner][vc_column_inner width=\u00a0\u00bb1\/4&Prime;][\/vc_column_inner][vc_column_inner width=\u00a0\u00bb1\/2&Prime;][vc_column_text el_class=\u00a0\u00bbbig al-just\u00a0\u00bb]Nos talents artistiques savent \u00e9galement s\u2019adapter \u00e0 chacun de nos clients pour des demandes offline telles que la cr\u00e9ation de plaquettes papier, catalogues interactifs, Flyers, Publicit\u00e9s en ligne, Web marketing, etc.[\/vc_column_text][\/vc_column_inner][vc_column_inner width=\u00a0\u00bb1\/4&Prime;][\/vc_column_inner][\/vc_row_inner][\/vc_column][\/vc_row][vc_row equal_height=\u00a0\u00bbyes\u00a0\u00bb content_placement=\u00a0\u00bbmiddle\u00a0\u00bb el_class=\u00a0\u00bbcta-row\u00a0\u00bb el_id=\u00a0\u00bbcta-9&Prime;][vc_column width=\u00a0\u00bb1\/3&Prime; css=\u00a0\u00bb.vc_custom_1606127567338{background-color: #ffffff !important;}\u00a0\u00bb][vc_single_image image=\u00a0\u00bb7092&Prime; img_size=\u00a0\u00bbfull\u00a0\u00bb alignment=\u00a0\u00bbcenter\u00a0\u00bb el_class=\u00a0\u00bbno-space-img\u00a0\u00bb][\/vc_column][vc_column width=\u00a0\u00bb2\/3&Prime; css=\u00a0\u00bb.vc_custom_1606127558105{background-color: #79ca30 !important;}\u00a0\u00bb][vc_column_text]<\/p>\n<h3 class=\"white upper al-center\">Vous \u00eates soucieux de l&rsquo;identit\u00e9 visuelle de votre soci\u00e9t\u00e9 ?<\/h3>\n<p>[\/vc_column_text][vc_column_text el_class=\u00a0\u00bbal-center big white\u00a0\u00bb]Vous \u00eates soucieux de l&rsquo;identit\u00e9 visuelle de votre soci\u00e9t\u00e9 ?[\/vc_column_text][vc_row_inner equal_height=\u00a0\u00bbyes\u00a0\u00bb el_class=\u00a0\u00bbcta-inner-icons-row\u00a0\u00bb][vc_column_inner width=\u00a0\u00bb1\/3&Prime;][vc_single_image image=\u00a0\u00bb7082&Prime; img_size=\u00a0\u00bbfull\u00a0\u00bb alignment=\u00a0\u00bbcenter\u00a0\u00bb css=\u00a0\u00bb.vc_custom_1606216342449{margin-bottom: 0px !important;}\u00a0\u00bb el_class=\u00a0\u00bbno-space-img\u00a0\u00bb][vc_column_text css=\u00a0\u00bb.vc_custom_1606216410137{margin-bottom: 0px !important;}\u00a0\u00bb]<\/p>\n<h4 class=\"al-center white big\"><strong>Logos<\/strong><\/h4>\n<p>[\/vc_column_text][\/vc_column_inner][vc_column_inner width=\u00a0\u00bb1\/3&Prime;][vc_single_image image=\u00a0\u00bb7079&Prime; img_size=\u00a0\u00bbfull\u00a0\u00bb alignment=\u00a0\u00bbcenter\u00a0\u00bb css=\u00a0\u00bb.vc_custom_1606216359892{margin-bottom: 0px !important;}\u00a0\u00bb el_class=\u00a0\u00bbno-space-img\u00a0\u00bb][vc_column_text css=\u00a0\u00bb.vc_custom_1606216439694{margin-bottom: 0px !important;}\u00a0\u00bb]<\/p>\n<h4 class=\"al-center white big\"><strong>Cartes<\/strong><\/h4>\n<p>[\/vc_column_text][\/vc_column_inner][vc_column_inner width=\u00a0\u00bb1\/3&Prime;][vc_single_image image=\u00a0\u00bb7088&Prime; img_size=\u00a0\u00bbfull\u00a0\u00bb alignment=\u00a0\u00bbcenter\u00a0\u00bb css=\u00a0\u00bb.vc_custom_1606216376917{margin-bottom: 0px !important;}\u00a0\u00bb el_class=\u00a0\u00bbno-space-img\u00a0\u00bb][vc_column_text css=\u00a0\u00bb.vc_custom_1606216451060{margin-bottom: 0px !important;}\u00a0\u00bb]<\/p>\n<h4 class=\"al-center white big\"><strong>Rollups<\/strong><\/h4>\n<p>[\/vc_column_text][\/vc_column_inner][\/vc_row_inner][vc_btn title=\u00a0\u00bbContactez-nous\u00a0\u00bb align=\u00a0\u00bbcenter\u00a0\u00bb link=\u00a0\u00bburl:%23footer-contact|title:Contact\u00a0\u00bb el_class=\u00a0\u00bbinverse-btn scroll\u00a0\u00bb][\/vc_column][\/vc_row][\/vc_section]<\/p>\n<\/section>","protected":false},"excerpt":{"rendered":"<p>[vc_section full_width=\u00a0\u00bbstretch_row_content\u00a0\u00bb parallax=\u00a0\u00bbcontent-moving\u00a0\u00bb parallax_speed_bg=\u00a0\u00bb2.5&Prime; el_id=\u00a0\u00bbintro\u00a0\u00bb css=\u00a0\u00bb.vc_custom_1596635908694{background-image: url(\/wp-content\/uploads\/2020\/08\/BG-STARS.jpg?id=109) !important;}\u00a0\u00bb][vc_row el_id=\u00a0\u00bbiss\u00a0\u00bb css=\u00a0\u00bb.vc_custom_1596635068619{background-image: url(\/wp-content\/uploads\/2020\/08\/Moon.png?id=116) !important;}\u00a0\u00bb][vc_column][vc_single_image image=\u00a0\u00bb113&Prime; img_size=\u00a0\u00bbfull\u00a0\u00bb alignment=\u00a0\u00bbcenter\u00a0\u00bb el_class=\u00a0\u00bbno-space-img\u00a0\u00bb][\/vc_column][\/vc_row][\/vc_section][vc_section full_width=\u00a0\u00bbstretch_row\u00a0\u00bb parallax=\u00a0\u00bbcontent-moving\u00a0\u00bb parallax_speed_bg=\u00a0\u00bb2&Prime; css=\u00a0\u00bb.vc_custom_1612954086077{background-image: url(\/wp-content\/uploads\/2021\/02\/PurpleStarsBG4000.jpg) !important;}\u00a0\u00bb el_class=\u00a0\u00bbwhite\u00a0\u00bb][vc_row][vc_column width=\u00a0\u00bb1\/4&Prime;][\/vc_column][vc_column width=\u00a0\u00bb1\/2&Prime;][vc_column_text] Design<span class=\"excerpt-hellip\"> [\u2026]<\/span><\/p>\n","protected":false},"author":1,"featured_media":0,"parent":5712,"menu_order":0,"comment_status":"closed","ping_status":"closed","template":"","meta":{"inline_featured_image":false,"footnotes":""},"yoast_head":"<!-- This site is optimized with the Yoast SEO plugin v21.5 - https:\/\/yoast.com\/wordpress\/plugins\/seo\/ -->\n<title>Design par Done | L\u2019identit\u00e9 visuelle : fondamental pour votre entreprise<\/title>\n<meta name=\"description\" content=\"En arrivant sur votre site un visiteur ne mettra que quelques secondes pour se faire une opinion \u00e0 votre sujet, cette perception qu\u2019il aura de votre image et de vos services conditionnera grandement la suite des relations qu\u2019il aura ou non avec vous.\" \/>\n<meta name=\"robots\" content=\"index, follow, max-snippet:-1, max-image-preview:large, max-video-preview:-1\" \/>\n<link rel=\"canonical\" href=\"https:\/\/done.lu\/fr\/competences\/design\/\" \/>\n<meta property=\"og:locale\" content=\"fr_FR\" \/>\n<meta property=\"og:type\" content=\"article\" \/>\n<meta property=\"og:title\" content=\"Design par Done | L\u2019identit\u00e9 visuelle : fondamental pour votre entreprise\" \/>\n<meta property=\"og:description\" content=\"En arrivant sur votre site un visiteur ne mettra que quelques secondes pour se faire une opinion \u00e0 votre sujet, cette perception qu\u2019il aura de votre image et de vos services conditionnera grandement la suite des relations qu\u2019il aura ou non avec vous.\" \/>\n<meta property=\"og:url\" content=\"https:\/\/done.lu\/fr\/competences\/design\/\" \/>\n<meta property=\"og:site_name\" content=\"Done\" \/>\n<meta property=\"article:publisher\" content=\"https:\/\/www.facebook.com\/donesarl\" \/>\n<meta property=\"article:modified_time\" content=\"2021-02-23T10:58:12+00:00\" \/>\n<meta name=\"twitter:card\" content=\"summary_large_image\" \/>\n<meta name=\"twitter:site\" content=\"@DONElux\" \/>\n<meta name=\"twitter:label1\" content=\"Dur\u00e9e de lecture estim\u00e9e\" \/>\n\t<meta name=\"twitter:data1\" content=\"7 minutes\" \/>\n<script type=\"application\/ld+json\" class=\"yoast-schema-graph\">{\"@context\":\"https:\/\/schema.org\",\"@graph\":[{\"@type\":\"WebPage\",\"@id\":\"https:\/\/done.lu\/fr\/competences\/design\/\",\"url\":\"https:\/\/done.lu\/fr\/competences\/design\/\",\"name\":\"Design par Done | L\u2019identit\u00e9 visuelle : fondamental pour votre entreprise\",\"isPartOf\":{\"@id\":\"https:\/\/done.lu\/#website\"},\"datePublished\":\"2020-08-05T13:19:07+00:00\",\"dateModified\":\"2021-02-23T10:58:12+00:00\",\"description\":\"En arrivant sur votre site un visiteur ne mettra que quelques secondes pour se faire une opinion \u00e0 votre sujet, cette perception qu\u2019il aura de votre image et de vos services conditionnera grandement la suite des relations qu\u2019il aura ou non avec vous.\",\"breadcrumb\":{\"@id\":\"https:\/\/done.lu\/fr\/competences\/design\/#breadcrumb\"},\"inLanguage\":\"fr-FR\",\"potentialAction\":[{\"@type\":\"ReadAction\",\"target\":[\"https:\/\/done.lu\/fr\/competences\/design\/\"]}]},{\"@type\":\"BreadcrumbList\",\"@id\":\"https:\/\/done.lu\/fr\/competences\/design\/#breadcrumb\",\"itemListElement\":[{\"@type\":\"ListItem\",\"position\":1,\"name\":\"Home\",\"item\":\"https:\/\/done.lu\/fr\/\"},{\"@type\":\"ListItem\",\"position\":2,\"name\":\"Comp\u00e9tences\",\"item\":\"https:\/\/done.lu\/fr\/competences\/\"},{\"@type\":\"ListItem\",\"position\":3,\"name\":\"Design\"}]},{\"@type\":\"WebSite\",\"@id\":\"https:\/\/done.lu\/#website\",\"url\":\"https:\/\/done.lu\/\",\"name\":\"Done\",\"description\":\"\",\"publisher\":{\"@id\":\"https:\/\/done.lu\/#organization\"},\"potentialAction\":[{\"@type\":\"SearchAction\",\"target\":{\"@type\":\"EntryPoint\",\"urlTemplate\":\"https:\/\/done.lu\/?s={search_term_string}\"},\"query-input\":\"required name=search_term_string\"}],\"inLanguage\":\"fr-FR\"},{\"@type\":\"Organization\",\"@id\":\"https:\/\/done.lu\/#organization\",\"name\":\"Done SARL\",\"alternateName\":\"Done Website as a Service\",\"url\":\"https:\/\/done.lu\/\",\"logo\":{\"@type\":\"ImageObject\",\"inLanguage\":\"fr-FR\",\"@id\":\"https:\/\/done.lu\/#\/schema\/logo\/image\/\",\"url\":\"https:\/\/done.lu\/wp-content\/uploads\/2024\/07\/logo_done_rgb_neu.jpg\",\"contentUrl\":\"https:\/\/done.lu\/wp-content\/uploads\/2024\/07\/logo_done_rgb_neu.jpg\",\"width\":945,\"height\":377,\"caption\":\"Done SARL\"},\"image\":{\"@id\":\"https:\/\/done.lu\/#\/schema\/logo\/image\/\"},\"sameAs\":[\"https:\/\/www.facebook.com\/donesarl\",\"https:\/\/twitter.com\/DONElux\",\"https:\/\/www.instagram.com\/done.lu\/\",\"https:\/\/www.linkedin.com\/company\/donelux\/\"]}]}<\/script>\n<!-- \/ Yoast SEO plugin. -->","yoast_head_json":{"title":"Design par Done | L\u2019identit\u00e9 visuelle : fondamental pour votre entreprise","description":"En arrivant sur votre site un visiteur ne mettra que quelques secondes pour se faire une opinion \u00e0 votre sujet, cette perception qu\u2019il aura de votre image et de vos services conditionnera grandement la suite des relations qu\u2019il aura ou non avec vous.","robots":{"index":"index","follow":"follow","max-snippet":"max-snippet:-1","max-image-preview":"max-image-preview:large","max-video-preview":"max-video-preview:-1"},"canonical":"https:\/\/done.lu\/fr\/competences\/design\/","og_locale":"fr_FR","og_type":"article","og_title":"Design par Done | L\u2019identit\u00e9 visuelle : fondamental pour votre entreprise","og_description":"En arrivant sur votre site un visiteur ne mettra que quelques secondes pour se faire une opinion \u00e0 votre sujet, cette perception qu\u2019il aura de votre image et de vos services conditionnera grandement la suite des relations qu\u2019il aura ou non avec vous.","og_url":"https:\/\/done.lu\/fr\/competences\/design\/","og_site_name":"Done","article_publisher":"https:\/\/www.facebook.com\/donesarl","article_modified_time":"2021-02-23T10:58:12+00:00","twitter_card":"summary_large_image","twitter_site":"@DONElux","twitter_misc":{"Dur\u00e9e de lecture estim\u00e9e":"7 minutes"},"schema":{"@context":"https:\/\/schema.org","@graph":[{"@type":"WebPage","@id":"https:\/\/done.lu\/fr\/competences\/design\/","url":"https:\/\/done.lu\/fr\/competences\/design\/","name":"Design par Done | L\u2019identit\u00e9 visuelle : fondamental pour votre entreprise","isPartOf":{"@id":"https:\/\/done.lu\/#website"},"datePublished":"2020-08-05T13:19:07+00:00","dateModified":"2021-02-23T10:58:12+00:00","description":"En arrivant sur votre site un visiteur ne mettra que quelques secondes pour se faire une opinion \u00e0 votre sujet, cette perception qu\u2019il aura de votre image et de vos services conditionnera grandement la suite des relations qu\u2019il aura ou non avec vous.","breadcrumb":{"@id":"https:\/\/done.lu\/fr\/competences\/design\/#breadcrumb"},"inLanguage":"fr-FR","potentialAction":[{"@type":"ReadAction","target":["https:\/\/done.lu\/fr\/competences\/design\/"]}]},{"@type":"BreadcrumbList","@id":"https:\/\/done.lu\/fr\/competences\/design\/#breadcrumb","itemListElement":[{"@type":"ListItem","position":1,"name":"Home","item":"https:\/\/done.lu\/fr\/"},{"@type":"ListItem","position":2,"name":"Comp\u00e9tences","item":"https:\/\/done.lu\/fr\/competences\/"},{"@type":"ListItem","position":3,"name":"Design"}]},{"@type":"WebSite","@id":"https:\/\/done.lu\/#website","url":"https:\/\/done.lu\/","name":"Done","description":"","publisher":{"@id":"https:\/\/done.lu\/#organization"},"potentialAction":[{"@type":"SearchAction","target":{"@type":"EntryPoint","urlTemplate":"https:\/\/done.lu\/?s={search_term_string}"},"query-input":"required name=search_term_string"}],"inLanguage":"fr-FR"},{"@type":"Organization","@id":"https:\/\/done.lu\/#organization","name":"Done SARL","alternateName":"Done Website as a Service","url":"https:\/\/done.lu\/","logo":{"@type":"ImageObject","inLanguage":"fr-FR","@id":"https:\/\/done.lu\/#\/schema\/logo\/image\/","url":"https:\/\/done.lu\/wp-content\/uploads\/2024\/07\/logo_done_rgb_neu.jpg","contentUrl":"https:\/\/done.lu\/wp-content\/uploads\/2024\/07\/logo_done_rgb_neu.jpg","width":945,"height":377,"caption":"Done SARL"},"image":{"@id":"https:\/\/done.lu\/#\/schema\/logo\/image\/"},"sameAs":["https:\/\/www.facebook.com\/donesarl","https:\/\/twitter.com\/DONElux","https:\/\/www.instagram.com\/done.lu\/","https:\/\/www.linkedin.com\/company\/donelux\/"]}]}},"_links":{"self":[{"href":"https:\/\/done.lu\/fr\/wp-json\/wp\/v2\/pages\/6098"}],"collection":[{"href":"https:\/\/done.lu\/fr\/wp-json\/wp\/v2\/pages"}],"about":[{"href":"https:\/\/done.lu\/fr\/wp-json\/wp\/v2\/types\/page"}],"author":[{"embeddable":true,"href":"https:\/\/done.lu\/fr\/wp-json\/wp\/v2\/users\/1"}],"replies":[{"embeddable":true,"href":"https:\/\/done.lu\/fr\/wp-json\/wp\/v2\/comments?post=6098"}],"version-history":[{"count":8,"href":"https:\/\/done.lu\/fr\/wp-json\/wp\/v2\/pages\/6098\/revisions"}],"predecessor-version":[{"id":8696,"href":"https:\/\/done.lu\/fr\/wp-json\/wp\/v2\/pages\/6098\/revisions\/8696"}],"up":[{"embeddable":true,"href":"https:\/\/done.lu\/fr\/wp-json\/wp\/v2\/pages\/5712"}],"wp:attachment":[{"href":"https:\/\/done.lu\/fr\/wp-json\/wp\/v2\/media?parent=6098"}],"curies":[{"name":"wp","href":"https:\/\/api.w.org\/{rel}","templated":true}]}}