{"id":6021,"date":"2020-08-05T15:18:20","date_gmt":"2020-08-05T13:18:20","guid":{"rendered":"https:\/\/done.lu\/competences\/mobile-apps\/"},"modified":"2021-02-23T12:40:40","modified_gmt":"2021-02-23T11:40:40","slug":"mobile-apps","status":"publish","type":"page","link":"https:\/\/done.lu\/fr\/competences\/mobile-apps\/","title":{"rendered":"Applications"},"content":{"rendered":"<section class=\"wpb-content-wrapper\"><p>[vc_section full_width=\u00a0\u00bbstretch_row_content\u00a0\u00bb parallax=\u00a0\u00bbcontent-moving\u00a0\u00bb parallax_speed_bg=\u00a0\u00bb2.5&Prime; el_id=\u00a0\u00bbintro\u00a0\u00bb css=\u00a0\u00bb.vc_custom_1596635908694{background-image: url(\/wp-content\/uploads\/2020\/08\/BG-STARS.jpg?id=109) !important;}\u00a0\u00bb][vc_row el_id=\u00a0\u00bbiss\u00a0\u00bb css=\u00a0\u00bb.vc_custom_1596635068619{background-image: url(\/wp-content\/uploads\/2020\/08\/Moon.png?id=116) !important;}\u00a0\u00bb][vc_column][vc_single_image image=\u00a0\u00bb113&Prime; img_size=\u00a0\u00bbfull\u00a0\u00bb alignment=\u00a0\u00bbcenter\u00a0\u00bb el_class=\u00a0\u00bbno-space-img\u00a0\u00bb][\/vc_column][\/vc_row][\/vc_section][vc_section full_width=\u00a0\u00bbstretch_row\u00a0\u00bb parallax=\u00a0\u00bbcontent-moving\u00a0\u00bb parallax_speed_bg=\u00a0\u00bb2&Prime; css=\u00a0\u00bb.vc_custom_1614006545381{background-image: url(\/wp-content\/uploads\/2021\/02\/PurpleStarsBG5000.jpg?id=7974) !important;}\u00a0\u00bb el_class=\u00a0\u00bbwhite\u00a0\u00bb][vc_row][vc_column width=\u00a0\u00bb1\/4&Prime;][\/vc_column][vc_column width=\u00a0\u00bb1\/2&Prime;][vc_column_text]<\/p>\n<h1 class=\"intro-heading\">Applications<\/h1>\n<p class=\"al-just big\">Gagnez en efficacit\u00e9 avec les applications sur mesure ! Gagnez en efficacit\u00e9 avec les applications sur mesure !<\/p>\n<p>[\/vc_column_text][\/vc_column][vc_column width=\u00a0\u00bb1\/4&Prime;][\/vc_column][\/vc_row][vc_row equal_height=\u00a0\u00bbyes\u00a0\u00bb][vc_column width=\u00a0\u00bb1\/2&Prime;][vc_column_text]<\/p>\n<h2 class=\"green\">Applications mobiles : gardez le contact !<\/h2>\n<p class=\"big al-just\">Agence web all-in-One, l\u2019agence Done cr\u00e9\u00e9e vos applications sur mesure et analyse leurs r\u00e9sultats pour vous accompagner dans gestion de votre processus de digitalisation. Nos solutions sont compatibles sur IOS ou Andro\u00efd.<\/p>\n<p>[\/vc_column_text][\/vc_column][vc_column width=\u00a0\u00bb1\/2&Prime;][vc_single_image image=\u00a0\u00bb420&Prime; img_size=\u00a0\u00bbfull\u00a0\u00bb alignment=\u00a0\u00bbcenter\u00a0\u00bb css=\u00a0\u00bb.vc_custom_1596718982097{margin-bottom: 0px !important;}\u00a0\u00bb][\/vc_column][\/vc_row][vc_row gap=\u00a0\u00bb30&Prime; el_id=\u00a0\u00bbos-row\u00a0\u00bb][vc_column width=\u00a0\u00bb1\/4&Prime;][\/vc_column][vc_column width=\u00a0\u00bb1\/4&Prime;][vc_single_image image=\u00a0\u00bb7206&Prime; img_size=\u00a0\u00bbfull\u00a0\u00bb alignment=\u00a0\u00bbcenter\u00a0\u00bb css=\u00a0\u00bb.vc_custom_1607358915714{margin-bottom: 0px !important;}\u00a0\u00bb el_id=\u00a0\u00bbios\u00a0\u00bb][\/vc_column][vc_column width=\u00a0\u00bb1\/4&Prime;][vc_single_image image=\u00a0\u00bb7203&Prime; img_size=\u00a0\u00bbfull\u00a0\u00bb alignment=\u00a0\u00bbcenter\u00a0\u00bb css=\u00a0\u00bb.vc_custom_1607358924567{margin-bottom: 0px !important;}\u00a0\u00bb el_id=\u00a0\u00bbandroid\u00a0\u00bb][\/vc_column][vc_column width=\u00a0\u00bb1\/4&Prime;][\/vc_column][\/vc_row][vc_row equal_height=\u00a0\u00bbyes\u00a0\u00bb content_placement=\u00a0\u00bbmiddle\u00a0\u00bb el_class=\u00a0\u00bbcta-row\u00a0\u00bb el_id=\u00a0\u00bbcta-1&Prime;][vc_column width=\u00a0\u00bb1\/3&Prime; css=\u00a0\u00bb.vc_custom_1606127567338{background-color: #ffffff !important;}\u00a0\u00bb][vc_single_image image=\u00a0\u00bb7053&Prime; img_size=\u00a0\u00bbfull\u00a0\u00bb alignment=\u00a0\u00bbcenter\u00a0\u00bb el_class=\u00a0\u00bbno-space-img\u00a0\u00bb][\/vc_column][vc_column width=\u00a0\u00bb2\/3&Prime; css=\u00a0\u00bb.vc_custom_1606127558105{background-color: #79ca30 !important;}\u00a0\u00bb][vc_column_text]<\/p>\n<h3 class=\"white upper al-center bigger-40\">Vous avez un projet web ?<\/h3>\n<p>[\/vc_column_text][vc_column_text el_class=\u00a0\u00bbbig white al-center\u00a0\u00bb]<strong>Parlez-en avec nos experts !<\/strong>[\/vc_column_text][vc_row_inner equal_height=\u00a0\u00bbyes\u00a0\u00bb el_class=\u00a0\u00bbcta-inner-icons-row\u00a0\u00bb][vc_column_inner width=\u00a0\u00bb1\/4&Prime;][vc_single_image image=\u00a0\u00bb7021&Prime; img_size=\u00a0\u00bbfull\u00a0\u00bb alignment=\u00a0\u00bbcenter\u00a0\u00bb css=\u00a0\u00bb.vc_custom_1606152509780{margin-bottom: 0px !important;}\u00a0\u00bb el_class=\u00a0\u00bbno-space-img\u00a0\u00bb][vc_column_text css=\u00a0\u00bb.vc_custom_1606152525256{margin-bottom: 0px !important;}\u00a0\u00bb]<\/p>\n<h4 class=\"al-center big white\"><strong>Expertise<\/strong><\/h4>\n<p>[\/vc_column_text][\/vc_column_inner][vc_column_inner width=\u00a0\u00bb1\/4&Prime;][vc_single_image image=\u00a0\u00bb7027&Prime; img_size=\u00a0\u00bbfull\u00a0\u00bb alignment=\u00a0\u00bbcenter\u00a0\u00bb css=\u00a0\u00bb.vc_custom_1606152547291{margin-bottom: 0px !important;}\u00a0\u00bb el_class=\u00a0\u00bbno-space-img\u00a0\u00bb][vc_column_text css=\u00a0\u00bb.vc_custom_1606152557609{margin-bottom: 0px !important;}\u00a0\u00bb]<\/p>\n<h4 class=\"al-center big white\"><strong>Performance<\/strong><\/h4>\n<p>[\/vc_column_text][\/vc_column_inner][vc_column_inner width=\u00a0\u00bb1\/4&Prime;][vc_single_image image=\u00a0\u00bb7030&Prime; img_size=\u00a0\u00bbfull\u00a0\u00bb alignment=\u00a0\u00bbcenter\u00a0\u00bb css=\u00a0\u00bb.vc_custom_1606152578633{margin-bottom: 0px !important;}\u00a0\u00bb el_class=\u00a0\u00bbno-space-img\u00a0\u00bb][vc_column_text css=\u00a0\u00bb.vc_custom_1606152587446{margin-bottom: 0px !important;}\u00a0\u00bb]<\/p>\n<h4 class=\"al-center big white\"><strong>R\u00e9activit\u00e9<\/strong><\/h4>\n<p>[\/vc_column_text][\/vc_column_inner][vc_column_inner width=\u00a0\u00bb1\/4&Prime;][vc_single_image image=\u00a0\u00bb7024&Prime; img_size=\u00a0\u00bbfull\u00a0\u00bb alignment=\u00a0\u00bbcenter\u00a0\u00bb css=\u00a0\u00bb.vc_custom_1606152614374{margin-bottom: 0px !important;}\u00a0\u00bb el_class=\u00a0\u00bbno-space-img\u00a0\u00bb][vc_column_text css=\u00a0\u00bb.vc_custom_1606152623187{margin-bottom: 0px !important;}\u00a0\u00bb]<\/p>\n<h4 class=\"al-center big white\"><strong>Implication<\/strong><\/h4>\n<p>[\/vc_column_text][\/vc_column_inner][\/vc_row_inner][vc_btn title=\u00a0\u00bbContactez-nous maintenant\u00a0\u00bb align=\u00a0\u00bbcenter\u00a0\u00bb link=\u00a0\u00bburl:%23footer-contact|title:Contact\u00a0\u00bb el_class=\u00a0\u00bbinverse-btn scroll\u00a0\u00bb][\/vc_column][\/vc_row][\/vc_section][vc_section full_width=\u00a0\u00bbstretch_row\u00a0\u00bb parallax=\u00a0\u00bbcontent-moving\u00a0\u00bb parallax_speed_bg=\u00a0\u00bb2.5&Prime; el_class=\u00a0\u00bbstar-sec\u00a0\u00bb css=\u00a0\u00bb.vc_custom_1612950301939{background-image: url(\/wp-content\/uploads\/2021\/02\/BGstars2000.jpg?id=7828) !important;}\u00a0\u00bb][vc_row][vc_column width=\u00a0\u00bb1\/4&Prime;][\/vc_column][vc_column width=\u00a0\u00bb1\/2&Prime;][vc_column_text]<\/p>\n<h2 class=\"al-center green\">Application m\u00e9tier : automatisez vos processus !<\/h2>\n<hr class=\"heading-sep\" \/>\n<p>[\/vc_column_text][vc_column_text el_class=\u00a0\u00bbbig al-just\u00a0\u00bb]Travaillez d\u2019o\u00f9 que vous soyez, g\u00e9rez l\u2019activit\u00e9 de votre entreprise, automatisez vos processus et uniformisez les m\u00e9thodes de travail de vos collaborateurs :[\/vc_column_text][vc_column_text el_class=\u00a0\u00bbbig\u00a0\u00bb]<\/p>\n<ul class=\"dash-list big\">\n<li>Solution de pointage de temps prest\u00e9<\/li>\n<li>Solution de g\u00e9olocalisation<\/li>\n<li>Solution de travail partag\u00e9e.<\/li>\n<\/ul>\n<p>[\/vc_column_text][vc_column_text el_class=\u00a0\u00bbbig al-just\u00a0\u00bb]Sont autant d\u2019exemples de prestations que nous mettons en place r\u00e9guli\u00e8rement.[\/vc_column_text][\/vc_column][vc_column width=\u00a0\u00bb1\/4&Prime;][\/vc_column][\/vc_row][\/vc_section][vc_section full_width=\u00a0\u00bbstretch_row\u00a0\u00bb parallax=\u00a0\u00bbcontent-moving\u00a0\u00bb parallax_speed_bg=\u00a0\u00bb2&Prime; css=\u00a0\u00bb.vc_custom_1612950316118{background-image: url(\/wp-content\/uploads\/2021\/02\/PurpleStarsBG3000.jpg?id=7825) !important;}\u00a0\u00bb el_class=\u00a0\u00bbwhite\u00a0\u00bb][vc_row][vc_column][vc_column_text]<\/p>\n<h2 class=\"al-center green\">Application client : optimisez l\u2019efficacit\u00e9 de votre marketing digital !<\/h2>\n<hr class=\"heading-sep\" \/>\n<p>[\/vc_column_text][\/vc_column][\/vc_row][vc_row][vc_column width=\u00a0\u00bb1\/4&Prime;][\/vc_column][vc_column width=\u00a0\u00bb1\/2&Prime;][vc_column_text el_class=\u00a0\u00bbbig al-just\u00a0\u00bb]Une application d\u00e9velopp\u00e9e par l\u2019agence Done vous permettra par exemple de fid\u00e9liser votre client\u00e8le et de communiquer avec elle en temps r\u00e9el notamment en :[\/vc_column_text][vc_column_text el_class=\u00a0\u00bbbig al-just\u00a0\u00bb]<\/p>\n<ul class=\"dash-list big\">\n<li>Envoyant du contenu directement sur le t\u00e9l\u00e9phone de vos clients<\/li>\n<li>Assurant une visibilit\u00e9 constante de votre logo aupr\u00e8s d\u2019une population cibl\u00e9e et int\u00e9ress\u00e9e par votre marque<\/li>\n<li>Redirigeant vos contacts vers votre site.<\/li>\n<\/ul>\n<p>[\/vc_column_text][\/vc_column][vc_column width=\u00a0\u00bb1\/4&Prime;][\/vc_column][\/vc_row][\/vc_section][vc_section full_width=\u00a0\u00bbstretch_row\u00a0\u00bb parallax=\u00a0\u00bbcontent-moving\u00a0\u00bb parallax_speed_bg=\u00a0\u00bb2.5&Prime; el_class=\u00a0\u00bbstar-sec\u00a0\u00bb css=\u00a0\u00bb.vc_custom_1612950332855{background-image: url(\/wp-content\/uploads\/2021\/02\/BGstars3000-1.jpg?id=7831) !important;}\u00a0\u00bb][vc_row][vc_column][vc_column_text el_class=\u00a0\u00bbal-center\u00a0\u00bb]<\/p>\n<h2 class=\"green\">Nous r\u00e9alisons votre Application de A \u00e0 Z<\/h2>\n<hr class=\"heading-sep\" \/>\n<p>[\/vc_column_text][\/vc_column][\/vc_row][vc_row equal_height=\u00a0\u00bbyes\u00a0\u00bb el_class=\u00a0\u00bbicon-row icon-row-more-min\u00a0\u00bb][vc_column width=\u00a0\u00bb1\/3&Prime;][vc_single_image image=\u00a0\u00bb5581&Prime; img_size=\u00a0\u00bbfull\u00a0\u00bb alignment=\u00a0\u00bbcenter\u00a0\u00bb css=\u00a0\u00bb.vc_custom_1600958564319{margin-bottom: 0px !important;}\u00a0\u00bb][vc_column_text el_class=\u00a0\u00bbal-center\u00a0\u00bb]<\/p>\n<h3>L\u2019\u00e9tude du projet.<\/h3>\n<p>[\/vc_column_text][vc_column_text el_class=\u00a0\u00bbal-just\u00a0\u00bb]La cr\u00e9ation d\u2019une application mobile n\u00e9cessite une \u00e9tude approfondie en amont. Cette \u00e9tape pose les bases de notre collaboration. Notre project manager vous accompagne depuis l\u2019analyse de vos attentes jusqu\u2019\u00e0 la d\u00e9finition des fonctionnalit\u00e9s de l\u2019application[\/vc_column_text][\/vc_column][vc_column width=\u00a0\u00bb1\/3&Prime;][vc_single_image image=\u00a0\u00bb5584&Prime; img_size=\u00a0\u00bbfull\u00a0\u00bb alignment=\u00a0\u00bbcenter\u00a0\u00bb css=\u00a0\u00bb.vc_custom_1600958580530{margin-bottom: 0px !important;}\u00a0\u00bb][vc_column_text el_class=\u00a0\u00bbal-center\u00a0\u00bb]<\/p>\n<h3>Choix du design.<\/h3>\n<p>[\/vc_column_text][vc_column_text el_class=\u00a0\u00bbal-just\u00a0\u00bb]Un design percutant et une ergonomie bien pens\u00e9e aident \u00e0 accro\u00eetre le nombre de t\u00e9l\u00e9chargements et le taux d\u2019utilisation de votre application. Nous vous assurons une exp\u00e9rience de navigation intuitive et un design respectant votre identit\u00e9 visuelle.[\/vc_column_text][\/vc_column][vc_column width=\u00a0\u00bb1\/3&Prime;][vc_single_image image=\u00a0\u00bb5587&Prime; img_size=\u00a0\u00bbfull\u00a0\u00bb alignment=\u00a0\u00bbcenter\u00a0\u00bb css=\u00a0\u00bb.vc_custom_1600958600273{margin-bottom: 0px !important;}\u00a0\u00bb][vc_column_text el_class=\u00a0\u00bbal-center\u00a0\u00bb]<\/p>\n<h3>Mise en ligne et analyse des r\u00e9sultats.<\/h3>\n<p>[\/vc_column_text][vc_column_text el_class=\u00a0\u00bbal-just\u00a0\u00bb]Nombre de t\u00e9l\u00e9chargements, % de redirection vers votre site web, parcours clients\u2026 recevez les d\u00e9tails des actions effectu\u00e9es \u00e0 partir de votre application. Nous vous aidons \u00e0 analyser le comportement des utilisateurs pour optimiser vos contenus et outils num\u00e9riques.[\/vc_column_text][\/vc_column][\/vc_row][\/vc_section]<\/p>\n<\/section>","protected":false},"excerpt":{"rendered":"<p>[vc_section full_width=\u00a0\u00bbstretch_row_content\u00a0\u00bb parallax=\u00a0\u00bbcontent-moving\u00a0\u00bb parallax_speed_bg=\u00a0\u00bb2.5&Prime; el_id=\u00a0\u00bbintro\u00a0\u00bb css=\u00a0\u00bb.vc_custom_1596635908694{background-image: url(\/wp-content\/uploads\/2020\/08\/BG-STARS.jpg?id=109) !important;}\u00a0\u00bb][vc_row el_id=\u00a0\u00bbiss\u00a0\u00bb css=\u00a0\u00bb.vc_custom_1596635068619{background-image: url(\/wp-content\/uploads\/2020\/08\/Moon.png?id=116) !important;}\u00a0\u00bb][vc_column][vc_single_image image=\u00a0\u00bb113&Prime; img_size=\u00a0\u00bbfull\u00a0\u00bb alignment=\u00a0\u00bbcenter\u00a0\u00bb el_class=\u00a0\u00bbno-space-img\u00a0\u00bb][\/vc_column][\/vc_row][\/vc_section][vc_section full_width=\u00a0\u00bbstretch_row\u00a0\u00bb parallax=\u00a0\u00bbcontent-moving\u00a0\u00bb parallax_speed_bg=\u00a0\u00bb2&Prime; css=\u00a0\u00bb.vc_custom_1614006545381{background-image: url(\/wp-content\/uploads\/2021\/02\/PurpleStarsBG5000.jpg?id=7974) !important;}\u00a0\u00bb el_class=\u00a0\u00bbwhite\u00a0\u00bb][vc_row][vc_column width=\u00a0\u00bb1\/4&Prime;][\/vc_column][vc_column width=\u00a0\u00bb1\/2&Prime;][vc_column_text] Applications<span class=\"excerpt-hellip\"> [\u2026]<\/span><\/p>\n","protected":false},"author":1,"featured_media":0,"parent":5712,"menu_order":0,"comment_status":"closed","ping_status":"closed","template":"","meta":{"inline_featured_image":false,"footnotes":""},"yoast_head":"<!-- This site is optimized with the Yoast SEO plugin v21.5 - https:\/\/yoast.com\/wordpress\/plugins\/seo\/ -->\n<title>Applications mobiles de Done : gardez le contact ! IOS et Android<\/title>\n<meta name=\"description\" content=\"Gagnez en efficacit\u00e9 avec les applications sur mesure ! Gagnez en efficacit\u00e9 avec les applications sur mesure !\" \/>\n<meta name=\"robots\" content=\"index, follow, max-snippet:-1, max-image-preview:large, max-video-preview:-1\" \/>\n<link rel=\"canonical\" href=\"https:\/\/done.lu\/fr\/competences\/mobile-apps\/\" \/>\n<meta property=\"og:locale\" content=\"fr_FR\" \/>\n<meta property=\"og:type\" content=\"article\" \/>\n<meta property=\"og:title\" content=\"Applications mobiles de Done : gardez le contact ! IOS et Android\" \/>\n<meta property=\"og:description\" content=\"Gagnez en efficacit\u00e9 avec les applications sur mesure ! Gagnez en efficacit\u00e9 avec les applications sur mesure !\" \/>\n<meta property=\"og:url\" content=\"https:\/\/done.lu\/fr\/competences\/mobile-apps\/\" \/>\n<meta property=\"og:site_name\" content=\"Done\" \/>\n<meta property=\"article:publisher\" content=\"https:\/\/www.facebook.com\/donesarl\" \/>\n<meta property=\"article:modified_time\" content=\"2021-02-23T11:40:40+00:00\" \/>\n<meta name=\"twitter:card\" content=\"summary_large_image\" \/>\n<meta name=\"twitter:site\" content=\"@DONElux\" \/>\n<meta name=\"twitter:label1\" content=\"Dur\u00e9e de lecture estim\u00e9e\" \/>\n\t<meta name=\"twitter:data1\" content=\"3 minutes\" \/>\n<script type=\"application\/ld+json\" class=\"yoast-schema-graph\">{\"@context\":\"https:\/\/schema.org\",\"@graph\":[{\"@type\":\"WebPage\",\"@id\":\"https:\/\/done.lu\/fr\/competences\/mobile-apps\/\",\"url\":\"https:\/\/done.lu\/fr\/competences\/mobile-apps\/\",\"name\":\"Applications mobiles de Done : gardez le contact ! IOS et Android\",\"isPartOf\":{\"@id\":\"https:\/\/done.lu\/#website\"},\"datePublished\":\"2020-08-05T13:18:20+00:00\",\"dateModified\":\"2021-02-23T11:40:40+00:00\",\"description\":\"Gagnez en efficacit\u00e9 avec les applications sur mesure ! Gagnez en efficacit\u00e9 avec les applications sur mesure !\",\"breadcrumb\":{\"@id\":\"https:\/\/done.lu\/fr\/competences\/mobile-apps\/#breadcrumb\"},\"inLanguage\":\"fr-FR\",\"potentialAction\":[{\"@type\":\"ReadAction\",\"target\":[\"https:\/\/done.lu\/fr\/competences\/mobile-apps\/\"]}]},{\"@type\":\"BreadcrumbList\",\"@id\":\"https:\/\/done.lu\/fr\/competences\/mobile-apps\/#breadcrumb\",\"itemListElement\":[{\"@type\":\"ListItem\",\"position\":1,\"name\":\"Home\",\"item\":\"https:\/\/done.lu\/fr\/\"},{\"@type\":\"ListItem\",\"position\":2,\"name\":\"Comp\u00e9tences\",\"item\":\"https:\/\/done.lu\/fr\/competences\/\"},{\"@type\":\"ListItem\",\"position\":3,\"name\":\"Applications\"}]},{\"@type\":\"WebSite\",\"@id\":\"https:\/\/done.lu\/#website\",\"url\":\"https:\/\/done.lu\/\",\"name\":\"Done\",\"description\":\"\",\"publisher\":{\"@id\":\"https:\/\/done.lu\/#organization\"},\"potentialAction\":[{\"@type\":\"SearchAction\",\"target\":{\"@type\":\"EntryPoint\",\"urlTemplate\":\"https:\/\/done.lu\/?s={search_term_string}\"},\"query-input\":\"required name=search_term_string\"}],\"inLanguage\":\"fr-FR\"},{\"@type\":\"Organization\",\"@id\":\"https:\/\/done.lu\/#organization\",\"name\":\"Done SARL\",\"alternateName\":\"Done Website as a Service\",\"url\":\"https:\/\/done.lu\/\",\"logo\":{\"@type\":\"ImageObject\",\"inLanguage\":\"fr-FR\",\"@id\":\"https:\/\/done.lu\/#\/schema\/logo\/image\/\",\"url\":\"https:\/\/done.lu\/wp-content\/uploads\/2024\/07\/logo_done_rgb_neu.jpg\",\"contentUrl\":\"https:\/\/done.lu\/wp-content\/uploads\/2024\/07\/logo_done_rgb_neu.jpg\",\"width\":945,\"height\":377,\"caption\":\"Done SARL\"},\"image\":{\"@id\":\"https:\/\/done.lu\/#\/schema\/logo\/image\/\"},\"sameAs\":[\"https:\/\/www.facebook.com\/donesarl\",\"https:\/\/twitter.com\/DONElux\",\"https:\/\/www.instagram.com\/done.lu\/\",\"https:\/\/www.linkedin.com\/company\/donelux\/\"]}]}<\/script>\n<!-- \/ Yoast SEO plugin. -->","yoast_head_json":{"title":"Applications mobiles de Done : gardez le contact ! IOS et Android","description":"Gagnez en efficacit\u00e9 avec les applications sur mesure ! Gagnez en efficacit\u00e9 avec les applications sur mesure !","robots":{"index":"index","follow":"follow","max-snippet":"max-snippet:-1","max-image-preview":"max-image-preview:large","max-video-preview":"max-video-preview:-1"},"canonical":"https:\/\/done.lu\/fr\/competences\/mobile-apps\/","og_locale":"fr_FR","og_type":"article","og_title":"Applications mobiles de Done : gardez le contact ! IOS et Android","og_description":"Gagnez en efficacit\u00e9 avec les applications sur mesure ! Gagnez en efficacit\u00e9 avec les applications sur mesure !","og_url":"https:\/\/done.lu\/fr\/competences\/mobile-apps\/","og_site_name":"Done","article_publisher":"https:\/\/www.facebook.com\/donesarl","article_modified_time":"2021-02-23T11:40:40+00:00","twitter_card":"summary_large_image","twitter_site":"@DONElux","twitter_misc":{"Dur\u00e9e de lecture estim\u00e9e":"3 minutes"},"schema":{"@context":"https:\/\/schema.org","@graph":[{"@type":"WebPage","@id":"https:\/\/done.lu\/fr\/competences\/mobile-apps\/","url":"https:\/\/done.lu\/fr\/competences\/mobile-apps\/","name":"Applications mobiles de Done : gardez le contact ! IOS et Android","isPartOf":{"@id":"https:\/\/done.lu\/#website"},"datePublished":"2020-08-05T13:18:20+00:00","dateModified":"2021-02-23T11:40:40+00:00","description":"Gagnez en efficacit\u00e9 avec les applications sur mesure ! Gagnez en efficacit\u00e9 avec les applications sur mesure !","breadcrumb":{"@id":"https:\/\/done.lu\/fr\/competences\/mobile-apps\/#breadcrumb"},"inLanguage":"fr-FR","potentialAction":[{"@type":"ReadAction","target":["https:\/\/done.lu\/fr\/competences\/mobile-apps\/"]}]},{"@type":"BreadcrumbList","@id":"https:\/\/done.lu\/fr\/competences\/mobile-apps\/#breadcrumb","itemListElement":[{"@type":"ListItem","position":1,"name":"Home","item":"https:\/\/done.lu\/fr\/"},{"@type":"ListItem","position":2,"name":"Comp\u00e9tences","item":"https:\/\/done.lu\/fr\/competences\/"},{"@type":"ListItem","position":3,"name":"Applications"}]},{"@type":"WebSite","@id":"https:\/\/done.lu\/#website","url":"https:\/\/done.lu\/","name":"Done","description":"","publisher":{"@id":"https:\/\/done.lu\/#organization"},"potentialAction":[{"@type":"SearchAction","target":{"@type":"EntryPoint","urlTemplate":"https:\/\/done.lu\/?s={search_term_string}"},"query-input":"required name=search_term_string"}],"inLanguage":"fr-FR"},{"@type":"Organization","@id":"https:\/\/done.lu\/#organization","name":"Done SARL","alternateName":"Done Website as a Service","url":"https:\/\/done.lu\/","logo":{"@type":"ImageObject","inLanguage":"fr-FR","@id":"https:\/\/done.lu\/#\/schema\/logo\/image\/","url":"https:\/\/done.lu\/wp-content\/uploads\/2024\/07\/logo_done_rgb_neu.jpg","contentUrl":"https:\/\/done.lu\/wp-content\/uploads\/2024\/07\/logo_done_rgb_neu.jpg","width":945,"height":377,"caption":"Done SARL"},"image":{"@id":"https:\/\/done.lu\/#\/schema\/logo\/image\/"},"sameAs":["https:\/\/www.facebook.com\/donesarl","https:\/\/twitter.com\/DONElux","https:\/\/www.instagram.com\/done.lu\/","https:\/\/www.linkedin.com\/company\/donelux\/"]}]}},"_links":{"self":[{"href":"https:\/\/done.lu\/fr\/wp-json\/wp\/v2\/pages\/6021"}],"collection":[{"href":"https:\/\/done.lu\/fr\/wp-json\/wp\/v2\/pages"}],"about":[{"href":"https:\/\/done.lu\/fr\/wp-json\/wp\/v2\/types\/page"}],"author":[{"embeddable":true,"href":"https:\/\/done.lu\/fr\/wp-json\/wp\/v2\/users\/1"}],"replies":[{"embeddable":true,"href":"https:\/\/done.lu\/fr\/wp-json\/wp\/v2\/comments?post=6021"}],"version-history":[{"count":6,"href":"https:\/\/done.lu\/fr\/wp-json\/wp\/v2\/pages\/6021\/revisions"}],"predecessor-version":[{"id":8657,"href":"https:\/\/done.lu\/fr\/wp-json\/wp\/v2\/pages\/6021\/revisions\/8657"}],"up":[{"embeddable":true,"href":"https:\/\/done.lu\/fr\/wp-json\/wp\/v2\/pages\/5712"}],"wp:attachment":[{"href":"https:\/\/done.lu\/fr\/wp-json\/wp\/v2\/media?parent=6021"}],"curies":[{"name":"wp","href":"https:\/\/api.w.org\/{rel}","templated":true}]}}