{"id":5736,"date":"2020-08-05T15:19:40","date_gmt":"2020-08-05T13:19:40","guid":{"rendered":"https:\/\/done.lu\/competences\/programming\/"},"modified":"2021-02-23T12:26:45","modified_gmt":"2021-02-23T11:26:45","slug":"programmation","status":"publish","type":"page","link":"https:\/\/done.lu\/fr\/competences\/programmation\/","title":{"rendered":"Programmation"},"content":{"rendered":"<section class=\"wpb-content-wrapper\"><p>[vc_section full_width=\u00a0\u00bbstretch_row_content\u00a0\u00bb parallax=\u00a0\u00bbcontent-moving\u00a0\u00bb parallax_speed_bg=\u00a0\u00bb2.5&Prime; el_id=\u00a0\u00bbintro\u00a0\u00bb css=\u00a0\u00bb.vc_custom_1596635908694{background-image: url(\/wp-content\/uploads\/2020\/08\/BG-STARS.jpg?id=109) !important;}\u00a0\u00bb][vc_row el_id=\u00a0\u00bbiss\u00a0\u00bb css=\u00a0\u00bb.vc_custom_1596635068619{background-image: url(\/wp-content\/uploads\/2020\/08\/Moon.png?id=116) !important;}\u00a0\u00bb][vc_column][vc_single_image image=\u00a0\u00bb113&Prime; img_size=\u00a0\u00bbfull\u00a0\u00bb alignment=\u00a0\u00bbcenter\u00a0\u00bb el_class=\u00a0\u00bbno-space-img\u00a0\u00bb][\/vc_column][\/vc_row][\/vc_section][vc_section full_width=\u00a0\u00bbstretch_row\u00a0\u00bb parallax=\u00a0\u00bbcontent-moving\u00a0\u00bb parallax_speed_bg=\u00a0\u00bb2&Prime; css=\u00a0\u00bb.vc_custom_1612960179384{background-image: url(\/wp-content\/uploads\/2021\/02\/PurpleStarsBG5000.jpg) !important;}\u00a0\u00bb el_class=\u00a0\u00bbwhite\u00a0\u00bb][vc_row][vc_column width=\u00a0\u00bb1\/4&Prime;][\/vc_column][vc_column width=\u00a0\u00bb1\/2&Prime;][vc_column_text]<\/p>\n<h1 class=\"intro-heading\">Programmation<\/h1>\n<p class=\"al-just big\">Site web, boutique en ligne, applications mobiles ou logiciels\u2026 <strong class=\"green\">Done d\u00e9veloppe les solutions qui r\u00e9pondent aux besoins sp\u00e9cifiques de votre entreprise<\/strong>.<\/p>\n<p class=\"al-just big\">L\u2019outil id\u00e9al pour am\u00e9liorer vos performances n\u2019existe pas encore ? Nous le d\u00e9veloppons de A \u00e0 Z.<\/p>\n<p>[\/vc_column_text][\/vc_column][vc_column width=\u00a0\u00bb1\/4&Prime;][\/vc_column][\/vc_row][vc_row equal_height=\u00a0\u00bbyes\u00a0\u00bb][vc_column width=\u00a0\u00bb1\/2&Prime;][vc_column_text]<\/p>\n<h2 class=\"green\">Nous cr\u00e9ons votre site web enti\u00e8rement sur mesure<\/h2>\n<p class=\"big al-just\">Vitrine digitale de l\u2019entreprise, votre site web refl\u00e8te l\u2019image de votre entreprise. Chez Done, nous tenons \u00e0 vous aider \u00e0 pr\u00e9server votre identit\u00e9. <strong class=\"green\">Votre entreprise est unique, votre site web le sera \u00e9galement<\/strong>.<br \/>\nNos d\u00e9veloppeurs cr\u00e9ent votre site web, le mettent \u00e0 jour, en assurent la maintenance continue et avec notre approche Growth Driven Design, le font \u00e9voluer en m\u00eame temps que les besoins de votre entreprise : ajout de pages, chatbot, simulateur\u2026<\/p>\n<p>[\/vc_column_text][\/vc_column][vc_column width=\u00a0\u00bb1\/2&Prime;][vc_single_image image=\u00a0\u00bb7226&Prime; img_size=\u00a0\u00bbfull\u00a0\u00bb alignment=\u00a0\u00bbcenter\u00a0\u00bb css=\u00a0\u00bb.vc_custom_1607362944497{margin-bottom: 0px !important;}\u00a0\u00bb][\/vc_column][\/vc_row][vc_row equal_height=\u00a0\u00bbyes\u00a0\u00bb content_placement=\u00a0\u00bbmiddle\u00a0\u00bb el_class=\u00a0\u00bbcta-row\u00a0\u00bb el_id=\u00a0\u00bbcta-3&Prime;][vc_column width=\u00a0\u00bb1\/3&Prime; css=\u00a0\u00bb.vc_custom_1606127567338{background-color: #ffffff !important;}\u00a0\u00bb][vc_single_image image=\u00a0\u00bb7060&Prime; img_size=\u00a0\u00bbfull\u00a0\u00bb alignment=\u00a0\u00bbcenter\u00a0\u00bb el_class=\u00a0\u00bbno-space-img\u00a0\u00bb][\/vc_column][vc_column width=\u00a0\u00bb2\/3&Prime; css=\u00a0\u00bb.vc_custom_1606127558105{background-color: #79ca30 !important;}\u00a0\u00bb][vc_column_text]<\/p>\n<h3 class=\"white upper al-center bigger-40\">Vous allez adorer travailler avec nous !<\/h3>\n<p>[\/vc_column_text][vc_row_inner equal_height=\u00a0\u00bbyes\u00a0\u00bb el_class=\u00a0\u00bbcta-inner-icons-row\u00a0\u00bb][vc_column_inner width=\u00a0\u00bb1\/4&Prime;][vc_single_image image=\u00a0\u00bb7005&Prime; img_size=\u00a0\u00bbfull\u00a0\u00bb alignment=\u00a0\u00bbcenter\u00a0\u00bb css=\u00a0\u00bb.vc_custom_1606149545425{margin-bottom: 0px !important;}\u00a0\u00bb el_class=\u00a0\u00bbno-space-img\u00a0\u00bb][vc_column_text css=\u00a0\u00bb.vc_custom_1606149558714{margin-bottom: 0px !important;}\u00a0\u00bb]<\/p>\n<h4 class=\"al-center big white\"><strong>Site web<\/strong><\/h4>\n<p>[\/vc_column_text][\/vc_column_inner][vc_column_inner width=\u00a0\u00bb1\/4&Prime;][vc_single_image image=\u00a0\u00bb7002&Prime; img_size=\u00a0\u00bbfull\u00a0\u00bb alignment=\u00a0\u00bbcenter\u00a0\u00bb css=\u00a0\u00bb.vc_custom_1606149575857{margin-bottom: 0px !important;}\u00a0\u00bb el_class=\u00a0\u00bbno-space-img\u00a0\u00bb][vc_column_text css=\u00a0\u00bb.vc_custom_1606149585876{margin-bottom: 0px !important;}\u00a0\u00bb]<\/p>\n<h4 class=\"al-center big white\"><strong>E-Commerce<\/strong><\/h4>\n<p>[\/vc_column_text][\/vc_column_inner][vc_column_inner width=\u00a0\u00bb1\/4&Prime;][vc_single_image image=\u00a0\u00bb6996&Prime; img_size=\u00a0\u00bbfull\u00a0\u00bb alignment=\u00a0\u00bbcenter\u00a0\u00bb css=\u00a0\u00bb.vc_custom_1606149603781{margin-bottom: 0px !important;}\u00a0\u00bb el_class=\u00a0\u00bbno-space-img\u00a0\u00bb][vc_column_text css=\u00a0\u00bb.vc_custom_1606149610870{margin-bottom: 0px !important;}\u00a0\u00bb]<\/p>\n<h4 class=\"al-center big white\"><strong>Apps<\/strong><\/h4>\n<p>[\/vc_column_text][\/vc_column_inner][vc_column_inner width=\u00a0\u00bb1\/4&Prime;][vc_single_image image=\u00a0\u00bb6999&Prime; img_size=\u00a0\u00bbfull\u00a0\u00bb alignment=\u00a0\u00bbcenter\u00a0\u00bb css=\u00a0\u00bb.vc_custom_1606149648210{margin-bottom: 0px !important;}\u00a0\u00bb el_class=\u00a0\u00bbno-space-img\u00a0\u00bb][vc_column_text css=\u00a0\u00bb.vc_custom_1606149655540{margin-bottom: 0px !important;}\u00a0\u00bb]<\/p>\n<h4 class=\"al-center big white\"><strong>Marketing digital<\/strong><\/h4>\n<p>[\/vc_column_text][\/vc_column_inner][\/vc_row_inner][vc_column_text el_class=\u00a0\u00bbbig white al-center\u00a0\u00bb]<strong>Parlons de votre projet.<\/strong>[\/vc_column_text][vc_btn title=\u00a0\u00bbPlanifiez votre RDV\u00a0\u00bb align=\u00a0\u00bbcenter\u00a0\u00bb link=\u00a0\u00bburl:%23footer-contact|title:Contact\u00a0\u00bb el_class=\u00a0\u00bbinverse-btn scroll\u00a0\u00bb][\/vc_column][\/vc_row][\/vc_section][vc_section full_width=\u00a0\u00bbstretch_row\u00a0\u00bb parallax=\u00a0\u00bbcontent-moving\u00a0\u00bb parallax_speed_bg=\u00a0\u00bb2.5&Prime; el_class=\u00a0\u00bbstar-sec\u00a0\u00bb css=\u00a0\u00bb.vc_custom_1612960195172{background-image: url(\/wp-content\/uploads\/2021\/02\/BGstars2000.jpg?id=7828) !important;}\u00a0\u00bb][vc_row][vc_column][vc_column_text]<\/p>\n<h2 class=\"al-center green\">Vous souhaitez am\u00e9liorer votre productivit\u00e9 ?<br \/>\nNous cr\u00e9ons le logiciel appropri\u00e9 !<\/h2>\n<hr class=\"heading-sep\" \/>\n<p>[\/vc_column_text][\/vc_column][\/vc_row][vc_row][vc_column width=\u00a0\u00bb1\/4&Prime;][\/vc_column][vc_column width=\u00a0\u00bb1\/2&Prime;][vc_column_text el_class=\u00a0\u00bbbig al-just\u00a0\u00bb]Fichiers multiples, bases de donn\u00e9es \u00e0 double emploi, difficult\u00e9 \u00e0 travailler \u00e0 plusieurs sur un m\u00eame projet simultan\u00e9ment\u2026 sont des probl\u00e8mes que rencontrent beaucoup d\u2019entreprises qui ont investi dans des logiciels standards ne r\u00e9pondant pas enti\u00e8rement \u00e0 leurs besoins.<\/p>\n<p>En tant qu\u2019agence web multiservice, nous d\u00e9veloppons pour nos clients des logiciels sp\u00e9cialement con\u00e7us pour eux. Notre approche est simple, <strong class=\"green\">nous analysons vos m\u00e9thodes de travail et nous int\u00e9ressons aux objectifs de votre entreprise pour vous proposer des solutions performantes<\/strong> qui vous aideront \u00e0 \u00eatre plus productifs.[\/vc_column_text][\/vc_column][vc_column width=\u00a0\u00bb1\/4&Prime;][\/vc_column][\/vc_row][\/vc_section][vc_section full_width=\u00a0\u00bbstretch_row\u00a0\u00bb parallax=\u00a0\u00bbcontent-moving\u00a0\u00bb parallax_speed_bg=\u00a0\u00bb2&Prime; css=\u00a0\u00bb.vc_custom_1612960209563{background-image: url(\/wp-content\/uploads\/2021\/02\/PurpleStarsBG5000.jpg) !important;}\u00a0\u00bb el_class=\u00a0\u00bbwhite\u00a0\u00bb][vc_row][vc_column width=\u00a0\u00bb1\/4&Prime;][\/vc_column][vc_column width=\u00a0\u00bb1\/2&Prime;][vc_column_text]<\/p>\n<h2 class=\"al-center green\">Pour votre site e-commerce, exigez aussi du sur-mesure<\/h2>\n<hr class=\"heading-sep\" \/>\n<p>[\/vc_column_text][vc_column_text el_class=\u00a0\u00bbbig al-just\u00a0\u00bb]Petite boutique en ligne ou grand site marchand, quel que soit le concept de votre site e-commerce, nous le concevons pour qu\u2019il soit simple \u00e0 g\u00e9rer et agr\u00e9able d\u2019utilisation pour le client.[\/vc_column_text][\/vc_column][vc_column width=\u00a0\u00bb1\/4&Prime;][\/vc_column][\/vc_row][vc_row gap=\u00a0\u00bb35&Prime; equal_height=\u00a0\u00bbyes\u00a0\u00bb el_class=\u00a0\u00bbicon-row\u00a0\u00bb][vc_column width=\u00a0\u00bb1\/2&Prime;][vc_column_text]<\/p>\n<h3 class=\"al-center green\">Les + d\u2019un site e-commerce DONE pour le client :<\/h3>\n<hr class=\"heading-sep\" \/>\n<p>[\/vc_column_text][vc_column_text el_class=\u00a0\u00bbal-center\u00a0\u00bb]Un acc\u00e8s rapide aux produits qu\u2019ils recherchent<\/p>\n<p>Une exp\u00e9rience de navigation agr\u00e9able<\/p>\n<p>Un syst\u00e8me de paiement s\u00e9curis\u00e9<\/p>\n<p>Un chat pour contacter le service client[\/vc_column_text][\/vc_column][vc_column width=\u00a0\u00bb1\/2&Prime;][vc_column_text]<\/p>\n<h3 class=\"al-center green\">Et pour l\u2019e-commer\u00e7ant, les avantages d\u2019une boutique en ligne sur mesure sont :<\/h3>\n<hr class=\"heading-sep\" \/>\n<p>[\/vc_column_text][vc_column_text el_class=\u00a0\u00bbal-center\u00a0\u00bb]La mise en valeur de vos produits phares<\/p>\n<p>Un site qui respecte les codes du r\u00e9f\u00e9rencement naturel<\/p>\n<p>Un design qui correspond \u00e0 votre charte \u00e9ditoriale<\/p>\n<p>L\u2019int\u00e9gration de l\u2019API de vos fournisseurs<\/p>\n<p>La fonction click &amp; collect<\/p>\n<p>Commande directe chez le fournisseur des produits \u00e9puis\u00e9s<\/p>\n<p>Syst\u00e8me de facturation int\u00e9gr\u00e9<\/p>\n<p>Gestion des stocks[\/vc_column_text][\/vc_column][\/vc_row][vc_row][vc_column width=\u00a0\u00bb1\/4&Prime;][\/vc_column][vc_column width=\u00a0\u00bb1\/2&Prime;][vc_column_text el_class=\u00a0\u00bbbig al-just\u00a0\u00bb]Nous d\u00e9veloppons \u00e9galement des solutions de payement via tablette. Id\u00e9ales pour les clients press\u00e9s, elles permettent de ne pas rater de ventes s\u2019il y a trop de monde en caisse.[\/vc_column_text][\/vc_column][vc_column width=\u00a0\u00bb1\/4&Prime;][\/vc_column][\/vc_row][\/vc_section][vc_section full_width=\u00a0\u00bbstretch_row\u00a0\u00bb parallax=\u00a0\u00bbcontent-moving\u00a0\u00bb parallax_speed_bg=\u00a0\u00bb2.5&Prime; el_class=\u00a0\u00bbstar-sec\u00a0\u00bb css=\u00a0\u00bb.vc_custom_1612960227735{background-image: url(\/wp-content\/uploads\/2021\/02\/BGstars3000-1.jpg?id=7831) !important;}\u00a0\u00bb][vc_row][vc_column][vc_column_text el_class=\u00a0\u00bbal-center\u00a0\u00bb]<\/p>\n<h2 class=\"green\">Applications : Soyez en tout temps connect\u00e9 \u00e0 vos clients<\/h2>\n<hr class=\"heading-sep\" \/>\n<p>[\/vc_column_text][\/vc_column][\/vc_row][vc_row][vc_column width=\u00a0\u00bb1\/4&Prime;][\/vc_column][vc_column width=\u00a0\u00bb1\/2&Prime;][vc_column_text el_class=\u00a0\u00bbbig al-just\u00a0\u00bb]Maintenir un contact permanent avec ses clients et toutes les personnes ayant t\u00e9l\u00e9charg\u00e9 son application est un avantage consid\u00e9rable pour une entreprise. Les clients peuvent se connecter \u00e0 tout moment.<br \/>\nL\u2019entreprise quant \u00e0 elle, si elle a choisi un logo correspondant \u00e0 sa charte graphique, impr\u00e8gne l\u2019image de sa marque dans l\u2019esprit de l\u2019utilisateur.<\/p>\n<p>Nous d\u00e9veloppons des applications mobiles pour les univers Android et IOS ainsi que des applications m\u00e9tiers destin\u00e9es \u00e0 vos clients ou \u00e0 vos salari\u00e9s :[\/vc_column_text][\/vc_column][vc_column width=\u00a0\u00bb1\/4&Prime;][\/vc_column][\/vc_row][vc_row el_class=\u00a0\u00bbtop-mar-row-2 mob-no-top-space\u00a0\u00bb][vc_column width=\u00a0\u00bb1\/4&Prime;][\/vc_column][vc_column width=\u00a0\u00bb1\/2&Prime;][vc_column_text el_class=\u00a0\u00bbal-center\u00a0\u00bb]<\/p>\n<h3>Application m\u00e9tier :<\/h3>\n<p>time tracking, g\u00e9olocalisation, travail partag\u00e9, CRM, ERP\u2026[\/vc_column_text][\/vc_column][vc_column width=\u00a0\u00bb1\/4&Prime;][\/vc_column][\/vc_row][vc_row el_class=\u00a0\u00bbbot-mar-row-2 mob-no-bot-space\u00a0\u00bb][vc_column width=\u00a0\u00bb1\/4&Prime;][\/vc_column][vc_column width=\u00a0\u00bb1\/2&Prime;][vc_column_text el_class=\u00a0\u00bbal-center\u00a0\u00bb]<\/p>\n<h3>Application client :<\/h3>\n<p>message promotionnel, application e-commerce, outil de suivi des performances\u2026[\/vc_column_text][\/vc_column][vc_column width=\u00a0\u00bb1\/4&Prime;][\/vc_column][\/vc_row][vc_row el_id=\u00a0\u00bbtech-row\u00a0\u00bb][vc_column width=\u00a0\u00bb1\/6&Prime;][vc_single_image image=\u00a0\u00bb701&Prime; img_size=\u00a0\u00bbfull\u00a0\u00bb alignment=\u00a0\u00bbcenter\u00a0\u00bb][\/vc_column][vc_column width=\u00a0\u00bb1\/6&Prime;][vc_single_image image=\u00a0\u00bb692&Prime; img_size=\u00a0\u00bbfull\u00a0\u00bb alignment=\u00a0\u00bbcenter\u00a0\u00bb][\/vc_column][vc_column width=\u00a0\u00bb1\/6&Prime;][vc_single_image image=\u00a0\u00bb707&Prime; img_size=\u00a0\u00bbfull\u00a0\u00bb alignment=\u00a0\u00bbcenter\u00a0\u00bb][\/vc_column][vc_column width=\u00a0\u00bb1\/6&Prime;][vc_single_image image=\u00a0\u00bb698&Prime; img_size=\u00a0\u00bbfull\u00a0\u00bb alignment=\u00a0\u00bbcenter\u00a0\u00bb][\/vc_column][vc_column width=\u00a0\u00bb1\/6&Prime;][vc_single_image image=\u00a0\u00bb704&Prime; img_size=\u00a0\u00bbfull\u00a0\u00bb alignment=\u00a0\u00bbcenter\u00a0\u00bb][\/vc_column][vc_column width=\u00a0\u00bb1\/6&Prime;][vc_single_image image=\u00a0\u00bb695&Prime; img_size=\u00a0\u00bbfull\u00a0\u00bb alignment=\u00a0\u00bbcenter\u00a0\u00bb][\/vc_column][\/vc_row][vc_row][vc_column width=\u00a0\u00bb1\/4&Prime;][\/vc_column][vc_column width=\u00a0\u00bb1\/2&Prime;][vc_column_text el_class=\u00a0\u00bbbig al-just\u00a0\u00bb]L\u2019agence web Done est situ\u00e9e \u00e0 Bertrange pr\u00e8s de Luxembourg. Notre \u00e9quipe est compos\u00e9e d\u2019experts en informatique, en marketing digital et en content marketing. Nos d\u00e9veloppeurs full stack ma\u00eetrisent les langages suivants : Java, C#, PHP, HTML, JS, CSS. Toutes nos cr\u00e9ations, sites web et applications, sont enti\u00e8rement personnalis\u00e9es pour nous permettre de les adapter parfaitement \u00e0 vos besoins techniques et \u00e0 votre identit\u00e9 visuelle.<br \/>\n[\/vc_column_text][\/vc_column][vc_column width=\u00a0\u00bb1\/4&Prime;][\/vc_column][\/vc_row][vc_row equal_height=\u00a0\u00bbyes\u00a0\u00bb content_placement=\u00a0\u00bbmiddle\u00a0\u00bb el_class=\u00a0\u00bbcta-row\u00a0\u00bb el_id=\u00a0\u00bbcta-6&Prime;][vc_column width=\u00a0\u00bb1\/3&Prime; css=\u00a0\u00bb.vc_custom_1606127567338{background-color: #ffffff !important;}\u00a0\u00bb][vc_single_image image=\u00a0\u00bb7070&Prime; img_size=\u00a0\u00bbfull\u00a0\u00bb alignment=\u00a0\u00bbcenter\u00a0\u00bb el_class=\u00a0\u00bbno-space-img\u00a0\u00bb][\/vc_column][vc_column width=\u00a0\u00bb2\/3&Prime; css=\u00a0\u00bb.vc_custom_1606127558105{background-color: #79ca30 !important;}\u00a0\u00bb][vc_column_text]<\/p>\n<h2 class=\"white upper al-center\">Cr\u00e9ation de site web, refonte de site e-Commerce ?<\/h2>\n<p>[\/vc_column_text][vc_column_text el_class=\u00a0\u00bbwhite al-center big\u00a0\u00bb]<strong>Contactez-nous !<\/strong>[\/vc_column_text][vc_column_text el_class=\u00a0\u00bbwhite al-center big\u00a0\u00bb]Notre \u00e9quipe d&rsquo;experts ; d\u00e9veloppeurs, webdesigners, r\u00e9dacteurs, sp\u00e9cialistes du marketing digital, r\u00e9pondra \u00e0 toutes vos questions.[\/vc_column_text][vc_btn title=\u00a0\u00bbPlanifiez votre RDV\u00a0\u00bb align=\u00a0\u00bbcenter\u00a0\u00bb link=\u00a0\u00bburl:%23footer-contact|title:Contact\u00a0\u00bb el_class=\u00a0\u00bbinverse-btn scroll\u00a0\u00bb][\/vc_column][\/vc_row][\/vc_section]<\/p>\n<\/section>","protected":false},"excerpt":{"rendered":"<p>[vc_section full_width=\u00a0\u00bbstretch_row_content\u00a0\u00bb parallax=\u00a0\u00bbcontent-moving\u00a0\u00bb parallax_speed_bg=\u00a0\u00bb2.5&Prime; el_id=\u00a0\u00bbintro\u00a0\u00bb css=\u00a0\u00bb.vc_custom_1596635908694{background-image: url(\/wp-content\/uploads\/2020\/08\/BG-STARS.jpg?id=109) !important;}\u00a0\u00bb][vc_row el_id=\u00a0\u00bbiss\u00a0\u00bb css=\u00a0\u00bb.vc_custom_1596635068619{background-image: url(\/wp-content\/uploads\/2020\/08\/Moon.png?id=116) !important;}\u00a0\u00bb][vc_column][vc_single_image image=\u00a0\u00bb113&Prime; img_size=\u00a0\u00bbfull\u00a0\u00bb alignment=\u00a0\u00bbcenter\u00a0\u00bb el_class=\u00a0\u00bbno-space-img\u00a0\u00bb][\/vc_column][\/vc_row][\/vc_section][vc_section full_width=\u00a0\u00bbstretch_row\u00a0\u00bb parallax=\u00a0\u00bbcontent-moving\u00a0\u00bb parallax_speed_bg=\u00a0\u00bb2&Prime; css=\u00a0\u00bb.vc_custom_1612960179384{background-image: url(\/wp-content\/uploads\/2021\/02\/PurpleStarsBG5000.jpg) !important;}\u00a0\u00bb el_class=\u00a0\u00bbwhite\u00a0\u00bb][vc_row][vc_column width=\u00a0\u00bb1\/4&Prime;][\/vc_column][vc_column width=\u00a0\u00bb1\/2&Prime;][vc_column_text] Programmation<span class=\"excerpt-hellip\"> [\u2026]<\/span><\/p>\n","protected":false},"author":1,"featured_media":0,"parent":5712,"menu_order":0,"comment_status":"closed","ping_status":"closed","template":"","meta":{"inline_featured_image":false,"footnotes":""},"yoast_head":"<!-- This site is optimized with the Yoast SEO plugin v21.5 - https:\/\/yoast.com\/wordpress\/plugins\/seo\/ -->\n<title>D\u00e9veloppment par Done | Nous cr\u00e9ons votre site web sur mesure<\/title>\n<meta name=\"description\" content=\"D\u00e9veloppment, site web, boutique en ligne, applications mobiles ou logiciels\u2026 Les solutions qui r\u00e9pondent aux besoins sp\u00e9cifiques de votre entreprise.\" \/>\n<meta name=\"robots\" content=\"index, follow, max-snippet:-1, max-image-preview:large, max-video-preview:-1\" \/>\n<link rel=\"canonical\" href=\"https:\/\/done.lu\/fr\/competences\/programmation\/\" \/>\n<meta property=\"og:locale\" content=\"fr_FR\" \/>\n<meta property=\"og:type\" content=\"article\" \/>\n<meta property=\"og:title\" content=\"D\u00e9veloppment par Done | Nous cr\u00e9ons votre site web sur mesure\" \/>\n<meta property=\"og:description\" content=\"D\u00e9veloppment, site web, boutique en ligne, applications mobiles ou logiciels\u2026 Les solutions qui r\u00e9pondent aux besoins sp\u00e9cifiques de votre entreprise.\" \/>\n<meta property=\"og:url\" content=\"https:\/\/done.lu\/fr\/competences\/programmation\/\" \/>\n<meta property=\"og:site_name\" content=\"Done\" \/>\n<meta property=\"article:publisher\" content=\"https:\/\/www.facebook.com\/donesarl\" \/>\n<meta property=\"article:modified_time\" content=\"2021-02-23T11:26:45+00:00\" \/>\n<meta name=\"twitter:card\" content=\"summary_large_image\" \/>\n<meta name=\"twitter:site\" content=\"@DONElux\" \/>\n<meta name=\"twitter:label1\" content=\"Dur\u00e9e de lecture estim\u00e9e\" \/>\n\t<meta name=\"twitter:data1\" content=\"8 minutes\" \/>\n<script type=\"application\/ld+json\" class=\"yoast-schema-graph\">{\"@context\":\"https:\/\/schema.org\",\"@graph\":[{\"@type\":\"WebPage\",\"@id\":\"https:\/\/done.lu\/fr\/competences\/programmation\/\",\"url\":\"https:\/\/done.lu\/fr\/competences\/programmation\/\",\"name\":\"D\u00e9veloppment par Done | Nous cr\u00e9ons votre site web sur mesure\",\"isPartOf\":{\"@id\":\"https:\/\/done.lu\/#website\"},\"datePublished\":\"2020-08-05T13:19:40+00:00\",\"dateModified\":\"2021-02-23T11:26:45+00:00\",\"description\":\"D\u00e9veloppment, site web, boutique en ligne, applications mobiles ou logiciels\u2026 Les solutions qui r\u00e9pondent aux besoins sp\u00e9cifiques de votre entreprise.\",\"breadcrumb\":{\"@id\":\"https:\/\/done.lu\/fr\/competences\/programmation\/#breadcrumb\"},\"inLanguage\":\"fr-FR\",\"potentialAction\":[{\"@type\":\"ReadAction\",\"target\":[\"https:\/\/done.lu\/fr\/competences\/programmation\/\"]}]},{\"@type\":\"BreadcrumbList\",\"@id\":\"https:\/\/done.lu\/fr\/competences\/programmation\/#breadcrumb\",\"itemListElement\":[{\"@type\":\"ListItem\",\"position\":1,\"name\":\"Home\",\"item\":\"https:\/\/done.lu\/fr\/\"},{\"@type\":\"ListItem\",\"position\":2,\"name\":\"Comp\u00e9tences\",\"item\":\"https:\/\/done.lu\/fr\/competences\/\"},{\"@type\":\"ListItem\",\"position\":3,\"name\":\"Programmation\"}]},{\"@type\":\"WebSite\",\"@id\":\"https:\/\/done.lu\/#website\",\"url\":\"https:\/\/done.lu\/\",\"name\":\"Done\",\"description\":\"\",\"publisher\":{\"@id\":\"https:\/\/done.lu\/#organization\"},\"potentialAction\":[{\"@type\":\"SearchAction\",\"target\":{\"@type\":\"EntryPoint\",\"urlTemplate\":\"https:\/\/done.lu\/?s={search_term_string}\"},\"query-input\":\"required name=search_term_string\"}],\"inLanguage\":\"fr-FR\"},{\"@type\":\"Organization\",\"@id\":\"https:\/\/done.lu\/#organization\",\"name\":\"Done SARL\",\"alternateName\":\"Done Website as a Service\",\"url\":\"https:\/\/done.lu\/\",\"logo\":{\"@type\":\"ImageObject\",\"inLanguage\":\"fr-FR\",\"@id\":\"https:\/\/done.lu\/#\/schema\/logo\/image\/\",\"url\":\"https:\/\/done.lu\/wp-content\/uploads\/2024\/07\/logo_done_rgb_neu.jpg\",\"contentUrl\":\"https:\/\/done.lu\/wp-content\/uploads\/2024\/07\/logo_done_rgb_neu.jpg\",\"width\":945,\"height\":377,\"caption\":\"Done SARL\"},\"image\":{\"@id\":\"https:\/\/done.lu\/#\/schema\/logo\/image\/\"},\"sameAs\":[\"https:\/\/www.facebook.com\/donesarl\",\"https:\/\/twitter.com\/DONElux\",\"https:\/\/www.instagram.com\/done.lu\/\",\"https:\/\/www.linkedin.com\/company\/donelux\/\"]}]}<\/script>\n<!-- \/ Yoast SEO plugin. -->","yoast_head_json":{"title":"D\u00e9veloppment par Done | Nous cr\u00e9ons votre site web sur mesure","description":"D\u00e9veloppment, site web, boutique en ligne, applications mobiles ou logiciels\u2026 Les solutions qui r\u00e9pondent aux besoins sp\u00e9cifiques de votre entreprise.","robots":{"index":"index","follow":"follow","max-snippet":"max-snippet:-1","max-image-preview":"max-image-preview:large","max-video-preview":"max-video-preview:-1"},"canonical":"https:\/\/done.lu\/fr\/competences\/programmation\/","og_locale":"fr_FR","og_type":"article","og_title":"D\u00e9veloppment par Done | Nous cr\u00e9ons votre site web sur mesure","og_description":"D\u00e9veloppment, site web, boutique en ligne, applications mobiles ou logiciels\u2026 Les solutions qui r\u00e9pondent aux besoins sp\u00e9cifiques de votre entreprise.","og_url":"https:\/\/done.lu\/fr\/competences\/programmation\/","og_site_name":"Done","article_publisher":"https:\/\/www.facebook.com\/donesarl","article_modified_time":"2021-02-23T11:26:45+00:00","twitter_card":"summary_large_image","twitter_site":"@DONElux","twitter_misc":{"Dur\u00e9e de lecture estim\u00e9e":"8 minutes"},"schema":{"@context":"https:\/\/schema.org","@graph":[{"@type":"WebPage","@id":"https:\/\/done.lu\/fr\/competences\/programmation\/","url":"https:\/\/done.lu\/fr\/competences\/programmation\/","name":"D\u00e9veloppment par Done | Nous cr\u00e9ons votre site web sur mesure","isPartOf":{"@id":"https:\/\/done.lu\/#website"},"datePublished":"2020-08-05T13:19:40+00:00","dateModified":"2021-02-23T11:26:45+00:00","description":"D\u00e9veloppment, site web, boutique en ligne, applications mobiles ou logiciels\u2026 Les solutions qui r\u00e9pondent aux besoins sp\u00e9cifiques de votre entreprise.","breadcrumb":{"@id":"https:\/\/done.lu\/fr\/competences\/programmation\/#breadcrumb"},"inLanguage":"fr-FR","potentialAction":[{"@type":"ReadAction","target":["https:\/\/done.lu\/fr\/competences\/programmation\/"]}]},{"@type":"BreadcrumbList","@id":"https:\/\/done.lu\/fr\/competences\/programmation\/#breadcrumb","itemListElement":[{"@type":"ListItem","position":1,"name":"Home","item":"https:\/\/done.lu\/fr\/"},{"@type":"ListItem","position":2,"name":"Comp\u00e9tences","item":"https:\/\/done.lu\/fr\/competences\/"},{"@type":"ListItem","position":3,"name":"Programmation"}]},{"@type":"WebSite","@id":"https:\/\/done.lu\/#website","url":"https:\/\/done.lu\/","name":"Done","description":"","publisher":{"@id":"https:\/\/done.lu\/#organization"},"potentialAction":[{"@type":"SearchAction","target":{"@type":"EntryPoint","urlTemplate":"https:\/\/done.lu\/?s={search_term_string}"},"query-input":"required name=search_term_string"}],"inLanguage":"fr-FR"},{"@type":"Organization","@id":"https:\/\/done.lu\/#organization","name":"Done SARL","alternateName":"Done Website as a Service","url":"https:\/\/done.lu\/","logo":{"@type":"ImageObject","inLanguage":"fr-FR","@id":"https:\/\/done.lu\/#\/schema\/logo\/image\/","url":"https:\/\/done.lu\/wp-content\/uploads\/2024\/07\/logo_done_rgb_neu.jpg","contentUrl":"https:\/\/done.lu\/wp-content\/uploads\/2024\/07\/logo_done_rgb_neu.jpg","width":945,"height":377,"caption":"Done SARL"},"image":{"@id":"https:\/\/done.lu\/#\/schema\/logo\/image\/"},"sameAs":["https:\/\/www.facebook.com\/donesarl","https:\/\/twitter.com\/DONElux","https:\/\/www.instagram.com\/done.lu\/","https:\/\/www.linkedin.com\/company\/donelux\/"]}]}},"_links":{"self":[{"href":"https:\/\/done.lu\/fr\/wp-json\/wp\/v2\/pages\/5736"}],"collection":[{"href":"https:\/\/done.lu\/fr\/wp-json\/wp\/v2\/pages"}],"about":[{"href":"https:\/\/done.lu\/fr\/wp-json\/wp\/v2\/types\/page"}],"author":[{"embeddable":true,"href":"https:\/\/done.lu\/fr\/wp-json\/wp\/v2\/users\/1"}],"replies":[{"embeddable":true,"href":"https:\/\/done.lu\/fr\/wp-json\/wp\/v2\/comments?post=5736"}],"version-history":[{"count":7,"href":"https:\/\/done.lu\/fr\/wp-json\/wp\/v2\/pages\/5736\/revisions"}],"predecessor-version":[{"id":8705,"href":"https:\/\/done.lu\/fr\/wp-json\/wp\/v2\/pages\/5736\/revisions\/8705"}],"up":[{"embeddable":true,"href":"https:\/\/done.lu\/fr\/wp-json\/wp\/v2\/pages\/5712"}],"wp:attachment":[{"href":"https:\/\/done.lu\/fr\/wp-json\/wp\/v2\/media?parent=5736"}],"curies":[{"name":"wp","href":"https:\/\/api.w.org\/{rel}","templated":true}]}}