{"id":5719,"date":"2020-08-05T15:17:00","date_gmt":"2020-08-05T13:17:00","guid":{"rendered":"https:\/\/done.lu\/competences\/consulting\/"},"modified":"2021-02-23T11:33:28","modified_gmt":"2021-02-23T10:33:28","slug":"consulting","status":"publish","type":"page","link":"https:\/\/done.lu\/fr\/competences\/consulting\/","title":{"rendered":"Consulting"},"content":{"rendered":"<section class=\"wpb-content-wrapper\"><p>[vc_section full_width=\u00a0\u00bbstretch_row_content\u00a0\u00bb parallax=\u00a0\u00bbcontent-moving\u00a0\u00bb parallax_speed_bg=\u00a0\u00bb2.5&Prime; el_id=\u00a0\u00bbintro\u00a0\u00bb css=\u00a0\u00bb.vc_custom_1596635908694{background-image: url(\/wp-content\/uploads\/2020\/08\/BG-STARS.jpg?id=109) !important;}\u00a0\u00bb][vc_row el_id=\u00a0\u00bbiss\u00a0\u00bb css=\u00a0\u00bb.vc_custom_1596635068619{background-image: url(\/wp-content\/uploads\/2020\/08\/Moon.png?id=116) !important;}\u00a0\u00bb][vc_column][vc_single_image image=\u00a0\u00bb113&Prime; img_size=\u00a0\u00bbfull\u00a0\u00bb alignment=\u00a0\u00bbcenter\u00a0\u00bb el_class=\u00a0\u00bbno-space-img\u00a0\u00bb][\/vc_column][\/vc_row][\/vc_section][vc_section full_width=\u00a0\u00bbstretch_row\u00a0\u00bb parallax=\u00a0\u00bbcontent-moving\u00a0\u00bb parallax_speed_bg=\u00a0\u00bb2&Prime; css=\u00a0\u00bb.vc_custom_1614076399848{background-image: url(\/wp-content\/uploads\/2021\/02\/PurpleStarsBG4000.jpg?id=7971) !important;}\u00a0\u00bb el_class=\u00a0\u00bbwhite\u00a0\u00bb][vc_row][vc_column width=\u00a0\u00bb1\/4&Prime;][\/vc_column][vc_column width=\u00a0\u00bb1\/2&Prime;][vc_column_text]<\/p>\n<h1 class=\"intro-heading\">Consulting<\/h1>\n<p class=\"al-just big\">Strat\u00e9gie, site, Audit, D\u00e9veloppement d\u2019application \u2013 notre m\u00e9tier consiste \u00e0 apporter des r\u00e9ponses efficaces et adapt\u00e9es \u00e0 vos projets digitaux et commerciaux.<\/p>\n<p>[\/vc_column_text][\/vc_column][vc_column width=\u00a0\u00bb1\/4&Prime;][\/vc_column][\/vc_row][vc_row equal_height=\u00a0\u00bbyes\u00a0\u00bb][vc_column width=\u00a0\u00bb1\/2&Prime;][vc_column_text]<\/p>\n<h2 class=\"green\">Le num\u00e9rique est la cl\u00e9 de votre succ\u00e8s.<\/h2>\n<p class=\"big al-just\">Cr\u00e9ation de site ou d\u2019application, outils de travail collaboratifs, marketing digital, e-commerce\u2026 nos prestations de consulting s\u2019appliquent \u00e0 l\u2019ensemble des processus de digitalisation n\u00e9cessaires au d\u00e9veloppement de votre soci\u00e9t\u00e9.<\/p>\n<p>[\/vc_column_text][\/vc_column][vc_column width=\u00a0\u00bb1\/2&Prime;][vc_single_image image=\u00a0\u00bb7159&Prime; img_size=\u00a0\u00bbfull\u00a0\u00bb alignment=\u00a0\u00bbcenter\u00a0\u00bb css=\u00a0\u00bb.vc_custom_1607341603791{margin-bottom: 0px !important;}\u00a0\u00bb][\/vc_column][\/vc_row][vc_row equal_height=\u00a0\u00bbyes\u00a0\u00bb content_placement=\u00a0\u00bbmiddle\u00a0\u00bb el_class=\u00a0\u00bbcta-row\u00a0\u00bb el_id=\u00a0\u00bbcta-8&Prime;][vc_column width=\u00a0\u00bb1\/3&Prime; css=\u00a0\u00bb.vc_custom_1606127567338{background-color: #ffffff !important;}\u00a0\u00bb][vc_single_image image=\u00a0\u00bb7015&Prime; img_size=\u00a0\u00bbfull\u00a0\u00bb alignment=\u00a0\u00bbcenter\u00a0\u00bb el_class=\u00a0\u00bbno-space-img\u00a0\u00bb][\/vc_column][vc_column width=\u00a0\u00bb2\/3&Prime; css=\u00a0\u00bb.vc_custom_1606127558105{background-color: #79ca30 !important;}\u00a0\u00bb][vc_column_text]<\/p>\n<h2 class=\"white upper al-center\">Votre site web sure mesure et sans frais de creation ?<\/h2>\n<p>[\/vc_column_text][vc_column_text el_class=\u00a0\u00bbwhite al-center big\u00a0\u00bb]C&rsquo;est tout \u00e0 fait possible ![\/vc_column_text][vc_column_text el_class=\u00a0\u00bbwhite al-center big\u00a0\u00bb]Et c&rsquo;est m\u00eame comme \u00e7a que nous travaillons depuis 2014.[\/vc_column_text][vc_btn title=\u00a0\u00bbPlanifiez votre RDV\u00a0\u00bb align=\u00a0\u00bbcenter\u00a0\u00bb link=\u00a0\u00bburl:%23footer-contact|title:Contact\u00a0\u00bb el_class=\u00a0\u00bbinverse-btn scroll\u00a0\u00bb][\/vc_column][\/vc_row][\/vc_section][vc_section full_width=\u00a0\u00bbstretch_row\u00a0\u00bb parallax=\u00a0\u00bbcontent-moving\u00a0\u00bb parallax_speed_bg=\u00a0\u00bb2.5&Prime; el_class=\u00a0\u00bbstar-sec\u00a0\u00bb css=\u00a0\u00bb.vc_custom_1612798021210{background-image: url(\/wp-content\/uploads\/2021\/01\/BGstars2000.jpg?id=7549) !important;}\u00a0\u00bb][vc_row][vc_column][vc_column_text]<\/p>\n<h2 class=\"al-center green\">Conseil en strat\u00e9gie digitale : vos objectifs en ligne de mire<\/h2>\n<hr class=\"heading-sep\" \/>\n<p>[\/vc_column_text][\/vc_column][\/vc_row][vc_row][vc_column width=\u00a0\u00bb1\/4&Prime;][\/vc_column][vc_column width=\u00a0\u00bb1\/2&Prime;][vc_column_text el_class=\u00a0\u00bbbig al-just\u00a0\u00bb]<strong class=\"green\">La digitalisation de l\u2019entreprise est au c\u0153ur des grands d\u00e9fis que doivent relever les entrepreneurs<\/strong>. Que \u00e7a soit pour trouver de nouveaux clients ou pour simplifier le travail de vos salari\u00e9s, chaque solution d\u00e9velopp\u00e9e doit tendre vers un but ultime : le succ\u00e8s de votre entreprise.[\/vc_column_text][\/vc_column][vc_column width=\u00a0\u00bb1\/4&Prime;][\/vc_column][\/vc_row][vc_row][vc_column width=\u00a0\u00bb2\/3&Prime;][vc_single_image image=\u00a0\u00bb7162&Prime; img_size=\u00a0\u00bbfull\u00a0\u00bb alignment=\u00a0\u00bbcenter\u00a0\u00bb css=\u00a0\u00bb.vc_custom_1607341623889{margin-bottom: 0px !important;}\u00a0\u00bb][\/vc_column][vc_column width=\u00a0\u00bb1\/3&Prime;][vc_column_text]<\/p>\n<h2 class=\"green\">\u00c9coute et conseil<\/h2>\n<p class=\"al-just big\"><strong class=\"green\">Nous vous aidons \u00e0 d\u00e9finir une strat\u00e9gie digitale au service de votre entreprise<\/strong>. Au-del\u00e0 du d\u00e9veloppement de ces programmes ou de votre site, nous vous accompagnons dans les d\u00e9marches pour profiter pleinement de toutes leurs fonctionnalit\u00e9s.<\/p>\n<p>[\/vc_column_text][\/vc_column][\/vc_row][\/vc_section][vc_section full_width=\u00a0\u00bbstretch_row\u00a0\u00bb parallax=\u00a0\u00bbcontent-moving\u00a0\u00bb parallax_speed_bg=\u00a0\u00bb2&Prime; css=\u00a0\u00bb.vc_custom_1612798034648{background-image: url(\/wp-content\/uploads\/2021\/01\/PurpleStarsBG3000-scaled.jpg?id=7545) !important;}\u00a0\u00bb el_class=\u00a0\u00bbwhite\u00a0\u00bb][vc_row][vc_column width=\u00a0\u00bb1\/4&Prime;][\/vc_column][vc_column width=\u00a0\u00bb1\/2&Prime;][vc_column_text]<\/p>\n<h2 class=\"al-center green\">De l\u2019audit informatique \u00e0 la maintenance : notre vision de la consultance IT<\/h2>\n<hr class=\"heading-sep\" \/>\n<p>[\/vc_column_text][\/vc_column][vc_column width=\u00a0\u00bb1\/4&Prime;][\/vc_column][\/vc_row][vc_row el_id=\u00a0\u00bbplanet-row\u00a0\u00bb css=\u00a0\u00bb.vc_custom_1606234341817{background-image: url(\/wp-content\/uploads\/2020\/08\/planet.png?id=335) !important;}\u00a0\u00bb][vc_column][vc_row_inner equal_height=\u00a0\u00bbyes\u00a0\u00bb el_class=\u00a0\u00bbicon-row\u00a0\u00bb][vc_column_inner width=\u00a0\u00bb1\/3&Prime;][vc_column_text el_class=\u00a0\u00bbal-center\u00a0\u00bb]<\/p>\n<h3 class=\"white\">1. L&rsquo;audit<\/h3>\n<p>Nous apprenons \u00e0 vous conna\u00eetre pour mieux vous servir[\/vc_column_text][\/vc_column_inner][vc_column_inner el_class=\u00a0\u00bbmob-hide-479&Prime; width=\u00a0\u00bb1\/3&Prime;][\/vc_column_inner][vc_column_inner width=\u00a0\u00bb1\/3&Prime;][vc_column_text el_class=\u00a0\u00bbal-center\u00a0\u00bb]<\/p>\n<h3 class=\"white\">2. La Strat\u00e9gie<\/h3>\n<p>Nous analysons votre concurrence et travaillons sur votre positionnement[\/vc_column_text][\/vc_column_inner][\/vc_row_inner][vc_row_inner equal_height=\u00a0\u00bbyes\u00a0\u00bb el_class=\u00a0\u00bbicon-row\u00a0\u00bb][vc_column_inner width=\u00a0\u00bb1\/3&Prime;][vc_column_text el_class=\u00a0\u00bbal-center\u00a0\u00bb]<\/p>\n<h3 class=\"white\">3. Le Design<\/h3>\n<p>Nous cr\u00e9ons votre identit\u00e9 visuelle et des interfaces ergonomiques[\/vc_column_text][\/vc_column_inner][vc_column_inner el_class=\u00a0\u00bbmob-hide-479&Prime; width=\u00a0\u00bb1\/3&Prime;][\/vc_column_inner][vc_column_inner width=\u00a0\u00bb1\/3&Prime;][vc_column_text el_class=\u00a0\u00bbal-center\u00a0\u00bb]<\/p>\n<h3 class=\"white\">4. Le Contenu<\/h3>\n<p>Notre r\u00e9dacteur SEO est en charge de la cr\u00e9ation de contenus r\u00e9dactionnels optimis\u00e9s.[\/vc_column_text][\/vc_column_inner][\/vc_row_inner][vc_row_inner equal_height=\u00a0\u00bbyes\u00a0\u00bb el_class=\u00a0\u00bbicon-row\u00a0\u00bb][vc_column_inner width=\u00a0\u00bb1\/3&Prime;][vc_column_text el_class=\u00a0\u00bbal-center\u00a0\u00bb]<\/p>\n<h3 class=\"white\">5. L\u2019int\u00e9gration et le d\u00e9veloppement<\/h3>\n<p>Nous impl\u00e9mentons les solutions d\u00e9velopp\u00e9es sur mesure.[\/vc_column_text][\/vc_column_inner][vc_column_inner width=\u00a0\u00bb1\/3&Prime;][vc_column_text el_class=\u00a0\u00bbal-center\u00a0\u00bb]<\/p>\n<h3 class=\"white\">6. L&rsquo;actualisation<\/h3>\n<p>Nous r\u00e9alisons la mise \u00e0 jour des logiciels[\/vc_column_text][\/vc_column_inner][vc_column_inner width=\u00a0\u00bb1\/3&Prime;][vc_column_text el_class=\u00a0\u00bbal-center\u00a0\u00bb]<\/p>\n<h3 class=\"white\">7. Le Support<\/h3>\n<p>Nous fournissons une assistance aux utilisateurs et assurons la maintenance informatique[\/vc_column_text][\/vc_column_inner][\/vc_row_inner][\/vc_column][\/vc_row][\/vc_section][vc_section full_width=\u00a0\u00bbstretch_row\u00a0\u00bb parallax=\u00a0\u00bbcontent-moving\u00a0\u00bb parallax_speed_bg=\u00a0\u00bb2.5&Prime; el_class=\u00a0\u00bbstar-sec\u00a0\u00bb css=\u00a0\u00bb.vc_custom_1612798075008{background-image: url(\/wp-content\/uploads\/2021\/02\/BGstars3000-scaled.jpg?id=7621) !important;}\u00a0\u00bb][vc_row][vc_column][vc_column_text el_class=\u00a0\u00bbal-center\u00a0\u00bb]<\/p>\n<h2 class=\"green\">Projet informatique : du conseil au d\u00e9veloppement<\/h2>\n<hr class=\"heading-sep\" \/>\n<p>[\/vc_column_text][vc_column_text el_class=\u00a0\u00bbbig al-just\u00a0\u00bb]Vous avez identifi\u00e9 un besoin ou souhaiteriez am\u00e9liorer un processus interne ? Nous pouvons vous aider. La consultance informatique telle que nous la pratiquons est destin\u00e9e \u00e0 d\u00e9finir la ou les solutions id\u00e9ales pour atteindre vos objectifs :[\/vc_column_text][vc_column_text el_class=\u00a0\u00bbbig al-center\u00a0\u00bb]<\/p>\n<ul>\n<li>Outil de travail collaboratif<\/li>\n<li>Time tracker<\/li>\n<li>Messagerie instantan\u00e9e<\/li>\n<li>Application mobile<\/li>\n<li>Site e-commerce<\/li>\n<\/ul>\n<p>[\/vc_column_text][vc_column_text el_class=\u00a0\u00bbbig al-just\u00a0\u00bb]B\u00e9n\u00e9ficiez de l\u2019accompagnement d\u2019un chef de projet digital depuis l\u2019analyse de vos besoins et de votre \u00e9cosyst\u00e8me jusqu\u2019\u00e0 l\u2019int\u00e9gration de votre solution IT. Nous travaillons en autonomie ou en collaboration avec vos \u00e9quipes en interne.[\/vc_column_text][\/vc_column][\/vc_row][vc_row equal_height=\u00a0\u00bbyes\u00a0\u00bb content_placement=\u00a0\u00bbmiddle\u00a0\u00bb el_class=\u00a0\u00bbcta-row\u00a0\u00bb el_id=\u00a0\u00bbcta-1&Prime;][vc_column width=\u00a0\u00bb1\/3&Prime; css=\u00a0\u00bb.vc_custom_1606127567338{background-color: #ffffff !important;}\u00a0\u00bb][vc_single_image image=\u00a0\u00bb7053&Prime; img_size=\u00a0\u00bbfull\u00a0\u00bb alignment=\u00a0\u00bbcenter\u00a0\u00bb el_class=\u00a0\u00bbno-space-img\u00a0\u00bb][\/vc_column][vc_column width=\u00a0\u00bb2\/3&Prime; css=\u00a0\u00bb.vc_custom_1606127558105{background-color: #79ca30 !important;}\u00a0\u00bb][vc_column_text]<\/p>\n<h3 class=\"white upper al-center bigger-40\">Vous avez un projet web ?<\/h3>\n<p>[\/vc_column_text][vc_column_text el_class=\u00a0\u00bbbig white al-center\u00a0\u00bb]<strong>Parlez-en avec nos experts !<\/strong>[\/vc_column_text][vc_row_inner equal_height=\u00a0\u00bbyes\u00a0\u00bb el_class=\u00a0\u00bbcta-inner-icons-row\u00a0\u00bb][vc_column_inner width=\u00a0\u00bb1\/4&Prime;][vc_single_image image=\u00a0\u00bb7021&Prime; img_size=\u00a0\u00bbfull\u00a0\u00bb alignment=\u00a0\u00bbcenter\u00a0\u00bb css=\u00a0\u00bb.vc_custom_1606152509780{margin-bottom: 0px !important;}\u00a0\u00bb el_class=\u00a0\u00bbno-space-img\u00a0\u00bb][vc_column_text css=\u00a0\u00bb.vc_custom_1606152525256{margin-bottom: 0px !important;}\u00a0\u00bb]<\/p>\n<h4 class=\"al-center big white\"><strong>Expertise<\/strong><\/h4>\n<p>[\/vc_column_text][\/vc_column_inner][vc_column_inner width=\u00a0\u00bb1\/4&Prime;][vc_single_image image=\u00a0\u00bb7027&Prime; img_size=\u00a0\u00bbfull\u00a0\u00bb alignment=\u00a0\u00bbcenter\u00a0\u00bb css=\u00a0\u00bb.vc_custom_1606152547291{margin-bottom: 0px !important;}\u00a0\u00bb el_class=\u00a0\u00bbno-space-img\u00a0\u00bb][vc_column_text css=\u00a0\u00bb.vc_custom_1606152557609{margin-bottom: 0px !important;}\u00a0\u00bb]<\/p>\n<h4 class=\"al-center big white\"><strong>Performance<\/strong><\/h4>\n<p>[\/vc_column_text][\/vc_column_inner][vc_column_inner width=\u00a0\u00bb1\/4&Prime;][vc_single_image image=\u00a0\u00bb7030&Prime; img_size=\u00a0\u00bbfull\u00a0\u00bb alignment=\u00a0\u00bbcenter\u00a0\u00bb css=\u00a0\u00bb.vc_custom_1606152578633{margin-bottom: 0px !important;}\u00a0\u00bb el_class=\u00a0\u00bbno-space-img\u00a0\u00bb][vc_column_text css=\u00a0\u00bb.vc_custom_1606152587446{margin-bottom: 0px !important;}\u00a0\u00bb]<\/p>\n<h4 class=\"al-center big white\"><strong>R\u00e9activit\u00e9<\/strong><\/h4>\n<p>[\/vc_column_text][\/vc_column_inner][vc_column_inner width=\u00a0\u00bb1\/4&Prime;][vc_single_image image=\u00a0\u00bb7024&Prime; img_size=\u00a0\u00bbfull\u00a0\u00bb alignment=\u00a0\u00bbcenter\u00a0\u00bb css=\u00a0\u00bb.vc_custom_1606152614374{margin-bottom: 0px !important;}\u00a0\u00bb el_class=\u00a0\u00bbno-space-img\u00a0\u00bb][vc_column_text css=\u00a0\u00bb.vc_custom_1606152623187{margin-bottom: 0px !important;}\u00a0\u00bb]<\/p>\n<h4 class=\"al-center big white\"><strong>Implication<\/strong><\/h4>\n<p>[\/vc_column_text][\/vc_column_inner][\/vc_row_inner][vc_btn title=\u00a0\u00bbContactez-nous maintenant\u00a0\u00bb align=\u00a0\u00bbcenter\u00a0\u00bb link=\u00a0\u00bburl:%23footer-contact|title:Contact\u00a0\u00bb el_class=\u00a0\u00bbinverse-btn scroll\u00a0\u00bb][\/vc_column][\/vc_row][\/vc_section]<\/p>\n<\/section>","protected":false},"excerpt":{"rendered":"<p>[vc_section full_width=\u00a0\u00bbstretch_row_content\u00a0\u00bb parallax=\u00a0\u00bbcontent-moving\u00a0\u00bb parallax_speed_bg=\u00a0\u00bb2.5&Prime; el_id=\u00a0\u00bbintro\u00a0\u00bb css=\u00a0\u00bb.vc_custom_1596635908694{background-image: url(\/wp-content\/uploads\/2020\/08\/BG-STARS.jpg?id=109) !important;}\u00a0\u00bb][vc_row el_id=\u00a0\u00bbiss\u00a0\u00bb css=\u00a0\u00bb.vc_custom_1596635068619{background-image: url(\/wp-content\/uploads\/2020\/08\/Moon.png?id=116) !important;}\u00a0\u00bb][vc_column][vc_single_image image=\u00a0\u00bb113&Prime; img_size=\u00a0\u00bbfull\u00a0\u00bb alignment=\u00a0\u00bbcenter\u00a0\u00bb el_class=\u00a0\u00bbno-space-img\u00a0\u00bb][\/vc_column][\/vc_row][\/vc_section][vc_section full_width=\u00a0\u00bbstretch_row\u00a0\u00bb parallax=\u00a0\u00bbcontent-moving\u00a0\u00bb parallax_speed_bg=\u00a0\u00bb2&Prime; css=\u00a0\u00bb.vc_custom_1614076399848{background-image: url(\/wp-content\/uploads\/2021\/02\/PurpleStarsBG4000.jpg?id=7971) !important;}\u00a0\u00bb el_class=\u00a0\u00bbwhite\u00a0\u00bb][vc_row][vc_column width=\u00a0\u00bb1\/4&Prime;][\/vc_column][vc_column width=\u00a0\u00bb1\/2&Prime;][vc_column_text] Consulting<span class=\"excerpt-hellip\"> [\u2026]<\/span><\/p>\n","protected":false},"author":1,"featured_media":0,"parent":5712,"menu_order":0,"comment_status":"closed","ping_status":"closed","template":"","meta":{"inline_featured_image":false,"footnotes":""},"yoast_head":"<!-- This site is optimized with the Yoast SEO plugin v21.5 - https:\/\/yoast.com\/wordpress\/plugins\/seo\/ -->\n<title>Consulting par Done | Le num\u00e9rique est la cl\u00e9 de votre succ\u00e8s.<\/title>\n<meta name=\"description\" content=\"Consulting, strat\u00e9gie, site, Audit, D\u00e9veloppement d\u2019application \u2013 notre m\u00e9tier consiste \u00e0 apporter des r\u00e9ponses efficaces et adapt\u00e9es \u00e0 vos projets digitaux et commerciaux.\" \/>\n<meta name=\"robots\" content=\"index, follow, max-snippet:-1, max-image-preview:large, max-video-preview:-1\" \/>\n<link rel=\"canonical\" href=\"https:\/\/done.lu\/fr\/competences\/consulting\/\" \/>\n<meta property=\"og:locale\" content=\"fr_FR\" \/>\n<meta property=\"og:type\" content=\"article\" \/>\n<meta property=\"og:title\" content=\"Consulting par Done | Le num\u00e9rique est la cl\u00e9 de votre succ\u00e8s.\" \/>\n<meta property=\"og:description\" content=\"Consulting, strat\u00e9gie, site, Audit, D\u00e9veloppement d\u2019application \u2013 notre m\u00e9tier consiste \u00e0 apporter des r\u00e9ponses efficaces et adapt\u00e9es \u00e0 vos projets digitaux et commerciaux.\" \/>\n<meta property=\"og:url\" content=\"https:\/\/done.lu\/fr\/competences\/consulting\/\" \/>\n<meta property=\"og:site_name\" content=\"Done\" \/>\n<meta property=\"article:publisher\" content=\"https:\/\/www.facebook.com\/donesarl\" \/>\n<meta property=\"article:modified_time\" content=\"2021-02-23T10:33:28+00:00\" \/>\n<meta name=\"twitter:card\" content=\"summary_large_image\" \/>\n<meta name=\"twitter:site\" content=\"@DONElux\" \/>\n<meta name=\"twitter:label1\" content=\"Dur\u00e9e de lecture estim\u00e9e\" \/>\n\t<meta name=\"twitter:data1\" content=\"7 minutes\" \/>\n<script type=\"application\/ld+json\" class=\"yoast-schema-graph\">{\"@context\":\"https:\/\/schema.org\",\"@graph\":[{\"@type\":\"WebPage\",\"@id\":\"https:\/\/done.lu\/fr\/competences\/consulting\/\",\"url\":\"https:\/\/done.lu\/fr\/competences\/consulting\/\",\"name\":\"Consulting par Done | Le num\u00e9rique est la cl\u00e9 de votre succ\u00e8s.\",\"isPartOf\":{\"@id\":\"https:\/\/done.lu\/#website\"},\"datePublished\":\"2020-08-05T13:17:00+00:00\",\"dateModified\":\"2021-02-23T10:33:28+00:00\",\"description\":\"Consulting, strat\u00e9gie, site, Audit, D\u00e9veloppement d\u2019application \u2013 notre m\u00e9tier consiste \u00e0 apporter des r\u00e9ponses efficaces et adapt\u00e9es \u00e0 vos projets digitaux et commerciaux.\",\"breadcrumb\":{\"@id\":\"https:\/\/done.lu\/fr\/competences\/consulting\/#breadcrumb\"},\"inLanguage\":\"fr-FR\",\"potentialAction\":[{\"@type\":\"ReadAction\",\"target\":[\"https:\/\/done.lu\/fr\/competences\/consulting\/\"]}]},{\"@type\":\"BreadcrumbList\",\"@id\":\"https:\/\/done.lu\/fr\/competences\/consulting\/#breadcrumb\",\"itemListElement\":[{\"@type\":\"ListItem\",\"position\":1,\"name\":\"Home\",\"item\":\"https:\/\/done.lu\/fr\/\"},{\"@type\":\"ListItem\",\"position\":2,\"name\":\"Comp\u00e9tences\",\"item\":\"https:\/\/done.lu\/fr\/competences\/\"},{\"@type\":\"ListItem\",\"position\":3,\"name\":\"Consulting\"}]},{\"@type\":\"WebSite\",\"@id\":\"https:\/\/done.lu\/#website\",\"url\":\"https:\/\/done.lu\/\",\"name\":\"Done\",\"description\":\"\",\"publisher\":{\"@id\":\"https:\/\/done.lu\/#organization\"},\"potentialAction\":[{\"@type\":\"SearchAction\",\"target\":{\"@type\":\"EntryPoint\",\"urlTemplate\":\"https:\/\/done.lu\/?s={search_term_string}\"},\"query-input\":\"required name=search_term_string\"}],\"inLanguage\":\"fr-FR\"},{\"@type\":\"Organization\",\"@id\":\"https:\/\/done.lu\/#organization\",\"name\":\"Done SARL\",\"alternateName\":\"Done Website as a Service\",\"url\":\"https:\/\/done.lu\/\",\"logo\":{\"@type\":\"ImageObject\",\"inLanguage\":\"fr-FR\",\"@id\":\"https:\/\/done.lu\/#\/schema\/logo\/image\/\",\"url\":\"https:\/\/done.lu\/wp-content\/uploads\/2024\/07\/logo_done_rgb_neu.jpg\",\"contentUrl\":\"https:\/\/done.lu\/wp-content\/uploads\/2024\/07\/logo_done_rgb_neu.jpg\",\"width\":945,\"height\":377,\"caption\":\"Done SARL\"},\"image\":{\"@id\":\"https:\/\/done.lu\/#\/schema\/logo\/image\/\"},\"sameAs\":[\"https:\/\/www.facebook.com\/donesarl\",\"https:\/\/twitter.com\/DONElux\",\"https:\/\/www.instagram.com\/done.lu\/\",\"https:\/\/www.linkedin.com\/company\/donelux\/\"]}]}<\/script>\n<!-- \/ Yoast SEO plugin. -->","yoast_head_json":{"title":"Consulting par Done | Le num\u00e9rique est la cl\u00e9 de votre succ\u00e8s.","description":"Consulting, strat\u00e9gie, site, Audit, D\u00e9veloppement d\u2019application \u2013 notre m\u00e9tier consiste \u00e0 apporter des r\u00e9ponses efficaces et adapt\u00e9es \u00e0 vos projets digitaux et commerciaux.","robots":{"index":"index","follow":"follow","max-snippet":"max-snippet:-1","max-image-preview":"max-image-preview:large","max-video-preview":"max-video-preview:-1"},"canonical":"https:\/\/done.lu\/fr\/competences\/consulting\/","og_locale":"fr_FR","og_type":"article","og_title":"Consulting par Done | Le num\u00e9rique est la cl\u00e9 de votre succ\u00e8s.","og_description":"Consulting, strat\u00e9gie, site, Audit, D\u00e9veloppement d\u2019application \u2013 notre m\u00e9tier consiste \u00e0 apporter des r\u00e9ponses efficaces et adapt\u00e9es \u00e0 vos projets digitaux et commerciaux.","og_url":"https:\/\/done.lu\/fr\/competences\/consulting\/","og_site_name":"Done","article_publisher":"https:\/\/www.facebook.com\/donesarl","article_modified_time":"2021-02-23T10:33:28+00:00","twitter_card":"summary_large_image","twitter_site":"@DONElux","twitter_misc":{"Dur\u00e9e de lecture estim\u00e9e":"7 minutes"},"schema":{"@context":"https:\/\/schema.org","@graph":[{"@type":"WebPage","@id":"https:\/\/done.lu\/fr\/competences\/consulting\/","url":"https:\/\/done.lu\/fr\/competences\/consulting\/","name":"Consulting par Done | Le num\u00e9rique est la cl\u00e9 de votre succ\u00e8s.","isPartOf":{"@id":"https:\/\/done.lu\/#website"},"datePublished":"2020-08-05T13:17:00+00:00","dateModified":"2021-02-23T10:33:28+00:00","description":"Consulting, strat\u00e9gie, site, Audit, D\u00e9veloppement d\u2019application \u2013 notre m\u00e9tier consiste \u00e0 apporter des r\u00e9ponses efficaces et adapt\u00e9es \u00e0 vos projets digitaux et commerciaux.","breadcrumb":{"@id":"https:\/\/done.lu\/fr\/competences\/consulting\/#breadcrumb"},"inLanguage":"fr-FR","potentialAction":[{"@type":"ReadAction","target":["https:\/\/done.lu\/fr\/competences\/consulting\/"]}]},{"@type":"BreadcrumbList","@id":"https:\/\/done.lu\/fr\/competences\/consulting\/#breadcrumb","itemListElement":[{"@type":"ListItem","position":1,"name":"Home","item":"https:\/\/done.lu\/fr\/"},{"@type":"ListItem","position":2,"name":"Comp\u00e9tences","item":"https:\/\/done.lu\/fr\/competences\/"},{"@type":"ListItem","position":3,"name":"Consulting"}]},{"@type":"WebSite","@id":"https:\/\/done.lu\/#website","url":"https:\/\/done.lu\/","name":"Done","description":"","publisher":{"@id":"https:\/\/done.lu\/#organization"},"potentialAction":[{"@type":"SearchAction","target":{"@type":"EntryPoint","urlTemplate":"https:\/\/done.lu\/?s={search_term_string}"},"query-input":"required name=search_term_string"}],"inLanguage":"fr-FR"},{"@type":"Organization","@id":"https:\/\/done.lu\/#organization","name":"Done SARL","alternateName":"Done Website as a Service","url":"https:\/\/done.lu\/","logo":{"@type":"ImageObject","inLanguage":"fr-FR","@id":"https:\/\/done.lu\/#\/schema\/logo\/image\/","url":"https:\/\/done.lu\/wp-content\/uploads\/2024\/07\/logo_done_rgb_neu.jpg","contentUrl":"https:\/\/done.lu\/wp-content\/uploads\/2024\/07\/logo_done_rgb_neu.jpg","width":945,"height":377,"caption":"Done SARL"},"image":{"@id":"https:\/\/done.lu\/#\/schema\/logo\/image\/"},"sameAs":["https:\/\/www.facebook.com\/donesarl","https:\/\/twitter.com\/DONElux","https:\/\/www.instagram.com\/done.lu\/","https:\/\/www.linkedin.com\/company\/donelux\/"]}]}},"_links":{"self":[{"href":"https:\/\/done.lu\/fr\/wp-json\/wp\/v2\/pages\/5719"}],"collection":[{"href":"https:\/\/done.lu\/fr\/wp-json\/wp\/v2\/pages"}],"about":[{"href":"https:\/\/done.lu\/fr\/wp-json\/wp\/v2\/types\/page"}],"author":[{"embeddable":true,"href":"https:\/\/done.lu\/fr\/wp-json\/wp\/v2\/users\/1"}],"replies":[{"embeddable":true,"href":"https:\/\/done.lu\/fr\/wp-json\/wp\/v2\/comments?post=5719"}],"version-history":[{"count":9,"href":"https:\/\/done.lu\/fr\/wp-json\/wp\/v2\/pages\/5719\/revisions"}],"predecessor-version":[{"id":8676,"href":"https:\/\/done.lu\/fr\/wp-json\/wp\/v2\/pages\/5719\/revisions\/8676"}],"up":[{"embeddable":true,"href":"https:\/\/done.lu\/fr\/wp-json\/wp\/v2\/pages\/5712"}],"wp:attachment":[{"href":"https:\/\/done.lu\/fr\/wp-json\/wp\/v2\/media?parent=5719"}],"curies":[{"name":"wp","href":"https:\/\/api.w.org\/{rel}","templated":true}]}}