{"id":5553,"date":"2020-08-05T15:33:25","date_gmt":"2020-08-05T13:33:25","guid":{"rendered":"https:\/\/done.lu\/approach\/"},"modified":"2021-02-22T17:44:07","modified_gmt":"2021-02-22T16:44:07","slug":"approche","status":"publish","type":"page","link":"https:\/\/done.lu\/fr\/approche\/","title":{"rendered":"Approche"},"content":{"rendered":"<section class=\"wpb-content-wrapper\"><p>[vc_section full_width=\u00a0\u00bbstretch_row_content\u00a0\u00bb parallax=\u00a0\u00bbcontent-moving\u00a0\u00bb parallax_speed_bg=\u00a0\u00bb2.5&Prime; el_id=\u00a0\u00bbintro\u00a0\u00bb css=\u00a0\u00bb.vc_custom_1596635908694{background-image: url(\/wp-content\/uploads\/2020\/08\/BG-STARS.jpg?id=109) !important;}\u00a0\u00bb][vc_row el_id=\u00a0\u00bbiss\u00a0\u00bb css=\u00a0\u00bb.vc_custom_1596635068619{background-image: url(\/wp-content\/uploads\/2020\/08\/Moon.png?id=116) !important;}\u00a0\u00bb][vc_column][vc_single_image image=\u00a0\u00bb113&Prime; img_size=\u00a0\u00bbfull\u00a0\u00bb alignment=\u00a0\u00bbcenter\u00a0\u00bb el_class=\u00a0\u00bbno-space-img\u00a0\u00bb][\/vc_column][\/vc_row][\/vc_section][vc_section full_width=\u00a0\u00bbstretch_row\u00a0\u00bb parallax=\u00a0\u00bbcontent-moving\u00a0\u00bb parallax_speed_bg=\u00a0\u00bb2&Prime; el_id=\u00a0\u00bbpage-head\u00a0\u00bb css=\u00a0\u00bb.vc_custom_1614012203230{background-image: url(\/wp-content\/uploads\/2021\/02\/PurpleStarsBG5000.jpg?id=7974) !important;}\u00a0\u00bb el_class=\u00a0\u00bbwhite\u00a0\u00bb][vc_row][vc_column width=\u00a0\u00bb1\/4&Prime;][\/vc_column][vc_column width=\u00a0\u00bb1\/2&Prime;][vc_column_text]<\/p>\n<h1 class=\"intro-heading\">Approche<\/h1>\n<p class=\"al-just big\">Nous construisons des sites sur mesure, qui r\u00e9pondent \u00e0 l\u2019\u00e9volution des tendances et des technologies et qui s\u2019adaptent aux changements que connaissent votre environnement et votre activit\u00e9.<\/p>\n<p>[\/vc_column_text][\/vc_column][vc_column width=\u00a0\u00bb1\/4&Prime;][\/vc_column][\/vc_row][vc_row][vc_column width=\u00a0\u00bb1\/2&Prime;][vc_column_text]<\/p>\n<h2 class=\"al-center green\">Un site internet n\u2019est pas un produit fini !<\/h2>\n<p class=\"al-just big\">Que ce soit pour la conception d\u2019un nouveau site internet ou pour la mise \u00e0 jour d\u2019un site d\u00e9j\u00e0 existant, l\u2019agence Done propose une panoplie d\u2019outils et de strat\u00e9gies compl\u00e8te pour faire de votre projet Web une r\u00e9ussite.<\/p>\n<p>[\/vc_column_text][\/vc_column][vc_column width=\u00a0\u00bb1\/2&Prime;][vc_single_image image=\u00a0\u00bb315&Prime; img_size=\u00a0\u00bbfull\u00a0\u00bb alignment=\u00a0\u00bbcenter\u00a0\u00bb css=\u00a0\u00bb.vc_custom_1596710656255{margin-bottom: 0px !important;}\u00a0\u00bb][\/vc_column][\/vc_row][vc_row equal_height=\u00a0\u00bbyes\u00a0\u00bb content_placement=\u00a0\u00bbmiddle\u00a0\u00bb el_class=\u00a0\u00bbcta-row\u00a0\u00bb el_id=\u00a0\u00bbcta-8&Prime;][vc_column width=\u00a0\u00bb1\/3&Prime; css=\u00a0\u00bb.vc_custom_1606127567338{background-color: #ffffff !important;}\u00a0\u00bb][vc_single_image image=\u00a0\u00bb7015&Prime; img_size=\u00a0\u00bbfull\u00a0\u00bb alignment=\u00a0\u00bbcenter\u00a0\u00bb el_class=\u00a0\u00bbno-space-img\u00a0\u00bb][\/vc_column][vc_column width=\u00a0\u00bb2\/3&Prime; css=\u00a0\u00bb.vc_custom_1606127558105{background-color: #79ca30 !important;}\u00a0\u00bb][vc_column_text]<\/p>\n<h2 class=\"white upper al-center\">Votre site web sure mesure et sans frais de creation ?<\/h2>\n<p>[\/vc_column_text][vc_column_text el_class=\u00a0\u00bbwhite al-center big\u00a0\u00bb]C&rsquo;est tout \u00e0 fait possible ![\/vc_column_text][vc_column_text el_class=\u00a0\u00bbwhite al-center big\u00a0\u00bb]Et c&rsquo;est m\u00eame comme \u00e7a que nous travaillons depuis 2014.[\/vc_column_text][vc_btn title=\u00a0\u00bbPlanifiez votre RDV\u00a0\u00bb align=\u00a0\u00bbcenter\u00a0\u00bb link=\u00a0\u00bburl:%23footer-contact|title:Contact\u00a0\u00bb el_class=\u00a0\u00bbinverse-btn scroll\u00a0\u00bb][\/vc_column][\/vc_row][\/vc_section][vc_section full_width=\u00a0\u00bbstretch_row\u00a0\u00bb parallax=\u00a0\u00bbcontent-moving\u00a0\u00bb parallax_speed_bg=\u00a0\u00bb2.5&Prime; el_class=\u00a0\u00bbstar-sec\u00a0\u00bb css=\u00a0\u00bb.vc_custom_1612791107832{background-image: url(\/wp-content\/uploads\/2021\/01\/BGstars2000.jpg?id=7549) !important;}\u00a0\u00bb][vc_row full_width=\u00a0\u00bbstretch_row\u00a0\u00bb el_id=\u00a0\u00bbastronaut-row\u00a0\u00bb css=\u00a0\u00bb.vc_custom_1596710767798{background-image: url(\/wp-content\/uploads\/2020\/08\/astronaut-1.png?id=318) !important;}\u00a0\u00bb][vc_column width=\u00a0\u00bb1\/4&Prime;][\/vc_column][vc_column width=\u00a0\u00bb1\/2&Prime;][vc_column_text]<\/p>\n<h2 class=\"al-center green\">En tant qu\u2019agence web All in One nous consid\u00e9rons que :<\/h2>\n<hr class=\"heading-sep\" \/>\n<p>[\/vc_column_text][vc_column_text el_class=\u00a0\u00bbal-just big top-mar-row-4&Prime;]1 \u2013 Fournir un service global vous permet de vous concentrer sur votre activit\u00e9 pendant que nous d\u00e9veloppons le site qu\u2019attendent vos clients. Nous sommes en effet \u00e0 la pointe de la technologie et \u00e0 l\u2019aff\u00fbt des nouvelles tendances en termes de design, d\u2019ergonomie, d\u2019exp\u00e9rience utilisateur, d\u2019int\u00e9gration et de programmation qui nous permettent de d\u00e9velopper les meilleures solutions.[\/vc_column_text][vc_column_text el_class=\u00a0\u00bbal-just big top-mar-row-4&Prime;]2 \u2013 Un site internet n\u2019est pas une fin en soi, il prend place au c\u0153ur de votre activit\u00e9 et au sein d\u2019un \u00e9co-syst\u00e8me, \u00e0 ce titre il doit \u00eatre souple et agile pour r\u00e9pondre aux constantes \u00e9volutions qui sont de diverses nature :[\/vc_column_text][vc_single_image image=\u00a0\u00bb318&Prime; img_size=\u00a0\u00bbmedium\u00a0\u00bb alignment=\u00a0\u00bbcenter\u00a0\u00bb el_class=\u00a0\u00bbmob-block-767 no-space-img\u00a0\u00bb][\/vc_column][vc_column width=\u00a0\u00bb1\/4&Prime; el_class=\u00a0\u00bbmob-hide-767&Prime;][\/vc_column][\/vc_row][vc_row gap=\u00a0\u00bb20&Prime; equal_height=\u00a0\u00bbyes\u00a0\u00bb el_class=\u00a0\u00bbicon-row-more-min icon-row\u00a0\u00bb el_id=\u00a0\u00bball-in-one-row\u00a0\u00bb][vc_column width=\u00a0\u00bb1\/4&Prime;][vc_column_text el_class=\u00a0\u00bbal-center\u00a0\u00bb]<\/p>\n<h4>Votre environnement, vos offres et vos produits \u00e9voluent.<\/h4>\n<p class=\"small\">Si votre site ne refl\u00e8te pas cette \u00e9volution il se trouve en d\u00e9calage par rapport \u00e0 votre activit\u00e9 et perd de son utilit\u00e9.<\/p>\n<p>[\/vc_column_text][\/vc_column][vc_column width=\u00a0\u00bb1\/4&Prime;][vc_column_text el_class=\u00a0\u00bbal-center\u00a0\u00bb]<\/p>\n<h4>Les tendances et les codes esth\u00e9tiques sont mouvants.<\/h4>\n<p class=\"small\">En visitant un site d\u2019apparence \u00ab dat\u00e9e \u00bb Vous vous \u00eates d\u2019ailleurs peut-\u00eatre fait vous-m\u00eame interrog\u00e9 sur la pertinence de l\u2019offre propos\u00e9e sur ce site.<\/p>\n<p>[\/vc_column_text][\/vc_column][vc_column width=\u00a0\u00bb1\/4&Prime;][vc_column_text el_class=\u00a0\u00bbal-center\u00a0\u00bb]<\/p>\n<h4>La technologie web est de plus en plus pointue.<\/h4>\n<p class=\"small\">Ne pas adopter une formule de maintenance et d\u2019update pour son site c\u2019est un peu comme rouler en voiture sans assurance, ou tenter de raccorder votre magn\u00e9toscope VHS \u00e0 votre t\u00e9l\u00e9 4k dernier cri, le feriez-vous ?<\/p>\n<p>[\/vc_column_text][\/vc_column][vc_column width=\u00a0\u00bb1\/4&Prime;][vc_column_text el_class=\u00a0\u00bbal-center\u00a0\u00bb]<\/p>\n<h4>Des choix forts doivent \u00eatre faits.<\/h4>\n<p class=\"small\">tant en ce qui concerne les solutions techniques qui composent votre site qu&rsquo;en termes de design et de positionnement marketing.<\/p>\n<p class=\"small\">Notre approche \u00ab Growth Driven Design \u00bb est \u00e0 ce titre une garantie que nous apportons pour vous pr\u00e9parer un site durable qui saura coller en tout temps aux attentes de votre public cible.<\/p>\n<p>[\/vc_column_text][\/vc_column][\/vc_row][\/vc_section][vc_section full_width=\u00a0\u00bbstretch_row\u00a0\u00bb parallax=\u00a0\u00bbcontent-moving\u00a0\u00bb parallax_speed_bg=\u00a0\u00bb2&Prime; css=\u00a0\u00bb.vc_custom_1614012228916{background-image: url(\/wp-content\/uploads\/2021\/02\/PurpleStarsBG5000.jpg?id=7974) !important;}\u00a0\u00bb el_class=\u00a0\u00bbwhite\u00a0\u00bb][vc_row][vc_column][vc_column_text]<\/p>\n<h2 class=\"al-center green\">Nous tissons des partenariats de confiance avec nos clients.<\/h2>\n<hr class=\"heading-sep\" \/>\n<p>[\/vc_column_text][\/vc_column][\/vc_row][vc_row el_class=\u00a0\u00bbsm-6-full-1239&Prime;][vc_column width=\u00a0\u00bb1\/4&Prime;][\/vc_column][vc_column width=\u00a0\u00bb1\/2&Prime;][vc_single_image image=\u00a0\u00bb7153&Prime; img_size=\u00a0\u00bbfull\u00a0\u00bb alignment=\u00a0\u00bbcenter\u00a0\u00bb css=\u00a0\u00bb.vc_custom_1607341287490{margin-bottom: 0px !important;}\u00a0\u00bb][vc_column_text el_class=\u00a0\u00bbbig al-just\u00a0\u00bb]Ces relations de long terme qui g\u00e9n\u00e8rent efficacit\u00e9 et gain de temps sont au c\u0153ur de notre mod\u00e8le d\u2019entreprise. Nous avons fait le choix depuis notre cr\u00e9ation d\u2019appliquer \u00e0 Luxembourg la notion de Website As a Service<\/p>\n<p>L\u2019id\u00e9e qui se cache derri\u00e8re ce concept unique de \u00ab Website As a Service \u00bb est d\u2019accompagner le client sur une base permanente. En effet, nous estimons qu\u2019un site Internet que l\u2019on n\u2019actualise pas est comme une voiture dont on ne prend pas soin, avec les cons\u00e9quences que cela suppose. Aussi, DONE propose dans l\u2019ensemble de ses offres des services d\u2019audit et de conseil, de support et d\u2019actualisation permanente du site et du contenu, avec la r\u00e9alisation de mises \u00e0 jour r\u00e9guli\u00e8res.[\/vc_column_text][\/vc_column][vc_column width=\u00a0\u00bb1\/4&Prime;][\/vc_column][\/vc_row][vc_row][vc_column][vc_btn title=\u00a0\u00bbVisite notre portfolio\u00a0\u00bb align=\u00a0\u00bbcenter\u00a0\u00bb link=\u00a0\u00bburl:%2Ffr%2Freferences%2F|title:References\u00a0\u00bb][\/vc_column][\/vc_row][\/vc_section][vc_section full_width=\u00a0\u00bbstretch_row\u00a0\u00bb parallax=\u00a0\u00bbcontent-moving\u00a0\u00bb parallax_speed_bg=\u00a0\u00bb2.5&Prime; el_class=\u00a0\u00bbstar-sec\u00a0\u00bb css=\u00a0\u00bb.vc_custom_1612791144110{background-image: url(\/wp-content\/uploads\/2021\/02\/BGstars3000-scaled.jpg?id=7621) !important;}\u00a0\u00bb][vc_row][vc_column][vc_column_text]<\/p>\n<h2 class=\"al-center green\">Votre site en 7 etapes<\/h2>\n<hr class=\"heading-sep\" \/>\n<p>[\/vc_column_text][\/vc_column][\/vc_row][vc_row][vc_column width=\u00a0\u00bb1\/2&Prime;][vc_single_image image=\u00a0\u00bb5548&Prime; img_size=\u00a0\u00bbfull\u00a0\u00bb alignment=\u00a0\u00bbcenter\u00a0\u00bb css=\u00a0\u00bb.vc_custom_1600941528574{margin-bottom: 0px !important;}\u00a0\u00bb][\/vc_column][vc_column width=\u00a0\u00bb1\/2&Prime;][vc_column_text]<\/p>\n<div class=\"step-wrap\">\n<div class=\"step-item\">\n<h4 class=\"green\">1. Audit du client<\/h4>\n<ul class=\"small\">\n<li>D\u00e9couverte de la soci\u00e9t\u00e9 et de son environnement<\/li>\n<li>\u00c9tat des lieux : objectifs et strat\u00e9gie marketing<\/li>\n<\/ul>\n<\/div>\n<\/div>\n<div class=\"step-wrap\">\n<div class=\"step-item\">\n<h4 class=\"green\">2. Strat\u00e9gie projet<\/h4>\n<ul class=\"small\">\n<li>Benchmarking<\/li>\n<li>\u00c9tude et affinage du projet<\/li>\n<li>Ciblage et positionnement<\/li>\n<\/ul>\n<\/div>\n<\/div>\n<div class=\"step-wrap\">\n<div class=\"step-item\">\n<h4 class=\"green\">3. Design<\/h4>\n<ul class=\"small\">\n<li>Identit\u00e9 visuelle<\/li>\n<li>Wireframe<\/li>\n<li>Interface utilisateur<\/li>\n<li>Webdesign sur mesure<\/li>\n<li>Responsive design<\/li>\n<\/ul>\n<\/div>\n<div class=\"step-item multi-step\">\n<h4 class=\"green\">4. Contenu<\/h4>\n<ul class=\"small\">\n<li>Strat\u00e9gie de contenu<\/li>\n<li>Architecture de l\u2019information<\/li>\n<li>R\u00e9daction SEO<\/li>\n<\/ul>\n<\/div>\n<div class=\"step-item multi-step\">\n<h4 class=\"green\">5. Int\u00e9gration et d\u00e9veloppement<\/h4>\n<ul class=\"small\">\n<li>Impl\u00e9mentation CMS<\/li>\n<li>Programmes et fonctionnalit\u00e9s d\u00e9di\u00e9s<\/li>\n<li>Syst\u00e8me de newsletters<\/li>\n<\/ul>\n<\/div>\n<\/div>\n<div class=\"step-wrap\">\n<div class=\"step-item\">\n<h4 class=\"green\">6. Actualisation<\/h4>\n<ul class=\"small\">\n<li>Mise \u00e0 jour du contenu<\/li>\n<li>Upgrade technique<\/li>\n<\/ul>\n<\/div>\n<\/div>\n<div class=\"step-wrap\">\n<div class=\"step-item\">\n<h4 class=\"green\">7. Support, maintenence<\/h4>\n<ul class=\"small\">\n<li>24\/7<\/li>\n<li>Monitoring<\/li>\n<\/ul>\n<\/div>\n<\/div>\n<p>[\/vc_column_text][\/vc_column][\/vc_row][vc_row equal_height=\u00a0\u00bbyes\u00a0\u00bb content_placement=\u00a0\u00bbmiddle\u00a0\u00bb el_class=\u00a0\u00bbcta-row\u00a0\u00bb el_id=\u00a0\u00bbcta-7&Prime;][vc_column width=\u00a0\u00bb1\/3&Prime; css=\u00a0\u00bb.vc_custom_1606127567338{background-color: #ffffff !important;}\u00a0\u00bb][vc_single_image image=\u00a0\u00bb7064&Prime; img_size=\u00a0\u00bbfull\u00a0\u00bb alignment=\u00a0\u00bbcenter\u00a0\u00bb el_class=\u00a0\u00bbno-space-img\u00a0\u00bb][\/vc_column][vc_column width=\u00a0\u00bb2\/3&Prime; css=\u00a0\u00bb.vc_custom_1606127558105{background-color: #79ca30 !important;}\u00a0\u00bb][vc_column_text]<\/p>\n<h3 class=\"white upper al-center bigger-40\">Vous allez adorer travailler avec nous !<\/h3>\n<p>[\/vc_column_text][vc_row_inner equal_height=\u00a0\u00bbyes\u00a0\u00bb el_class=\u00a0\u00bbcta-inner-icons-row\u00a0\u00bb][vc_column_inner width=\u00a0\u00bb1\/3&Prime;][vc_single_image image=\u00a0\u00bb7042&Prime; img_size=\u00a0\u00bbfull\u00a0\u00bb alignment=\u00a0\u00bbcenter\u00a0\u00bb css=\u00a0\u00bb.vc_custom_1606207954168{margin-bottom: 0px !important;}\u00a0\u00bb el_class=\u00a0\u00bbno-space-img\u00a0\u00bb][vc_column_text css=\u00a0\u00bb.vc_custom_1606208184474{margin-bottom: 0px !important;}\u00a0\u00bb]<\/p>\n<h4 class=\"al-center white\"><strong>Une agence \u00e0 taille humaine<\/strong><\/h4>\n<p>[\/vc_column_text][\/vc_column_inner][vc_column_inner width=\u00a0\u00bb1\/3&Prime;][vc_single_image image=\u00a0\u00bb7039&Prime; img_size=\u00a0\u00bbfull\u00a0\u00bb alignment=\u00a0\u00bbcenter\u00a0\u00bb css=\u00a0\u00bb.vc_custom_1606207970692{margin-bottom: 0px !important;}\u00a0\u00bb el_class=\u00a0\u00bbno-space-img\u00a0\u00bb][vc_column_text css=\u00a0\u00bb.vc_custom_1606208193148{margin-bottom: 0px !important;}\u00a0\u00bb]<\/p>\n<h4 class=\"al-center white\"><strong>Une agence \u00e0 taille humaine<\/strong><\/h4>\n<p>[\/vc_column_text][\/vc_column_inner][vc_column_inner width=\u00a0\u00bb1\/3&Prime;][vc_single_image image=\u00a0\u00bb7036&Prime; img_size=\u00a0\u00bbfull\u00a0\u00bb alignment=\u00a0\u00bbcenter\u00a0\u00bb css=\u00a0\u00bb.vc_custom_1606207989556{margin-bottom: 0px !important;}\u00a0\u00bb el_class=\u00a0\u00bbno-space-img\u00a0\u00bb][vc_column_text css=\u00a0\u00bb.vc_custom_1606208201760{margin-bottom: 0px !important;}\u00a0\u00bb]<\/p>\n<h4 class=\"al-center white\"><strong>Des experts passionn\u00e9s<\/strong><\/h4>\n<p>[\/vc_column_text][\/vc_column_inner][\/vc_row_inner][vc_row_inner css=\u00a0\u00bb.vc_custom_1606208209925{margin-bottom: 0px !important;}\u00a0\u00bb][vc_column_inner width=\u00a0\u00bb1\/2&Prime;][vc_btn title=\u00a0\u00bbVisite notre portfolio\u00a0\u00bb align=\u00a0\u00bbcenter\u00a0\u00bb link=\u00a0\u00bburl:%2Ffr\/references%2F|title:Portfolio\u00a0\u00bb el_class=\u00a0\u00bbinverse-btn scroll\u00a0\u00bb][\/vc_column_inner][vc_column_inner width=\u00a0\u00bb1\/2&Prime;][vc_btn title=\u00a0\u00bbParlons de votre projet\u00a0\u00bb align=\u00a0\u00bbcenter\u00a0\u00bb link=\u00a0\u00bburl:%23footer-contact|title:Contact\u00a0\u00bb el_class=\u00a0\u00bbinverse-btn scroll\u00a0\u00bb][\/vc_column_inner][\/vc_row_inner][\/vc_column][\/vc_row][\/vc_section]<\/p>\n<\/section>","protected":false},"excerpt":{"rendered":"<p>[vc_section full_width=\u00a0\u00bbstretch_row_content\u00a0\u00bb parallax=\u00a0\u00bbcontent-moving\u00a0\u00bb parallax_speed_bg=\u00a0\u00bb2.5&Prime; el_id=\u00a0\u00bbintro\u00a0\u00bb css=\u00a0\u00bb.vc_custom_1596635908694{background-image: url(\/wp-content\/uploads\/2020\/08\/BG-STARS.jpg?id=109) !important;}\u00a0\u00bb][vc_row el_id=\u00a0\u00bbiss\u00a0\u00bb css=\u00a0\u00bb.vc_custom_1596635068619{background-image: url(\/wp-content\/uploads\/2020\/08\/Moon.png?id=116) !important;}\u00a0\u00bb][vc_column][vc_single_image image=\u00a0\u00bb113&Prime; img_size=\u00a0\u00bbfull\u00a0\u00bb alignment=\u00a0\u00bbcenter\u00a0\u00bb el_class=\u00a0\u00bbno-space-img\u00a0\u00bb][\/vc_column][\/vc_row][\/vc_section][vc_section full_width=\u00a0\u00bbstretch_row\u00a0\u00bb parallax=\u00a0\u00bbcontent-moving\u00a0\u00bb parallax_speed_bg=\u00a0\u00bb2&Prime; el_id=\u00a0\u00bbpage-head\u00a0\u00bb css=\u00a0\u00bb.vc_custom_1614012203230{background-image: url(\/wp-content\/uploads\/2021\/02\/PurpleStarsBG5000.jpg?id=7974) !important;}\u00a0\u00bb el_class=\u00a0\u00bbwhite\u00a0\u00bb][vc_row][vc_column width=\u00a0\u00bb1\/4&Prime;][\/vc_column][vc_column width=\u00a0\u00bb1\/2&Prime;][vc_column_text]<span class=\"excerpt-hellip\"> [\u2026]<\/span><\/p>\n","protected":false},"author":1,"featured_media":0,"parent":0,"menu_order":0,"comment_status":"closed","ping_status":"closed","template":"","meta":{"inline_featured_image":false,"footnotes":""},"yoast_head":"<!-- This site is optimized with the Yoast SEO plugin v21.5 - https:\/\/yoast.com\/wordpress\/plugins\/seo\/ -->\n<title>L&#039;Approche de Done | Un site internet n\u2019est pas un produit fini !<\/title>\n<meta name=\"description\" content=\"Nous construisons des sites sur mesure, qui r\u00e9pondent \u00e0 l\u2019\u00e9volution des tendances et des technologies et qui s\u2019adaptent aux changements que connaissent votre environnement et votre activit\u00e9.\" \/>\n<meta name=\"robots\" content=\"index, follow, max-snippet:-1, max-image-preview:large, max-video-preview:-1\" \/>\n<link rel=\"canonical\" href=\"https:\/\/done.lu\/fr\/approche\/\" \/>\n<meta property=\"og:locale\" content=\"fr_FR\" \/>\n<meta property=\"og:type\" content=\"article\" \/>\n<meta property=\"og:title\" content=\"L&#039;Approche de Done | Un site internet n\u2019est pas un produit fini !\" \/>\n<meta property=\"og:description\" content=\"Nous construisons des sites sur mesure, qui r\u00e9pondent \u00e0 l\u2019\u00e9volution des tendances et des technologies et qui s\u2019adaptent aux changements que connaissent votre environnement et votre activit\u00e9.\" \/>\n<meta property=\"og:url\" content=\"https:\/\/done.lu\/fr\/approche\/\" \/>\n<meta property=\"og:site_name\" content=\"Done\" \/>\n<meta property=\"article:publisher\" content=\"https:\/\/www.facebook.com\/donesarl\" \/>\n<meta property=\"article:modified_time\" content=\"2021-02-22T16:44:07+00:00\" \/>\n<meta name=\"twitter:card\" content=\"summary_large_image\" \/>\n<meta name=\"twitter:site\" content=\"@DONElux\" \/>\n<meta name=\"twitter:label1\" content=\"Dur\u00e9e de lecture estim\u00e9e\" \/>\n\t<meta name=\"twitter:data1\" content=\"4 minutes\" \/>\n<script type=\"application\/ld+json\" class=\"yoast-schema-graph\">{\"@context\":\"https:\/\/schema.org\",\"@graph\":[{\"@type\":\"WebPage\",\"@id\":\"https:\/\/done.lu\/fr\/approche\/\",\"url\":\"https:\/\/done.lu\/fr\/approche\/\",\"name\":\"L'Approche de Done | Un site internet n\u2019est pas un produit fini !\",\"isPartOf\":{\"@id\":\"https:\/\/done.lu\/#website\"},\"datePublished\":\"2020-08-05T13:33:25+00:00\",\"dateModified\":\"2021-02-22T16:44:07+00:00\",\"description\":\"Nous construisons des sites sur mesure, qui r\u00e9pondent \u00e0 l\u2019\u00e9volution des tendances et des technologies et qui s\u2019adaptent aux changements que connaissent votre environnement et votre activit\u00e9.\",\"breadcrumb\":{\"@id\":\"https:\/\/done.lu\/fr\/approche\/#breadcrumb\"},\"inLanguage\":\"fr-FR\",\"potentialAction\":[{\"@type\":\"ReadAction\",\"target\":[\"https:\/\/done.lu\/fr\/approche\/\"]}]},{\"@type\":\"BreadcrumbList\",\"@id\":\"https:\/\/done.lu\/fr\/approche\/#breadcrumb\",\"itemListElement\":[{\"@type\":\"ListItem\",\"position\":1,\"name\":\"Home\",\"item\":\"https:\/\/done.lu\/fr\/\"},{\"@type\":\"ListItem\",\"position\":2,\"name\":\"Approche\"}]},{\"@type\":\"WebSite\",\"@id\":\"https:\/\/done.lu\/#website\",\"url\":\"https:\/\/done.lu\/\",\"name\":\"Done\",\"description\":\"\",\"publisher\":{\"@id\":\"https:\/\/done.lu\/#organization\"},\"potentialAction\":[{\"@type\":\"SearchAction\",\"target\":{\"@type\":\"EntryPoint\",\"urlTemplate\":\"https:\/\/done.lu\/?s={search_term_string}\"},\"query-input\":\"required name=search_term_string\"}],\"inLanguage\":\"fr-FR\"},{\"@type\":\"Organization\",\"@id\":\"https:\/\/done.lu\/#organization\",\"name\":\"Done SARL\",\"alternateName\":\"Done Website as a Service\",\"url\":\"https:\/\/done.lu\/\",\"logo\":{\"@type\":\"ImageObject\",\"inLanguage\":\"fr-FR\",\"@id\":\"https:\/\/done.lu\/#\/schema\/logo\/image\/\",\"url\":\"https:\/\/done.lu\/wp-content\/uploads\/2024\/07\/logo_done_rgb_neu.jpg\",\"contentUrl\":\"https:\/\/done.lu\/wp-content\/uploads\/2024\/07\/logo_done_rgb_neu.jpg\",\"width\":945,\"height\":377,\"caption\":\"Done SARL\"},\"image\":{\"@id\":\"https:\/\/done.lu\/#\/schema\/logo\/image\/\"},\"sameAs\":[\"https:\/\/www.facebook.com\/donesarl\",\"https:\/\/twitter.com\/DONElux\",\"https:\/\/www.instagram.com\/done.lu\/\",\"https:\/\/www.linkedin.com\/company\/donelux\/\"]}]}<\/script>\n<!-- \/ Yoast SEO plugin. -->","yoast_head_json":{"title":"L'Approche de Done | Un site internet n\u2019est pas un produit fini !","description":"Nous construisons des sites sur mesure, qui r\u00e9pondent \u00e0 l\u2019\u00e9volution des tendances et des technologies et qui s\u2019adaptent aux changements que connaissent votre environnement et votre activit\u00e9.","robots":{"index":"index","follow":"follow","max-snippet":"max-snippet:-1","max-image-preview":"max-image-preview:large","max-video-preview":"max-video-preview:-1"},"canonical":"https:\/\/done.lu\/fr\/approche\/","og_locale":"fr_FR","og_type":"article","og_title":"L'Approche de Done | Un site internet n\u2019est pas un produit fini !","og_description":"Nous construisons des sites sur mesure, qui r\u00e9pondent \u00e0 l\u2019\u00e9volution des tendances et des technologies et qui s\u2019adaptent aux changements que connaissent votre environnement et votre activit\u00e9.","og_url":"https:\/\/done.lu\/fr\/approche\/","og_site_name":"Done","article_publisher":"https:\/\/www.facebook.com\/donesarl","article_modified_time":"2021-02-22T16:44:07+00:00","twitter_card":"summary_large_image","twitter_site":"@DONElux","twitter_misc":{"Dur\u00e9e de lecture estim\u00e9e":"4 minutes"},"schema":{"@context":"https:\/\/schema.org","@graph":[{"@type":"WebPage","@id":"https:\/\/done.lu\/fr\/approche\/","url":"https:\/\/done.lu\/fr\/approche\/","name":"L'Approche de Done | Un site internet n\u2019est pas un produit fini !","isPartOf":{"@id":"https:\/\/done.lu\/#website"},"datePublished":"2020-08-05T13:33:25+00:00","dateModified":"2021-02-22T16:44:07+00:00","description":"Nous construisons des sites sur mesure, qui r\u00e9pondent \u00e0 l\u2019\u00e9volution des tendances et des technologies et qui s\u2019adaptent aux changements que connaissent votre environnement et votre activit\u00e9.","breadcrumb":{"@id":"https:\/\/done.lu\/fr\/approche\/#breadcrumb"},"inLanguage":"fr-FR","potentialAction":[{"@type":"ReadAction","target":["https:\/\/done.lu\/fr\/approche\/"]}]},{"@type":"BreadcrumbList","@id":"https:\/\/done.lu\/fr\/approche\/#breadcrumb","itemListElement":[{"@type":"ListItem","position":1,"name":"Home","item":"https:\/\/done.lu\/fr\/"},{"@type":"ListItem","position":2,"name":"Approche"}]},{"@type":"WebSite","@id":"https:\/\/done.lu\/#website","url":"https:\/\/done.lu\/","name":"Done","description":"","publisher":{"@id":"https:\/\/done.lu\/#organization"},"potentialAction":[{"@type":"SearchAction","target":{"@type":"EntryPoint","urlTemplate":"https:\/\/done.lu\/?s={search_term_string}"},"query-input":"required name=search_term_string"}],"inLanguage":"fr-FR"},{"@type":"Organization","@id":"https:\/\/done.lu\/#organization","name":"Done SARL","alternateName":"Done Website as a Service","url":"https:\/\/done.lu\/","logo":{"@type":"ImageObject","inLanguage":"fr-FR","@id":"https:\/\/done.lu\/#\/schema\/logo\/image\/","url":"https:\/\/done.lu\/wp-content\/uploads\/2024\/07\/logo_done_rgb_neu.jpg","contentUrl":"https:\/\/done.lu\/wp-content\/uploads\/2024\/07\/logo_done_rgb_neu.jpg","width":945,"height":377,"caption":"Done SARL"},"image":{"@id":"https:\/\/done.lu\/#\/schema\/logo\/image\/"},"sameAs":["https:\/\/www.facebook.com\/donesarl","https:\/\/twitter.com\/DONElux","https:\/\/www.instagram.com\/done.lu\/","https:\/\/www.linkedin.com\/company\/donelux\/"]}]}},"_links":{"self":[{"href":"https:\/\/done.lu\/fr\/wp-json\/wp\/v2\/pages\/5553"}],"collection":[{"href":"https:\/\/done.lu\/fr\/wp-json\/wp\/v2\/pages"}],"about":[{"href":"https:\/\/done.lu\/fr\/wp-json\/wp\/v2\/types\/page"}],"author":[{"embeddable":true,"href":"https:\/\/done.lu\/fr\/wp-json\/wp\/v2\/users\/1"}],"replies":[{"embeddable":true,"href":"https:\/\/done.lu\/fr\/wp-json\/wp\/v2\/comments?post=5553"}],"version-history":[{"count":10,"href":"https:\/\/done.lu\/fr\/wp-json\/wp\/v2\/pages\/5553\/revisions"}],"predecessor-version":[{"id":8665,"href":"https:\/\/done.lu\/fr\/wp-json\/wp\/v2\/pages\/5553\/revisions\/8665"}],"wp:attachment":[{"href":"https:\/\/done.lu\/fr\/wp-json\/wp\/v2\/media?parent=5553"}],"curies":[{"name":"wp","href":"https:\/\/api.w.org\/{rel}","templated":true}]}}