{"id":5429,"date":"2020-09-23T09:55:03","date_gmt":"2020-09-23T07:55:03","guid":{"rendered":"https:\/\/done.lu\/?page_id=5429"},"modified":"2020-09-23T10:37:09","modified_gmt":"2020-09-23T08:37:09","slug":"temoignages","status":"publish","type":"page","link":"https:\/\/done.lu\/fr\/temoignages\/","title":{"rendered":"T\u00e9moignages"},"content":{"rendered":"<section class=\"wpb-content-wrapper\"><p>[vc_section full_width=\u00a0\u00bbstretch_row_content\u00a0\u00bb parallax=\u00a0\u00bbcontent-moving\u00a0\u00bb parallax_speed_bg=\u00a0\u00bb2.5&Prime; el_id=\u00a0\u00bbintro\u00a0\u00bb css=\u00a0\u00bb.vc_custom_1596635908694{background-image: url(\/wp-content\/uploads\/2020\/08\/BG-STARS.jpg?id=109) !important;}\u00a0\u00bb][vc_row el_id=\u00a0\u00bbiss\u00a0\u00bb css=\u00a0\u00bb.vc_custom_1596635068619{background-image: url(\/wp-content\/uploads\/2020\/08\/Moon.png?id=116) !important;}\u00a0\u00bb][vc_column][vc_single_image image=\u00a0\u00bb113&Prime; img_size=\u00a0\u00bbfull\u00a0\u00bb alignment=\u00a0\u00bbcenter\u00a0\u00bb el_class=\u00a0\u00bbno-space-img\u00a0\u00bb][\/vc_column][\/vc_row][\/vc_section][vc_section full_width=\u00a0\u00bbstretch_row\u00a0\u00bb css=\u00a0\u00bb.vc_custom_1597047278423{padding-top: 0px !important;background-image: url(\/wp-content\/uploads\/2020\/08\/BGpostGrid.jpg?id=1106) !important;}\u00a0\u00bb][vc_row el_id=\u00a0\u00bbref-wrap\u00a0\u00bb][vc_column][vc_column_text el_id=\u00a0\u00bbref-heading-intro\u00a0\u00bb]<\/p>\n<h2 class=\"al-center\">T\u00e9moignages<\/h2>\n<h3 class=\"al-center\">Ils parlent de nous<\/h3>\n<p>[\/vc_column_text][vc_row_inner][vc_column_inner width=\u00a0\u00bb1\/4&Prime;][\/vc_column_inner][vc_column_inner width=\u00a0\u00bb1\/2&Prime;][vc_column_text el_class=\u00a0\u00bbextra-small\u00a0\u00bb]Cr\u00e9er un site ou un e-commerce est bien plus qu&rsquo;une stricte collaboration entre un client et son fournisseur, c&rsquo;est une aventure humaine faite de franchise, de confiance et de bonne humeur. Mais, apr\u00e8s tout, ce sont nos clients qui en parlent le mieux.[\/vc_column_text][\/vc_column_inner][vc_column_inner width=\u00a0\u00bb1\/4&Prime;][\/vc_column_inner][\/vc_row_inner]<div class=\"testimonials_list \"><div class=\"item \"><div class=\"photo\"><div class=\"image_frame no_link scale-with-grid has_border\"><div class=\"image_wrapper\"><img width=\"432\" height=\"180\" src=\"https:\/\/done.lu\/wp-content\/uploads\/2020\/09\/logo.png\" class=\"scale-with-grid wp-post-image\" alt=\"klensch\" decoding=\"async\" srcset=\"https:\/\/done.lu\/wp-content\/uploads\/2020\/09\/logo.png 432w, https:\/\/done.lu\/wp-content\/uploads\/2020\/09\/logo-300x125.png 300w, https:\/\/done.lu\/wp-content\/uploads\/2020\/09\/logo-260x108.png 260w, https:\/\/done.lu\/wp-content\/uploads\/2020\/09\/logo-50x21.png 50w, https:\/\/done.lu\/wp-content\/uploads\/2020\/09\/logo-150x63.png 150w\" sizes=\"(max-width:767px) 432px, 432px\" \/><\/div><\/div><\/div><div class=\"desc\"><h4><a target=\"_blank\" href=\"\/fr\/klensch\/\">Restaurant Klensch<\/a><\/h4><p class=\"subtitle\"><\/p><hr class=\"hr_color\" \/><div class=\"blockquote\"><span class=\"mfn-blockquote-icon\"><i class=\"icon-quote\" aria-hidden=\"true\"><\/i><\/span><blockquote>\"La jeune et dynamique \u00e9quipe de Done a su se montrer cr\u00e9ative et \u00e0 notre \u00e9coute pour nous b\u00e2tir le site moderne et responsive que nous souhaitions.\r\n<br><br>\r\nToujours \u00e0 l\u2019\u00e9coute du client, nous recommandons Done pour la cr\u00e9ation de sites internet et pour tout autre mission de gestion digitale!\"\r\n<div class=\"testimonial-bottom-link\"><a href=\"\/fr\/klensch\">Voir le projet<\/a><\/div><\/blockquote><\/div><\/div><\/div>\n<div class=\"item \"><div class=\"photo\"><div class=\"image_frame no_link scale-with-grid has_border\"><div class=\"image_wrapper\"><img width=\"271\" height=\"107\" src=\"https:\/\/done.lu\/wp-content\/uploads\/2020\/11\/logo.png\" class=\"scale-with-grid wp-post-image\" alt=\"zitha\" decoding=\"async\" srcset=\"https:\/\/done.lu\/wp-content\/uploads\/2020\/11\/logo.png 271w, https:\/\/done.lu\/wp-content\/uploads\/2020\/11\/logo-260x103.png 260w, https:\/\/done.lu\/wp-content\/uploads\/2020\/11\/logo-50x20.png 50w, https:\/\/done.lu\/wp-content\/uploads\/2020\/11\/logo-150x59.png 150w\" sizes=\"(max-width:767px) 271px, 271px\" \/><\/div><\/div><\/div><div class=\"desc\"><h4><a target=\"_blank\" href=\"\/fr\/zithaaktiv\/\">Zitha<\/a><\/h4><p class=\"subtitle\"><\/p><hr class=\"hr_color\" \/><div class=\"blockquote\"><span class=\"mfn-blockquote-icon\"><i class=\"icon-quote\" aria-hidden=\"true\"><\/i><\/span><blockquote>\"Done - une \u00e9quipe motiv\u00e9e, rapide, dynamique et fiable.<br><br>\r\nDone - une entreprise toujours \u00e0 l\u2019\u00e9coute des besoins de ses clients.<br><br>\r\nDepuis des ann\u00e9es, les collaborateurs de Done, passionn\u00e9s par leur m\u00e9tier, nous soutiennent dans les diff\u00e9rentes d\u00e9marches marketing et ceci \u00e0 notre enti\u00e8re satisfaction.\"\r\n<div class=\"testimonial-bottom-link\"><a href=\"\/fr\/zithaaktiv\/\">Voir le projet<\/a><\/div><\/blockquote><\/div><\/div><\/div>\n<div class=\"item \"><div class=\"photo\"><div class=\"image_frame no_link scale-with-grid has_border\"><div class=\"image_wrapper\"><img src=\"https:\/\/done.lu\/wp-content\/uploads\/2020\/11\/BuecherWumLogo.svg\" class=\"scale-with-grid wp-post-image\" alt=\"buecherwum\" decoding=\"async\" \/><\/div><\/div><\/div><div class=\"desc\"><h4><a target=\"_blank\" href=\"\/fr\/buecherwum\/\">BuecherWum<\/a><\/h4><p class=\"subtitle\"><\/p><hr class=\"hr_color\" \/><div class=\"blockquote\"><span class=\"mfn-blockquote-icon\"><i class=\"icon-quote\" aria-hidden=\"true\"><\/i><\/span><blockquote>\"Le marketing digital avec DONE m'a apport\u00e9 beaucoup de nouveaux acheteurs, donc beaucoup de fid\u00e8les lecteurs pour mes livres \u00e9crits et publi\u00e9s, en langue allemande et fran\u00e7aise.\r\n<br>\r\n<br>\r\nJe ne peux que recommander en toute confiance DONE, qui offre une excellente collaboration.\"\r\n<div class=\"testimonial-bottom-link\"><a href=\"\/fr\/buecherwum\/\">Voir le projet<\/a><\/div><\/blockquote><\/div><\/div><\/div>\n<div class=\"item \"><div class=\"photo\"><div class=\"image_frame no_link scale-with-grid has_border\"><div class=\"image_wrapper\"><img src=\"https:\/\/done.lu\/wp-content\/uploads\/2020\/11\/MayanneLogo.svg\" class=\"scale-with-grid wp-post-image\" alt=\"mayanne\" decoding=\"async\" \/><\/div><\/div><\/div><div class=\"desc\"><h4><a target=\"_blank\" href=\"\/fr\/mayanne\/\">Mayanne Ev\u00e9nementiel<\/a><\/h4><p class=\"subtitle\"><\/p><hr class=\"hr_color\" \/><div class=\"blockquote\"><span class=\"mfn-blockquote-icon\"><i class=\"icon-quote\" aria-hidden=\"true\"><\/i><\/span><blockquote>\"Merci \u00e0 toute l'\u00e9quipe pour son professionnalisme, sa r\u00e9activit\u00e9, sa p\u00e9dagogie et par-dessus tout, sa bienveillance.\r\n<br>\r\n<br>\r\nMerci d'avoir con\u00e7u, r\u00e9aliser et mis en ligne les id\u00e9es qui \u00e9taient dans ma t\u00eate ! Encore MERCI et BRAVO.\"\r\n<div class=\"testimonial-bottom-link\"><a href=\"\/fr\/mayanne\">Voir le projet<\/a><\/div><\/blockquote><\/div><\/div><\/div>\n<div class=\"item \"><div class=\"photo\"><div class=\"image_frame no_link scale-with-grid has_border\"><div class=\"image_wrapper\"><img src=\"https:\/\/done.lu\/wp-content\/uploads\/2020\/11\/ProphamedisLogo.svg\" class=\"scale-with-grid wp-post-image\" alt=\"prophamedis\" decoding=\"async\" \/><\/div><\/div><\/div><div class=\"desc\"><h4><a target=\"_blank\" href=\"\/fr\/prophamedis\">ProPhaMeDis<\/a><\/h4><p class=\"subtitle\"><\/p><hr class=\"hr_color\" \/><div class=\"blockquote\"><span class=\"mfn-blockquote-icon\"><i class=\"icon-quote\" aria-hidden=\"true\"><\/i><\/span><blockquote>\"Une \u00e9quipe professionnelle et s\u00e9rieuse, tr\u00e8s disponible et attentive! DONE a \u00e9norm\u00e9ment particip\u00e9 \u00e0 la croissance de notre soci\u00e9t\u00e9 gr\u00e2ce a ses conseils et services ! \r\n<br><br>\r\nNous sommes satisfaits des services de DONE et sommes tr\u00e8s heureux de travailler avec leur \u00e9quipe!\"\r\n<div class=\"testimonial-bottom-link\"><a href=\"\/fr\/prophamedis\/\">Voir le projet<\/a><\/div><\/blockquote><\/div><\/div><\/div>\n<\/div>\n[\/vc_column][\/vc_row][\/vc_section]<\/p>\n<\/section>","protected":false},"excerpt":{"rendered":"<p>[vc_section full_width=\u00a0\u00bbstretch_row_content\u00a0\u00bb parallax=\u00a0\u00bbcontent-moving\u00a0\u00bb parallax_speed_bg=\u00a0\u00bb2.5&Prime; el_id=\u00a0\u00bbintro\u00a0\u00bb css=\u00a0\u00bb.vc_custom_1596635908694{background-image: url(\/wp-content\/uploads\/2020\/08\/BG-STARS.jpg?id=109) !important;}\u00a0\u00bb][vc_row el_id=\u00a0\u00bbiss\u00a0\u00bb css=\u00a0\u00bb.vc_custom_1596635068619{background-image: url(\/wp-content\/uploads\/2020\/08\/Moon.png?id=116) !important;}\u00a0\u00bb][vc_column][vc_single_image image=\u00a0\u00bb113&Prime; img_size=\u00a0\u00bbfull\u00a0\u00bb alignment=\u00a0\u00bbcenter\u00a0\u00bb el_class=\u00a0\u00bbno-space-img\u00a0\u00bb][\/vc_column][\/vc_row][\/vc_section][vc_section full_width=\u00a0\u00bbstretch_row\u00a0\u00bb css=\u00a0\u00bb.vc_custom_1597047278423{padding-top: 0px !important;background-image: url(\/wp-content\/uploads\/2020\/08\/BGpostGrid.jpg?id=1106) !important;}\u00a0\u00bb][vc_row el_id=\u00a0\u00bbref-wrap\u00a0\u00bb][vc_column][vc_column_text el_id=\u00a0\u00bbref-heading-intro\u00a0\u00bb] T\u00e9moignages Ils<span class=\"excerpt-hellip\"> [\u2026]<\/span><\/p>\n","protected":false},"author":1,"featured_media":0,"parent":0,"menu_order":0,"comment_status":"closed","ping_status":"closed","template":"","meta":{"inline_featured_image":false,"footnotes":""},"yoast_head":"<!-- This site is optimized with the Yoast SEO plugin v21.5 - https:\/\/yoast.com\/wordpress\/plugins\/seo\/ -->\n<title>T\u00e9moignages et avis de nos clients | Done agence Web au Luxembourg<\/title>\n<meta name=\"description\" content=\"Vous \u00eates nombreux depuis 2014 \u00e0 nous confier vos projets web et digitaux. Nos clients sont devenus nos meilleurs ambassadeurs. D\u00e9couvrez leurs avis sur notre agence web.\" \/>\n<meta name=\"robots\" content=\"index, follow, max-snippet:-1, max-image-preview:large, max-video-preview:-1\" \/>\n<link rel=\"canonical\" href=\"https:\/\/done.lu\/fr\/temoignages\/\" \/>\n<meta property=\"og:locale\" content=\"fr_FR\" \/>\n<meta property=\"og:type\" content=\"article\" \/>\n<meta property=\"og:title\" content=\"T\u00e9moignages et avis de nos clients | Done agence Web au Luxembourg\" \/>\n<meta property=\"og:description\" content=\"Vous \u00eates nombreux depuis 2014 \u00e0 nous confier vos projets web et digitaux. Nos clients sont devenus nos meilleurs ambassadeurs. D\u00e9couvrez leurs avis sur notre agence web.\" \/>\n<meta property=\"og:url\" content=\"https:\/\/done.lu\/fr\/temoignages\/\" \/>\n<meta property=\"og:site_name\" content=\"Done\" \/>\n<meta property=\"article:publisher\" content=\"https:\/\/www.facebook.com\/donesarl\" \/>\n<meta property=\"article:modified_time\" content=\"2020-09-23T08:37:09+00:00\" \/>\n<meta name=\"twitter:card\" content=\"summary_large_image\" \/>\n<meta name=\"twitter:site\" content=\"@DONElux\" \/>\n<meta name=\"twitter:label1\" content=\"Dur\u00e9e de lecture estim\u00e9e\" \/>\n\t<meta name=\"twitter:data1\" content=\"1 minute\" \/>\n<script type=\"application\/ld+json\" class=\"yoast-schema-graph\">{\"@context\":\"https:\/\/schema.org\",\"@graph\":[{\"@type\":\"WebPage\",\"@id\":\"https:\/\/done.lu\/fr\/temoignages\/\",\"url\":\"https:\/\/done.lu\/fr\/temoignages\/\",\"name\":\"T\u00e9moignages et avis de nos clients | Done agence Web au Luxembourg\",\"isPartOf\":{\"@id\":\"https:\/\/done.lu\/#website\"},\"datePublished\":\"2020-09-23T07:55:03+00:00\",\"dateModified\":\"2020-09-23T08:37:09+00:00\",\"description\":\"Vous \u00eates nombreux depuis 2014 \u00e0 nous confier vos projets web et digitaux. Nos clients sont devenus nos meilleurs ambassadeurs. D\u00e9couvrez leurs avis sur notre agence web.\",\"breadcrumb\":{\"@id\":\"https:\/\/done.lu\/fr\/temoignages\/#breadcrumb\"},\"inLanguage\":\"fr-FR\",\"potentialAction\":[{\"@type\":\"ReadAction\",\"target\":[\"https:\/\/done.lu\/fr\/temoignages\/\"]}]},{\"@type\":\"BreadcrumbList\",\"@id\":\"https:\/\/done.lu\/fr\/temoignages\/#breadcrumb\",\"itemListElement\":[{\"@type\":\"ListItem\",\"position\":1,\"name\":\"Home\",\"item\":\"https:\/\/done.lu\/fr\/\"},{\"@type\":\"ListItem\",\"position\":2,\"name\":\"T\u00e9moignages\"}]},{\"@type\":\"WebSite\",\"@id\":\"https:\/\/done.lu\/#website\",\"url\":\"https:\/\/done.lu\/\",\"name\":\"Done\",\"description\":\"\",\"publisher\":{\"@id\":\"https:\/\/done.lu\/#organization\"},\"potentialAction\":[{\"@type\":\"SearchAction\",\"target\":{\"@type\":\"EntryPoint\",\"urlTemplate\":\"https:\/\/done.lu\/?s={search_term_string}\"},\"query-input\":\"required name=search_term_string\"}],\"inLanguage\":\"fr-FR\"},{\"@type\":\"Organization\",\"@id\":\"https:\/\/done.lu\/#organization\",\"name\":\"Done SARL\",\"alternateName\":\"Done Website as a Service\",\"url\":\"https:\/\/done.lu\/\",\"logo\":{\"@type\":\"ImageObject\",\"inLanguage\":\"fr-FR\",\"@id\":\"https:\/\/done.lu\/#\/schema\/logo\/image\/\",\"url\":\"https:\/\/done.lu\/wp-content\/uploads\/2024\/07\/logo_done_rgb_neu.jpg\",\"contentUrl\":\"https:\/\/done.lu\/wp-content\/uploads\/2024\/07\/logo_done_rgb_neu.jpg\",\"width\":945,\"height\":377,\"caption\":\"Done SARL\"},\"image\":{\"@id\":\"https:\/\/done.lu\/#\/schema\/logo\/image\/\"},\"sameAs\":[\"https:\/\/www.facebook.com\/donesarl\",\"https:\/\/twitter.com\/DONElux\",\"https:\/\/www.instagram.com\/done.lu\/\",\"https:\/\/www.linkedin.com\/company\/donelux\/\"]}]}<\/script>\n<!-- \/ Yoast SEO plugin. -->","yoast_head_json":{"title":"T\u00e9moignages et avis de nos clients | Done agence Web au Luxembourg","description":"Vous \u00eates nombreux depuis 2014 \u00e0 nous confier vos projets web et digitaux. Nos clients sont devenus nos meilleurs ambassadeurs. D\u00e9couvrez leurs avis sur notre agence web.","robots":{"index":"index","follow":"follow","max-snippet":"max-snippet:-1","max-image-preview":"max-image-preview:large","max-video-preview":"max-video-preview:-1"},"canonical":"https:\/\/done.lu\/fr\/temoignages\/","og_locale":"fr_FR","og_type":"article","og_title":"T\u00e9moignages et avis de nos clients | Done agence Web au Luxembourg","og_description":"Vous \u00eates nombreux depuis 2014 \u00e0 nous confier vos projets web et digitaux. Nos clients sont devenus nos meilleurs ambassadeurs. D\u00e9couvrez leurs avis sur notre agence web.","og_url":"https:\/\/done.lu\/fr\/temoignages\/","og_site_name":"Done","article_publisher":"https:\/\/www.facebook.com\/donesarl","article_modified_time":"2020-09-23T08:37:09+00:00","twitter_card":"summary_large_image","twitter_site":"@DONElux","twitter_misc":{"Dur\u00e9e de lecture estim\u00e9e":"1 minute"},"schema":{"@context":"https:\/\/schema.org","@graph":[{"@type":"WebPage","@id":"https:\/\/done.lu\/fr\/temoignages\/","url":"https:\/\/done.lu\/fr\/temoignages\/","name":"T\u00e9moignages et avis de nos clients | Done agence Web au Luxembourg","isPartOf":{"@id":"https:\/\/done.lu\/#website"},"datePublished":"2020-09-23T07:55:03+00:00","dateModified":"2020-09-23T08:37:09+00:00","description":"Vous \u00eates nombreux depuis 2014 \u00e0 nous confier vos projets web et digitaux. Nos clients sont devenus nos meilleurs ambassadeurs. D\u00e9couvrez leurs avis sur notre agence web.","breadcrumb":{"@id":"https:\/\/done.lu\/fr\/temoignages\/#breadcrumb"},"inLanguage":"fr-FR","potentialAction":[{"@type":"ReadAction","target":["https:\/\/done.lu\/fr\/temoignages\/"]}]},{"@type":"BreadcrumbList","@id":"https:\/\/done.lu\/fr\/temoignages\/#breadcrumb","itemListElement":[{"@type":"ListItem","position":1,"name":"Home","item":"https:\/\/done.lu\/fr\/"},{"@type":"ListItem","position":2,"name":"T\u00e9moignages"}]},{"@type":"WebSite","@id":"https:\/\/done.lu\/#website","url":"https:\/\/done.lu\/","name":"Done","description":"","publisher":{"@id":"https:\/\/done.lu\/#organization"},"potentialAction":[{"@type":"SearchAction","target":{"@type":"EntryPoint","urlTemplate":"https:\/\/done.lu\/?s={search_term_string}"},"query-input":"required name=search_term_string"}],"inLanguage":"fr-FR"},{"@type":"Organization","@id":"https:\/\/done.lu\/#organization","name":"Done SARL","alternateName":"Done Website as a Service","url":"https:\/\/done.lu\/","logo":{"@type":"ImageObject","inLanguage":"fr-FR","@id":"https:\/\/done.lu\/#\/schema\/logo\/image\/","url":"https:\/\/done.lu\/wp-content\/uploads\/2024\/07\/logo_done_rgb_neu.jpg","contentUrl":"https:\/\/done.lu\/wp-content\/uploads\/2024\/07\/logo_done_rgb_neu.jpg","width":945,"height":377,"caption":"Done SARL"},"image":{"@id":"https:\/\/done.lu\/#\/schema\/logo\/image\/"},"sameAs":["https:\/\/www.facebook.com\/donesarl","https:\/\/twitter.com\/DONElux","https:\/\/www.instagram.com\/done.lu\/","https:\/\/www.linkedin.com\/company\/donelux\/"]}]}},"_links":{"self":[{"href":"https:\/\/done.lu\/fr\/wp-json\/wp\/v2\/pages\/5429"}],"collection":[{"href":"https:\/\/done.lu\/fr\/wp-json\/wp\/v2\/pages"}],"about":[{"href":"https:\/\/done.lu\/fr\/wp-json\/wp\/v2\/types\/page"}],"author":[{"embeddable":true,"href":"https:\/\/done.lu\/fr\/wp-json\/wp\/v2\/users\/1"}],"replies":[{"embeddable":true,"href":"https:\/\/done.lu\/fr\/wp-json\/wp\/v2\/comments?post=5429"}],"version-history":[{"count":2,"href":"https:\/\/done.lu\/fr\/wp-json\/wp\/v2\/pages\/5429\/revisions"}],"predecessor-version":[{"id":5451,"href":"https:\/\/done.lu\/fr\/wp-json\/wp\/v2\/pages\/5429\/revisions\/5451"}],"wp:attachment":[{"href":"https:\/\/done.lu\/fr\/wp-json\/wp\/v2\/media?parent=5429"}],"curies":[{"name":"wp","href":"https:\/\/api.w.org\/{rel}","templated":true}]}}