{"id":5398,"date":"2020-08-05T15:21:57","date_gmt":"2020-08-05T13:21:57","guid":{"rendered":"https:\/\/done.lu\/blog\/"},"modified":"2021-04-28T16:34:20","modified_gmt":"2021-04-28T14:34:20","slug":"blog","status":"publish","type":"page","link":"https:\/\/done.lu\/fr\/blog\/","title":{"rendered":"Blog"},"content":{"rendered":"<section class=\"wpb-content-wrapper\"><p>[vc_section full_width=\u00a0\u00bbstretch_row_content\u00a0\u00bb parallax=\u00a0\u00bbcontent-moving\u00a0\u00bb parallax_speed_bg=\u00a0\u00bb2.5&Prime; el_id=\u00a0\u00bbintro\u00a0\u00bb css=\u00a0\u00bb.vc_custom_1596635908694{background-image: url(\/wp-content\/uploads\/2020\/08\/BG-STARS.jpg?id=109) !important;}\u00a0\u00bb][vc_row el_id=\u00a0\u00bbiss\u00a0\u00bb css=\u00a0\u00bb.vc_custom_1596635068619{background-image: url(\/wp-content\/uploads\/2020\/08\/Moon.png?id=116) !important;}\u00a0\u00bb][vc_column][vc_single_image image=\u00a0\u00bb113&Prime; img_size=\u00a0\u00bbfull\u00a0\u00bb alignment=\u00a0\u00bbcenter\u00a0\u00bb el_class=\u00a0\u00bbno-space-img\u00a0\u00bb][\/vc_column][\/vc_row][\/vc_section][vc_section full_width=\u00a0\u00bbstretch_row\u00a0\u00bb el_id=\u00a0\u00bbblog-grid-wrap\u00a0\u00bb css=\u00a0\u00bb.vc_custom_1597044225681{background-image: url(\/wp-content\/uploads\/2020\/08\/BGpostGrid.jpg?id=1106) !important;}\u00a0\u00bb][vc_row el_id=\u00a0\u00bbblog-content-wrap\u00a0\u00bb][vc_column][vc_column_text]<\/p>\n<h1 class=\"lowercase\">Retrouvez l\u2019actualit\u00e9 du digital au Luxembourg et au-del\u00e0 sur notre Blog.<\/h1>\n<p>[\/vc_column_text][vc_column_text el_class=\u00a0\u00bbextra-small\u00a0\u00bb]Webdesign, Marketing num\u00e9rique, SEO, Cr\u00e9ation de site, solutions e-commerce\u2026 nous y publions au moins un article par semaine dans lequel nous vous donnons notre point de vue et nos conseils pour am\u00e9liorer l\u2019efficacit\u00e9 de votre communication en ligne.<\/p>\n<p>N\u2019h\u00e9sitez pas \u00e0 vous abonner \u00e0 notre newsletter pour recevoir nos derni\u00e8res publications.[\/vc_column_text][vc_basic_grid post_type=\u00a0\u00bbpost\u00a0\u00bb max_items=\u00a0\u00bb-1&Prime; show_filter=\u00a0\u00bbyes\u00a0\u00bb filter_default_title=\u00a0\u00bbTous\u00a0\u00bb item=\u00a0\u00bb5392&Prime; grid_id=\u00a0\u00bbvc_gid:1619620448978-d439314c-f2e3-8&Prime; taxonomies=\u00a0\u00bb4&Prime; filter_source=\u00a0\u00bbcategory\u00a0\u00bb el_class=\u00a0\u00bbblog-post-grid\u00a0\u00bb][\/vc_column][\/vc_row][\/vc_section]<\/p>\n<\/section>","protected":false},"excerpt":{"rendered":"<p>[vc_section full_width=\u00a0\u00bbstretch_row_content\u00a0\u00bb parallax=\u00a0\u00bbcontent-moving\u00a0\u00bb parallax_speed_bg=\u00a0\u00bb2.5&Prime; el_id=\u00a0\u00bbintro\u00a0\u00bb css=\u00a0\u00bb.vc_custom_1596635908694{background-image: url(\/wp-content\/uploads\/2020\/08\/BG-STARS.jpg?id=109) !important;}\u00a0\u00bb][vc_row el_id=\u00a0\u00bbiss\u00a0\u00bb css=\u00a0\u00bb.vc_custom_1596635068619{background-image: url(\/wp-content\/uploads\/2020\/08\/Moon.png?id=116) !important;}\u00a0\u00bb][vc_column][vc_single_image image=\u00a0\u00bb113&Prime; img_size=\u00a0\u00bbfull\u00a0\u00bb alignment=\u00a0\u00bbcenter\u00a0\u00bb el_class=\u00a0\u00bbno-space-img\u00a0\u00bb][\/vc_column][\/vc_row][\/vc_section][vc_section full_width=\u00a0\u00bbstretch_row\u00a0\u00bb el_id=\u00a0\u00bbblog-grid-wrap\u00a0\u00bb css=\u00a0\u00bb.vc_custom_1597044225681{background-image: url(\/wp-content\/uploads\/2020\/08\/BGpostGrid.jpg?id=1106) !important;}\u00a0\u00bb][vc_row el_id=\u00a0\u00bbblog-content-wrap\u00a0\u00bb][vc_column][vc_column_text] Retrouvez l\u2019actualit\u00e9 du digital<span class=\"excerpt-hellip\"> [\u2026]<\/span><\/p>\n","protected":false},"author":1,"featured_media":0,"parent":0,"menu_order":0,"comment_status":"closed","ping_status":"closed","template":"","meta":{"inline_featured_image":false,"footnotes":""},"yoast_head":"<!-- This site is optimized with the Yoast SEO plugin v21.5 - https:\/\/yoast.com\/wordpress\/plugins\/seo\/ -->\n<title>Sur notre Blog vous trouvez beaucoup d&#039;infos et de contenu utile<\/title>\n<meta name=\"description\" content=\"Voici notre Blog, vous y trouverez des choses dr\u00f4les et utiles, mais ne vous perdez pas ou vous ne retrouverez peut-\u00eatre jamais la sortie,\" \/>\n<meta name=\"robots\" content=\"index, follow, max-snippet:-1, max-image-preview:large, max-video-preview:-1\" \/>\n<link rel=\"canonical\" href=\"https:\/\/done.lu\/fr\/blog\/\" \/>\n<meta property=\"og:locale\" content=\"fr_FR\" \/>\n<meta property=\"og:type\" content=\"article\" \/>\n<meta property=\"og:title\" content=\"Sur notre Blog vous trouvez beaucoup d&#039;infos et de contenu utile\" \/>\n<meta property=\"og:description\" content=\"Voici notre Blog, vous y trouverez des choses dr\u00f4les et utiles, mais ne vous perdez pas ou vous ne retrouverez peut-\u00eatre jamais la sortie,\" \/>\n<meta property=\"og:url\" content=\"https:\/\/done.lu\/fr\/blog\/\" \/>\n<meta property=\"og:site_name\" content=\"Done\" \/>\n<meta property=\"article:publisher\" content=\"https:\/\/www.facebook.com\/donesarl\" \/>\n<meta property=\"article:modified_time\" content=\"2021-04-28T14:34:20+00:00\" \/>\n<meta name=\"twitter:card\" content=\"summary_large_image\" \/>\n<meta name=\"twitter:site\" content=\"@DONElux\" \/>\n<meta name=\"twitter:label1\" content=\"Dur\u00e9e de lecture estim\u00e9e\" \/>\n\t<meta name=\"twitter:data1\" content=\"1 minute\" \/>\n<script type=\"application\/ld+json\" class=\"yoast-schema-graph\">{\"@context\":\"https:\/\/schema.org\",\"@graph\":[{\"@type\":\"WebPage\",\"@id\":\"https:\/\/done.lu\/fr\/blog\/\",\"url\":\"https:\/\/done.lu\/fr\/blog\/\",\"name\":\"Sur notre Blog vous trouvez beaucoup d'infos et de contenu utile\",\"isPartOf\":{\"@id\":\"https:\/\/done.lu\/#website\"},\"datePublished\":\"2020-08-05T13:21:57+00:00\",\"dateModified\":\"2021-04-28T14:34:20+00:00\",\"description\":\"Voici notre Blog, vous y trouverez des choses dr\u00f4les et utiles, mais ne vous perdez pas ou vous ne retrouverez peut-\u00eatre jamais la sortie,\",\"breadcrumb\":{\"@id\":\"https:\/\/done.lu\/fr\/blog\/#breadcrumb\"},\"inLanguage\":\"fr-FR\",\"potentialAction\":[{\"@type\":\"ReadAction\",\"target\":[\"https:\/\/done.lu\/fr\/blog\/\"]}]},{\"@type\":\"BreadcrumbList\",\"@id\":\"https:\/\/done.lu\/fr\/blog\/#breadcrumb\",\"itemListElement\":[{\"@type\":\"ListItem\",\"position\":1,\"name\":\"Home\",\"item\":\"https:\/\/done.lu\/fr\/\"},{\"@type\":\"ListItem\",\"position\":2,\"name\":\"Blog\"}]},{\"@type\":\"WebSite\",\"@id\":\"https:\/\/done.lu\/#website\",\"url\":\"https:\/\/done.lu\/\",\"name\":\"Done\",\"description\":\"\",\"publisher\":{\"@id\":\"https:\/\/done.lu\/#organization\"},\"potentialAction\":[{\"@type\":\"SearchAction\",\"target\":{\"@type\":\"EntryPoint\",\"urlTemplate\":\"https:\/\/done.lu\/?s={search_term_string}\"},\"query-input\":\"required name=search_term_string\"}],\"inLanguage\":\"fr-FR\"},{\"@type\":\"Organization\",\"@id\":\"https:\/\/done.lu\/#organization\",\"name\":\"Done SARL\",\"alternateName\":\"Done Website as a Service\",\"url\":\"https:\/\/done.lu\/\",\"logo\":{\"@type\":\"ImageObject\",\"inLanguage\":\"fr-FR\",\"@id\":\"https:\/\/done.lu\/#\/schema\/logo\/image\/\",\"url\":\"https:\/\/done.lu\/wp-content\/uploads\/2024\/07\/logo_done_rgb_neu.jpg\",\"contentUrl\":\"https:\/\/done.lu\/wp-content\/uploads\/2024\/07\/logo_done_rgb_neu.jpg\",\"width\":945,\"height\":377,\"caption\":\"Done SARL\"},\"image\":{\"@id\":\"https:\/\/done.lu\/#\/schema\/logo\/image\/\"},\"sameAs\":[\"https:\/\/www.facebook.com\/donesarl\",\"https:\/\/twitter.com\/DONElux\",\"https:\/\/www.instagram.com\/done.lu\/\",\"https:\/\/www.linkedin.com\/company\/donelux\/\"]}]}<\/script>\n<!-- \/ Yoast SEO plugin. -->","yoast_head_json":{"title":"Sur notre Blog vous trouvez beaucoup d'infos et de contenu utile","description":"Voici notre Blog, vous y trouverez des choses dr\u00f4les et utiles, mais ne vous perdez pas ou vous ne retrouverez peut-\u00eatre jamais la sortie,","robots":{"index":"index","follow":"follow","max-snippet":"max-snippet:-1","max-image-preview":"max-image-preview:large","max-video-preview":"max-video-preview:-1"},"canonical":"https:\/\/done.lu\/fr\/blog\/","og_locale":"fr_FR","og_type":"article","og_title":"Sur notre Blog vous trouvez beaucoup d'infos et de contenu utile","og_description":"Voici notre Blog, vous y trouverez des choses dr\u00f4les et utiles, mais ne vous perdez pas ou vous ne retrouverez peut-\u00eatre jamais la sortie,","og_url":"https:\/\/done.lu\/fr\/blog\/","og_site_name":"Done","article_publisher":"https:\/\/www.facebook.com\/donesarl","article_modified_time":"2021-04-28T14:34:20+00:00","twitter_card":"summary_large_image","twitter_site":"@DONElux","twitter_misc":{"Dur\u00e9e de lecture estim\u00e9e":"1 minute"},"schema":{"@context":"https:\/\/schema.org","@graph":[{"@type":"WebPage","@id":"https:\/\/done.lu\/fr\/blog\/","url":"https:\/\/done.lu\/fr\/blog\/","name":"Sur notre Blog vous trouvez beaucoup d'infos et de contenu utile","isPartOf":{"@id":"https:\/\/done.lu\/#website"},"datePublished":"2020-08-05T13:21:57+00:00","dateModified":"2021-04-28T14:34:20+00:00","description":"Voici notre Blog, vous y trouverez des choses dr\u00f4les et utiles, mais ne vous perdez pas ou vous ne retrouverez peut-\u00eatre jamais la sortie,","breadcrumb":{"@id":"https:\/\/done.lu\/fr\/blog\/#breadcrumb"},"inLanguage":"fr-FR","potentialAction":[{"@type":"ReadAction","target":["https:\/\/done.lu\/fr\/blog\/"]}]},{"@type":"BreadcrumbList","@id":"https:\/\/done.lu\/fr\/blog\/#breadcrumb","itemListElement":[{"@type":"ListItem","position":1,"name":"Home","item":"https:\/\/done.lu\/fr\/"},{"@type":"ListItem","position":2,"name":"Blog"}]},{"@type":"WebSite","@id":"https:\/\/done.lu\/#website","url":"https:\/\/done.lu\/","name":"Done","description":"","publisher":{"@id":"https:\/\/done.lu\/#organization"},"potentialAction":[{"@type":"SearchAction","target":{"@type":"EntryPoint","urlTemplate":"https:\/\/done.lu\/?s={search_term_string}"},"query-input":"required name=search_term_string"}],"inLanguage":"fr-FR"},{"@type":"Organization","@id":"https:\/\/done.lu\/#organization","name":"Done SARL","alternateName":"Done Website as a Service","url":"https:\/\/done.lu\/","logo":{"@type":"ImageObject","inLanguage":"fr-FR","@id":"https:\/\/done.lu\/#\/schema\/logo\/image\/","url":"https:\/\/done.lu\/wp-content\/uploads\/2024\/07\/logo_done_rgb_neu.jpg","contentUrl":"https:\/\/done.lu\/wp-content\/uploads\/2024\/07\/logo_done_rgb_neu.jpg","width":945,"height":377,"caption":"Done SARL"},"image":{"@id":"https:\/\/done.lu\/#\/schema\/logo\/image\/"},"sameAs":["https:\/\/www.facebook.com\/donesarl","https:\/\/twitter.com\/DONElux","https:\/\/www.instagram.com\/done.lu\/","https:\/\/www.linkedin.com\/company\/donelux\/"]}]}},"_links":{"self":[{"href":"https:\/\/done.lu\/fr\/wp-json\/wp\/v2\/pages\/5398"}],"collection":[{"href":"https:\/\/done.lu\/fr\/wp-json\/wp\/v2\/pages"}],"about":[{"href":"https:\/\/done.lu\/fr\/wp-json\/wp\/v2\/types\/page"}],"author":[{"embeddable":true,"href":"https:\/\/done.lu\/fr\/wp-json\/wp\/v2\/users\/1"}],"replies":[{"embeddable":true,"href":"https:\/\/done.lu\/fr\/wp-json\/wp\/v2\/comments?post=5398"}],"version-history":[{"count":6,"href":"https:\/\/done.lu\/fr\/wp-json\/wp\/v2\/pages\/5398\/revisions"}],"predecessor-version":[{"id":9596,"href":"https:\/\/done.lu\/fr\/wp-json\/wp\/v2\/pages\/5398\/revisions\/9596"}],"wp:attachment":[{"href":"https:\/\/done.lu\/fr\/wp-json\/wp\/v2\/media?parent=5398"}],"curies":[{"name":"wp","href":"https:\/\/api.w.org\/{rel}","templated":true}]}}