{"id":12337,"date":"2025-04-01T19:29:32","date_gmt":"2025-04-01T17:29:32","guid":{"rendered":"https:\/\/done.lu\/advertising-pack-10e-per-day\/"},"modified":"2025-04-15T16:35:13","modified_gmt":"2025-04-15T14:35:13","slug":"pack-publicitaire-10e-par-jour","status":"publish","type":"page","link":"https:\/\/done.lu\/fr\/pack-publicitaire-10e-par-jour\/","title":{"rendered":"Pack publicitaire 10\u20ac par jour"},"content":{"rendered":"<section class=\"wpb-content-wrapper\"><p>[vc_section full_width=\u00a0\u00bbstretch_row_content\u00a0\u00bb el_id=\u00a0\u00bbcustom-header\u00a0\u00bb css=\u00a0\u00bb.vc_custom_1743519154120{padding-top: 0px !important;background-color: #282624 !important;}\u00a0\u00bb][vc_row full_width=\u00a0\u00bbstretch_row_content\u00a0\u00bb equal_height=\u00a0\u00bbyes\u00a0\u00bb content_placement=\u00a0\u00bbmiddle\u00a0\u00bb css=\u00a0\u00bb.vc_custom_1743519167169{margin-top: 25px !important;}\u00a0\u00bb][vc_column width=\u00a0\u00bb1\/2&Prime;][vc_single_image image=\u00a0\u00bb5368&Prime; img_size=\u00a0\u00bbfull\u00a0\u00bb css=\u00a0\u00bb.vc_custom_1743519077613{margin-left: 50px !important;padding-bottom: 15px !important;}\u00a0\u00bb][\/vc_column][vc_column width=\u00a0\u00bb1\/4&Prime;][\/vc_column][vc_column width=\u00a0\u00bb2\/12&Prime;][vc_column_text el_class=\u00a0\u00bbmenu-items\u00a0\u00bb css=\u00a0\u00bb.vc_custom_1744652481457{margin-right: 100px !important;padding-bottom: 50px !important;}\u00a0\u00bb]<\/p>\n<p style=\"text-align: right;\"><a href=\"https:\/\/done.lu\/fr\/contact\/\">contact<\/a><\/p>\n<p>[\/vc_column_text][\/vc_column][vc_column width=\u00a0\u00bb1\/12&Prime;][vc_column_text]\n<div\n\t class=\"wpml-ls-sidebars- wpml-ls wpml-ls-legacy-dropdown js-wpml-ls-legacy-dropdown\">\n\t<ul>\n\n\t\t<li tabindex=\"0\" class=\"wpml-ls-slot- wpml-ls-item wpml-ls-item-fr wpml-ls-current-language wpml-ls-item-legacy-dropdown\">\n\t\t\t<a href=\"#\" class=\"js-wpml-ls-item-toggle wpml-ls-item-toggle\">\n                                                    <img\n            class=\"wpml-ls-flag\"\n            src=\"https:\/\/done.lu\/wp-content\/plugins\/sitepress-multilingual-cms\/res\/flags\/fr.png\"\n            alt=\"\"\n            width=18\n            height=12\n    \/><span class=\"wpml-ls-native\">Fran\u00e7ais<\/span><\/a>\n\n\t\t\t<ul class=\"wpml-ls-sub-menu\">\n\t\t\t\t\n\t\t\t\t\t<li class=\"wpml-ls-slot- wpml-ls-item wpml-ls-item-en wpml-ls-first-item\">\n\t\t\t\t\t\t<a href=\"https:\/\/done.lu\" class=\"wpml-ls-link\">\n                                                                <img\n            class=\"wpml-ls-flag\"\n            src=\"https:\/\/done.lu\/wp-content\/plugins\/sitepress-multilingual-cms\/res\/flags\/en.png\"\n            alt=\"\"\n            width=18\n            height=12\n    \/><span class=\"wpml-ls-display\">Anglais<\/span><\/a>\n\t\t\t\t\t<\/li>\n\n\t\t\t\t\n\t\t\t\t\t<li class=\"wpml-ls-slot- wpml-ls-item wpml-ls-item-de wpml-ls-last-item\">\n\t\t\t\t\t\t<a href=\"https:\/\/done.lu\/de\/\" class=\"wpml-ls-link\">\n                                                                <img\n            class=\"wpml-ls-flag\"\n            src=\"https:\/\/done.lu\/wp-content\/plugins\/sitepress-multilingual-cms\/res\/flags\/de.png\"\n            alt=\"\"\n            width=18\n            height=12\n    \/><span class=\"wpml-ls-display\">Allemand<\/span><\/a>\n\t\t\t\t\t<\/li>\n\n\t\t\t\t\t\t\t<\/ul>\n\n\t\t<\/li>\n\n\t<\/ul>\n<\/div>\n[\/vc_column_text][\/vc_column][\/vc_row][\/vc_section][vc_section full_width=\u00a0\u00bbstretch_row_content\u00a0\u00bb full_height=\u00a0\u00bbyes\u00a0\u00bb content_placement=\u00a0\u00bbmiddle\u00a0\u00bb el_id=\u00a0\u00bbintro\u00a0\u00bb css=\u00a0\u00bb.vc_custom_1743528689180{background-image: url(https:\/\/done.lu\/wp-content\/uploads\/2025\/04\/Mask-Group-115.jpg?id=12284) !important;}\u00a0\u00bb][vc_row full_width=\u00a0\u00bbstretch_row_content_no_spaces\u00a0\u00bb full_height=\u00a0\u00bbyes\u00a0\u00bb content_placement=\u00a0\u00bbmiddle\u00a0\u00bb][vc_column width=\u00a0\u00bb1\/5&Prime; css=\u00a0\u00bb.vc_custom_1743529184386{background-color: #282624 !important;}\u00a0\u00bb][vc_column_text css=\u00a0\u00bb.vc_custom_1744652499500{margin-left: 30px !important;}\u00a0\u00bb el_class=\u00a0\u00bbcontent-white-big\u00a0\u00bb]<\/p>\n<h1 style=\"color: white;\">Pack publicit\u00e9<\/h1>\n<h1><strong style=\"color: white;\">10\u20ac par jour<\/strong><\/h1>\n<p>[\/vc_column_text][vc_btn title=\u00a0\u00bbR\u00c9UNION\u00a0\u00bb style=\u00a0\u00bbcustom\u00a0\u00bb custom_background=\u00a0\u00bb#282624 !important\u00a0\u00bb custom_text=\u00a0\u00bb#ffffff\u00a0\u00bb shape=\u00a0\u00bbround\u00a0\u00bb size=\u00a0\u00bblg\u00a0\u00bb align=\u00a0\u00bbcenter\u00a0\u00bb button_block=\u00a0\u00bbtrue\u00a0\u00bb link=\u00a0\u00bburl:https%3A%2F%2Fcalendar.app.google%2FnJFSs4rdp8Xj2Dgn9&Prime; el_class=\u00a0\u00bbmargin-top-30&Prime; css=\u00a0\u00bb.vc_custom_1744652525384{margin-bottom: 0px !important;border-bottom-width: 0px !important;padding-right: 25px !important;padding-bottom: 0px !important;padding-left: 25px !important;}\u00a0\u00bb][vc_btn title=\u00a0\u00bbCONTACT US\u00a0\u00bb style=\u00a0\u00bbcustom\u00a0\u00bb custom_background=\u00a0\u00bb#79ca30&Prime; custom_text=\u00a0\u00bb#ffffff\u00a0\u00bb shape=\u00a0\u00bbround\u00a0\u00bb size=\u00a0\u00bblg\u00a0\u00bb align=\u00a0\u00bbcenter\u00a0\u00bb button_block=\u00a0\u00bbtrue\u00a0\u00bb link=\u00a0\u00bburl:%2Ffr%2Fcontact\u00a0\u00bb el_class=\u00a0\u00bbmargin-top-30&Prime; css=\u00a0\u00bb.vc_custom_1744652639300{padding-right: 25px !important;padding-left: 25px !important;}\u00a0\u00bb][\/vc_column][\/vc_row][\/vc_section][vc_section full_width=\u00a0\u00bbstretch_row\u00a0\u00bb css=\u00a0\u00bb.vc_custom_1743523478457{padding-bottom: 50px !important;background-color: #282624 !important;}\u00a0\u00bb][vc_row css=\u00a0\u00bb.vc_custom_1743520297022{margin-top: 50px !important;}\u00a0\u00bb][vc_column width=\u00a0\u00bb1\/6&Prime;][\/vc_column][vc_column width=\u00a0\u00bb2\/3&Prime;][vc_column_text]<\/p>\n<h2 style=\"text-align: center;\">Le Pack Publicitaire 10\u20ac par jour<\/h2>\n<p>[\/vc_column_text][vc_column_text el_class=\u00a0\u00bbcontent-white\u00a0\u00bb]<\/p>\n<h4 style=\"text-align: center; color: white;\">Offre Sp\u00e9ciale \u2013 done.lu f\u00eate ses 10 ans !<\/h4>\n<p>[\/vc_column_text][vc_column_text el_class=\u00a0\u00bbcontent-white\u00a0\u00bb]Pour c\u00e9l\u00e9brer notre <span style=\"color: #79ca30;\">10\u00e8me anniversaire<\/span>, nous lan\u00e7ons une <span style=\"color: #79ca30;\">offre exclusive<\/span> : des campagnes publicitaires en ligne g\u00e9r\u00e9es par des experts pour seulement <span style=\"color: #79ca30;\">10\u20ac par jour !<\/span> Une opportunit\u00e9 id\u00e9ale pour tester la publicit\u00e9 digitale avec un budget ma\u00eetris\u00e9 tout en profitant de notre d\u00e9cennie d\u2019exp\u00e9rience.[\/vc_column_text][\/vc_column][vc_column width=\u00a0\u00bb1\/6&Prime;][\/vc_column][\/vc_row][vc_row el_class=\u00a0\u00bbmargin-top-100&Prime;][vc_column width=\u00a0\u00bb1\/6&Prime;][\/vc_column][vc_column width=\u00a0\u00bb2\/3&Prime;][vc_column_text]<\/p>\n<h2 style=\"text-align: center;\">Comment \u00e7a fonctionne ?<\/h2>\n<p>[\/vc_column_text][\/vc_column][vc_column width=\u00a0\u00bb1\/6&Prime;][\/vc_column][\/vc_row][vc_row css=\u00a0\u00bb.vc_custom_1743522365540{margin-top: 25px !important;}\u00a0\u00bb][vc_column width=\u00a0\u00bb1\/5&Prime;][vc_single_image image=\u00a0\u00bb12290&Prime; img_size=\u00a0\u00bbfull\u00a0\u00bb alignment=\u00a0\u00bbcenter\u00a0\u00bb css=\u00a0\u00bb.vc_custom_1743529447027{margin-bottom: 0px !important;border-bottom-width: 0px !important;padding-bottom: 0px !important;}\u00a0\u00bb][vc_column_text]<\/p>\n<h4 style=\"text-align: center;\">Budget publicitaire<\/h4>\n<p>[\/vc_column_text][vc_column_text el_class=\u00a0\u00bbcontent-white\u00a0\u00bb]<\/p>\n<p style=\"text-align: center;\">10\u20ac\/jour enti\u00e8rement g\u00e9r\u00e9 par nos soins<\/p>\n<p>[\/vc_column_text][\/vc_column][vc_column width=\u00a0\u00bb1\/5&Prime;][vc_single_image image=\u00a0\u00bb12293&Prime; img_size=\u00a0\u00bbfull\u00a0\u00bb alignment=\u00a0\u00bbcenter\u00a0\u00bb css=\u00a0\u00bb.vc_custom_1743529453186{margin-bottom: 0px !important;border-bottom-width: 0px !important;padding-bottom: 0px !important;}\u00a0\u00bb][vc_column_text]<\/p>\n<h4 style=\"text-align: center;\">Mise en place par un expert<\/h4>\n<p>[\/vc_column_text][vc_column_text el_class=\u00a0\u00bbcontent-white\u00a0\u00bb]<\/p>\n<p style=\"text-align: center;\">1 heure d\u2019installation le premier mois (105\u20ac)<\/p>\n<p>[\/vc_column_text][\/vc_column][vc_column width=\u00a0\u00bb1\/5&Prime;][vc_single_image image=\u00a0\u00bb12296&Prime; img_size=\u00a0\u00bbfull\u00a0\u00bb alignment=\u00a0\u00bbcenter\u00a0\u00bb css=\u00a0\u00bb.vc_custom_1743529464668{margin-bottom: 0px !important;border-bottom-width: 0px !important;padding-bottom: 0px !important;}\u00a0\u00bb][vc_column_text]<\/p>\n<h4 style=\"text-align: center;\">Optimisation continue<\/h4>\n<p>[\/vc_column_text][vc_column_text el_class=\u00a0\u00bbcontent-white\u00a0\u00bb]<\/p>\n<p style=\"text-align: center;\">1 heure de suivi chaque mois (105\u20ac\/mois)<\/p>\n<p>[\/vc_column_text][\/vc_column][vc_column width=\u00a0\u00bb1\/5&Prime;][vc_single_image image=\u00a0\u00bb12299&Prime; img_size=\u00a0\u00bbfull\u00a0\u00bb alignment=\u00a0\u00bbcenter\u00a0\u00bb css=\u00a0\u00bb.vc_custom_1743529487556{margin-bottom: 0px !important;border-bottom-width: 0px !important;padding-bottom: 0px !important;}\u00a0\u00bb][vc_column_text]<\/p>\n<h4 style=\"text-align: center;\">Un canal publicitaire au choix<\/h4>\n<p>[\/vc_column_text][vc_column_text el_class=\u00a0\u00bbcontent-white\u00a0\u00bb]<\/p>\n<p style=\"text-align: center;\">Google Ads, Facebook Ads ou autre<\/p>\n<p>[\/vc_column_text][\/vc_column][vc_column width=\u00a0\u00bb1\/5&Prime;][vc_single_image image=\u00a0\u00bb12287&Prime; img_size=\u00a0\u00bbfull\u00a0\u00bb alignment=\u00a0\u00bbcenter\u00a0\u00bb css=\u00a0\u00bb.vc_custom_1743529498725{margin-bottom: 0px !important;border-bottom-width: 0px !important;padding-bottom: 0px !important;}\u00a0\u00bb][vc_column_text]<\/p>\n<h4 style=\"text-align: center;\">Budget optimis\u00e9<\/h4>\n<p>[\/vc_column_text][vc_column_text el_class=\u00a0\u00bbcontent-white\u00a0\u00bb]<\/p>\n<p style=\"text-align: center;\">Nous nous assurons que chaque euro est utilis\u00e9 efficacement<\/p>\n<p>[\/vc_column_text][\/vc_column][\/vc_row][vc_row full_width=\u00a0\u00bbstretch_row_content_no_spaces\u00a0\u00bb el_class=\u00a0\u00bbmargin-top-100&Prime; css=\u00a0\u00bb.vc_custom_1743530148163{background-color: #79ca30 !important;}\u00a0\u00bb][vc_column width=\u00a0\u00bb1\/6&Prime;][\/vc_column][vc_column width=\u00a0\u00bb2\/3&Prime;][vc_column_text css=\u00a0\u00bb.vc_custom_1744652785466{margin-bottom: 0px !important;border-bottom-width: 0px !important;padding-bottom: 0px !important;}\u00a0\u00bb]<\/p>\n<h2 style=\"text-align: center; color: white;\">Id\u00e9al pour<\/h2>\n<p>[\/vc_column_text][vc_column_text el_class=\u00a0\u00bbcontent-white\u00a0\u00bb]<\/p>\n<p style=\"text-align: center;\">Petites entreprises, startups et entrepreneurs souhaitant se lancer dans la publicit\u00e9 en ligne.<\/p>\n<p>[\/vc_column_text][\/vc_column][vc_column width=\u00a0\u00bb1\/6&Prime;][\/vc_column][\/vc_row][vc_row el_class=\u00a0\u00bbmargin-top-50&Prime;][vc_column width=\u00a0\u00bb1\/6&Prime;][\/vc_column][vc_column width=\u00a0\u00bb2\/3&Prime;][vc_column_text]<\/p>\n<h2 style=\"text-align: center;\">Tarifs Sp\u00e9ciaux Anniversaire<\/h2>\n<p>[\/vc_column_text][vc_single_image image=\u00a0\u00bb12318&Prime; img_size=\u00a0\u00bbfull\u00a0\u00bb alignment=\u00a0\u00bbcenter\u00a0\u00bb][vc_column_text]<\/p>\n<h4 style=\"text-align: center;\">405\u20ac*\/mois ( Publicit\u00e9 + gestion)<\/h4>\n<p>[\/vc_column_text][vc_column_text el_class=\u00a0\u00bbcontent-white\u00a0\u00bb]<\/p>\n<p style=\"text-align: center;\">Une opportunit\u00e9 unique de travailler avec des experts \u00e0 un prix imbattable ! Pr\u00eat \u00e0 booster votre activit\u00e9 ? Lancez-vous d\u00e8s aujourd\u2019hui !<\/p>\n<p>[\/vc_column_text][vc_btn title=\u00a0\u00bbD\u00c9MARREZ MAINTENANT\u00a0\u00bb style=\u00a0\u00bbcustom\u00a0\u00bb custom_background=\u00a0\u00bb#79ca30&Prime; custom_text=\u00a0\u00bb#ffffff\u00a0\u00bb shape=\u00a0\u00bbround\u00a0\u00bb size=\u00a0\u00bblg\u00a0\u00bb align=\u00a0\u00bbcenter\u00a0\u00bb link=\u00a0\u00bburl:https%3A%2F%2Fcalendar.app.google%2FnJFSs4rdp8Xj2Dgn9&Prime; el_class=\u00a0\u00bbmargin-top-30&Prime;][\/vc_column][vc_column width=\u00a0\u00bb1\/6&Prime;][\/vc_column][\/vc_row][vc_row][vc_column width=\u00a0\u00bb1\/6&Prime;][\/vc_column][vc_column width=\u00a0\u00bb2\/3&Prime;][vc_column_text]<\/p>\n<h2 style=\"text-align: center;\">Section client satisfait:<\/h2>\n<p>[\/vc_column_text][\/vc_column][vc_column width=\u00a0\u00bb1\/6&Prime;][\/vc_column][\/vc_row][vc_row][vc_column width=\u00a0\u00bb1\/4&Prime;][vc_single_image image=\u00a0\u00bb12253&Prime; img_size=\u00a0\u00bbfull\u00a0\u00bb alignment=\u00a0\u00bbcenter\u00a0\u00bb][\/vc_column][vc_column width=\u00a0\u00bb1\/4&Prime;][vc_single_image image=\u00a0\u00bb12250&Prime; img_size=\u00a0\u00bbfull\u00a0\u00bb alignment=\u00a0\u00bbcenter\u00a0\u00bb][\/vc_column][vc_column width=\u00a0\u00bb1\/4&Prime;][vc_single_image image=\u00a0\u00bb12244&Prime; img_size=\u00a0\u00bbfull\u00a0\u00bb alignment=\u00a0\u00bbcenter\u00a0\u00bb][\/vc_column][vc_column width=\u00a0\u00bb1\/4&Prime;][vc_single_image image=\u00a0\u00bb12247&Prime; img_size=\u00a0\u00bbfull\u00a0\u00bb alignment=\u00a0\u00bbcenter\u00a0\u00bb][\/vc_column][\/vc_row][vc_row][vc_column width=\u00a0\u00bb1\/4&Prime;][vc_single_image image=\u00a0\u00bb12256&Prime; img_size=\u00a0\u00bbfull\u00a0\u00bb alignment=\u00a0\u00bbcenter\u00a0\u00bb][\/vc_column][vc_column width=\u00a0\u00bb1\/4&Prime;][vc_single_image image=\u00a0\u00bb12259&Prime; img_size=\u00a0\u00bbfull\u00a0\u00bb alignment=\u00a0\u00bbcenter\u00a0\u00bb][\/vc_column][vc_column width=\u00a0\u00bb1\/4&Prime;][vc_single_image image=\u00a0\u00bb12238&Prime; img_size=\u00a0\u00bbfull\u00a0\u00bb alignment=\u00a0\u00bbcenter\u00a0\u00bb][\/vc_column][vc_column width=\u00a0\u00bb1\/4&Prime;][vc_single_image image=\u00a0\u00bb12241&Prime; img_size=\u00a0\u00bbfull\u00a0\u00bb alignment=\u00a0\u00bbcenter\u00a0\u00bb][\/vc_column][\/vc_row][\/vc_section]<\/p>\n<\/section>","protected":false},"excerpt":{"rendered":"<p>[vc_section full_width=\u00a0\u00bbstretch_row_content\u00a0\u00bb el_id=\u00a0\u00bbcustom-header\u00a0\u00bb css=\u00a0\u00bb.vc_custom_1743519154120{padding-top: 0px !important;background-color: #282624 !important;}\u00a0\u00bb][vc_row full_width=\u00a0\u00bbstretch_row_content\u00a0\u00bb equal_height=\u00a0\u00bbyes\u00a0\u00bb content_placement=\u00a0\u00bbmiddle\u00a0\u00bb css=\u00a0\u00bb.vc_custom_1743519167169{margin-top: 25px !important;}\u00a0\u00bb][vc_column width=\u00a0\u00bb1\/2&Prime;][vc_single_image image=\u00a0\u00bb5368&Prime; img_size=\u00a0\u00bbfull\u00a0\u00bb css=\u00a0\u00bb.vc_custom_1743519077613{margin-left: 50px !important;padding-bottom: 15px !important;}\u00a0\u00bb][\/vc_column][vc_column width=\u00a0\u00bb1\/4&Prime;][\/vc_column][vc_column width=\u00a0\u00bb2\/12&Prime;][vc_column_text el_class=\u00a0\u00bbmenu-items\u00a0\u00bb css=\u00a0\u00bb.vc_custom_1744652481457{margin-right:<span class=\"excerpt-hellip\"> [\u2026]<\/span><\/p>\n","protected":false},"author":1,"featured_media":0,"parent":0,"menu_order":0,"comment_status":"closed","ping_status":"closed","template":"","meta":{"inline_featured_image":false,"footnotes":""},"yoast_head":"<!-- This site is optimized with the Yoast SEO plugin v21.5 - https:\/\/yoast.com\/wordpress\/plugins\/seo\/ -->\n<title>Pack publicitaire 10\u20ac par jour - Done<\/title>\n<meta name=\"robots\" content=\"index, follow, max-snippet:-1, max-image-preview:large, max-video-preview:-1\" \/>\n<link rel=\"canonical\" href=\"https:\/\/done.lu\/fr\/pack-publicitaire-10e-par-jour\/\" \/>\n<meta property=\"og:locale\" content=\"fr_FR\" \/>\n<meta property=\"og:type\" content=\"article\" \/>\n<meta property=\"og:title\" content=\"Pack publicitaire 10\u20ac par jour - Done\" \/>\n<meta property=\"og:description\" content=\"[vc_section full_width=\u00a0\u00bbstretch_row_content\u00a0\u00bb el_id=\u00a0\u00bbcustom-header\u00a0\u00bb css=\u00a0\u00bb.vc_custom_1743519154120{padding-top: 0px !important;background-color: #282624 !important;}\u00a0\u00bb][vc_row full_width=\u00a0\u00bbstretch_row_content\u00a0\u00bb equal_height=\u00a0\u00bbyes\u00a0\u00bb content_placement=\u00a0\u00bbmiddle\u00a0\u00bb css=\u00a0\u00bb.vc_custom_1743519167169{margin-top: 25px !important;}\u00a0\u00bb][vc_column width=\u00a0\u00bb1\/2&Prime;][vc_single_image image=\u00a0\u00bb5368&Prime; img_size=\u00a0\u00bbfull\u00a0\u00bb css=\u00a0\u00bb.vc_custom_1743519077613{margin-left: 50px !important;padding-bottom: 15px !important;}\u00a0\u00bb][\/vc_column][vc_column width=\u00a0\u00bb1\/4&Prime;][\/vc_column][vc_column width=\u00a0\u00bb2\/12&Prime;][vc_column_text el_class=\u00a0\u00bbmenu-items\u00a0\u00bb css=\u00a0\u00bb.vc_custom_1744652481457{margin-right: [\u2026]\" \/>\n<meta property=\"og:url\" content=\"https:\/\/done.lu\/fr\/pack-publicitaire-10e-par-jour\/\" \/>\n<meta property=\"og:site_name\" content=\"Done\" \/>\n<meta property=\"article:publisher\" content=\"https:\/\/www.facebook.com\/donesarl\" \/>\n<meta property=\"article:modified_time\" content=\"2025-04-15T14:35:13+00:00\" \/>\n<meta name=\"twitter:card\" content=\"summary_large_image\" \/>\n<meta name=\"twitter:site\" content=\"@DONElux\" \/>\n<meta name=\"twitter:label1\" content=\"Dur\u00e9e de lecture estim\u00e9e\" \/>\n\t<meta name=\"twitter:data1\" content=\"2 minutes\" \/>\n<script type=\"application\/ld+json\" class=\"yoast-schema-graph\">{\"@context\":\"https:\/\/schema.org\",\"@graph\":[{\"@type\":\"WebPage\",\"@id\":\"https:\/\/done.lu\/fr\/pack-publicitaire-10e-par-jour\/\",\"url\":\"https:\/\/done.lu\/fr\/pack-publicitaire-10e-par-jour\/\",\"name\":\"Pack publicitaire 10\u20ac par jour - Done\",\"isPartOf\":{\"@id\":\"https:\/\/done.lu\/#website\"},\"datePublished\":\"2025-04-01T17:29:32+00:00\",\"dateModified\":\"2025-04-15T14:35:13+00:00\",\"breadcrumb\":{\"@id\":\"https:\/\/done.lu\/fr\/pack-publicitaire-10e-par-jour\/#breadcrumb\"},\"inLanguage\":\"fr-FR\",\"potentialAction\":[{\"@type\":\"ReadAction\",\"target\":[\"https:\/\/done.lu\/fr\/pack-publicitaire-10e-par-jour\/\"]}]},{\"@type\":\"BreadcrumbList\",\"@id\":\"https:\/\/done.lu\/fr\/pack-publicitaire-10e-par-jour\/#breadcrumb\",\"itemListElement\":[{\"@type\":\"ListItem\",\"position\":1,\"name\":\"Home\",\"item\":\"https:\/\/done.lu\/fr\/\"},{\"@type\":\"ListItem\",\"position\":2,\"name\":\"Pack publicitaire 10\u20ac par jour\"}]},{\"@type\":\"WebSite\",\"@id\":\"https:\/\/done.lu\/#website\",\"url\":\"https:\/\/done.lu\/\",\"name\":\"Done\",\"description\":\"\",\"publisher\":{\"@id\":\"https:\/\/done.lu\/#organization\"},\"potentialAction\":[{\"@type\":\"SearchAction\",\"target\":{\"@type\":\"EntryPoint\",\"urlTemplate\":\"https:\/\/done.lu\/?s={search_term_string}\"},\"query-input\":\"required name=search_term_string\"}],\"inLanguage\":\"fr-FR\"},{\"@type\":\"Organization\",\"@id\":\"https:\/\/done.lu\/#organization\",\"name\":\"Done SARL\",\"alternateName\":\"Done Website as a Service\",\"url\":\"https:\/\/done.lu\/\",\"logo\":{\"@type\":\"ImageObject\",\"inLanguage\":\"fr-FR\",\"@id\":\"https:\/\/done.lu\/#\/schema\/logo\/image\/\",\"url\":\"https:\/\/done.lu\/wp-content\/uploads\/2024\/07\/logo_done_rgb_neu.jpg\",\"contentUrl\":\"https:\/\/done.lu\/wp-content\/uploads\/2024\/07\/logo_done_rgb_neu.jpg\",\"width\":945,\"height\":377,\"caption\":\"Done SARL\"},\"image\":{\"@id\":\"https:\/\/done.lu\/#\/schema\/logo\/image\/\"},\"sameAs\":[\"https:\/\/www.facebook.com\/donesarl\",\"https:\/\/twitter.com\/DONElux\",\"https:\/\/www.instagram.com\/done.lu\/\",\"https:\/\/www.linkedin.com\/company\/donelux\/\"]}]}<\/script>\n<!-- \/ Yoast SEO plugin. -->","yoast_head_json":{"title":"Pack publicitaire 10\u20ac par jour - Done","robots":{"index":"index","follow":"follow","max-snippet":"max-snippet:-1","max-image-preview":"max-image-preview:large","max-video-preview":"max-video-preview:-1"},"canonical":"https:\/\/done.lu\/fr\/pack-publicitaire-10e-par-jour\/","og_locale":"fr_FR","og_type":"article","og_title":"Pack publicitaire 10\u20ac par jour - Done","og_description":"[vc_section full_width=\u00a0\u00bbstretch_row_content\u00a0\u00bb el_id=\u00a0\u00bbcustom-header\u00a0\u00bb css=\u00a0\u00bb.vc_custom_1743519154120{padding-top: 0px !important;background-color: #282624 !important;}\u00a0\u00bb][vc_row full_width=\u00a0\u00bbstretch_row_content\u00a0\u00bb equal_height=\u00a0\u00bbyes\u00a0\u00bb content_placement=\u00a0\u00bbmiddle\u00a0\u00bb css=\u00a0\u00bb.vc_custom_1743519167169{margin-top: 25px !important;}\u00a0\u00bb][vc_column width=\u00a0\u00bb1\/2&Prime;][vc_single_image image=\u00a0\u00bb5368&Prime; img_size=\u00a0\u00bbfull\u00a0\u00bb css=\u00a0\u00bb.vc_custom_1743519077613{margin-left: 50px !important;padding-bottom: 15px !important;}\u00a0\u00bb][\/vc_column][vc_column width=\u00a0\u00bb1\/4&Prime;][\/vc_column][vc_column width=\u00a0\u00bb2\/12&Prime;][vc_column_text el_class=\u00a0\u00bbmenu-items\u00a0\u00bb css=\u00a0\u00bb.vc_custom_1744652481457{margin-right: [\u2026]","og_url":"https:\/\/done.lu\/fr\/pack-publicitaire-10e-par-jour\/","og_site_name":"Done","article_publisher":"https:\/\/www.facebook.com\/donesarl","article_modified_time":"2025-04-15T14:35:13+00:00","twitter_card":"summary_large_image","twitter_site":"@DONElux","twitter_misc":{"Dur\u00e9e de lecture estim\u00e9e":"2 minutes"},"schema":{"@context":"https:\/\/schema.org","@graph":[{"@type":"WebPage","@id":"https:\/\/done.lu\/fr\/pack-publicitaire-10e-par-jour\/","url":"https:\/\/done.lu\/fr\/pack-publicitaire-10e-par-jour\/","name":"Pack publicitaire 10\u20ac par jour - Done","isPartOf":{"@id":"https:\/\/done.lu\/#website"},"datePublished":"2025-04-01T17:29:32+00:00","dateModified":"2025-04-15T14:35:13+00:00","breadcrumb":{"@id":"https:\/\/done.lu\/fr\/pack-publicitaire-10e-par-jour\/#breadcrumb"},"inLanguage":"fr-FR","potentialAction":[{"@type":"ReadAction","target":["https:\/\/done.lu\/fr\/pack-publicitaire-10e-par-jour\/"]}]},{"@type":"BreadcrumbList","@id":"https:\/\/done.lu\/fr\/pack-publicitaire-10e-par-jour\/#breadcrumb","itemListElement":[{"@type":"ListItem","position":1,"name":"Home","item":"https:\/\/done.lu\/fr\/"},{"@type":"ListItem","position":2,"name":"Pack publicitaire 10\u20ac par jour"}]},{"@type":"WebSite","@id":"https:\/\/done.lu\/#website","url":"https:\/\/done.lu\/","name":"Done","description":"","publisher":{"@id":"https:\/\/done.lu\/#organization"},"potentialAction":[{"@type":"SearchAction","target":{"@type":"EntryPoint","urlTemplate":"https:\/\/done.lu\/?s={search_term_string}"},"query-input":"required name=search_term_string"}],"inLanguage":"fr-FR"},{"@type":"Organization","@id":"https:\/\/done.lu\/#organization","name":"Done SARL","alternateName":"Done Website as a Service","url":"https:\/\/done.lu\/","logo":{"@type":"ImageObject","inLanguage":"fr-FR","@id":"https:\/\/done.lu\/#\/schema\/logo\/image\/","url":"https:\/\/done.lu\/wp-content\/uploads\/2024\/07\/logo_done_rgb_neu.jpg","contentUrl":"https:\/\/done.lu\/wp-content\/uploads\/2024\/07\/logo_done_rgb_neu.jpg","width":945,"height":377,"caption":"Done SARL"},"image":{"@id":"https:\/\/done.lu\/#\/schema\/logo\/image\/"},"sameAs":["https:\/\/www.facebook.com\/donesarl","https:\/\/twitter.com\/DONElux","https:\/\/www.instagram.com\/done.lu\/","https:\/\/www.linkedin.com\/company\/donelux\/"]}]}},"_links":{"self":[{"href":"https:\/\/done.lu\/fr\/wp-json\/wp\/v2\/pages\/12337"}],"collection":[{"href":"https:\/\/done.lu\/fr\/wp-json\/wp\/v2\/pages"}],"about":[{"href":"https:\/\/done.lu\/fr\/wp-json\/wp\/v2\/types\/page"}],"author":[{"embeddable":true,"href":"https:\/\/done.lu\/fr\/wp-json\/wp\/v2\/users\/1"}],"replies":[{"embeddable":true,"href":"https:\/\/done.lu\/fr\/wp-json\/wp\/v2\/comments?post=12337"}],"version-history":[{"count":3,"href":"https:\/\/done.lu\/fr\/wp-json\/wp\/v2\/pages\/12337\/revisions"}],"predecessor-version":[{"id":12372,"href":"https:\/\/done.lu\/fr\/wp-json\/wp\/v2\/pages\/12337\/revisions\/12372"}],"wp:attachment":[{"href":"https:\/\/done.lu\/fr\/wp-json\/wp\/v2\/media?parent=12337"}],"curies":[{"name":"wp","href":"https:\/\/api.w.org\/{rel}","templated":true}]}}