{"id":8218,"date":"2021-02-16T15:01:13","date_gmt":"2021-02-16T14:01:13","guid":{"rendered":"https:\/\/done.lu\/?page_id=8218"},"modified":"2025-07-07T19:14:19","modified_gmt":"2025-07-07T17:14:19","slug":"haftungsausschluss","status":"publish","type":"page","link":"https:\/\/done.lu\/de\/haftungsausschluss\/","title":{"rendered":"Haftungsausschluss"},"content":{"rendered":"<section class=\"wpb-content-wrapper\"><p>[vc_section full_width=&#8220;stretch_row_content&#8220; parallax=&#8220;content-moving&#8220; parallax_speed_bg=&#8220;2.5&#8243; el_id=&#8220;intro&#8220; css=&#8220;.vc_custom_1596635908694{background-image: url(\/wp-content\/uploads\/2020\/08\/BG-STARS.jpg?id=109) !important;}&#8220;][vc_row el_id=&#8220;iss&#8220; css=&#8220;.vc_custom_1596635068619{background-image: url(\/wp-content\/uploads\/2020\/08\/Moon.png?id=116) !important;}&#8220;][vc_column][vc_single_image image=&#8220;113&#8243; img_size=&#8220;full&#8220; alignment=&#8220;center&#8220; el_class=&#8220;no-space-img&#8220;][\/vc_column][\/vc_row][\/vc_section][vc_section full_width=&#8220;stretch_row&#8220; parallax=&#8220;content-moving&#8220; parallax_speed_bg=&#8220;2&#8243; css=&#8220;.vc_custom_1613482303958{background-image: url(\/wp-content\/uploads\/2021\/02\/PurpleStarsBG5000.jpg?id=7973) !important;}&#8220; el_id=&#8220;imprint-sec&#8220;][vc_row][vc_column][vc_column_text]<\/p>\n<h1 class=\"al-center\">Haftungsausschluss<\/h1>\n<p>Identifikation und Sitz des Website-Besitzers:<\/p>\n<p>Done SARL<br \/>\n22 rue de Luxembourg, L-8077 Bertrange, Luxembourg (Gro\u00dfherzogtum Luxemburg)<\/p>\n<p>UMSATZSTEUER-NR.: LU27317130<\/p>\n<p>Tel: +352 202 11 033<br \/>\nFax: +352 202 11 033 99<\/p>\n<p>E-Mail: you@done. lu<\/p>\n<p>Willkommen auf der Website www. done.lu. Lesen Sie diese Allgemeinen Gesch\u00e4ftsbedingungen sorgf\u00e4ltig durch. Sie enthalten die Regeln, die f\u00fcr den Zugang zum \u00f6ffentlichen Teil unserer Website (nicht registrierte Benutzer) gelten.<\/p>\n<p>Mit dem Besuch und der Nutzung unserer Website verpflichtet sich jeder Nutzer zur Einhaltung dieser Allgemeinen Gesch\u00e4ftsbedingungen und akzeptiert deren Verbindlichkeit.<\/p>\n<p>&nbsp;<\/p>\n<p>Geistiges Eigentum<\/p>\n<p>Der Inhalt der Website, einschlie\u00dflich Marken, Logos, grafische Elemente und Abbildungen, Daten, Produkt- und Firmennamen, Texte, Bilder usw., sind und bleiben ausschlie\u00dfliches Eigentum von Done SARL oder bestimmten Dritten, mit denen Done SARL Lizenz- oder Nutzungsvertr\u00e4ge abgeschlossen hat.<\/p>\n<p>&nbsp;<\/p>\n<p>Haftungsbeschr\u00e4nkung<\/p>\n<p>Die Informationen auf dieser Website sind allgemeiner Natur. Die Informationen sind nicht an bestimmte Situationen angepasst oder individualisiert und k\u00f6nnen daher keine pers\u00f6nliche oder rechtliche Beratung eines einzelnen Nutzers darstellen.<\/p>\n<p>Done SARL widmet dem Inhalt seiner Website die gr\u00f6\u00dftm\u00f6gliche Aufmerksamkeit und Sorgfalt. Diese Inhalte k\u00f6nnen jedoch ge\u00e4ndert werden, k\u00f6nnen jederzeit gel\u00f6scht werden und werden dem Nutzer ohne ausdr\u00fcckliche oder stillschweigende Garantien f\u00fcr ihre Richtigkeit zur Verf\u00fcgung gestellt.<\/p>\n<p>Done SARL ist nicht verantwortlich f\u00fcr direkte oder indirekte Sch\u00e4den, die durch die Nutzung der Inhalte ihrer Website entstehen. Wenn Sie Ungenauigkeiten in den auf unserer Website bereitgestellten Informationen feststellen, wenden Sie sich bitte an den Webmaster.<\/p>\n<p>Der Inhalt der Website (einschlie\u00dflich Hyperlinks) kann sich \u00e4ndern und kann jederzeit gel\u00f6scht werden.<\/p>\n<p>Die SARL kann weder das einwandfreie Funktionieren ihrer Website garantieren noch einen ununterbrochenen Zugang zu ihrer Website und zu Betriebsproblemen oder Zugangsproblemen, bei denen sie unter keinen Umst\u00e4nden direkt oder indirekt zu Sanktionen oder Entsch\u00e4digungen f\u00fchren kann.<\/p>\n<p>Done SARL \u00fcbernimmt keine Verantwortung f\u00fcr Fehler oder Auslassungen sowie f\u00fcr die Ergebnisse, die durch die Nutzung dieser oder einer anderen Website erzielt wurden.<\/p>\n<p>Die Website kann Links zu Websites enthalten, die nicht von Done SARL verwaltet, gehostet oder gepflegt werden. Das Vorhandensein von Links zu diesen Seiten bedeutet in keiner Weise die Zustimmung von Done SARL zu den Inhalten dieser Seiten. Done SARL ist in keiner Weise f\u00fcr den Inhalt oder andere Eigenschaften dieser Websites verantwortlich und kann nicht f\u00fcr diese Inhalte, Eigenschaften oder Sch\u00e4den jeglicher Art im Zusammenhang mit der Nutzung dieser Websites verantwortlich gemacht werden.<\/p>\n<p>&nbsp;<\/p>\n<p>Anwendbares Recht und zust\u00e4ndige Gerichte<\/p>\n<p>Diese allgemeinen Bedingungen werden in \u00dcbereinstimmung mit dem luxemburgischen Recht geregelt, ausgelegt und ausgef\u00fchrt, dem einzigen Recht, das im Falle einer Streitigkeit anzuwenden ist.<\/p>\n<p>Hinweis: Bei K\u00e4ufen aus dem Ausland wird der Kunde zum Importeur in seinem Land; er muss dann alle lokalen Steuern nach den in seinem Land geltenden Gesetzen zahlen.<\/p>\n<p>&nbsp;<\/p>\n<p>Die Verwendung von Cookies<\/p>\n<p>W\u00e4hrend Ihres Besuchs k\u00f6nnen Cookies auf der Festplatte Ihres Computers gespeichert werden, um den Service der Website f\u00fcr Benutzer bei zuk\u00fcnftigen Besuchen der Website zu verbessern. Diese kleinen Dateien oder Cookies werden nicht verwendet, um Ihr Online-Verhalten auf anderen Websites zu analysieren. Sie k\u00f6nnen die Verwendung von Cookies deaktivieren oder die Anzahl der Benachrichtigungen und Autorisierungsanfragen, die vor der Installation von Cookies gesendet werden, in Ihren Suchmaschineneinstellungen anpassen. Weitere Informationen finden Sie in der Hilfe Ihrer Suchmaschine.<\/p>\n<div id=\"gtx-trans\" style=\"position: absolute; left: -7px; top: 135.156px;\">\n<div class=\"gtx-trans-icon\"><\/div>\n<\/div>\n<p>[\/vc_column_text][\/vc_column][\/vc_row][\/vc_section]<\/p>\n<\/section>","protected":false},"excerpt":{"rendered":"<p>[vc_section full_width=&#8220;stretch_row_content&#8220; parallax=&#8220;content-moving&#8220; parallax_speed_bg=&#8220;2.5&#8243; el_id=&#8220;intro&#8220; css=&#8220;.vc_custom_1596635908694{background-image: url(\/wp-content\/uploads\/2020\/08\/BG-STARS.jpg?id=109) !important;}&#8220;][vc_row el_id=&#8220;iss&#8220; css=&#8220;.vc_custom_1596635068619{background-image: url(\/wp-content\/uploads\/2020\/08\/Moon.png?id=116) !important;}&#8220;][vc_column][vc_single_image image=&#8220;113&#8243; img_size=&#8220;full&#8220; alignment=&#8220;center&#8220; el_class=&#8220;no-space-img&#8220;][\/vc_column][\/vc_row][\/vc_section][vc_section full_width=&#8220;stretch_row&#8220; parallax=&#8220;content-moving&#8220; parallax_speed_bg=&#8220;2&#8243; css=&#8220;.vc_custom_1613482303958{background-image: url(\/wp-content\/uploads\/2021\/02\/PurpleStarsBG5000.jpg?id=7973) !important;}&#8220; el_id=&#8220;imprint-sec&#8220;][vc_row][vc_column][vc_column_text] Haftungsausschluss Identifikation und<span class=\"excerpt-hellip\"> [\u2026]<\/span><\/p>\n","protected":false},"author":1,"featured_media":0,"parent":0,"menu_order":0,"comment_status":"closed","ping_status":"closed","template":"","meta":{"inline_featured_image":false,"footnotes":""},"yoast_head":"<!-- This site is optimized with the Yoast SEO plugin v21.5 - https:\/\/yoast.com\/wordpress\/plugins\/seo\/ -->\n<title>Haftungsausschluss - Done<\/title>\n<meta name=\"robots\" content=\"index, follow, max-snippet:-1, max-image-preview:large, max-video-preview:-1\" \/>\n<link rel=\"canonical\" href=\"https:\/\/done.lu\/de\/haftungsausschluss\/\" \/>\n<meta property=\"og:locale\" content=\"de_DE\" \/>\n<meta property=\"og:type\" content=\"article\" \/>\n<meta property=\"og:title\" content=\"Haftungsausschluss - Done\" \/>\n<meta property=\"og:description\" content=\"[vc_section full_width=&#8220;stretch_row_content&#8220; parallax=&#8220;content-moving&#8220; parallax_speed_bg=&#8220;2.5&#8243; el_id=&#8220;intro&#8220; css=&#8220;.vc_custom_1596635908694{background-image: url(\/wp-content\/uploads\/2020\/08\/BG-STARS.jpg?id=109) !important;}&#8220;][vc_row el_id=&#8220;iss&#8220; css=&#8220;.vc_custom_1596635068619{background-image: url(\/wp-content\/uploads\/2020\/08\/Moon.png?id=116) !important;}&#8220;][vc_column][vc_single_image image=&#8220;113&#8243; img_size=&#8220;full&#8220; alignment=&#8220;center&#8220; el_class=&#8220;no-space-img&#8220;][\/vc_column][\/vc_row][\/vc_section][vc_section full_width=&#8220;stretch_row&#8220; parallax=&#8220;content-moving&#8220; parallax_speed_bg=&#8220;2&#8243; css=&#8220;.vc_custom_1613482303958{background-image: url(\/wp-content\/uploads\/2021\/02\/PurpleStarsBG5000.jpg?id=7973) !important;}&#8220; el_id=&#8220;imprint-sec&#8220;][vc_row][vc_column][vc_column_text] Haftungsausschluss Identifikation und [\u2026]\" \/>\n<meta property=\"og:url\" content=\"https:\/\/done.lu\/de\/haftungsausschluss\/\" \/>\n<meta property=\"og:site_name\" content=\"Done\" \/>\n<meta property=\"article:publisher\" content=\"https:\/\/www.facebook.com\/donesarl\" \/>\n<meta property=\"article:modified_time\" content=\"2025-07-07T17:14:19+00:00\" \/>\n<meta name=\"twitter:card\" content=\"summary_large_image\" \/>\n<meta name=\"twitter:site\" content=\"@DONElux\" \/>\n<meta name=\"twitter:label1\" content=\"Gesch\u00e4tzte Lesezeit\" \/>\n\t<meta name=\"twitter:data1\" content=\"3\u00a0Minuten\" \/>\n<script type=\"application\/ld+json\" class=\"yoast-schema-graph\">{\"@context\":\"https:\/\/schema.org\",\"@graph\":[{\"@type\":\"WebPage\",\"@id\":\"https:\/\/done.lu\/de\/haftungsausschluss\/\",\"url\":\"https:\/\/done.lu\/de\/haftungsausschluss\/\",\"name\":\"Haftungsausschluss - Done\",\"isPartOf\":{\"@id\":\"https:\/\/done.lu\/#website\"},\"datePublished\":\"2021-02-16T14:01:13+00:00\",\"dateModified\":\"2025-07-07T17:14:19+00:00\",\"breadcrumb\":{\"@id\":\"https:\/\/done.lu\/de\/haftungsausschluss\/#breadcrumb\"},\"inLanguage\":\"de\",\"potentialAction\":[{\"@type\":\"ReadAction\",\"target\":[\"https:\/\/done.lu\/de\/haftungsausschluss\/\"]}]},{\"@type\":\"BreadcrumbList\",\"@id\":\"https:\/\/done.lu\/de\/haftungsausschluss\/#breadcrumb\",\"itemListElement\":[{\"@type\":\"ListItem\",\"position\":1,\"name\":\"Home\",\"item\":\"https:\/\/done.lu\/de\/\"},{\"@type\":\"ListItem\",\"position\":2,\"name\":\"Haftungsausschluss\"}]},{\"@type\":\"WebSite\",\"@id\":\"https:\/\/done.lu\/#website\",\"url\":\"https:\/\/done.lu\/\",\"name\":\"Done\",\"description\":\"\",\"publisher\":{\"@id\":\"https:\/\/done.lu\/#organization\"},\"potentialAction\":[{\"@type\":\"SearchAction\",\"target\":{\"@type\":\"EntryPoint\",\"urlTemplate\":\"https:\/\/done.lu\/?s={search_term_string}\"},\"query-input\":\"required name=search_term_string\"}],\"inLanguage\":\"de\"},{\"@type\":\"Organization\",\"@id\":\"https:\/\/done.lu\/#organization\",\"name\":\"Done SARL\",\"alternateName\":\"Done Website as a Service\",\"url\":\"https:\/\/done.lu\/\",\"logo\":{\"@type\":\"ImageObject\",\"inLanguage\":\"de\",\"@id\":\"https:\/\/done.lu\/#\/schema\/logo\/image\/\",\"url\":\"https:\/\/done.lu\/wp-content\/uploads\/2024\/07\/logo_done_rgb_neu.jpg\",\"contentUrl\":\"https:\/\/done.lu\/wp-content\/uploads\/2024\/07\/logo_done_rgb_neu.jpg\",\"width\":945,\"height\":377,\"caption\":\"Done SARL\"},\"image\":{\"@id\":\"https:\/\/done.lu\/#\/schema\/logo\/image\/\"},\"sameAs\":[\"https:\/\/www.facebook.com\/donesarl\",\"https:\/\/twitter.com\/DONElux\",\"https:\/\/www.instagram.com\/done.lu\/\",\"https:\/\/www.linkedin.com\/company\/donelux\/\"]}]}<\/script>\n<!-- \/ Yoast SEO plugin. -->","yoast_head_json":{"title":"Haftungsausschluss - Done","robots":{"index":"index","follow":"follow","max-snippet":"max-snippet:-1","max-image-preview":"max-image-preview:large","max-video-preview":"max-video-preview:-1"},"canonical":"https:\/\/done.lu\/de\/haftungsausschluss\/","og_locale":"de_DE","og_type":"article","og_title":"Haftungsausschluss - Done","og_description":"[vc_section full_width=&#8220;stretch_row_content&#8220; parallax=&#8220;content-moving&#8220; parallax_speed_bg=&#8220;2.5&#8243; el_id=&#8220;intro&#8220; css=&#8220;.vc_custom_1596635908694{background-image: url(\/wp-content\/uploads\/2020\/08\/BG-STARS.jpg?id=109) !important;}&#8220;][vc_row el_id=&#8220;iss&#8220; css=&#8220;.vc_custom_1596635068619{background-image: url(\/wp-content\/uploads\/2020\/08\/Moon.png?id=116) !important;}&#8220;][vc_column][vc_single_image image=&#8220;113&#8243; img_size=&#8220;full&#8220; alignment=&#8220;center&#8220; el_class=&#8220;no-space-img&#8220;][\/vc_column][\/vc_row][\/vc_section][vc_section full_width=&#8220;stretch_row&#8220; parallax=&#8220;content-moving&#8220; parallax_speed_bg=&#8220;2&#8243; css=&#8220;.vc_custom_1613482303958{background-image: url(\/wp-content\/uploads\/2021\/02\/PurpleStarsBG5000.jpg?id=7973) !important;}&#8220; el_id=&#8220;imprint-sec&#8220;][vc_row][vc_column][vc_column_text] Haftungsausschluss Identifikation und [\u2026]","og_url":"https:\/\/done.lu\/de\/haftungsausschluss\/","og_site_name":"Done","article_publisher":"https:\/\/www.facebook.com\/donesarl","article_modified_time":"2025-07-07T17:14:19+00:00","twitter_card":"summary_large_image","twitter_site":"@DONElux","twitter_misc":{"Gesch\u00e4tzte Lesezeit":"3\u00a0Minuten"},"schema":{"@context":"https:\/\/schema.org","@graph":[{"@type":"WebPage","@id":"https:\/\/done.lu\/de\/haftungsausschluss\/","url":"https:\/\/done.lu\/de\/haftungsausschluss\/","name":"Haftungsausschluss - Done","isPartOf":{"@id":"https:\/\/done.lu\/#website"},"datePublished":"2021-02-16T14:01:13+00:00","dateModified":"2025-07-07T17:14:19+00:00","breadcrumb":{"@id":"https:\/\/done.lu\/de\/haftungsausschluss\/#breadcrumb"},"inLanguage":"de","potentialAction":[{"@type":"ReadAction","target":["https:\/\/done.lu\/de\/haftungsausschluss\/"]}]},{"@type":"BreadcrumbList","@id":"https:\/\/done.lu\/de\/haftungsausschluss\/#breadcrumb","itemListElement":[{"@type":"ListItem","position":1,"name":"Home","item":"https:\/\/done.lu\/de\/"},{"@type":"ListItem","position":2,"name":"Haftungsausschluss"}]},{"@type":"WebSite","@id":"https:\/\/done.lu\/#website","url":"https:\/\/done.lu\/","name":"Done","description":"","publisher":{"@id":"https:\/\/done.lu\/#organization"},"potentialAction":[{"@type":"SearchAction","target":{"@type":"EntryPoint","urlTemplate":"https:\/\/done.lu\/?s={search_term_string}"},"query-input":"required name=search_term_string"}],"inLanguage":"de"},{"@type":"Organization","@id":"https:\/\/done.lu\/#organization","name":"Done SARL","alternateName":"Done Website as a Service","url":"https:\/\/done.lu\/","logo":{"@type":"ImageObject","inLanguage":"de","@id":"https:\/\/done.lu\/#\/schema\/logo\/image\/","url":"https:\/\/done.lu\/wp-content\/uploads\/2024\/07\/logo_done_rgb_neu.jpg","contentUrl":"https:\/\/done.lu\/wp-content\/uploads\/2024\/07\/logo_done_rgb_neu.jpg","width":945,"height":377,"caption":"Done SARL"},"image":{"@id":"https:\/\/done.lu\/#\/schema\/logo\/image\/"},"sameAs":["https:\/\/www.facebook.com\/donesarl","https:\/\/twitter.com\/DONElux","https:\/\/www.instagram.com\/done.lu\/","https:\/\/www.linkedin.com\/company\/donelux\/"]}]}},"_links":{"self":[{"href":"https:\/\/done.lu\/de\/wp-json\/wp\/v2\/pages\/8218"}],"collection":[{"href":"https:\/\/done.lu\/de\/wp-json\/wp\/v2\/pages"}],"about":[{"href":"https:\/\/done.lu\/de\/wp-json\/wp\/v2\/types\/page"}],"author":[{"embeddable":true,"href":"https:\/\/done.lu\/de\/wp-json\/wp\/v2\/users\/1"}],"replies":[{"embeddable":true,"href":"https:\/\/done.lu\/de\/wp-json\/wp\/v2\/comments?post=8218"}],"version-history":[{"count":3,"href":"https:\/\/done.lu\/de\/wp-json\/wp\/v2\/pages\/8218\/revisions"}],"predecessor-version":[{"id":12412,"href":"https:\/\/done.lu\/de\/wp-json\/wp\/v2\/pages\/8218\/revisions\/12412"}],"wp:attachment":[{"href":"https:\/\/done.lu\/de\/wp-json\/wp\/v2\/media?parent=8218"}],"curies":[{"name":"wp","href":"https:\/\/api.w.org\/{rel}","templated":true}]}}