{"id":8209,"date":"2021-02-16T14:53:02","date_gmt":"2021-02-16T13:53:02","guid":{"rendered":"https:\/\/done.lu\/?page_id=8209"},"modified":"2025-07-07T19:15:20","modified_gmt":"2025-07-07T17:15:20","slug":"cookie-policy","status":"publish","type":"page","link":"https:\/\/done.lu\/de\/cookie-policy\/","title":{"rendered":"Cookie Policy"},"content":{"rendered":"<section class=\"wpb-content-wrapper\"><p>[vc_section full_width=&#8220;stretch_row_content&#8220; parallax=&#8220;content-moving&#8220; parallax_speed_bg=&#8220;2.5&#8243; el_id=&#8220;intro&#8220; css=&#8220;.vc_custom_1596635908694{background-image: url(\/wp-content\/uploads\/2020\/08\/BG-STARS.jpg?id=109) !important;}&#8220;][vc_row el_id=&#8220;iss&#8220; css=&#8220;.vc_custom_1596635068619{background-image: url(\/wp-content\/uploads\/2020\/08\/Moon.png?id=116) !important;}&#8220;][vc_column][vc_single_image image=&#8220;113&#8243; img_size=&#8220;full&#8220; alignment=&#8220;center&#8220; el_class=&#8220;no-space-img&#8220;][\/vc_column][\/vc_row][\/vc_section][vc_section full_width=&#8220;stretch_row&#8220; parallax=&#8220;content-moving&#8220; parallax_speed_bg=&#8220;2&#8243; css=&#8220;.vc_custom_1613482303958{background-image: url(\/wp-content\/uploads\/2021\/02\/PurpleStarsBG5000.jpg?id=7973) !important;}&#8220; el_id=&#8220;imprint-sec&#8220;][vc_row][vc_column][vc_column_text]<\/p>\n<h1 class=\"al-center\">Cookie Policy<\/h1>\n<p><strong>Cookies-Richtlinie<\/strong><\/p>\n<p>Wir (Done SARL mit Sitz in 60, rue de Reckange, L-3943 Mondercange, Gro\u00dfherzogtum Luxemburg, registriert unter der Nummer LU27317130) m\u00f6chten Sie dar\u00fcber informieren, wie wir auf unserer Website (www.done.lu) Cookies verwenden und wie Sie diese verwalten k\u00f6nnen.<\/p>\n<p>&nbsp;<\/p>\n<p><strong>Was sind Cookies?<\/strong><\/p>\n<p>Ein Cookie ist eine kleine Datei, die vom Server von Done SARL gesendet und auf der Festplatte Ihres Computers gespeichert wird. Nur wir k\u00f6nnen die von diesen Cookies erfassten Informationen lesen, und zwar nur w\u00e4hrend Ihres Besuchs auf unserer Website.<\/p>\n<p>&nbsp;<\/p>\n<p><strong>Warum verwenden wir Cookies?<\/strong><\/p>\n<p>Unsere Website verwendet Cookies und andere \u00e4hnliche Technologien, um Ihre Nutzungspr\u00e4ferenzen von denen anderer Nutzer unserer Website zu unterscheiden. Dadurch k\u00f6nnen wir Ihnen eine benutzerfreundlichere Benutzererfahrung beim Besuch unserer Website bieten und diese optimieren.<\/p>\n<p>Aufgrund der j\u00fcngsten Gesetzes\u00e4nderungen m\u00fcssen alle Websites, die sich an bestimmte Teile der Europ\u00e4ischen Union richten, um Ihre Zustimmung zur Verwendung und Speicherung von Cookies und anderen \u00e4hnlichen Technologien auf Ihrem Computer oder mobilen Ger\u00e4t bitten. Diese Cookie-Richtlinie liefert Ihnen klare und vollst\u00e4ndige Informationen \u00fcber die von uns verwendeten Cookies und deren Zweck.<\/p>\n<p>&nbsp;<\/p>\n<p><strong>Arten von Cookies<\/strong><\/p>\n<p>Obwohl es mehrere Arten von Cookies gibt, die sich durch ihre Funktion, Herkunft oder Speicherdauer unterscheiden, unterscheidet die Gesetzgebung haupts\u00e4chlich zwischen funktionalen oder technisch notwendigen Cookies einerseits und allen anderen Cookies andererseits.<\/p>\n<p>&nbsp;<\/p>\n<p><strong>Wichtige Cookies<\/strong><\/p>\n<p>Diese Cookies sind erforderlich, damit Sie unsere Websites besuchen und einige ihrer Teile nutzen k\u00f6nnen. So k\u00f6nnen Sie beispielsweise zwischen den verschiedenen Bereichen der Website navigieren oder Formulare ausf\u00fcllen. Wenn Sie diese Cookies ablehnen, funktionieren einige Bereiche der Website nicht oder nicht optimal.<\/p>\n<p>&nbsp;<\/p>\n<p><strong>Funktionale Cookies<\/strong><\/p>\n<p>Funktionale Cookies sind Cookies, die darauf abzielen, den Betrieb unserer Websites zu erleichtern, ihre Nutzung f\u00fcr den Besucher angenehmer zu gestalten und Ihnen ein personalisierteres Browserlebnis zu bieten. Dazu geh\u00f6ren z.B. Cookies, die sich an Ihre Einstellungen erinnern.<\/p>\n<p>&nbsp;<\/p>\n<p><strong>Cookies von Drittanbietern<\/strong><\/p>\n<p>Die Website enth\u00e4lt auch Elemente von Dritten, wie z.B. audiovisuelle Dienste, Social Media Buttons oder Werbung.<\/p>\n<table>\n<tbody>\n<tr>\n<td><strong>Name<\/strong><\/td>\n<td><strong>Funktion<\/strong><\/td>\n<td><strong>Haltbarkeit<\/strong><\/td>\n<\/tr>\n<tr>\n<td>Google Analytics<\/td>\n<td>Diese Cookies sammeln analytische Informationen \u00fcber unsere Online-Kunden.<\/td>\n<td>24 Monate<\/td>\n<\/tr>\n<tr>\n<td>Google Tag Manager<\/td>\n<td>Diese Cookies werden verwendet, um den Google Tag Manager zu testen und zu debuggen.<\/td>\n<td>Nach der Sitzung<\/td>\n<\/tr>\n<tr>\n<td>Hotjar<\/td>\n<td>Dieses Cookie wird verwendet, um analytische Informationen \u00fcber das Online-Verhalten und die Interaktionen unserer Nutzer zu sammeln. Sie k\u00f6nnen den HotJar-Dienst unter <a href=\"https:\/\/www.hotjar.com\/opt-out\">https:\/\/www.hotjar.com\/opt-out.<\/a> deaktivieren.<\/td>\n<td>12 Monate<\/td>\n<\/tr>\n<tr>\n<td>Facebook Connect<\/td>\n<td>Facebook Connect ist eine &#8222;Single Sign-On&#8220;-Anwendung, mit der Sie \u00fcber Ihr Facebook-Konto eine Verbindung zu unserer Website herstellen und mit ihr interagieren k\u00f6nnen, so dass Sie nicht den grundlegenden Registrierungsschritten auf unserer Website folgen m\u00fcssen.<\/td>\n<td>3 Monate<\/td>\n<\/tr>\n<tr>\n<td>Facebook in Instagram<\/td>\n<td>Wird zur Steuerung von Online-Werbung und Marketingkampagnen sowie zur Optimierung und Verfolgung von Online-Werbung verwendet.<\/td>\n<td>24 Monate<\/td>\n<\/tr>\n<tr>\n<td>Dynamisches Google Remarketing<\/td>\n<td>AdWords Remarketing ist ein Remarketing- und Behavioral Targeting-Service der Google Inc., der die Aktivit\u00e4ten dieser Website mit dem Adwords-Annonetzwerk und dem Doubleclick-Cookie verkn\u00fcpft.<\/td>\n<td>24 Monate<\/td>\n<\/tr>\n<tr>\n<td>Google AdWords Konvertierung<\/td>\n<td>Wird verwendet, um Online-Anzeigen auf der Grundlage der bisherigen Aktionen unserer Online-Kunden anzupassen.<\/td>\n<td>24 Monate<\/td>\n<\/tr>\n<tr>\n<td>Bing<\/td>\n<td>Bei diesem Cookie handelt es sich um einen Analysedienst, der Daten aus dem Werbenetzwerk von Bing mit den auf der Website durchgef\u00fchrten Aktionen verkn\u00fcpft.<\/td>\n<td>24 Monate<\/td>\n<\/tr>\n<tr>\n<td>Doppelklick<\/td>\n<td>DoubleClick for Publishers Audience Extension ist ein Remarketing- und Behavioral Targeting-Service der Google Inc. Die Sammlung von Informationen \u00fcber die Besucher dieser Website und deren Nutzung erm\u00f6glicht es ausgew\u00e4hlten Werbepartnern, gezielte Werbung f\u00fcr diese Besucher im Web zu ver\u00f6ffentlichen.<\/td>\n<td>24 Monate<\/td>\n<\/tr>\n<tr>\n<td>Adform<\/td>\n<td>Diese Cookies erm\u00f6glichen es uns, Ihnen ma\u00dfgeschneiderte Werbung auf Websites Dritter anzuzeigen, die auf dem Interesse an unseren Produkten und Dienstleistungen basiert, das Sie w\u00e4hrend Ihres Besuchs auf unserer Website gezeigt haben. Diese Cookies sammeln keine Daten, die Sie identifizieren. Alle Daten sind anonym. <a href=\"http:\/\/www.adform.com\/site\/privacy-policy\/\">http:\/\/www.adform.com\/site\/privacy-policy\/<\/a><\/td>\n<td>48 Stunden<\/td>\n<\/tr>\n<tr>\n<td>Awin<\/td>\n<td>Diese Cookies erm\u00f6glichen es uns, Ihnen ma\u00dfgeschneiderte Werbung auf Websites Dritter anzuzeigen, die auf dem Interesse an unseren Produkten und Dienstleistungen basiert, das Sie w\u00e4hrend Ihres Besuchs auf unserer Website gezeigt haben. Diese Cookies sammeln keine Daten, die Sie identifizieren. Alle Daten sind anonym.<\/td>\n<td>12 Monate<\/td>\n<\/tr>\n<tr>\n<td>Daisycon<\/td>\n<td>Wir nutzen die Dienste von Daisycon, um performancebasierte Werbung zu erstellen. Das bedeutet, dass unsere Partner, wenn sie einen Kunden an done.lu zur\u00fcckschicken, daf\u00fcr eine Entsch\u00e4digung erhalten. Daisycon speichert zu diesem Zweck anonyme Daten, und es werden Partner-Cookies verwendet.<\/td>\n<td>48 Stunden<\/td>\n<\/tr>\n<tr>\n<td>Selligent (Seite)<\/td>\n<td>Wir verwenden auch einen Drittanbieter-Dienst von Selligent Site, um bestimmte Nachrichten basierend auf dem Status des Benutzers anzupassen. Dazu z\u00e4hlt dieser Drittanbieter, der seine Daten in Europa hostet, die Klicks und die Navigation der Nutzer anonym.<\/td>\n<td>12 Monate<\/td>\n<\/tr>\n<tr>\n<td>CloudFront<\/td>\n<td>Diese Cookies werden von unserem Content Delivery Service verwendet, um unseren Kunden schnelle Inhalte zur Verf\u00fcgung zu stellen.<\/td>\n<td>48 Stunden<\/td>\n<\/tr>\n<\/tbody>\n<\/table>\n<p>&nbsp;<\/p>\n<p>F\u00fcr von Dritten (einschlie\u00dflich Google Analytics) gesetzte Cookies bitten wir Sie, die Aussagen dieser Dritten auf ihren jeweiligen Websites einzusehen. Bitte beachten Sie: Wir haben keinen Einfluss auf den Inhalt dieser Aussagen oder den Inhalt der Cookies dieser Dritten: Google Analytics Cookies.<\/p>\n<p>&nbsp;<\/p>\n<p>F\u00fcr weitere Fragen oder Anmerkungen zur Verarbeitung Ihrer personenbezogenen Daten stehen wir Ihnen gerne per E-Mail unter you@done.lu zur Verf\u00fcgung. Sie k\u00f6nnen auch einen Brief an die folgende Postanschrift senden: Achtung: Done SARL- Datenschutzbeauftragter, 22 rue de Luxembourg, L-8077 Bertrange, Luxembourg.<\/p>\n<p>Weitere Informationen zu Cookies finden Sie unter: http:<a href=\"http:\/\/www.allaboutcookies.org\/\" target=\"_blank\" rel=\"nofollow noopener\">\/\/www.allaboutcookies.org\/.<\/a><br \/>\nWeitere Informationen zu Online-Verhaltenswerbung und Online-Datenschutz finden Sie unter: http:<a href=\"http:\/\/www.youronlinechoices.eu\/\" target=\"_blank\" rel=\"nofollow noopener\">\/\/www.youronlinechoices.eu\/.<\/a><\/p>\n<div id=\"gtx-trans\" style=\"position: absolute; left: 485px; top: 3665.16px;\">\n<div class=\"gtx-trans-icon\"><\/div>\n<\/div>\n<p>[\/vc_column_text][\/vc_column][\/vc_row][\/vc_section]<\/p>\n<\/section>","protected":false},"excerpt":{"rendered":"<p>[vc_section full_width=&#8220;stretch_row_content&#8220; parallax=&#8220;content-moving&#8220; parallax_speed_bg=&#8220;2.5&#8243; el_id=&#8220;intro&#8220; css=&#8220;.vc_custom_1596635908694{background-image: url(\/wp-content\/uploads\/2020\/08\/BG-STARS.jpg?id=109) !important;}&#8220;][vc_row el_id=&#8220;iss&#8220; css=&#8220;.vc_custom_1596635068619{background-image: url(\/wp-content\/uploads\/2020\/08\/Moon.png?id=116) !important;}&#8220;][vc_column][vc_single_image image=&#8220;113&#8243; img_size=&#8220;full&#8220; alignment=&#8220;center&#8220; el_class=&#8220;no-space-img&#8220;][\/vc_column][\/vc_row][\/vc_section][vc_section full_width=&#8220;stretch_row&#8220; parallax=&#8220;content-moving&#8220; parallax_speed_bg=&#8220;2&#8243; css=&#8220;.vc_custom_1613482303958{background-image: url(\/wp-content\/uploads\/2021\/02\/PurpleStarsBG5000.jpg?id=7973) !important;}&#8220; el_id=&#8220;imprint-sec&#8220;][vc_row][vc_column][vc_column_text] Cookie Policy Cookies-Richtlinie<span class=\"excerpt-hellip\"> [\u2026]<\/span><\/p>\n","protected":false},"author":1,"featured_media":0,"parent":0,"menu_order":0,"comment_status":"closed","ping_status":"closed","template":"","meta":{"inline_featured_image":false,"footnotes":""},"yoast_head":"<!-- This site is optimized with the Yoast SEO plugin v21.5 - https:\/\/yoast.com\/wordpress\/plugins\/seo\/ -->\n<title>Cookie Policy - Done<\/title>\n<meta name=\"robots\" content=\"index, follow, max-snippet:-1, max-image-preview:large, max-video-preview:-1\" \/>\n<link rel=\"canonical\" href=\"https:\/\/done.lu\/de\/cookie-policy\/\" \/>\n<meta property=\"og:locale\" content=\"de_DE\" \/>\n<meta property=\"og:type\" content=\"article\" \/>\n<meta property=\"og:title\" content=\"Cookie Policy - Done\" \/>\n<meta property=\"og:description\" content=\"[vc_section full_width=&#8220;stretch_row_content&#8220; parallax=&#8220;content-moving&#8220; parallax_speed_bg=&#8220;2.5&#8243; el_id=&#8220;intro&#8220; css=&#8220;.vc_custom_1596635908694{background-image: url(\/wp-content\/uploads\/2020\/08\/BG-STARS.jpg?id=109) !important;}&#8220;][vc_row el_id=&#8220;iss&#8220; css=&#8220;.vc_custom_1596635068619{background-image: url(\/wp-content\/uploads\/2020\/08\/Moon.png?id=116) !important;}&#8220;][vc_column][vc_single_image image=&#8220;113&#8243; img_size=&#8220;full&#8220; alignment=&#8220;center&#8220; el_class=&#8220;no-space-img&#8220;][\/vc_column][\/vc_row][\/vc_section][vc_section full_width=&#8220;stretch_row&#8220; parallax=&#8220;content-moving&#8220; parallax_speed_bg=&#8220;2&#8243; css=&#8220;.vc_custom_1613482303958{background-image: url(\/wp-content\/uploads\/2021\/02\/PurpleStarsBG5000.jpg?id=7973) !important;}&#8220; el_id=&#8220;imprint-sec&#8220;][vc_row][vc_column][vc_column_text] Cookie Policy Cookies-Richtlinie [\u2026]\" \/>\n<meta property=\"og:url\" content=\"https:\/\/done.lu\/de\/cookie-policy\/\" \/>\n<meta property=\"og:site_name\" content=\"Done\" \/>\n<meta property=\"article:publisher\" content=\"https:\/\/www.facebook.com\/donesarl\" \/>\n<meta property=\"article:modified_time\" content=\"2025-07-07T17:15:20+00:00\" \/>\n<meta name=\"twitter:card\" content=\"summary_large_image\" \/>\n<meta name=\"twitter:site\" content=\"@DONElux\" \/>\n<meta name=\"twitter:label1\" content=\"Gesch\u00e4tzte Lesezeit\" \/>\n\t<meta name=\"twitter:data1\" content=\"4\u00a0Minuten\" \/>\n<script type=\"application\/ld+json\" class=\"yoast-schema-graph\">{\"@context\":\"https:\/\/schema.org\",\"@graph\":[{\"@type\":\"WebPage\",\"@id\":\"https:\/\/done.lu\/de\/cookie-policy\/\",\"url\":\"https:\/\/done.lu\/de\/cookie-policy\/\",\"name\":\"Cookie Policy - Done\",\"isPartOf\":{\"@id\":\"https:\/\/done.lu\/#website\"},\"datePublished\":\"2021-02-16T13:53:02+00:00\",\"dateModified\":\"2025-07-07T17:15:20+00:00\",\"breadcrumb\":{\"@id\":\"https:\/\/done.lu\/de\/cookie-policy\/#breadcrumb\"},\"inLanguage\":\"de\",\"potentialAction\":[{\"@type\":\"ReadAction\",\"target\":[\"https:\/\/done.lu\/de\/cookie-policy\/\"]}]},{\"@type\":\"BreadcrumbList\",\"@id\":\"https:\/\/done.lu\/de\/cookie-policy\/#breadcrumb\",\"itemListElement\":[{\"@type\":\"ListItem\",\"position\":1,\"name\":\"Home\",\"item\":\"https:\/\/done.lu\/de\/\"},{\"@type\":\"ListItem\",\"position\":2,\"name\":\"Cookie Policy\"}]},{\"@type\":\"WebSite\",\"@id\":\"https:\/\/done.lu\/#website\",\"url\":\"https:\/\/done.lu\/\",\"name\":\"Done\",\"description\":\"\",\"publisher\":{\"@id\":\"https:\/\/done.lu\/#organization\"},\"potentialAction\":[{\"@type\":\"SearchAction\",\"target\":{\"@type\":\"EntryPoint\",\"urlTemplate\":\"https:\/\/done.lu\/?s={search_term_string}\"},\"query-input\":\"required name=search_term_string\"}],\"inLanguage\":\"de\"},{\"@type\":\"Organization\",\"@id\":\"https:\/\/done.lu\/#organization\",\"name\":\"Done SARL\",\"alternateName\":\"Done Website as a Service\",\"url\":\"https:\/\/done.lu\/\",\"logo\":{\"@type\":\"ImageObject\",\"inLanguage\":\"de\",\"@id\":\"https:\/\/done.lu\/#\/schema\/logo\/image\/\",\"url\":\"https:\/\/done.lu\/wp-content\/uploads\/2024\/07\/logo_done_rgb_neu.jpg\",\"contentUrl\":\"https:\/\/done.lu\/wp-content\/uploads\/2024\/07\/logo_done_rgb_neu.jpg\",\"width\":945,\"height\":377,\"caption\":\"Done SARL\"},\"image\":{\"@id\":\"https:\/\/done.lu\/#\/schema\/logo\/image\/\"},\"sameAs\":[\"https:\/\/www.facebook.com\/donesarl\",\"https:\/\/twitter.com\/DONElux\",\"https:\/\/www.instagram.com\/done.lu\/\",\"https:\/\/www.linkedin.com\/company\/donelux\/\"]}]}<\/script>\n<!-- \/ Yoast SEO plugin. -->","yoast_head_json":{"title":"Cookie Policy - Done","robots":{"index":"index","follow":"follow","max-snippet":"max-snippet:-1","max-image-preview":"max-image-preview:large","max-video-preview":"max-video-preview:-1"},"canonical":"https:\/\/done.lu\/de\/cookie-policy\/","og_locale":"de_DE","og_type":"article","og_title":"Cookie Policy - Done","og_description":"[vc_section full_width=&#8220;stretch_row_content&#8220; parallax=&#8220;content-moving&#8220; parallax_speed_bg=&#8220;2.5&#8243; el_id=&#8220;intro&#8220; css=&#8220;.vc_custom_1596635908694{background-image: url(\/wp-content\/uploads\/2020\/08\/BG-STARS.jpg?id=109) !important;}&#8220;][vc_row el_id=&#8220;iss&#8220; css=&#8220;.vc_custom_1596635068619{background-image: url(\/wp-content\/uploads\/2020\/08\/Moon.png?id=116) !important;}&#8220;][vc_column][vc_single_image image=&#8220;113&#8243; img_size=&#8220;full&#8220; alignment=&#8220;center&#8220; el_class=&#8220;no-space-img&#8220;][\/vc_column][\/vc_row][\/vc_section][vc_section full_width=&#8220;stretch_row&#8220; parallax=&#8220;content-moving&#8220; parallax_speed_bg=&#8220;2&#8243; css=&#8220;.vc_custom_1613482303958{background-image: url(\/wp-content\/uploads\/2021\/02\/PurpleStarsBG5000.jpg?id=7973) !important;}&#8220; el_id=&#8220;imprint-sec&#8220;][vc_row][vc_column][vc_column_text] Cookie Policy Cookies-Richtlinie [\u2026]","og_url":"https:\/\/done.lu\/de\/cookie-policy\/","og_site_name":"Done","article_publisher":"https:\/\/www.facebook.com\/donesarl","article_modified_time":"2025-07-07T17:15:20+00:00","twitter_card":"summary_large_image","twitter_site":"@DONElux","twitter_misc":{"Gesch\u00e4tzte Lesezeit":"4\u00a0Minuten"},"schema":{"@context":"https:\/\/schema.org","@graph":[{"@type":"WebPage","@id":"https:\/\/done.lu\/de\/cookie-policy\/","url":"https:\/\/done.lu\/de\/cookie-policy\/","name":"Cookie Policy - Done","isPartOf":{"@id":"https:\/\/done.lu\/#website"},"datePublished":"2021-02-16T13:53:02+00:00","dateModified":"2025-07-07T17:15:20+00:00","breadcrumb":{"@id":"https:\/\/done.lu\/de\/cookie-policy\/#breadcrumb"},"inLanguage":"de","potentialAction":[{"@type":"ReadAction","target":["https:\/\/done.lu\/de\/cookie-policy\/"]}]},{"@type":"BreadcrumbList","@id":"https:\/\/done.lu\/de\/cookie-policy\/#breadcrumb","itemListElement":[{"@type":"ListItem","position":1,"name":"Home","item":"https:\/\/done.lu\/de\/"},{"@type":"ListItem","position":2,"name":"Cookie Policy"}]},{"@type":"WebSite","@id":"https:\/\/done.lu\/#website","url":"https:\/\/done.lu\/","name":"Done","description":"","publisher":{"@id":"https:\/\/done.lu\/#organization"},"potentialAction":[{"@type":"SearchAction","target":{"@type":"EntryPoint","urlTemplate":"https:\/\/done.lu\/?s={search_term_string}"},"query-input":"required name=search_term_string"}],"inLanguage":"de"},{"@type":"Organization","@id":"https:\/\/done.lu\/#organization","name":"Done SARL","alternateName":"Done Website as a Service","url":"https:\/\/done.lu\/","logo":{"@type":"ImageObject","inLanguage":"de","@id":"https:\/\/done.lu\/#\/schema\/logo\/image\/","url":"https:\/\/done.lu\/wp-content\/uploads\/2024\/07\/logo_done_rgb_neu.jpg","contentUrl":"https:\/\/done.lu\/wp-content\/uploads\/2024\/07\/logo_done_rgb_neu.jpg","width":945,"height":377,"caption":"Done SARL"},"image":{"@id":"https:\/\/done.lu\/#\/schema\/logo\/image\/"},"sameAs":["https:\/\/www.facebook.com\/donesarl","https:\/\/twitter.com\/DONElux","https:\/\/www.instagram.com\/done.lu\/","https:\/\/www.linkedin.com\/company\/donelux\/"]}]}},"_links":{"self":[{"href":"https:\/\/done.lu\/de\/wp-json\/wp\/v2\/pages\/8209"}],"collection":[{"href":"https:\/\/done.lu\/de\/wp-json\/wp\/v2\/pages"}],"about":[{"href":"https:\/\/done.lu\/de\/wp-json\/wp\/v2\/types\/page"}],"author":[{"embeddable":true,"href":"https:\/\/done.lu\/de\/wp-json\/wp\/v2\/users\/1"}],"replies":[{"embeddable":true,"href":"https:\/\/done.lu\/de\/wp-json\/wp\/v2\/comments?post=8209"}],"version-history":[{"count":3,"href":"https:\/\/done.lu\/de\/wp-json\/wp\/v2\/pages\/8209\/revisions"}],"predecessor-version":[{"id":12415,"href":"https:\/\/done.lu\/de\/wp-json\/wp\/v2\/pages\/8209\/revisions\/12415"}],"wp:attachment":[{"href":"https:\/\/done.lu\/de\/wp-json\/wp\/v2\/media?parent=8209"}],"curies":[{"name":"wp","href":"https:\/\/api.w.org\/{rel}","templated":true}]}}