{"id":7986,"date":"2020-10-06T18:11:05","date_gmt":"2020-10-06T16:11:05","guid":{"rendered":"https:\/\/done.lu\/kompetenzen\/gsuite\/"},"modified":"2021-02-23T12:02:17","modified_gmt":"2021-02-23T11:02:17","slug":"gsuite","status":"publish","type":"page","link":"https:\/\/done.lu\/de\/kompetenzen\/gsuite\/","title":{"rendered":"Google Workspace"},"content":{"rendered":"<section class=\"wpb-content-wrapper\"><p>[vc_section full_width=&#8220;stretch_row_content&#8220; full_height=&#8220;yes&#8220; content_placement=&#8220;middle&#8220; el_class=&#8220;intro-section&#8220;][vc_row full_width=&#8220;stretch_row_content_no_spaces&#8220; full_height=&#8220;yes&#8220; el_class=&#8220;white&#8220; css=&#8220;.vc_custom_1606220665121{background-image: url(\/wp-content\/uploads\/2020\/11\/BG-headeronly.jpg?id=7104) !important;}&#8220; el_id=&#8220;workspace-row&#8220;][vc_column width=&#8220;1\/3&#8243;][vc_column_text]<\/p>\n<h1 class=\"white upper\">Google Workspace<\/h1>\n<h2 class=\"white\">Transfom the way you do business<\/h2>\n<p>[\/vc_column_text][vc_column_text]<\/p>\n<p class=\"bigger\">Kontaktieren Sie Ihre Google Cloud Partner Agentur<\/p>\n<h3 class=\"upper white\">Implementierung &#8211; Einsatz &#8211; Schulung<\/h3>\n<p>[\/vc_column_text][vc_btn title=&#8220;Meeting vereinbaren&#8220; link=&#8220;url:%23footer-contact-wrap|title:Contact&#8220; el_class=&#8220;inverse-btn scroll&#8220;][\/vc_column][vc_column width=&#8220;2\/3&#8243;][vc_single_image image=&#8220;7107&#8243; img_size=&#8220;full&#8220; alignment=&#8220;center&#8220; el_class=&#8220;no-space-img workspace-header-icons&#8220;][\/vc_column][\/vc_row][\/vc_section][vc_section full_width=&#8220;stretch_row&#8220; parallax=&#8220;content-moving&#8220; parallax_speed_bg=&#8220;2&#8243; el_class=&#8220;white planet-parallax&#8220; css=&#8220;.vc_custom_1614078127661{background-image: url(\/wp-content\/uploads\/2021\/02\/PurpleStarsBG5000-YReapeat-aw.jpg?id=8688) !important;}&#8220; el_id=&#8220;workspace-main-content&#8220;][vc_row el_class=&#8220;bot-mar-row-2 shadow-text&#8220;][vc_column][vc_column_text el_class=&#8220;al-center&#8220;]<\/p>\n<h1 class=\"upper green\">Warum sollten Sie sich f\u00fcr Done entscheiden, um Ihr Unternehmen mit Google Workspace zu digitalisieren?<\/h1>\n<p>[\/vc_column_text][\/vc_column][\/vc_row][vc_row el_class=&#8220;shadow-text&#8220;][vc_column width=&#8220;4\/5&#8243;][vc_column_text el_class=&#8220;big shadowed&#8220;]Als <strong class=\"green\">autorisierter Reseller von Google Workspace in Luxemburg<\/strong> ist es unser Ziel, die Leistungsf\u00e4higkeit Ihres Unternehmens nachhaltig zu verbessern und ein optimales Ma\u00df an Sicherheit und operativer Schulung zu gew\u00e4hrleisten.[\/vc_column_text][vc_column_text el_class=&#8220;big shadowed&#8220;]Unsere von <strong class=\"green\">Google zertifizierten Experten <\/strong>begleiten Sie bei jedem Schritt der Nutzung von Google Workspace und sorgen f\u00fcr einen reibungslosen Ablauf Ihrer Digitalisierung.[\/vc_column_text][\/vc_column][vc_column width=&#8220;1\/5&#8243;][vc_single_image image=&#8220;6930&#8243; img_size=&#8220;full&#8220; alignment=&#8220;center&#8220;][\/vc_column][\/vc_row][vc_row equal_height=&#8220;yes&#8220; el_class=&#8220;icon-row white icon-row-squeezed top-mar-row-4 bot-mar-row-2&#8243;][vc_column width=&#8220;1\/3&#8243;][vc_single_image image=&#8220;7880&#8243; img_size=&#8220;full&#8220; alignment=&#8220;center&#8220; css=&#8220;.vc_custom_1612965539919{margin-bottom: 22px !important;}&#8220;][vc_column_text el_id=&#8220;tech-head&#8220;]<\/p>\n<h4 class=\"upper al-center white big\">Technische Unterst\u00fctzung<\/h4>\n<p>[\/vc_column_text][\/vc_column][vc_column width=&#8220;1\/3&#8243;][vc_single_image image=&#8220;7883&#8243; img_size=&#8220;full&#8220; alignment=&#8220;center&#8220;][vc_column_text]<\/p>\n<h4 class=\"upper al-center white big\">Beratung und Schulung<\/h4>\n<p>[\/vc_column_text][\/vc_column][vc_column width=&#8220;1\/3&#8243;][vc_single_image image=&#8220;7886&#8243; img_size=&#8220;full&#8220; alignment=&#8220;center&#8220;][vc_column_text]<\/p>\n<h4 class=\"upper al-center white big\">Sicherheit<\/h4>\n<p>[\/vc_column_text][\/vc_column][\/vc_row][vc_row el_class=&#8220;bot-mar-row-2&#8243;][vc_column][vc_column_text]<\/p>\n<h2 class=\"al-center green upper bigger-50\">Die wichtigsten Dienste von Google Workspace<\/h2>\n<p>[\/vc_column_text][\/vc_column][\/vc_row][vc_row gap=&#8220;20&#8243; equal_height=&#8220;yes&#8220; el_class=&#8220;icon-row top-head-icon-row shadow-text&#8220;][vc_column width=&#8220;1\/4&#8243;][vc_column_text css=&#8220;.vc_custom_1606125558086{margin-bottom: 0px !important;}&#8220;]<\/p>\n<h4 class=\"upper green al-center big\"><strong>Gmail<\/strong><\/h4>\n<p>[\/vc_column_text][vc_single_image image=&#8220;6942&#8243; img_size=&#8220;full&#8220; alignment=&#8220;center&#8220; css=&#8220;.vc_custom_1606125477754{margin-bottom: 0px !important;}&#8220;][vc_column_text el_class=&#8220;big al-center&#8220;]<strong class=\"green\">Professionalisieren Sie Ihre E-Mail-Adresse<\/strong> unter Verwendung der vertrauten Gmail-Oberfl\u00e4che und profitieren Sie von bis zu 30 GB Speicherplatz.[\/vc_column_text][\/vc_column][vc_column width=&#8220;1\/4&#8243;][vc_column_text css=&#8220;.vc_custom_1606126284072{margin-bottom: 0px !important;}&#8220;]<\/p>\n<h4 class=\"upper green al-center big\"><strong>Drive<\/strong><\/h4>\n<p>[\/vc_column_text][vc_single_image image=&#8220;6946&#8243; img_size=&#8220;full&#8220; alignment=&#8220;center&#8220; css=&#8220;.vc_custom_1606126309886{margin-bottom: 0px !important;}&#8220;][vc_column_text el_class=&#8220;big al-center&#8220;]<strong class=\"green\">Speichern, organisieren, teilen<\/strong> und \u00fcbertragen Sie Ihre Dateien nahtlos und sicher in der Cloud mit Google Drive.[\/vc_column_text][\/vc_column][vc_column width=&#8220;1\/4&#8243;][vc_column_text css=&#8220;.vc_custom_1606126411744{margin-bottom: 0px !important;}&#8220;]<\/p>\n<h4 class=\"upper green al-center big\"><strong>Calendar<\/strong><\/h4>\n<p>[\/vc_column_text][vc_single_image image=&#8220;6949&#8243; img_size=&#8220;full&#8220; alignment=&#8220;center&#8220; css=&#8220;.vc_custom_1606126436026{margin-bottom: 0px !important;}&#8220;][vc_column_text el_class=&#8220;big al-center&#8220;]Planen Sie <strong class=\"green\">Ihre Meetings mit nur wenigen Klicks<\/strong>. Erstellen und teilen Sie mehrere Kalender, setzen Sie Meeting-Erinnerungen und mehr.[\/vc_column_text][\/vc_column][vc_column width=&#8220;1\/4&#8243;][vc_column_text css=&#8220;.vc_custom_1606126476973{margin-bottom: 0px !important;}&#8220;]<\/p>\n<h4 class=\"upper green al-center big\"><strong>Meet<\/strong><\/h4>\n<p>[\/vc_column_text][vc_single_image image=&#8220;6952&#8243; img_size=&#8220;full&#8220; alignment=&#8220;center&#8220; css=&#8220;.vc_custom_1606126501663{margin-bottom: 0px !important;}&#8220;][vc_column_text el_class=&#8220;big al-center&#8220;]Organisieren Sie <strong class=\"green\">Videokonferenzen<\/strong> f\u00fcr bis zu 250 Personen mit nur wenigen Klicks.[\/vc_column_text][\/vc_column][\/vc_row][vc_row gap=&#8220;20&#8243; equal_height=&#8220;yes&#8220; el_class=&#8220;icon-row top-head-icon-row shadow-text&#8220;][vc_column width=&#8220;1\/4&#8243;][vc_column_text css=&#8220;.vc_custom_1606126731377{margin-bottom: 0px !important;}&#8220;]<\/p>\n<h4 class=\"upper green al-center big\"><strong>Docs<\/strong><\/h4>\n<p>[\/vc_column_text][vc_single_image image=&#8220;6955&#8243; img_size=&#8220;full&#8220; alignment=&#8220;center&#8220; css=&#8220;.vc_custom_1606126721707{margin-bottom: 0px !important;}&#8220;][vc_column_text el_class=&#8220;big al-center&#8220;]Eine <strong class=\"green\">leistungsstarke Textverarbeitung <\/strong>f\u00fcr Ihre gesamte Firmenpost.[\/vc_column_text][\/vc_column][vc_column width=&#8220;1\/4&#8243;][vc_column_text css=&#8220;.vc_custom_1606126923995{margin-bottom: 0px !important;}&#8220;]<\/p>\n<h4 class=\"upper green al-center big\"><strong>Slides<\/strong><\/h4>\n<p>[\/vc_column_text][vc_single_image image=&#8220;6958&#8243; img_size=&#8220;full&#8220; alignment=&#8220;center&#8220; css=&#8220;.vc_custom_1606126948638{margin-bottom: 0px !important;}&#8220;][vc_column_text el_class=&#8220;big al-center&#8220;]<strong class=\"green\">Erstellen und teilen <\/strong>Sie m\u00fchelos Pr\u00e4sentationen in professioneller Qualit\u00e4t.[\/vc_column_text][\/vc_column][vc_column width=&#8220;1\/4&#8243;][vc_column_text css=&#8220;.vc_custom_1606127085797{margin-bottom: 0px !important;}&#8220;]<\/p>\n<h4 class=\"upper green al-center big\"><strong>Forms<\/strong><\/h4>\n<p>[\/vc_column_text][vc_single_image image=&#8220;6961&#8243; img_size=&#8220;full&#8220; alignment=&#8220;center&#8220; css=&#8220;.vc_custom_1606127111551{margin-bottom: 0px !important;}&#8220;][vc_column_text el_class=&#8220;big al-center&#8220;]<strong class=\"green\">Erfassen und \u00fcbermitteln<\/strong> Sie ganz einfach Daten von Ihren Mitarbeitern oder Kunden.[\/vc_column_text][\/vc_column][vc_column width=&#8220;1\/4&#8243;][vc_column_text css=&#8220;.vc_custom_1606127200541{margin-bottom: 0px !important;}&#8220;]<\/p>\n<h4 class=\"upper green al-center big\"><strong>Sheets<\/strong><\/h4>\n<p>[\/vc_column_text][vc_single_image image=&#8220;6964&#8243; img_size=&#8220;full&#8220; alignment=&#8220;center&#8220; css=&#8220;.vc_custom_1606127227257{margin-bottom: 0px !important;}&#8220;][vc_column_text el_class=&#8220;big al-center&#8220;]Erstellen Sie Ihre <strong class=\"green\">Tabellenkalkulationsdateien<\/strong> sofort, bearbeiten Sie sie online, sogar f\u00fcr mehrere Benutzer gleichzeitig und von jedem Ger\u00e4t aus.[\/vc_column_text][\/vc_column][\/vc_row][vc_row equal_height=&#8220;yes&#8220; content_placement=&#8220;middle&#8220; el_class=&#8220;cta-row&#8220; el_id=&#8220;cta-11&#8243;][vc_column width=&#8220;1\/3&#8243; css=&#8220;.vc_custom_1606127567338{background-color: #ffffff !important;}&#8220;][vc_single_image image=&#8220;6967&#8243; img_size=&#8220;full&#8220; alignment=&#8220;center&#8220; el_class=&#8220;no-space-img&#8220;][\/vc_column][vc_column width=&#8220;2\/3&#8243; css=&#8220;.vc_custom_1606127558105{background-color: #79ca30 !important;}&#8220;][vc_column_text]<\/p>\n<h3 class=\"white upper al-center bigger-40\">Mehr Informationen \u00fcber Google workspace?<\/h3>\n<p>[\/vc_column_text][vc_column_text el_class=&#8220;big white al-center&#8220;]Als Google Cloud Partner helfen wir Ihnen dabei, dieses leistungsstarke Tool f\u00fcr die Zusammenarbeit in Echtzeit optimal zu nutzen..[\/vc_column_text][vc_row_inner equal_height=&#8220;yes&#8220; el_class=&#8220;cta-inner-icons-row&#8220;][vc_column_inner width=&#8220;1\/5&#8243;][vc_single_image image=&#8220;6942&#8243; img_size=&#8220;full&#8220; alignment=&#8220;center&#8220; css=&#8220;.vc_custom_1606127837382{margin-bottom: 0px !important;}&#8220; el_class=&#8220;no-space-img&#8220;][vc_column_text css=&#8220;.vc_custom_1606127918016{margin-bottom: 0px !important;}&#8220;]<\/p>\n<h4 class=\"al-center big white\"><strong>Gmail<\/strong><\/h4>\n<p>[\/vc_column_text][\/vc_column_inner][vc_column_inner width=&#8220;1\/5&#8243;][vc_single_image image=&#8220;6946&#8243; img_size=&#8220;full&#8220; alignment=&#8220;center&#8220; css=&#8220;.vc_custom_1606127843438{margin-bottom: 0px !important;}&#8220; el_class=&#8220;no-space-img&#8220;][vc_column_text css=&#8220;.vc_custom_1606127966589{margin-bottom: 0px !important;}&#8220;]<\/p>\n<h4 class=\"al-center big white\"><strong>Drive<\/strong><\/h4>\n<p>[\/vc_column_text][\/vc_column_inner][vc_column_inner width=&#8220;1\/5&#8243;][vc_single_image image=&#8220;6955&#8243; img_size=&#8220;full&#8220; alignment=&#8220;center&#8220; css=&#8220;.vc_custom_1606127850421{margin-bottom: 0px !important;}&#8220; el_class=&#8220;no-space-img&#8220;][vc_column_text css=&#8220;.vc_custom_1606127958608{margin-bottom: 0px !important;}&#8220;]<\/p>\n<h4 class=\"al-center big white\"><strong>Docs<\/strong><\/h4>\n<p>[\/vc_column_text][\/vc_column_inner][vc_column_inner width=&#8220;1\/5&#8243;][vc_single_image image=&#8220;6949&#8243; img_size=&#8220;full&#8220; alignment=&#8220;center&#8220; css=&#8220;.vc_custom_1606127856672{margin-bottom: 0px !important;}&#8220; el_class=&#8220;no-space-img&#8220;][vc_column_text css=&#8220;.vc_custom_1606127950618{margin-bottom: 0px !important;}&#8220;]<\/p>\n<h4 class=\"al-center big white\"><strong>Calendar<\/strong><\/h4>\n<p>[\/vc_column_text][\/vc_column_inner][vc_column_inner width=&#8220;1\/5&#8243;][vc_single_image image=&#8220;6952&#8243; img_size=&#8220;full&#8220; alignment=&#8220;center&#8220; css=&#8220;.vc_custom_1606127863738{margin-bottom: 0px !important;}&#8220; el_class=&#8220;no-space-img&#8220;][vc_column_text css=&#8220;.vc_custom_1606127942007{margin-bottom: 0px !important;}&#8220;]<\/p>\n<h4 class=\"al-center big white\"><strong>Meet<\/strong><\/h4>\n<p>[\/vc_column_text][\/vc_column_inner][\/vc_row_inner][vc_btn title=&#8220;Kontaktieren Sie uns&#8220; align=&#8220;center&#8220; link=&#8220;url:%23footer-contact-wrap|title:Contact&#8220; el_class=&#8220;inverse-btn scroll&#8220;][\/vc_column][\/vc_row][\/vc_section]<\/p>\n<\/section>","protected":false},"excerpt":{"rendered":"<p>[vc_section full_width=&#8220;stretch_row_content&#8220; full_height=&#8220;yes&#8220; content_placement=&#8220;middle&#8220; el_class=&#8220;intro-section&#8220;][vc_row full_width=&#8220;stretch_row_content_no_spaces&#8220; full_height=&#8220;yes&#8220; el_class=&#8220;white&#8220; css=&#8220;.vc_custom_1606220665121{background-image: url(\/wp-content\/uploads\/2020\/11\/BG-headeronly.jpg?id=7104) !important;}&#8220; el_id=&#8220;workspace-row&#8220;][vc_column width=&#8220;1\/3&#8243;][vc_column_text] Google Workspace Transfom the way you do business [\/vc_column_text][vc_column_text] Kontaktieren Sie Ihre Google<span class=\"excerpt-hellip\"> [\u2026]<\/span><\/p>\n","protected":false},"author":1,"featured_media":0,"parent":5715,"menu_order":0,"comment_status":"closed","ping_status":"closed","template":"","meta":{"inline_featured_image":false,"footnotes":""},"yoast_head":"<!-- This site is optimized with the Yoast SEO plugin v21.5 - https:\/\/yoast.com\/wordpress\/plugins\/seo\/ -->\n<title>Google Workspace - Done<\/title>\n<meta name=\"robots\" content=\"index, follow, max-snippet:-1, max-image-preview:large, max-video-preview:-1\" \/>\n<link rel=\"canonical\" href=\"https:\/\/done.lu\/de\/kompetenzen\/gsuite\/\" \/>\n<meta property=\"og:locale\" content=\"de_DE\" \/>\n<meta property=\"og:type\" content=\"article\" \/>\n<meta property=\"og:title\" content=\"Google Workspace - Done\" \/>\n<meta property=\"og:description\" content=\"[vc_section full_width=&#8220;stretch_row_content&#8220; full_height=&#8220;yes&#8220; content_placement=&#8220;middle&#8220; el_class=&#8220;intro-section&#8220;][vc_row full_width=&#8220;stretch_row_content_no_spaces&#8220; full_height=&#8220;yes&#8220; el_class=&#8220;white&#8220; css=&#8220;.vc_custom_1606220665121{background-image: url(\/wp-content\/uploads\/2020\/11\/BG-headeronly.jpg?id=7104) !important;}&#8220; el_id=&#8220;workspace-row&#8220;][vc_column width=&#8220;1\/3&#8243;][vc_column_text] Google Workspace Transfom the way you do business [\/vc_column_text][vc_column_text] Kontaktieren Sie Ihre Google [\u2026]\" \/>\n<meta property=\"og:url\" content=\"https:\/\/done.lu\/de\/kompetenzen\/gsuite\/\" \/>\n<meta property=\"og:site_name\" content=\"Done\" \/>\n<meta property=\"article:publisher\" content=\"https:\/\/www.facebook.com\/donesarl\" \/>\n<meta property=\"article:modified_time\" content=\"2021-02-23T11:02:17+00:00\" \/>\n<meta name=\"twitter:card\" content=\"summary_large_image\" \/>\n<meta name=\"twitter:site\" content=\"@DONElux\" \/>\n<meta name=\"twitter:label1\" content=\"Gesch\u00e4tzte Lesezeit\" \/>\n\t<meta name=\"twitter:data1\" content=\"3\u00a0Minuten\" \/>\n<script type=\"application\/ld+json\" class=\"yoast-schema-graph\">{\"@context\":\"https:\/\/schema.org\",\"@graph\":[{\"@type\":\"WebPage\",\"@id\":\"https:\/\/done.lu\/de\/kompetenzen\/gsuite\/\",\"url\":\"https:\/\/done.lu\/de\/kompetenzen\/gsuite\/\",\"name\":\"Google Workspace - Done\",\"isPartOf\":{\"@id\":\"https:\/\/done.lu\/#website\"},\"datePublished\":\"2020-10-06T16:11:05+00:00\",\"dateModified\":\"2021-02-23T11:02:17+00:00\",\"breadcrumb\":{\"@id\":\"https:\/\/done.lu\/de\/kompetenzen\/gsuite\/#breadcrumb\"},\"inLanguage\":\"de\",\"potentialAction\":[{\"@type\":\"ReadAction\",\"target\":[\"https:\/\/done.lu\/de\/kompetenzen\/gsuite\/\"]}]},{\"@type\":\"BreadcrumbList\",\"@id\":\"https:\/\/done.lu\/de\/kompetenzen\/gsuite\/#breadcrumb\",\"itemListElement\":[{\"@type\":\"ListItem\",\"position\":1,\"name\":\"Home\",\"item\":\"https:\/\/done.lu\/de\/\"},{\"@type\":\"ListItem\",\"position\":2,\"name\":\"Kompetenzen\",\"item\":\"https:\/\/done.lu\/de\/kompetenzen\/\"},{\"@type\":\"ListItem\",\"position\":3,\"name\":\"Google Workspace\"}]},{\"@type\":\"WebSite\",\"@id\":\"https:\/\/done.lu\/#website\",\"url\":\"https:\/\/done.lu\/\",\"name\":\"Done\",\"description\":\"\",\"publisher\":{\"@id\":\"https:\/\/done.lu\/#organization\"},\"potentialAction\":[{\"@type\":\"SearchAction\",\"target\":{\"@type\":\"EntryPoint\",\"urlTemplate\":\"https:\/\/done.lu\/?s={search_term_string}\"},\"query-input\":\"required name=search_term_string\"}],\"inLanguage\":\"de\"},{\"@type\":\"Organization\",\"@id\":\"https:\/\/done.lu\/#organization\",\"name\":\"Done SARL\",\"alternateName\":\"Done Website as a Service\",\"url\":\"https:\/\/done.lu\/\",\"logo\":{\"@type\":\"ImageObject\",\"inLanguage\":\"de\",\"@id\":\"https:\/\/done.lu\/#\/schema\/logo\/image\/\",\"url\":\"https:\/\/done.lu\/wp-content\/uploads\/2024\/07\/logo_done_rgb_neu.jpg\",\"contentUrl\":\"https:\/\/done.lu\/wp-content\/uploads\/2024\/07\/logo_done_rgb_neu.jpg\",\"width\":945,\"height\":377,\"caption\":\"Done SARL\"},\"image\":{\"@id\":\"https:\/\/done.lu\/#\/schema\/logo\/image\/\"},\"sameAs\":[\"https:\/\/www.facebook.com\/donesarl\",\"https:\/\/twitter.com\/DONElux\",\"https:\/\/www.instagram.com\/done.lu\/\",\"https:\/\/www.linkedin.com\/company\/donelux\/\"]}]}<\/script>\n<!-- \/ Yoast SEO plugin. -->","yoast_head_json":{"title":"Google Workspace - Done","robots":{"index":"index","follow":"follow","max-snippet":"max-snippet:-1","max-image-preview":"max-image-preview:large","max-video-preview":"max-video-preview:-1"},"canonical":"https:\/\/done.lu\/de\/kompetenzen\/gsuite\/","og_locale":"de_DE","og_type":"article","og_title":"Google Workspace - Done","og_description":"[vc_section full_width=&#8220;stretch_row_content&#8220; full_height=&#8220;yes&#8220; content_placement=&#8220;middle&#8220; el_class=&#8220;intro-section&#8220;][vc_row full_width=&#8220;stretch_row_content_no_spaces&#8220; full_height=&#8220;yes&#8220; el_class=&#8220;white&#8220; css=&#8220;.vc_custom_1606220665121{background-image: url(\/wp-content\/uploads\/2020\/11\/BG-headeronly.jpg?id=7104) !important;}&#8220; el_id=&#8220;workspace-row&#8220;][vc_column width=&#8220;1\/3&#8243;][vc_column_text] Google Workspace Transfom the way you do business [\/vc_column_text][vc_column_text] Kontaktieren Sie Ihre Google [\u2026]","og_url":"https:\/\/done.lu\/de\/kompetenzen\/gsuite\/","og_site_name":"Done","article_publisher":"https:\/\/www.facebook.com\/donesarl","article_modified_time":"2021-02-23T11:02:17+00:00","twitter_card":"summary_large_image","twitter_site":"@DONElux","twitter_misc":{"Gesch\u00e4tzte Lesezeit":"3\u00a0Minuten"},"schema":{"@context":"https:\/\/schema.org","@graph":[{"@type":"WebPage","@id":"https:\/\/done.lu\/de\/kompetenzen\/gsuite\/","url":"https:\/\/done.lu\/de\/kompetenzen\/gsuite\/","name":"Google Workspace - Done","isPartOf":{"@id":"https:\/\/done.lu\/#website"},"datePublished":"2020-10-06T16:11:05+00:00","dateModified":"2021-02-23T11:02:17+00:00","breadcrumb":{"@id":"https:\/\/done.lu\/de\/kompetenzen\/gsuite\/#breadcrumb"},"inLanguage":"de","potentialAction":[{"@type":"ReadAction","target":["https:\/\/done.lu\/de\/kompetenzen\/gsuite\/"]}]},{"@type":"BreadcrumbList","@id":"https:\/\/done.lu\/de\/kompetenzen\/gsuite\/#breadcrumb","itemListElement":[{"@type":"ListItem","position":1,"name":"Home","item":"https:\/\/done.lu\/de\/"},{"@type":"ListItem","position":2,"name":"Kompetenzen","item":"https:\/\/done.lu\/de\/kompetenzen\/"},{"@type":"ListItem","position":3,"name":"Google Workspace"}]},{"@type":"WebSite","@id":"https:\/\/done.lu\/#website","url":"https:\/\/done.lu\/","name":"Done","description":"","publisher":{"@id":"https:\/\/done.lu\/#organization"},"potentialAction":[{"@type":"SearchAction","target":{"@type":"EntryPoint","urlTemplate":"https:\/\/done.lu\/?s={search_term_string}"},"query-input":"required name=search_term_string"}],"inLanguage":"de"},{"@type":"Organization","@id":"https:\/\/done.lu\/#organization","name":"Done SARL","alternateName":"Done Website as a Service","url":"https:\/\/done.lu\/","logo":{"@type":"ImageObject","inLanguage":"de","@id":"https:\/\/done.lu\/#\/schema\/logo\/image\/","url":"https:\/\/done.lu\/wp-content\/uploads\/2024\/07\/logo_done_rgb_neu.jpg","contentUrl":"https:\/\/done.lu\/wp-content\/uploads\/2024\/07\/logo_done_rgb_neu.jpg","width":945,"height":377,"caption":"Done SARL"},"image":{"@id":"https:\/\/done.lu\/#\/schema\/logo\/image\/"},"sameAs":["https:\/\/www.facebook.com\/donesarl","https:\/\/twitter.com\/DONElux","https:\/\/www.instagram.com\/done.lu\/","https:\/\/www.linkedin.com\/company\/donelux\/"]}]}},"_links":{"self":[{"href":"https:\/\/done.lu\/de\/wp-json\/wp\/v2\/pages\/7986"}],"collection":[{"href":"https:\/\/done.lu\/de\/wp-json\/wp\/v2\/pages"}],"about":[{"href":"https:\/\/done.lu\/de\/wp-json\/wp\/v2\/types\/page"}],"author":[{"embeddable":true,"href":"https:\/\/done.lu\/de\/wp-json\/wp\/v2\/users\/1"}],"replies":[{"embeddable":true,"href":"https:\/\/done.lu\/de\/wp-json\/wp\/v2\/comments?post=7986"}],"version-history":[{"count":4,"href":"https:\/\/done.lu\/de\/wp-json\/wp\/v2\/pages\/7986\/revisions"}],"predecessor-version":[{"id":8700,"href":"https:\/\/done.lu\/de\/wp-json\/wp\/v2\/pages\/7986\/revisions\/8700"}],"up":[{"embeddable":true,"href":"https:\/\/done.lu\/de\/wp-json\/wp\/v2\/pages\/5715"}],"wp:attachment":[{"href":"https:\/\/done.lu\/de\/wp-json\/wp\/v2\/media?parent=7986"}],"curies":[{"name":"wp","href":"https:\/\/api.w.org\/{rel}","templated":true}]}}