{"id":6173,"date":"2020-08-05T15:21:39","date_gmt":"2020-08-05T13:21:39","guid":{"rendered":"https:\/\/done.lu\/loesungen\/inbound-marketing\/"},"modified":"2021-02-22T15:46:51","modified_gmt":"2021-02-22T14:46:51","slug":"inbound-marketing","status":"publish","type":"page","link":"https:\/\/done.lu\/de\/loesungen\/inbound-marketing\/","title":{"rendered":"Inbound Marketing"},"content":{"rendered":"<section class=\"wpb-content-wrapper\"><p>[vc_section full_width=&#8220;stretch_row_content&#8220; parallax=&#8220;content-moving&#8220; parallax_speed_bg=&#8220;2.5&#8243; el_id=&#8220;intro&#8220; css=&#8220;.vc_custom_1596635908694{background-image: url(\/wp-content\/uploads\/2020\/08\/BG-STARS.jpg?id=109) !important;}&#8220;][vc_row el_id=&#8220;iss&#8220; css=&#8220;.vc_custom_1596635068619{background-image: url(\/wp-content\/uploads\/2020\/08\/Moon.png?id=116) !important;}&#8220;][vc_column][vc_single_image image=&#8220;113&#8243; img_size=&#8220;full&#8220; alignment=&#8220;center&#8220; el_class=&#8220;no-space-img&#8220;][\/vc_column][\/vc_row][\/vc_section][vc_section full_width=&#8220;stretch_row&#8220; parallax=&#8220;content-moving&#8220; parallax_speed_bg=&#8220;2&#8243; css=&#8220;.vc_custom_1612967963759{background-image: url(\/wp-content\/uploads\/2021\/02\/PurpleStarsBG3000.jpg?id=7823) !important;}&#8220; el_class=&#8220;white&#8220;][vc_row][vc_column][vc_column_text]<\/p>\n<h1 class=\"intro-heading al-left\">Inbound Marketing<\/h1>\n<p>[\/vc_column_text][\/vc_column][\/vc_row][vc_row equal_height=&#8220;yes&#8220; el_class=&#8220;top-space-row bot-space-row&#8220;][vc_column width=&#8220;1\/2&#8243;][vc_column_text]<\/p>\n<h2 id=\"intro\" class=\"al-left green\">Locken Sie die richtigen Besucher auf Ihre Website und verwandeln Sie sie in Kunden!<\/h2>\n<h3 id=\"intro-sub\" class=\"al-left green\">Das Verhalten Ihrer Zielgruppe hat sich ver\u00e4ndert.<\/h3>\n<p class=\"intro-par\">&#8211; <strong class=\"green\">Die Digitalisierung von Informationen hat Auswirkungen auf das Verhalten Ihrer Zielgruppe<\/strong>, die sich leichter informieren kann, um die L\u00f6sungen und Lieferanten zu finden, die ihren Bed\u00fcrfnissen entsprechen.<\/p>\n<p class=\"intro-par\">&#8211; <strong class=\"green\">Diese Entwicklung ist, wenn sie nicht ber\u00fccksichtigt wird, eine Bremse f\u00fcr Ihre wirtschaftliche Entwicklung:<\/strong> nteressenten und Entscheidungstr\u00e4ger z\u00f6gern zunehmend, durch unerw\u00fcnschte Anrufe oder E-Mails unterbrochen zu werden, <strong class=\"green\">der K\u00e4ufer hat die Macht wiedererlangt<\/strong>, er ist es, der entscheidet, wann und mit wem er seine Bed\u00fcrfnisse kommunizieren wird.<\/p>\n<p>[\/vc_column_text][\/vc_column][vc_column width=&#8220;1\/2&#8243; el_id=&#8220;intro-img&#8220;][vc_single_image image=&#8220;7256&#8243; img_size=&#8220;full&#8220; alignment=&#8220;center&#8220; css=&#8220;.vc_custom_1607952368420{margin-bottom: 0px !important;}&#8220;][\/vc_column][\/vc_row][vc_row equal_height=&#8220;yes&#8220; content_placement=&#8220;middle&#8220; el_class=&#8220;cta-row&#8220; el_id=&#8220;cta-1&#8243;][vc_column width=&#8220;1\/3&#8243; css=&#8220;.vc_custom_1606127567338{background-color: #ffffff !important;}&#8220;][vc_single_image image=&#8220;7053&#8243; img_size=&#8220;full&#8220; alignment=&#8220;center&#8220; el_class=&#8220;no-space-img&#8220;][\/vc_column][vc_column width=&#8220;2\/3&#8243; css=&#8220;.vc_custom_1606127558105{background-color: #79ca30 !important;}&#8220;][vc_column_text]<\/p>\n<h3 class=\"white upper al-center bigger-40\">Haben Sie ein Web-Projekt?<\/h3>\n<p>[\/vc_column_text][vc_column_text el_class=&#8220;big white al-center&#8220;]<strong>Sprechen Sie mit unseren Experten!<\/strong>[\/vc_column_text][vc_row_inner equal_height=&#8220;yes&#8220; el_class=&#8220;cta-inner-icons-row&#8220;][vc_column_inner width=&#8220;1\/4&#8243;][vc_single_image image=&#8220;7021&#8243; img_size=&#8220;full&#8220; alignment=&#8220;center&#8220; css=&#8220;.vc_custom_1606152509780{margin-bottom: 0px !important;}&#8220; el_class=&#8220;no-space-img&#8220;][vc_column_text css=&#8220;.vc_custom_1606152525256{margin-bottom: 0px !important;}&#8220;]<\/p>\n<h4 class=\"al-center big white\"><strong>Expertise<\/strong><\/h4>\n<p>[\/vc_column_text][\/vc_column_inner][vc_column_inner width=&#8220;1\/4&#8243;][vc_single_image image=&#8220;7027&#8243; img_size=&#8220;full&#8220; alignment=&#8220;center&#8220; css=&#8220;.vc_custom_1606152547291{margin-bottom: 0px !important;}&#8220; el_class=&#8220;no-space-img&#8220;][vc_column_text css=&#8220;.vc_custom_1606152557609{margin-bottom: 0px !important;}&#8220;]<\/p>\n<h4 class=\"al-center big white\"><strong>Performance<\/strong><\/h4>\n<p>[\/vc_column_text][\/vc_column_inner][vc_column_inner width=&#8220;1\/4&#8243;][vc_single_image image=&#8220;7030&#8243; img_size=&#8220;full&#8220; alignment=&#8220;center&#8220; css=&#8220;.vc_custom_1606152578633{margin-bottom: 0px !important;}&#8220; el_class=&#8220;no-space-img&#8220;][vc_column_text css=&#8220;.vc_custom_1606152587446{margin-bottom: 0px !important;}&#8220;]<\/p>\n<h4 class=\"al-center big white\"><strong>Reaktivit\u00e4t<\/strong><\/h4>\n<p>[\/vc_column_text][\/vc_column_inner][vc_column_inner width=&#8220;1\/4&#8243;][vc_single_image image=&#8220;7024&#8243; img_size=&#8220;full&#8220; alignment=&#8220;center&#8220; css=&#8220;.vc_custom_1606152614374{margin-bottom: 0px !important;}&#8220; el_class=&#8220;no-space-img&#8220;][vc_column_text css=&#8220;.vc_custom_1606152623187{margin-bottom: 0px !important;}&#8220;]<\/p>\n<h4 class=\"al-center big white\"><strong>Involvierung<\/strong><\/h4>\n<p>[\/vc_column_text][\/vc_column_inner][\/vc_row_inner][vc_btn title=&#8220;Kontaktieren Sie uns jetzt&#8220; align=&#8220;center&#8220; link=&#8220;url:%23footer-contact|title:Contact&#8220; el_class=&#8220;inverse-btn scroll&#8220;][\/vc_column][\/vc_row][\/vc_section][vc_section full_width=&#8220;stretch_row&#8220; parallax=&#8220;content-moving&#8220; parallax_speed_bg=&#8220;2.5&#8243; css=&#8220;.vc_custom_1612967976949{background-image: url(\/wp-content\/uploads\/2021\/02\/BGstars2000.jpg?id=7826) !important;}&#8220; el_class=&#8220;star-sec&#8220;][vc_row el_class=&#8220;top-space-row&#8220;][vc_column][vc_column_text]<\/p>\n<h2 class=\"al-center green\">Inbound Marketing ist die digitale Antwort auf diese Entwicklung.<\/h2>\n<hr class=\"heading-sep\" \/>\n<p>[\/vc_column_text][\/vc_column][\/vc_row][vc_row el_class=&#8220;bot-space-row&#8220;][vc_column width=&#8220;1\/3&#8243;][\/vc_column][vc_column width=&#8220;1\/3&#8243;][vc_column_text]<\/p>\n<p id=\"inbound-desc\">Inbound Marketing ist eine Strategie, die darin besteht, qualifizierte Interessenten f\u00fcr Ihre Website zu gewinnen und sie in eine Beziehung zu Ihren Produkten oder Dienstleistungen zu bringen. Die angewandte Methode besteht in der Erstellung und Verbreitung von Inhalten, die sinnvoll und an ihre Bed\u00fcrfnisse und Eigenschaften angepasst sind.<\/p>\n<p>[\/vc_column_text][\/vc_column][vc_column width=&#8220;1\/3&#8243;][\/vc_column][\/vc_row][\/vc_section][vc_section full_width=&#8220;stretch_row&#8220; parallax=&#8220;content-moving&#8220; parallax_speed_bg=&#8220;2&#8243; css=&#8220;.vc_custom_1612967990963{background-image: url(\/wp-content\/uploads\/2021\/02\/PurpleStarsBG3000.jpg?id=7823) !important;}&#8220; el_class=&#8220;white&#8220;][vc_row el_class=&#8220;top-space-row&#8220;][vc_column][vc_column_text]<\/p>\n<h2 class=\"al-center green\">DONE ist zertifizierter Hubspot Partner.<\/h2>\n<hr class=\"heading-sep\" \/>\n<p>[\/vc_column_text][\/vc_column][\/vc_row][vc_row el_class=&#8220;bot-space-row&#8220;][vc_column width=&#8220;1\/4&#8243;][\/vc_column][vc_column width=&#8220;1\/2&#8243;][vc_single_image image=&#8220;7259&#8243; img_size=&#8220;full&#8220; alignment=&#8220;center&#8220;][vc_column_text]Mit den von unserem Partner Hubspot (Weltmarktf\u00fchrer f\u00fcr Inbound-Marketing-Software) entwickelten Tools k\u00f6nnen Sie die <strong class=\"green\">Aufmerksamkeit Ihrer Zielgruppe erregen und qualitativ hochwertige Leads generieren<\/strong>. Als Hubspot-Partner f\u00fcr das Gro\u00dfherzogtum Luxemburg schulen und beraten wir Sie \u00fcber den richtigen Einsatz dieses leistungsstarken Tools:<\/p>\n<ul id=\"partner-list\" class=\"dashed\">\n<li>Wir definieren das Profil Ihrer K\u00e4uferpers\u00f6nlichkeit (&#8222;Buyer Persona&#8220;) und legen deren Kundenreise (&#8222;Customer Journey&#8220;) fest.<\/li>\n<li>Wir produzieren attraktive Inhalte, die ihr Bewusstsein erh\u00f6hen.<\/li>\n<li>Wir digitalisieren Ihren Verkaufszyklus (Marketingautomatisierung)<\/li>\n<li>Wir analysieren Ihre Ergebnisse und beraten Sie laufend.<\/li>\n<\/ul>\n<p>[\/vc_column_text][\/vc_column][vc_column width=&#8220;1\/4&#8243;][\/vc_column][\/vc_row][\/vc_section][vc_section full_width=&#8220;stretch_row&#8220; parallax=&#8220;content-moving&#8220; parallax_speed_bg=&#8220;2.5&#8243; css=&#8220;.vc_custom_1612968004376{background-image: url(\/wp-content\/uploads\/2021\/02\/BGstars3000-1.jpg?id=7829) !important;}&#8220; el_class=&#8220;star-sec&#8220;][vc_row el_class=&#8220;top-space-row&#8220;][vc_column][vc_column_text]<\/p>\n<h2 class=\"al-center green\">Die 4 notwendigen Schritte einer Inbound Marketing Strategie<\/h2>\n<hr class=\"heading-sep\" \/>\n<p>[\/vc_column_text][\/vc_column][\/vc_row][vc_row][vc_column width=&#8220;1\/3&#8243;][\/vc_column][vc_column width=&#8220;1\/3&#8243;][vc_column_text]<\/p>\n<p id=\"step-desc\">Die Implementierung einer Inbound-Marketingstrategie und -Werkzeuge erm\u00f6glicht es, dass Ihr Unternehmen, Ihre Produkte und Dienstleistungen von K\u00e4ufern gefunden werden und dass sie sich mit Ihnen in Verbindung setzen oder Sie bitten, sie zu kontaktieren. Mit Inbound-Marketing k\u00f6nnen Sie Ihre Leads und Ums\u00e4tze verzehnfachen und gleichzeitig Ihre Kundenakquisitionskosten deutlich senken.<\/p>\n<p>[\/vc_column_text][\/vc_column][vc_column width=&#8220;1\/3&#8243;][\/vc_column][\/vc_row][vc_row el_class=&#8220;top-bot-space-row&#8220;][vc_column][vc_single_image image=&#8220;1059&#8243; img_size=&#8220;full&#8220; alignment=&#8220;center&#8220;][\/vc_column][\/vc_row][\/vc_section][vc_section full_width=&#8220;stretch_row&#8220; parallax=&#8220;content-moving&#8220; parallax_speed_bg=&#8220;2&#8243; el_id=&#8220;packs&#8220; el_class=&#8220;white&#8220; css=&#8220;.vc_custom_1614005199382{background-image: url(\/wp-content\/uploads\/2021\/02\/PurpleStarsBG5000.jpg?id=7975) !important;}&#8220;][vc_row el_class=&#8220;bot-space-row&#8220;][vc_column][vc_column_text]<\/p>\n<h2 class=\"al-center green\">In allen Packs enthalten:<\/h2>\n<hr class=\"heading-sep\" \/>\n<p>[\/vc_column_text][\/vc_column][\/vc_row][vc_row el_class=&#8220;common-pack-row&#8220;][vc_column width=&#8220;1\/6&#8243;][\/vc_column][vc_column width=&#8220;2\/3&#8243;][vc_column_text]<\/p>\n<ul class=\"inbound-common-split-list\">\n<li>Einrichten Ihrer Marketing-Software<\/li>\n<li>Ihr Team an den Start bringen<\/li>\n<li>Kundenpers\u00f6nlichkeiten erstellen<\/li>\n<li>Erstellen von Lead-Listen<\/li>\n<li>Aufbau des BOFU-Angebots<\/li>\n<li>Erstellen von SMART-Metriken und Berichten<\/li>\n<li>Landing Pages<\/li>\n<li>Intelligente Handlungsaufforderungen (&#8222;Call to action&#8220;)<\/li>\n<\/ul>\n<ul class=\"inbound-common-split-list\">\n<li>E-Mail-Marketing<\/li>\n<li>Arbeitsabl\u00e4ufe<\/li>\n<li>Konversionsoptimierung<\/li>\n<li>SEO<\/li>\n<li>Intelligente Formulare<\/li>\n<li>Monatliche Berichterstattung<\/li>\n<li>Tutorium<\/li>\n<\/ul>\n<p>[\/vc_column_text][\/vc_column][vc_column width=&#8220;1\/6&#8243;][\/vc_column][\/vc_row][vc_row el_class=&#8220;bot-space-row&#8220;][vc_column][vc_column_text]<\/p>\n<h2 class=\"al-center green\">Unsere Packs<\/h2>\n<hr class=\"heading-sep\" \/>\n<p>[\/vc_column_text][\/vc_column][\/vc_row][vc_row el_id=&#8220;tab-row&#8220;][vc_column width=&#8220;1\/3&#8243;][vc_column_text]<\/p>\n<div class=\"tab-nav tab-nav-active\">\n<h2 class=\"green\">Starter<\/h2>\n<p><strong class=\"green\">1890 \u20ac<\/strong> (zzgl. MwSt.) \/ Monat<\/div>\n<p>[\/vc_column_text][vc_column_text]<\/p>\n<ul class=\"inbound-list\">\n<li>Definition der Buyer-Personas und j\u00e4hrliche Updates (1)<\/li>\n<li>Definition von Customer-Journeys und j\u00e4hrlichen Updates (1)<\/li>\n<li>Wirkungsvolle Kampagnen erstellen (Leadgen\/ Quartal) (1)<\/li>\n<li>Erstellen Sie gro\u00dfartige Blog-Inhalte (Blogs \/ Quartal) (5)<\/li>\n<\/ul>\n<p>[\/vc_column_text][\/vc_column][vc_column width=&#8220;1\/3&#8243;][vc_column_text]<\/p>\n<div class=\"tab-nav\">\n<h2 class=\"green\">Business<\/h2>\n<p><strong class=\"green\">3700 \u20ac<\/strong> (zzgl. MwSt.) \/ Monat<\/div>\n<p>[\/vc_column_text][vc_column_text]<\/p>\n<ul class=\"inbound-list\">\n<li>Definition der Buyer-Personas und j\u00e4hrliche Updates (2)<\/li>\n<li>Definition von Customer-Journeys und j\u00e4hrlichen Updates (2)<\/li>\n<li>Einrichtung des TOFU-Angebots<\/li>\n<li>Wirkungsvolle Kampagnen erstellen (Leadgen\/ Quartal) (3)<\/li>\n<li>Optimieren Sie Ihre Keywords<\/li>\n<li>Erstellen von Lead Nurturing Workflows<\/li>\n<li>Erstellen Sie gro\u00dfartige Blog-Inhalte (Blogs \/ Quartal) (8)<\/li>\n<li>Vertrieb Marketing SLA-Erstellung<\/li>\n<\/ul>\n<p>[\/vc_column_text][\/vc_column][vc_column width=&#8220;1\/3&#8243;][vc_column_text]<\/p>\n<div class=\"tab-nav\">\n<h2 class=\"green\">International<\/h2>\n<p><strong class=\"green\">7500 \u20ac<\/strong> (zzgl. MwSt.) \/ Monat<\/div>\n<p>[\/vc_column_text][vc_column_text]<\/p>\n<ul class=\"inbound-list\">\n<li>Definition der Buyer-Personas und j\u00e4hrliche Updates (4)<\/li>\n<li>Definition von Customer-Journeys und j\u00e4hrlichen Updates (4)<\/li>\n<li>Einrichtung des TOFU-Angebots<\/li>\n<li>Wirkungsvolle Kampagnen erstellen (Leadgen\/ Quartal) (6)<\/li>\n<li>Optimieren Sie Ihre Keywords<\/li>\n<li>Erstellen von Lead Nurturing Workflows<\/li>\n<li>Lead-Scoring und Pflege<\/li>\n<li>Erstellen Sie gro\u00dfartige Blog-Inhalte (Blogs \/ Quartal) (30)<\/li>\n<li>Verwaltete Social Media<\/li>\n<li>Vertrieb Marketing SLA-Erstellung<\/li>\n<li>Unternehmensweiter Methodik-Workshop<\/li>\n<\/ul>\n<p>[\/vc_column_text][\/vc_column][\/vc_row][\/vc_section]<\/p>\n<\/section>","protected":false},"excerpt":{"rendered":"<p>[vc_section full_width=&#8220;stretch_row_content&#8220; parallax=&#8220;content-moving&#8220; parallax_speed_bg=&#8220;2.5&#8243; el_id=&#8220;intro&#8220; css=&#8220;.vc_custom_1596635908694{background-image: url(\/wp-content\/uploads\/2020\/08\/BG-STARS.jpg?id=109) !important;}&#8220;][vc_row el_id=&#8220;iss&#8220; css=&#8220;.vc_custom_1596635068619{background-image: url(\/wp-content\/uploads\/2020\/08\/Moon.png?id=116) !important;}&#8220;][vc_column][vc_single_image image=&#8220;113&#8243; img_size=&#8220;full&#8220; alignment=&#8220;center&#8220; el_class=&#8220;no-space-img&#8220;][\/vc_column][\/vc_row][\/vc_section][vc_section full_width=&#8220;stretch_row&#8220; parallax=&#8220;content-moving&#8220; parallax_speed_bg=&#8220;2&#8243; css=&#8220;.vc_custom_1612967963759{background-image: url(\/wp-content\/uploads\/2021\/02\/PurpleStarsBG3000.jpg?id=7823) !important;}&#8220; el_class=&#8220;white&#8220;][vc_row][vc_column][vc_column_text] Inbound Marketing [\/vc_column_text][\/vc_column][\/vc_row][vc_row<span class=\"excerpt-hellip\"> [\u2026]<\/span><\/p>\n","protected":false},"author":1,"featured_media":0,"parent":6165,"menu_order":0,"comment_status":"closed","ping_status":"closed","template":"","meta":{"inline_featured_image":false,"footnotes":""},"yoast_head":"<!-- This site is optimized with the Yoast SEO plugin v21.5 - https:\/\/yoast.com\/wordpress\/plugins\/seo\/ -->\n<title>Inbound Marketing von Done ist die digitale Antwort auf digitale Evolution<\/title>\n<meta name=\"description\" content=\"Inbound Marketing ist eine Strategie, die darin besteht, qualifizierte Interessenten f\u00fcr Ihre Website zu gewinnen und sie in eine Beziehung zu Ihren Produkten oder Dienstleistungen zu bringen.\" \/>\n<meta name=\"robots\" content=\"index, follow, max-snippet:-1, max-image-preview:large, max-video-preview:-1\" \/>\n<link rel=\"canonical\" href=\"https:\/\/done.lu\/de\/loesungen\/inbound-marketing\/\" \/>\n<meta property=\"og:locale\" content=\"de_DE\" \/>\n<meta property=\"og:type\" content=\"article\" \/>\n<meta property=\"og:title\" content=\"Inbound Marketing von Done ist die digitale Antwort auf digitale Evolution\" \/>\n<meta property=\"og:description\" content=\"Inbound Marketing ist eine Strategie, die darin besteht, qualifizierte Interessenten f\u00fcr Ihre Website zu gewinnen und sie in eine Beziehung zu Ihren Produkten oder Dienstleistungen zu bringen.\" \/>\n<meta property=\"og:url\" content=\"https:\/\/done.lu\/de\/loesungen\/inbound-marketing\/\" \/>\n<meta property=\"og:site_name\" content=\"Done\" \/>\n<meta property=\"article:publisher\" content=\"https:\/\/www.facebook.com\/donesarl\" \/>\n<meta property=\"article:modified_time\" content=\"2021-02-22T14:46:51+00:00\" \/>\n<meta name=\"twitter:card\" content=\"summary_large_image\" \/>\n<meta name=\"twitter:site\" content=\"@DONElux\" \/>\n<meta name=\"twitter:label1\" content=\"Gesch\u00e4tzte Lesezeit\" \/>\n\t<meta name=\"twitter:data1\" content=\"6\u00a0Minuten\" \/>\n<script type=\"application\/ld+json\" class=\"yoast-schema-graph\">{\"@context\":\"https:\/\/schema.org\",\"@graph\":[{\"@type\":\"WebPage\",\"@id\":\"https:\/\/done.lu\/de\/loesungen\/inbound-marketing\/\",\"url\":\"https:\/\/done.lu\/de\/loesungen\/inbound-marketing\/\",\"name\":\"Inbound Marketing von Done ist die digitale Antwort auf digitale Evolution\",\"isPartOf\":{\"@id\":\"https:\/\/done.lu\/#website\"},\"datePublished\":\"2020-08-05T13:21:39+00:00\",\"dateModified\":\"2021-02-22T14:46:51+00:00\",\"description\":\"Inbound Marketing ist eine Strategie, die darin besteht, qualifizierte Interessenten f\u00fcr Ihre Website zu gewinnen und sie in eine Beziehung zu Ihren Produkten oder Dienstleistungen zu bringen.\",\"breadcrumb\":{\"@id\":\"https:\/\/done.lu\/de\/loesungen\/inbound-marketing\/#breadcrumb\"},\"inLanguage\":\"de\",\"potentialAction\":[{\"@type\":\"ReadAction\",\"target\":[\"https:\/\/done.lu\/de\/loesungen\/inbound-marketing\/\"]}]},{\"@type\":\"BreadcrumbList\",\"@id\":\"https:\/\/done.lu\/de\/loesungen\/inbound-marketing\/#breadcrumb\",\"itemListElement\":[{\"@type\":\"ListItem\",\"position\":1,\"name\":\"Home\",\"item\":\"https:\/\/done.lu\/de\/\"},{\"@type\":\"ListItem\",\"position\":2,\"name\":\"L\u00f6sungen\",\"item\":\"https:\/\/done.lu\/de\/loesungen\/\"},{\"@type\":\"ListItem\",\"position\":3,\"name\":\"Inbound Marketing\"}]},{\"@type\":\"WebSite\",\"@id\":\"https:\/\/done.lu\/#website\",\"url\":\"https:\/\/done.lu\/\",\"name\":\"Done\",\"description\":\"\",\"publisher\":{\"@id\":\"https:\/\/done.lu\/#organization\"},\"potentialAction\":[{\"@type\":\"SearchAction\",\"target\":{\"@type\":\"EntryPoint\",\"urlTemplate\":\"https:\/\/done.lu\/?s={search_term_string}\"},\"query-input\":\"required name=search_term_string\"}],\"inLanguage\":\"de\"},{\"@type\":\"Organization\",\"@id\":\"https:\/\/done.lu\/#organization\",\"name\":\"Done SARL\",\"alternateName\":\"Done Website as a Service\",\"url\":\"https:\/\/done.lu\/\",\"logo\":{\"@type\":\"ImageObject\",\"inLanguage\":\"de\",\"@id\":\"https:\/\/done.lu\/#\/schema\/logo\/image\/\",\"url\":\"https:\/\/done.lu\/wp-content\/uploads\/2024\/07\/logo_done_rgb_neu.jpg\",\"contentUrl\":\"https:\/\/done.lu\/wp-content\/uploads\/2024\/07\/logo_done_rgb_neu.jpg\",\"width\":945,\"height\":377,\"caption\":\"Done SARL\"},\"image\":{\"@id\":\"https:\/\/done.lu\/#\/schema\/logo\/image\/\"},\"sameAs\":[\"https:\/\/www.facebook.com\/donesarl\",\"https:\/\/twitter.com\/DONElux\",\"https:\/\/www.instagram.com\/done.lu\/\",\"https:\/\/www.linkedin.com\/company\/donelux\/\"]}]}<\/script>\n<!-- \/ Yoast SEO plugin. -->","yoast_head_json":{"title":"Inbound Marketing von Done ist die digitale Antwort auf digitale Evolution","description":"Inbound Marketing ist eine Strategie, die darin besteht, qualifizierte Interessenten f\u00fcr Ihre Website zu gewinnen und sie in eine Beziehung zu Ihren Produkten oder Dienstleistungen zu bringen.","robots":{"index":"index","follow":"follow","max-snippet":"max-snippet:-1","max-image-preview":"max-image-preview:large","max-video-preview":"max-video-preview:-1"},"canonical":"https:\/\/done.lu\/de\/loesungen\/inbound-marketing\/","og_locale":"de_DE","og_type":"article","og_title":"Inbound Marketing von Done ist die digitale Antwort auf digitale Evolution","og_description":"Inbound Marketing ist eine Strategie, die darin besteht, qualifizierte Interessenten f\u00fcr Ihre Website zu gewinnen und sie in eine Beziehung zu Ihren Produkten oder Dienstleistungen zu bringen.","og_url":"https:\/\/done.lu\/de\/loesungen\/inbound-marketing\/","og_site_name":"Done","article_publisher":"https:\/\/www.facebook.com\/donesarl","article_modified_time":"2021-02-22T14:46:51+00:00","twitter_card":"summary_large_image","twitter_site":"@DONElux","twitter_misc":{"Gesch\u00e4tzte Lesezeit":"6\u00a0Minuten"},"schema":{"@context":"https:\/\/schema.org","@graph":[{"@type":"WebPage","@id":"https:\/\/done.lu\/de\/loesungen\/inbound-marketing\/","url":"https:\/\/done.lu\/de\/loesungen\/inbound-marketing\/","name":"Inbound Marketing von Done ist die digitale Antwort auf digitale Evolution","isPartOf":{"@id":"https:\/\/done.lu\/#website"},"datePublished":"2020-08-05T13:21:39+00:00","dateModified":"2021-02-22T14:46:51+00:00","description":"Inbound Marketing ist eine Strategie, die darin besteht, qualifizierte Interessenten f\u00fcr Ihre Website zu gewinnen und sie in eine Beziehung zu Ihren Produkten oder Dienstleistungen zu bringen.","breadcrumb":{"@id":"https:\/\/done.lu\/de\/loesungen\/inbound-marketing\/#breadcrumb"},"inLanguage":"de","potentialAction":[{"@type":"ReadAction","target":["https:\/\/done.lu\/de\/loesungen\/inbound-marketing\/"]}]},{"@type":"BreadcrumbList","@id":"https:\/\/done.lu\/de\/loesungen\/inbound-marketing\/#breadcrumb","itemListElement":[{"@type":"ListItem","position":1,"name":"Home","item":"https:\/\/done.lu\/de\/"},{"@type":"ListItem","position":2,"name":"L\u00f6sungen","item":"https:\/\/done.lu\/de\/loesungen\/"},{"@type":"ListItem","position":3,"name":"Inbound Marketing"}]},{"@type":"WebSite","@id":"https:\/\/done.lu\/#website","url":"https:\/\/done.lu\/","name":"Done","description":"","publisher":{"@id":"https:\/\/done.lu\/#organization"},"potentialAction":[{"@type":"SearchAction","target":{"@type":"EntryPoint","urlTemplate":"https:\/\/done.lu\/?s={search_term_string}"},"query-input":"required name=search_term_string"}],"inLanguage":"de"},{"@type":"Organization","@id":"https:\/\/done.lu\/#organization","name":"Done SARL","alternateName":"Done Website as a Service","url":"https:\/\/done.lu\/","logo":{"@type":"ImageObject","inLanguage":"de","@id":"https:\/\/done.lu\/#\/schema\/logo\/image\/","url":"https:\/\/done.lu\/wp-content\/uploads\/2024\/07\/logo_done_rgb_neu.jpg","contentUrl":"https:\/\/done.lu\/wp-content\/uploads\/2024\/07\/logo_done_rgb_neu.jpg","width":945,"height":377,"caption":"Done SARL"},"image":{"@id":"https:\/\/done.lu\/#\/schema\/logo\/image\/"},"sameAs":["https:\/\/www.facebook.com\/donesarl","https:\/\/twitter.com\/DONElux","https:\/\/www.instagram.com\/done.lu\/","https:\/\/www.linkedin.com\/company\/donelux\/"]}]}},"_links":{"self":[{"href":"https:\/\/done.lu\/de\/wp-json\/wp\/v2\/pages\/6173"}],"collection":[{"href":"https:\/\/done.lu\/de\/wp-json\/wp\/v2\/pages"}],"about":[{"href":"https:\/\/done.lu\/de\/wp-json\/wp\/v2\/types\/page"}],"author":[{"embeddable":true,"href":"https:\/\/done.lu\/de\/wp-json\/wp\/v2\/users\/1"}],"replies":[{"embeddable":true,"href":"https:\/\/done.lu\/de\/wp-json\/wp\/v2\/comments?post=6173"}],"version-history":[{"count":6,"href":"https:\/\/done.lu\/de\/wp-json\/wp\/v2\/pages\/6173\/revisions"}],"predecessor-version":[{"id":8655,"href":"https:\/\/done.lu\/de\/wp-json\/wp\/v2\/pages\/6173\/revisions\/8655"}],"up":[{"embeddable":true,"href":"https:\/\/done.lu\/de\/wp-json\/wp\/v2\/pages\/6165"}],"wp:attachment":[{"href":"https:\/\/done.lu\/de\/wp-json\/wp\/v2\/media?parent=6173"}],"curies":[{"name":"wp","href":"https:\/\/api.w.org\/{rel}","templated":true}]}}