{"id":6135,"date":"2020-08-05T15:19:57","date_gmt":"2020-08-05T13:19:57","guid":{"rendered":"https:\/\/done.lu\/kompetenzen\/hosting\/"},"modified":"2021-02-10T14:02:09","modified_gmt":"2021-02-10T13:02:09","slug":"hosting","status":"publish","type":"page","link":"https:\/\/done.lu\/de\/kompetenzen\/hosting\/","title":{"rendered":"Hosting"},"content":{"rendered":"<section class=\"wpb-content-wrapper\"><p>[vc_section full_width=&#8220;stretch_row_content&#8220; parallax=&#8220;content-moving&#8220; parallax_speed_bg=&#8220;2.5&#8243; el_id=&#8220;intro&#8220; css=&#8220;.vc_custom_1596635908694{background-image: url(\/wp-content\/uploads\/2020\/08\/BG-STARS.jpg?id=109) !important;}&#8220;][vc_row el_id=&#8220;iss&#8220; css=&#8220;.vc_custom_1596635068619{background-image: url(\/wp-content\/uploads\/2020\/08\/Moon.png?id=116) !important;}&#8220;][vc_column][vc_single_image image=&#8220;113&#8243; img_size=&#8220;full&#8220; alignment=&#8220;center&#8220; el_class=&#8220;no-space-img&#8220;][\/vc_column][\/vc_row][\/vc_section][vc_section full_width=&#8220;stretch_row&#8220; parallax=&#8220;content-moving&#8220; parallax_speed_bg=&#8220;2&#8243; css=&#8220;.vc_custom_1612962060962{background-image: url(\/wp-content\/uploads\/2021\/02\/PurpleStarsBG3000.jpg?id=7823) !important;}&#8220; el_class=&#8220;white&#8220;][vc_row][vc_column width=&#8220;1\/4&#8243;][\/vc_column][vc_column width=&#8220;1\/2&#8243;][vc_column_text]<\/p>\n<h1 class=\"intro-heading\">Hosting<\/h1>\n<p class=\"al-just big\">DONE ist eine von <strong class=\"green\">Google Cloud Partner zertifizierte Agentur<\/strong>, die perfekt sichere Website-Hosting-L\u00f6sungen anbietet, die zu 99,99% sicher sind.<\/p>\n<p>[\/vc_column_text][\/vc_column][vc_column width=&#8220;1\/4&#8243;][\/vc_column][\/vc_row][vc_row equal_height=&#8220;yes&#8220;][vc_column width=&#8220;1\/2&#8243;][vc_column_text]<\/p>\n<h2 class=\"green\">Unsere Hosting-L\u00f6sungen geh\u00f6ren zu den sichersten der Welt.<\/h2>\n<p class=\"big al-just\">\u201eServer nicht gefunden\u201c, diese Nachricht allein hat einen negativen Einfluss auf Ihr Markenimage und Ihre Rentabilit\u00e4t. Um diese Art von Unannehmlichkeiten zu vermeiden, w\u00e4hlt DONE hochsichere Hosting-L\u00f6sungen mit einer Online-Rate von fast 100%. Ben\u00f6tigen Sie effektive Werkzeuge f\u00fcr die Zusammenarbeit? Wir sind Google Cloud Partner.<\/p>\n<p>[\/vc_column_text][\/vc_column][vc_column width=&#8220;1\/2&#8243;][vc_single_image image=&#8220;730&#8243; img_size=&#8220;full&#8220; alignment=&#8220;center&#8220; css=&#8220;.vc_custom_1596880252973{margin-bottom: 0px !important;}&#8220;][\/vc_column][\/vc_row][vc_row equal_height=&#8220;yes&#8220; content_placement=&#8220;middle&#8220; el_class=&#8220;cta-row&#8220; el_id=&#8220;cta-7&#8243;][vc_column width=&#8220;1\/3&#8243; css=&#8220;.vc_custom_1606127567338{background-color: #ffffff !important;}&#8220;][vc_single_image image=&#8220;7064&#8243; img_size=&#8220;full&#8220; alignment=&#8220;center&#8220; el_class=&#8220;no-space-img&#8220;][\/vc_column][vc_column width=&#8220;2\/3&#8243; css=&#8220;.vc_custom_1606127558105{background-color: #79ca30 !important;}&#8220;][vc_column_text]<\/p>\n<h3 class=\"white upper al-center bigger-40\">Sie werden es lieben, mit uns zu arbeiten!<\/h3>\n<p>[\/vc_column_text][vc_row_inner equal_height=&#8220;yes&#8220; el_class=&#8220;cta-inner-icons-row&#8220;][vc_column_inner width=&#8220;1\/3&#8243;][vc_single_image image=&#8220;7042&#8243; img_size=&#8220;full&#8220; alignment=&#8220;center&#8220; css=&#8220;.vc_custom_1606207954168{margin-bottom: 0px !important;}&#8220; el_class=&#8220;no-space-img&#8220;][vc_column_text css=&#8220;.vc_custom_1606208184474{margin-bottom: 0px !important;}&#8220;]<\/p>\n<h4 class=\"al-center white\"><strong>Eine Agentur in menschlicher Gr\u00f6\u00dfe<\/strong><\/h4>\n<p>[\/vc_column_text][\/vc_column_inner][vc_column_inner width=&#8220;1\/3&#8243;][vc_single_image image=&#8220;7039&#8243; img_size=&#8220;full&#8220; alignment=&#8220;center&#8220; css=&#8220;.vc_custom_1606207970692{margin-bottom: 0px !important;}&#8220; el_class=&#8220;no-space-img&#8220;][vc_column_text css=&#8220;.vc_custom_1606208193148{margin-bottom: 0px !important;}&#8220;]<\/p>\n<h4 class=\"al-center white\"><strong>Flie\u00dfende und direkte Beziehungen<\/strong><\/h4>\n<p>[\/vc_column_text][\/vc_column_inner][vc_column_inner width=&#8220;1\/3&#8243;][vc_single_image image=&#8220;7036&#8243; img_size=&#8220;full&#8220; alignment=&#8220;center&#8220; css=&#8220;.vc_custom_1606207989556{margin-bottom: 0px !important;}&#8220; el_class=&#8220;no-space-img&#8220;][vc_column_text css=&#8220;.vc_custom_1606208201760{margin-bottom: 0px !important;}&#8220;]<\/p>\n<h4 class=\"al-center white\"><strong>Leidenschaftliche Experten<\/strong><\/h4>\n<p>[\/vc_column_text][\/vc_column_inner][\/vc_row_inner][vc_row_inner css=&#8220;.vc_custom_1606208209925{margin-bottom: 0px !important;}&#8220;][vc_column_inner width=&#8220;1\/2&#8243;][vc_btn title=&#8220;Besuchen Sie unser Portfolio&#8220; align=&#8220;center&#8220; link=&#8220;url:%2Fde\/referenzen%2F|title:Portfolio&#8220; el_class=&#8220;inverse-btn scroll&#8220;][\/vc_column_inner][vc_column_inner width=&#8220;1\/2&#8243;][vc_btn title=&#8220;Sprechen Sie \u00fcber Ihr Projekt&#8220; align=&#8220;center&#8220; link=&#8220;url:%23footer-contact|title:Contact&#8220; el_class=&#8220;inverse-btn scroll&#8220;][\/vc_column_inner][\/vc_row_inner][\/vc_column][\/vc_row][\/vc_section][vc_section full_width=&#8220;stretch_row&#8220; parallax=&#8220;content-moving&#8220; parallax_speed_bg=&#8220;2.5&#8243; el_class=&#8220;star-sec&#8220; css=&#8220;.vc_custom_1612962079528{background-image: url(\/wp-content\/uploads\/2021\/02\/BGstars2000.jpg?id=7826) !important;}&#8220;][vc_row][vc_column width=&#8220;1\/4&#8243;][\/vc_column][vc_column width=&#8220;1\/2&#8243;][vc_column_text]<\/p>\n<h2 class=\"al-center green\">Hosting-L\u00f6sungen<\/h2>\n<hr class=\"heading-sep\" \/>\n<p>[\/vc_column_text][vc_single_image image=&#8220;5877&#8243; img_size=&#8220;full&#8220; alignment=&#8220;center&#8220; css=&#8220;.vc_custom_1601285048906{margin-bottom: 0px !important;}&#8220;][vc_column_text el_class=&#8220;big al-just&#8220;]Wenn es um Website-Hosting geht, sind nicht alle Angebote gleich. Aus diesem Grund haben wir uns f\u00fcr die Sicherheit entschieden, indem wir die Websiten unserer Kunden in den besten Rechenzentren Europas hosten. <strong class=\"green\">Unsere Partner garantieren die beste Integration der Welt und eine Verf\u00fcgbarkeit von mehr als 99%<\/strong>. Ihre Website ist schnell, jederzeit zug\u00e4nglich und Ihre Daten werden auf SSD-Festplatten gesichert.<\/p>\n<p><strong class=\"green\">DONE k\u00fcmmert sich um den gesamten Prozess, von der Domainregistrierung bis zur Wartung Ihrer Website<\/strong>. Wir \u00fcbernehmen auch Hosting-L\u00f6sungen f\u00fcr Websites, die wir nicht entwickelt haben.[\/vc_column_text][\/vc_column][vc_column width=&#8220;1\/4&#8243;][\/vc_column][\/vc_row][vc_row equal_height=&#8220;yes&#8220; el_class=&#8220;icon-row&#8220; el_id=&#8220;ssl-row&#8220;][vc_column width=&#8220;1\/2&#8243;][vc_single_image image=&#8220;5880&#8243; img_size=&#8220;full&#8220; alignment=&#8220;center&#8220; css=&#8220;.vc_custom_1601285077230{margin-bottom: 0px !important;}&#8220;][vc_column_text el_class=&#8220;al-just&#8220;]<\/p>\n<h3 class=\"al-center green\">Wie erkennt man eine sichere Seite?<\/h3>\n<p class=\"just\">F\u00fcr Ihre Website verlassen wir uns auf Hosting-Provider, die die Einhaltung des Sicherheitsprotokolls SSL (Secure Socket Layer) sicherstellen und gleichzeitig eine optimale Online-Sicherheit gew\u00e4hrleisten. Eine sichere Website kann durch das Vorh\u00e4ngeschloss und den https-Code in der Navigationsleiste identifiziert werden.<\/p>\n<p>[\/vc_column_text][\/vc_column][vc_column width=&#8220;1\/2&#8243;][vc_single_image image=&#8220;5883&#8243; img_size=&#8220;full&#8220; alignment=&#8220;center&#8220; css=&#8220;.vc_custom_1601285116148{margin-bottom: 0px !important;}&#8220;][vc_column_text]<\/p>\n<h3 class=\"al-center green\">Wof\u00fcr wird SSL verwendet?<\/h3>\n<p class=\"al-center\">SSL ist ein n\u00fctzliches Sicherheitsprotokoll zur Absicherung:<\/p>\n<p class=\"al-center\">Bankgesch\u00e4fte: Schutz von Login und Passw\u00f6rtern.<br \/>\nWebanwendungen und Messaging: Microsoft Outlook, Webmail\u2026<br \/>\nDatei\u00fcbertragungen.<br \/>\nVerbindungen zu Netzwerken und VPN-Zugriffsservern.<\/p>\n<p>[\/vc_column_text][\/vc_column][\/vc_row][\/vc_section][vc_section full_width=&#8220;stretch_row&#8220; parallax=&#8220;content-moving&#8220; parallax_speed_bg=&#8220;2&#8243; css=&#8220;.vc_custom_1612962097871{background-image: url(\/wp-content\/uploads\/2021\/02\/PurpleStarsBG3000.jpg?id=7823) !important;}&#8220; el_class=&#8220;white&#8220;][vc_row][vc_column width=&#8220;1\/4&#8243;][\/vc_column][vc_column width=&#8220;1\/2&#8243;][vc_column_text]<\/p>\n<h2 class=\"al-center green\">Greifen Sie sicher auf Ihre Daten zu<\/h2>\n<hr class=\"heading-sep\" \/>\n<p>[\/vc_column_text][vc_single_image image=&#8220;5886&#8243; img_size=&#8220;full&#8220; alignment=&#8220;center&#8220; css=&#8220;.vc_custom_1601285136013{margin-bottom: 0px !important;}&#8220;][vc_column_text el_class=&#8220;big al-just&#8220;]Um auf Ihren Sicherheitsbereich zuzugreifen, richten wir ein Verbindungssystem mit Zwei-Faktor-Authentifizierung ein. Ihre digitale Identit\u00e4t und Ihre Daten sind absolut sicher.[\/vc_column_text][\/vc_column][vc_column width=&#8220;1\/4&#8243;][\/vc_column][\/vc_row][\/vc_section][vc_section full_width=&#8220;stretch_row&#8220; parallax=&#8220;content-moving&#8220; parallax_speed_bg=&#8220;2.5&#8243; el_class=&#8220;star-sec&#8220; css=&#8220;.vc_custom_1612962113778{background-image: url(\/wp-content\/uploads\/2021\/02\/BGstars3000-1.jpg?id=7829) !important;}&#8220;][vc_row][vc_column width=&#8220;1\/4&#8243;][\/vc_column][vc_column width=&#8220;1\/2&#8243;][vc_column_text el_class=&#8220;al-center&#8220;]<\/p>\n<h2 class=\"green\">Google Cloud Partner: Ihre installierten und konfigurierten Werkzeuge<\/h2>\n<hr class=\"heading-sep\" \/>\n<p>[\/vc_column_text][vc_column_text el_class=&#8220;big al-just&#8220;]Google bietet Ihnen das weltweit h\u00f6chste Sicherheitsniveau.[\/vc_column_text][\/vc_column][vc_column width=&#8220;1\/4&#8243;][\/vc_column][\/vc_row][vc_row][vc_column width=&#8220;1\/3&#8243;][\/vc_column][vc_column width=&#8220;1\/3&#8243;][vc_single_image image=&#8220;712&#8243; img_size=&#8220;full&#8220; alignment=&#8220;center&#8220; css=&#8220;.vc_custom_1596880788569{margin-bottom: 0px !important;}&#8220;][vc_column_text el_class=&#8220;al-just&#8220;]Als Google Cloud Partner arbeitet DONE mit seinen Kunden zusammen, um alle von Google ver\u00f6ffentlichten Werkzeuge zu konfigurieren. Wir gew\u00e4hrleisten die Unterst\u00fctzung der Benutzer Ihres Unternehmens und die Sicherheit Ihrer Daten.[\/vc_column_text][\/vc_column][vc_column width=&#8220;1\/3&#8243;][\/vc_column][\/vc_row][vc_row][vc_column width=&#8220;1\/4&#8243;][\/vc_column][vc_column width=&#8220;1\/2&#8243;][vc_column_text el_class=&#8220;al-center&#8220;]<\/p>\n<h2 class=\"green\">Google Workspace (ehemals G-Suite) : Steigerung der Produktivit\u00e4t Ihres Unternehmens<\/h2>\n<hr class=\"heading-sep\" \/>\n<p>[\/vc_column_text][vc_column_text el_class=&#8220;big al-just&#8220;]Als Google-zertifizierte Webagentur installieren wir die Kollaboration-Werkzeuge von Google:[\/vc_column_text][\/vc_column][vc_column width=&#8220;1\/4&#8243;][\/vc_column][\/vc_row][vc_row][vc_column width=&#8220;1\/3&#8243;][\/vc_column][vc_column width=&#8220;1\/3&#8243;][vc_single_image image=&#8220;6794&#8243; img_size=&#8220;full&#8220; alignment=&#8220;center&#8220; css=&#8220;.vc_custom_1605785479655{margin-bottom: 0px !important;}&#8220;][vc_column_text el_class=&#8220;al-center small&#8220;]Automatische E-Mail-Weiterleitung mit Gmail-Apps.<\/p>\n<p>Google Drive: Dokumentenerstellung und -freigabe.<\/p>\n<p>Google-Kalender: Gmail-kompatible L\u00f6sung f\u00fcr die Kalenderfreigabe.<\/p>\n<p>Google Docs.[\/vc_column_text][\/vc_column][vc_column width=&#8220;1\/3&#8243;][\/vc_column][\/vc_row][vc_row][vc_column width=&#8220;1\/4&#8243;][\/vc_column][vc_column width=&#8220;1\/2&#8243;][vc_column_text el_class=&#8220;al-just big&#8220;]Mit Google Workspace L\u00f6sungen profitieren Sie zudem von einem Speicherplatz von 30 GB im Basispaket und unbegrenzt ab 5 Benutzern im Business und Enterprise Paket.[\/vc_column_text][\/vc_column][vc_column width=&#8220;1\/4&#8243;][\/vc_column][\/vc_row][vc_row equal_height=&#8220;yes&#8220; content_placement=&#8220;middle&#8220; el_class=&#8220;cta-row&#8220; el_id=&#8220;cta-11&#8243;][vc_column width=&#8220;1\/3&#8243; css=&#8220;.vc_custom_1606127567338{background-color: #ffffff !important;}&#8220;][vc_single_image image=&#8220;6967&#8243; img_size=&#8220;full&#8220; alignment=&#8220;center&#8220; el_class=&#8220;no-space-img&#8220;][\/vc_column][vc_column width=&#8220;2\/3&#8243; css=&#8220;.vc_custom_1606127558105{background-color: #79ca30 !important;}&#8220;][vc_column_text]<\/p>\n<h3 class=\"white upper al-center bigger-40\">Mehr Informationen \u00fcber Google workspace?<\/h3>\n<p>[\/vc_column_text][vc_column_text el_class=&#8220;big white al-center&#8220;]Als Google Cloud Partner helfen wir Ihnen dabei, dieses leistungsstarke Tool f\u00fcr die Zusammenarbeit in Echtzeit optimal zu nutzen..[\/vc_column_text][vc_row_inner equal_height=&#8220;yes&#8220; el_class=&#8220;cta-inner-icons-row&#8220;][vc_column_inner width=&#8220;1\/5&#8243;][vc_single_image image=&#8220;6942&#8243; img_size=&#8220;full&#8220; alignment=&#8220;center&#8220; css=&#8220;.vc_custom_1606127837382{margin-bottom: 0px !important;}&#8220; el_class=&#8220;no-space-img&#8220;][vc_column_text css=&#8220;.vc_custom_1606127918016{margin-bottom: 0px !important;}&#8220;]<\/p>\n<h4 class=\"al-center big white\"><strong>Gmail<\/strong><\/h4>\n<p>[\/vc_column_text][\/vc_column_inner][vc_column_inner width=&#8220;1\/5&#8243;][vc_single_image image=&#8220;6946&#8243; img_size=&#8220;full&#8220; alignment=&#8220;center&#8220; css=&#8220;.vc_custom_1606127843438{margin-bottom: 0px !important;}&#8220; el_class=&#8220;no-space-img&#8220;][vc_column_text css=&#8220;.vc_custom_1606127966589{margin-bottom: 0px !important;}&#8220;]<\/p>\n<h4 class=\"al-center big white\"><strong>Drive<\/strong><\/h4>\n<p>[\/vc_column_text][\/vc_column_inner][vc_column_inner width=&#8220;1\/5&#8243;][vc_single_image image=&#8220;6955&#8243; img_size=&#8220;full&#8220; alignment=&#8220;center&#8220; css=&#8220;.vc_custom_1606127850421{margin-bottom: 0px !important;}&#8220; el_class=&#8220;no-space-img&#8220;][vc_column_text css=&#8220;.vc_custom_1606127958608{margin-bottom: 0px !important;}&#8220;]<\/p>\n<h4 class=\"al-center big white\"><strong>Docs<\/strong><\/h4>\n<p>[\/vc_column_text][\/vc_column_inner][vc_column_inner width=&#8220;1\/5&#8243;][vc_single_image image=&#8220;6949&#8243; img_size=&#8220;full&#8220; alignment=&#8220;center&#8220; css=&#8220;.vc_custom_1606127856672{margin-bottom: 0px !important;}&#8220; el_class=&#8220;no-space-img&#8220;][vc_column_text css=&#8220;.vc_custom_1606127950618{margin-bottom: 0px !important;}&#8220;]<\/p>\n<h4 class=\"al-center big white\"><strong>Calendar<\/strong><\/h4>\n<p>[\/vc_column_text][\/vc_column_inner][vc_column_inner width=&#8220;1\/5&#8243;][vc_single_image image=&#8220;6952&#8243; img_size=&#8220;full&#8220; alignment=&#8220;center&#8220; css=&#8220;.vc_custom_1606127863738{margin-bottom: 0px !important;}&#8220; el_class=&#8220;no-space-img&#8220;][vc_column_text css=&#8220;.vc_custom_1606127942007{margin-bottom: 0px !important;}&#8220;]<\/p>\n<h4 class=\"al-center big white\"><strong>Meet<\/strong><\/h4>\n<p>[\/vc_column_text][\/vc_column_inner][\/vc_row_inner][vc_btn title=&#8220;Kontaktieren Sie uns&#8220; align=&#8220;center&#8220; link=&#8220;url:%23footer-contact-wrap|title:Contact&#8220; el_class=&#8220;inverse-btn scroll&#8220;][\/vc_column][\/vc_row][\/vc_section]<\/p>\n<\/section>","protected":false},"excerpt":{"rendered":"<p>[vc_section full_width=&#8220;stretch_row_content&#8220; parallax=&#8220;content-moving&#8220; parallax_speed_bg=&#8220;2.5&#8243; el_id=&#8220;intro&#8220; css=&#8220;.vc_custom_1596635908694{background-image: url(\/wp-content\/uploads\/2020\/08\/BG-STARS.jpg?id=109) !important;}&#8220;][vc_row el_id=&#8220;iss&#8220; css=&#8220;.vc_custom_1596635068619{background-image: url(\/wp-content\/uploads\/2020\/08\/Moon.png?id=116) !important;}&#8220;][vc_column][vc_single_image image=&#8220;113&#8243; img_size=&#8220;full&#8220; alignment=&#8220;center&#8220; el_class=&#8220;no-space-img&#8220;][\/vc_column][\/vc_row][\/vc_section][vc_section full_width=&#8220;stretch_row&#8220; parallax=&#8220;content-moving&#8220; parallax_speed_bg=&#8220;2&#8243; css=&#8220;.vc_custom_1612962060962{background-image: url(\/wp-content\/uploads\/2021\/02\/PurpleStarsBG3000.jpg?id=7823) !important;}&#8220; el_class=&#8220;white&#8220;][vc_row][vc_column width=&#8220;1\/4&#8243;][\/vc_column][vc_column width=&#8220;1\/2&#8243;][vc_column_text] Hosting<span class=\"excerpt-hellip\"> [\u2026]<\/span><\/p>\n","protected":false},"author":1,"featured_media":0,"parent":5715,"menu_order":0,"comment_status":"closed","ping_status":"closed","template":"","meta":{"inline_featured_image":false,"footnotes":""},"yoast_head":"<!-- This site is optimized with the Yoast SEO plugin v21.5 - https:\/\/yoast.com\/wordpress\/plugins\/seo\/ -->\n<title>Hosting von Done | Unsere L\u00f6sungen geh\u00f6ren zu den sichersten der Welt.<\/title>\n<meta name=\"description\" content=\"DONE ist eine von Google Cloud Partner Agentur, die perfekt sichere Website-Hosting-L\u00f6sungen anbietet, die zu 99,99% sicher sind.\" \/>\n<meta name=\"robots\" content=\"index, follow, max-snippet:-1, max-image-preview:large, max-video-preview:-1\" \/>\n<link rel=\"canonical\" href=\"https:\/\/done.lu\/de\/kompetenzen\/hosting\/\" \/>\n<meta property=\"og:locale\" content=\"de_DE\" \/>\n<meta property=\"og:type\" content=\"article\" \/>\n<meta property=\"og:title\" content=\"Hosting von Done | Unsere L\u00f6sungen geh\u00f6ren zu den sichersten der Welt.\" \/>\n<meta property=\"og:description\" content=\"DONE ist eine von Google Cloud Partner Agentur, die perfekt sichere Website-Hosting-L\u00f6sungen anbietet, die zu 99,99% sicher sind.\" \/>\n<meta property=\"og:url\" content=\"https:\/\/done.lu\/de\/kompetenzen\/hosting\/\" \/>\n<meta property=\"og:site_name\" content=\"Done\" \/>\n<meta property=\"article:publisher\" content=\"https:\/\/www.facebook.com\/donesarl\" \/>\n<meta property=\"article:modified_time\" content=\"2021-02-10T13:02:09+00:00\" \/>\n<meta name=\"twitter:card\" content=\"summary_large_image\" \/>\n<meta name=\"twitter:site\" content=\"@DONElux\" \/>\n<meta name=\"twitter:label1\" content=\"Gesch\u00e4tzte Lesezeit\" \/>\n\t<meta name=\"twitter:data1\" content=\"8\u00a0Minuten\" \/>\n<script type=\"application\/ld+json\" class=\"yoast-schema-graph\">{\"@context\":\"https:\/\/schema.org\",\"@graph\":[{\"@type\":\"WebPage\",\"@id\":\"https:\/\/done.lu\/de\/kompetenzen\/hosting\/\",\"url\":\"https:\/\/done.lu\/de\/kompetenzen\/hosting\/\",\"name\":\"Hosting von Done | Unsere L\u00f6sungen geh\u00f6ren zu den sichersten der Welt.\",\"isPartOf\":{\"@id\":\"https:\/\/done.lu\/#website\"},\"datePublished\":\"2020-08-05T13:19:57+00:00\",\"dateModified\":\"2021-02-10T13:02:09+00:00\",\"description\":\"DONE ist eine von Google Cloud Partner Agentur, die perfekt sichere Website-Hosting-L\u00f6sungen anbietet, die zu 99,99% sicher sind.\",\"breadcrumb\":{\"@id\":\"https:\/\/done.lu\/de\/kompetenzen\/hosting\/#breadcrumb\"},\"inLanguage\":\"de\",\"potentialAction\":[{\"@type\":\"ReadAction\",\"target\":[\"https:\/\/done.lu\/de\/kompetenzen\/hosting\/\"]}]},{\"@type\":\"BreadcrumbList\",\"@id\":\"https:\/\/done.lu\/de\/kompetenzen\/hosting\/#breadcrumb\",\"itemListElement\":[{\"@type\":\"ListItem\",\"position\":1,\"name\":\"Home\",\"item\":\"https:\/\/done.lu\/de\/\"},{\"@type\":\"ListItem\",\"position\":2,\"name\":\"Kompetenzen\",\"item\":\"https:\/\/done.lu\/de\/kompetenzen\/\"},{\"@type\":\"ListItem\",\"position\":3,\"name\":\"Hosting\"}]},{\"@type\":\"WebSite\",\"@id\":\"https:\/\/done.lu\/#website\",\"url\":\"https:\/\/done.lu\/\",\"name\":\"Done\",\"description\":\"\",\"publisher\":{\"@id\":\"https:\/\/done.lu\/#organization\"},\"potentialAction\":[{\"@type\":\"SearchAction\",\"target\":{\"@type\":\"EntryPoint\",\"urlTemplate\":\"https:\/\/done.lu\/?s={search_term_string}\"},\"query-input\":\"required name=search_term_string\"}],\"inLanguage\":\"de\"},{\"@type\":\"Organization\",\"@id\":\"https:\/\/done.lu\/#organization\",\"name\":\"Done SARL\",\"alternateName\":\"Done Website as a Service\",\"url\":\"https:\/\/done.lu\/\",\"logo\":{\"@type\":\"ImageObject\",\"inLanguage\":\"de\",\"@id\":\"https:\/\/done.lu\/#\/schema\/logo\/image\/\",\"url\":\"https:\/\/done.lu\/wp-content\/uploads\/2024\/07\/logo_done_rgb_neu.jpg\",\"contentUrl\":\"https:\/\/done.lu\/wp-content\/uploads\/2024\/07\/logo_done_rgb_neu.jpg\",\"width\":945,\"height\":377,\"caption\":\"Done SARL\"},\"image\":{\"@id\":\"https:\/\/done.lu\/#\/schema\/logo\/image\/\"},\"sameAs\":[\"https:\/\/www.facebook.com\/donesarl\",\"https:\/\/twitter.com\/DONElux\",\"https:\/\/www.instagram.com\/done.lu\/\",\"https:\/\/www.linkedin.com\/company\/donelux\/\"]}]}<\/script>\n<!-- \/ Yoast SEO plugin. -->","yoast_head_json":{"title":"Hosting von Done | Unsere L\u00f6sungen geh\u00f6ren zu den sichersten der Welt.","description":"DONE ist eine von Google Cloud Partner Agentur, die perfekt sichere Website-Hosting-L\u00f6sungen anbietet, die zu 99,99% sicher sind.","robots":{"index":"index","follow":"follow","max-snippet":"max-snippet:-1","max-image-preview":"max-image-preview:large","max-video-preview":"max-video-preview:-1"},"canonical":"https:\/\/done.lu\/de\/kompetenzen\/hosting\/","og_locale":"de_DE","og_type":"article","og_title":"Hosting von Done | Unsere L\u00f6sungen geh\u00f6ren zu den sichersten der Welt.","og_description":"DONE ist eine von Google Cloud Partner Agentur, die perfekt sichere Website-Hosting-L\u00f6sungen anbietet, die zu 99,99% sicher sind.","og_url":"https:\/\/done.lu\/de\/kompetenzen\/hosting\/","og_site_name":"Done","article_publisher":"https:\/\/www.facebook.com\/donesarl","article_modified_time":"2021-02-10T13:02:09+00:00","twitter_card":"summary_large_image","twitter_site":"@DONElux","twitter_misc":{"Gesch\u00e4tzte Lesezeit":"8\u00a0Minuten"},"schema":{"@context":"https:\/\/schema.org","@graph":[{"@type":"WebPage","@id":"https:\/\/done.lu\/de\/kompetenzen\/hosting\/","url":"https:\/\/done.lu\/de\/kompetenzen\/hosting\/","name":"Hosting von Done | Unsere L\u00f6sungen geh\u00f6ren zu den sichersten der Welt.","isPartOf":{"@id":"https:\/\/done.lu\/#website"},"datePublished":"2020-08-05T13:19:57+00:00","dateModified":"2021-02-10T13:02:09+00:00","description":"DONE ist eine von Google Cloud Partner Agentur, die perfekt sichere Website-Hosting-L\u00f6sungen anbietet, die zu 99,99% sicher sind.","breadcrumb":{"@id":"https:\/\/done.lu\/de\/kompetenzen\/hosting\/#breadcrumb"},"inLanguage":"de","potentialAction":[{"@type":"ReadAction","target":["https:\/\/done.lu\/de\/kompetenzen\/hosting\/"]}]},{"@type":"BreadcrumbList","@id":"https:\/\/done.lu\/de\/kompetenzen\/hosting\/#breadcrumb","itemListElement":[{"@type":"ListItem","position":1,"name":"Home","item":"https:\/\/done.lu\/de\/"},{"@type":"ListItem","position":2,"name":"Kompetenzen","item":"https:\/\/done.lu\/de\/kompetenzen\/"},{"@type":"ListItem","position":3,"name":"Hosting"}]},{"@type":"WebSite","@id":"https:\/\/done.lu\/#website","url":"https:\/\/done.lu\/","name":"Done","description":"","publisher":{"@id":"https:\/\/done.lu\/#organization"},"potentialAction":[{"@type":"SearchAction","target":{"@type":"EntryPoint","urlTemplate":"https:\/\/done.lu\/?s={search_term_string}"},"query-input":"required name=search_term_string"}],"inLanguage":"de"},{"@type":"Organization","@id":"https:\/\/done.lu\/#organization","name":"Done SARL","alternateName":"Done Website as a Service","url":"https:\/\/done.lu\/","logo":{"@type":"ImageObject","inLanguage":"de","@id":"https:\/\/done.lu\/#\/schema\/logo\/image\/","url":"https:\/\/done.lu\/wp-content\/uploads\/2024\/07\/logo_done_rgb_neu.jpg","contentUrl":"https:\/\/done.lu\/wp-content\/uploads\/2024\/07\/logo_done_rgb_neu.jpg","width":945,"height":377,"caption":"Done SARL"},"image":{"@id":"https:\/\/done.lu\/#\/schema\/logo\/image\/"},"sameAs":["https:\/\/www.facebook.com\/donesarl","https:\/\/twitter.com\/DONElux","https:\/\/www.instagram.com\/done.lu\/","https:\/\/www.linkedin.com\/company\/donelux\/"]}]}},"_links":{"self":[{"href":"https:\/\/done.lu\/de\/wp-json\/wp\/v2\/pages\/6135"}],"collection":[{"href":"https:\/\/done.lu\/de\/wp-json\/wp\/v2\/pages"}],"about":[{"href":"https:\/\/done.lu\/de\/wp-json\/wp\/v2\/types\/page"}],"author":[{"embeddable":true,"href":"https:\/\/done.lu\/de\/wp-json\/wp\/v2\/users\/1"}],"replies":[{"embeddable":true,"href":"https:\/\/done.lu\/de\/wp-json\/wp\/v2\/comments?post=6135"}],"version-history":[{"count":6,"href":"https:\/\/done.lu\/de\/wp-json\/wp\/v2\/pages\/6135\/revisions"}],"predecessor-version":[{"id":7866,"href":"https:\/\/done.lu\/de\/wp-json\/wp\/v2\/pages\/6135\/revisions\/7866"}],"up":[{"embeddable":true,"href":"https:\/\/done.lu\/de\/wp-json\/wp\/v2\/pages\/5715"}],"wp:attachment":[{"href":"https:\/\/done.lu\/de\/wp-json\/wp\/v2\/media?parent=6135"}],"curies":[{"name":"wp","href":"https:\/\/api.w.org\/{rel}","templated":true}]}}