{"id":6099,"date":"2020-08-05T15:19:07","date_gmt":"2020-08-05T13:19:07","guid":{"rendered":"https:\/\/done.lu\/kompetenzen\/design\/"},"modified":"2021-02-23T11:58:24","modified_gmt":"2021-02-23T10:58:24","slug":"design","status":"publish","type":"page","link":"https:\/\/done.lu\/de\/kompetenzen\/design\/","title":{"rendered":"Design"},"content":{"rendered":"<section class=\"wpb-content-wrapper\"><p>[vc_section full_width=&#8220;stretch_row_content&#8220; parallax=&#8220;content-moving&#8220; parallax_speed_bg=&#8220;2.5&#8243; el_id=&#8220;intro&#8220; css=&#8220;.vc_custom_1596635908694{background-image: url(\/wp-content\/uploads\/2020\/08\/BG-STARS.jpg?id=109) !important;}&#8220;][vc_row el_id=&#8220;iss&#8220; css=&#8220;.vc_custom_1596635068619{background-image: url(\/wp-content\/uploads\/2020\/08\/Moon.png?id=116) !important;}&#8220;][vc_column][vc_single_image image=&#8220;113&#8243; img_size=&#8220;full&#8220; alignment=&#8220;center&#8220; el_class=&#8220;no-space-img&#8220;][\/vc_column][\/vc_row][\/vc_section][vc_section full_width=&#8220;stretch_row&#8220; parallax=&#8220;content-moving&#8220; parallax_speed_bg=&#8220;2&#8243; css=&#8220;.vc_custom_1612954237513{background-image: url(\/wp-content\/uploads\/2021\/02\/PurpleStarsBG4000.jpg) !important;}&#8220; el_class=&#8220;white&#8220;][vc_row][vc_column width=&#8220;1\/4&#8243;][\/vc_column][vc_column width=&#8220;1\/2&#8243;][vc_column_text]<\/p>\n<h1 class=\"intro-heading\">Design<\/h1>\n<p class=\"al-just big\">Um sich von Ihren Mitbewerbern abzuheben und leicht zu erkennen zu sein, muss sich Ihre visuelle Identit\u00e4t und Ihr Website-Design von anderen abheben. <strong class=\"green\">Wenn ein Besucher auf Ihrer Website ankommt, dauert es nur wenige Sekunden, um sich eine Meinung \u00fcber Sie zu bilden<\/strong> \u2013 diese Wahrnehmung, die der Besucher von Ihrem Image und Ihren Dienstleistungen hat wird den Rest der Beziehung, die er mit Ihnen haben wird oder nicht, stark beeinflussen.<\/p>\n<p>[\/vc_column_text][\/vc_column][vc_column width=&#8220;1\/4&#8243;][\/vc_column][\/vc_row][vc_row equal_height=&#8220;yes&#8220;][vc_column width=&#8220;1\/2&#8243;][vc_column_text]<\/p>\n<h2 class=\"green\">Visuelle Identit\u00e4t: Ein fundamentales Element Ihres Unternehmens<\/h2>\n<p class=\"big al-just\">Mit unserer Erfahrung in UX-Design, Web-Ergonomie und Grafik-Design entwerfen wir <strong class=\"green\">mit Leidenschaft und Begeisterung die Kommunikationselemente, die zu Ihrem Erfolg beitragen.<\/strong><\/p>\n<p>[\/vc_column_text][\/vc_column][vc_column width=&#8220;1\/2&#8243;][vc_single_image image=&#8220;7193&#8243; img_size=&#8220;full&#8220; alignment=&#8220;center&#8220; css=&#8220;.vc_custom_1607343783145{margin-bottom: 0px !important;}&#8220;][\/vc_column][\/vc_row][vc_row equal_height=&#8220;yes&#8220; content_placement=&#8220;middle&#8220; el_class=&#8220;cta-row&#8220; el_id=&#8220;cta-1&#8243;][vc_column width=&#8220;1\/3&#8243; css=&#8220;.vc_custom_1606127567338{background-color: #ffffff !important;}&#8220;][vc_single_image image=&#8220;7053&#8243; img_size=&#8220;full&#8220; alignment=&#8220;center&#8220; el_class=&#8220;no-space-img&#8220;][\/vc_column][vc_column width=&#8220;2\/3&#8243; css=&#8220;.vc_custom_1606127558105{background-color: #79ca30 !important;}&#8220;][vc_column_text]<\/p>\n<h3 class=\"white upper al-center bigger-40\">Haben Sie ein Web-Projekt?<\/h3>\n<p>[\/vc_column_text][vc_column_text el_class=&#8220;big white al-center&#8220;]<strong>Sprechen Sie mit unseren Experten!<\/strong>[\/vc_column_text][vc_row_inner equal_height=&#8220;yes&#8220; el_class=&#8220;cta-inner-icons-row&#8220;][vc_column_inner width=&#8220;1\/4&#8243;][vc_single_image image=&#8220;7021&#8243; img_size=&#8220;full&#8220; alignment=&#8220;center&#8220; css=&#8220;.vc_custom_1606152509780{margin-bottom: 0px !important;}&#8220; el_class=&#8220;no-space-img&#8220;][vc_column_text css=&#8220;.vc_custom_1606152525256{margin-bottom: 0px !important;}&#8220;]<\/p>\n<h4 class=\"al-center big white\"><strong>Expertise<\/strong><\/h4>\n<p>[\/vc_column_text][\/vc_column_inner][vc_column_inner width=&#8220;1\/4&#8243;][vc_single_image image=&#8220;7027&#8243; img_size=&#8220;full&#8220; alignment=&#8220;center&#8220; css=&#8220;.vc_custom_1606152547291{margin-bottom: 0px !important;}&#8220; el_class=&#8220;no-space-img&#8220;][vc_column_text css=&#8220;.vc_custom_1606152557609{margin-bottom: 0px !important;}&#8220;]<\/p>\n<h4 class=\"al-center big white\"><strong>Performance<\/strong><\/h4>\n<p>[\/vc_column_text][\/vc_column_inner][vc_column_inner width=&#8220;1\/4&#8243;][vc_single_image image=&#8220;7030&#8243; img_size=&#8220;full&#8220; alignment=&#8220;center&#8220; css=&#8220;.vc_custom_1606152578633{margin-bottom: 0px !important;}&#8220; el_class=&#8220;no-space-img&#8220;][vc_column_text css=&#8220;.vc_custom_1606152587446{margin-bottom: 0px !important;}&#8220;]<\/p>\n<h4 class=\"al-center big white\"><strong>Reaktivit\u00e4t<\/strong><\/h4>\n<p>[\/vc_column_text][\/vc_column_inner][vc_column_inner width=&#8220;1\/4&#8243;][vc_single_image image=&#8220;7024&#8243; img_size=&#8220;full&#8220; alignment=&#8220;center&#8220; css=&#8220;.vc_custom_1606152614374{margin-bottom: 0px !important;}&#8220; el_class=&#8220;no-space-img&#8220;][vc_column_text css=&#8220;.vc_custom_1606152623187{margin-bottom: 0px !important;}&#8220;]<\/p>\n<h4 class=\"al-center big white\"><strong>Involvierung<\/strong><\/h4>\n<p>[\/vc_column_text][\/vc_column_inner][\/vc_row_inner][vc_btn title=&#8220;Kontaktieren Sie uns jetzt&#8220; align=&#8220;center&#8220; link=&#8220;url:%23footer-contact|title:Contact&#8220; el_class=&#8220;inverse-btn scroll&#8220;][\/vc_column][\/vc_row][\/vc_section][vc_section full_width=&#8220;stretch_row&#8220; parallax=&#8220;content-moving&#8220; parallax_speed_bg=&#8220;2.5&#8243; el_class=&#8220;star-sec&#8220; css=&#8220;.vc_custom_1612954250360{background-image: url(\/wp-content\/uploads\/2021\/02\/BGstars2000.jpg?id=7826) !important;}&#8220;][vc_row][vc_column][vc_column_text]<\/p>\n<h2 class=\"al-center green\">Unsere Designer stehen Ihnen zur Verf\u00fcgung, um Ihre Ideen lebendig zu machen.<\/h2>\n<hr class=\"heading-sep\" \/>\n<p>[\/vc_column_text][\/vc_column][\/vc_row][vc_row][vc_column width=&#8220;1\/4&#8243;][\/vc_column][vc_column width=&#8220;1\/2&#8243;][vc_column_text el_class=&#8220;big al-just&#8220;]Jede visuelle Identit\u00e4tsarbeit, die wir erstellen (Webdesign, Logokreation, Flyer, Videos, digitale oder gedruckte Publikationen\u2026) ist ein einzigartiger und innovativer Prozess, mit dem wir versuchen, <strong>Sensationen zu schaffen und starke Erfahrungen zwischen der Benutzeroberfl\u00e4che und dem Benutzer zu provozieren.<\/strong>[\/vc_column_text][\/vc_column][vc_column width=&#8220;1\/4&#8243;][\/vc_column][\/vc_row][vc_row equal_height=&#8220;yes&#8220; el_class=&#8220;icon-row icon-row-mob-half&#8220;][vc_column width=&#8220;1\/4&#8243;][vc_single_image image=&#8220;5659&#8243; img_size=&#8220;full&#8220; alignment=&#8220;center&#8220; css=&#8220;.vc_custom_1601284266646{margin-bottom: 0px !important;}&#8220;][vc_column_text el_class=&#8220;al-center&#8220;]<\/p>\n<h3>UX Design<\/h3>\n<ul class=\"al-center\">\n<li>Konzeption<\/li>\n<li>Wireframe<\/li>\n<li>Personas<\/li>\n<li>Benutzergeschichten<\/li>\n<li>Benutzerpfad<\/li>\n<\/ul>\n<p>[\/vc_column_text][\/vc_column][vc_column width=&#8220;1\/4&#8243;][vc_single_image image=&#8220;5568&#8243; img_size=&#8220;full&#8220; alignment=&#8220;center&#8220; css=&#8220;.vc_custom_1601284298718{margin-bottom: 0px !important;}&#8220;][vc_column_text el_class=&#8220;al-center&#8220;]<\/p>\n<h3>Grafikdesign<\/h3>\n<ul class=\"al-center\">\n<li>K\u00fcnstlerische Leitung<\/li>\n<li>Designmodelle<\/li>\n<li>UI-Designs<\/li>\n<li>Responsives design<\/li>\n<li>Infografiken<\/li>\n<\/ul>\n<p>[\/vc_column_text][\/vc_column][vc_column width=&#8220;1\/4&#8243;][vc_single_image image=&#8220;5860&#8243; img_size=&#8220;full&#8220; alignment=&#8220;center&#8220; css=&#8220;.vc_custom_1601284343534{margin-bottom: 0px !important;}&#8220;][vc_column_text el_class=&#8220;al-center&#8220;]<\/p>\n<h3>Web-Inhalte<\/h3>\n<ul class=\"al-center\">\n<li>Entwurf<\/li>\n<li>Web-Rewriting<\/li>\n<li>Fotos<\/li>\n<li>Videos<\/li>\n<li>Animation<\/li>\n<\/ul>\n<p>[\/vc_column_text][\/vc_column][vc_column width=&#8220;1\/4&#8243;][vc_single_image image=&#8220;5863&#8243; img_size=&#8220;full&#8220; alignment=&#8220;center&#8220; css=&#8220;.vc_custom_1601284365107{margin-bottom: 0px !important;}&#8220;][vc_column_text el_class=&#8220;al-center&#8220;]<\/p>\n<h3>Print<\/h3>\n<ul class=\"al-center\">\n<li>Grafische Diagramme<\/li>\n<li>Logos<\/li>\n<li>Bilder<\/li>\n<li>Brosch\u00fcren<\/li>\n<li>Offset-print<\/li>\n<\/ul>\n<p>[\/vc_column_text][\/vc_column][\/vc_row][\/vc_section][vc_section full_width=&#8220;stretch_row&#8220; parallax=&#8220;content-moving&#8220; parallax_speed_bg=&#8220;2&#8243; css=&#8220;.vc_custom_1613988377976{background-image: url(\/wp-content\/uploads\/2021\/02\/PurpleStarsBG5000.jpg?id=7975) !important;}&#8220; el_class=&#8220;white&#8220;][vc_row full_width=&#8220;stretch_row&#8220; el_id=&#8220;planet-row&#8220; css=&#8220;.vc_custom_1597077669122{background-image: url(\/wp-content\/uploads\/2020\/08\/planet-3.png?id=610) !important;}&#8220;][vc_column][vc_column_text el_class=&#8220;bot-mar-row-4&#8243;]<\/p>\n<h2 class=\"al-center green\">Die drei Schritte des Webdesigns mit DONE<\/h2>\n<hr class=\"heading-sep\" \/>\n<p>[\/vc_column_text][vc_row_inner equal_height=&#8220;yes&#8220; el_class=&#8220;icon-row-mob-3 top-mar-row-8 squeeze-row-7&#8243;][vc_column_inner width=&#8220;1\/3&#8243;][vc_column_text el_class=&#8220;al-center&#8220;]<\/p>\n<h3 class=\"step-head green\">Schritt 1<\/h3>\n<h4 class=\"step-subhead white\">Szenario und Storyboard<\/h4>\n<p class=\"al-just small\">Die Aufschl\u00fcsselung der verschiedenen Schritte der Navigation eines Benutzers auf einer Website oder im E-Commerce erm\u00f6glicht es zu wissen, warum und wie der Benutzer mit dieser Website interagiert. Diese genaue Studie \u00fcber ihr Verhalten ist unser wichtigstes Instrument, um die Ergonomie und die Dienstleistungen zu ermitteln, die Ihre Website bieten muss.<\/p>\n<p>[\/vc_column_text][\/vc_column_inner][vc_column_inner width=&#8220;1\/3&#8243;][vc_column_text el_class=&#8220;al-center&#8220;]<\/p>\n<h3 class=\"step-head green\">Schritt 2<\/h3>\n<h4 class=\"step-subhead white\">Design und Ergonomie<\/h4>\n<p class=\"al-just small\">Wir stellen Ihnen mehrere Interface-Prototypen vor, die die Ergonomie und das Design bieten, die am besten zu Ihrer Strategie passen. In aufeinanderfolgenden Schritten entwickeln wir Ihr Design bis zu Ihrer endg\u00fcltigen Validierung.<\/p>\n<p>[\/vc_column_text][\/vc_column_inner][vc_column_inner width=&#8220;1\/3&#8243;][vc_column_text el_class=&#8220;al-center&#8220;]<\/p>\n<h3 class=\"step-head green\">Schritt 3<\/h3>\n<h4 class=\"step-subhead white\">Design und Grafikdesign<\/h4>\n<p class=\"al-just small\">Unsere modernen und originellen Designs lassen sich an alle Bildschirmtr\u00e4ger von mobil bis Desktop und Tablett anpassen (Responsive Web Design oder RWD).<\/p>\n<p>[\/vc_column_text][\/vc_column_inner][\/vc_row_inner][vc_row_inner][vc_column_inner][vc_images_carousel images=&#8220;616,613&#8243; img_size=&#8220;full&#8220; onclick=&#8220;link_no&#8220; speed=&#8220;3000&#8243; autoplay=&#8220;yes&#8220; hide_pagination_control=&#8220;yes&#8220; hide_prev_next_buttons=&#8220;yes&#8220; wrap=&#8220;yes&#8220;][\/vc_column_inner][\/vc_row_inner][vc_row_inner][vc_column_inner width=&#8220;1\/4&#8243;][\/vc_column_inner][vc_column_inner width=&#8220;1\/2&#8243;][vc_column_text el_class=&#8220;big al-just&#8220;]Unsere k\u00fcnstlerischen Talente sind auch in der Lage, sich an jeden unserer Kunden anzupassen, wenn es um Offline-Anfragen wie die Erstellung von Papierbrosch\u00fcren, Flyern, Visitenkarten, Logos, etc. geht.[\/vc_column_text][\/vc_column_inner][vc_column_inner width=&#8220;1\/4&#8243;][\/vc_column_inner][\/vc_row_inner][\/vc_column][\/vc_row][vc_row equal_height=&#8220;yes&#8220; content_placement=&#8220;middle&#8220; el_class=&#8220;cta-row&#8220; el_id=&#8220;cta-9&#8243;][vc_column width=&#8220;1\/3&#8243; css=&#8220;.vc_custom_1606127567338{background-color: #ffffff !important;}&#8220;][vc_single_image image=&#8220;7092&#8243; img_size=&#8220;full&#8220; alignment=&#8220;center&#8220; el_class=&#8220;no-space-img&#8220;][\/vc_column][vc_column width=&#8220;2\/3&#8243; css=&#8220;.vc_custom_1606127558105{background-color: #79ca30 !important;}&#8220;][vc_column_text]<\/p>\n<h3 class=\"white upper al-center\">Sie sind besorgt um die visuelle Identit\u00e4t Ihres Unternehmens?<\/h3>\n<p>[\/vc_column_text][vc_column_text el_class=&#8220;al-center big white&#8220;]Unsere Grafikdesigner schmieden die Werte Ihrer Marke und wenden sie auf alle Arten von Medien an.[\/vc_column_text][vc_row_inner equal_height=&#8220;yes&#8220; el_class=&#8220;cta-inner-icons-row&#8220;][vc_column_inner width=&#8220;1\/3&#8243;][vc_single_image image=&#8220;7082&#8243; img_size=&#8220;full&#8220; alignment=&#8220;center&#8220; css=&#8220;.vc_custom_1606216342449{margin-bottom: 0px !important;}&#8220; el_class=&#8220;no-space-img&#8220;][vc_column_text css=&#8220;.vc_custom_1606216410137{margin-bottom: 0px !important;}&#8220;]<\/p>\n<h4 class=\"al-center white big\"><strong>Logos<\/strong><\/h4>\n<p>[\/vc_column_text][\/vc_column_inner][vc_column_inner width=&#8220;1\/3&#8243;][vc_single_image image=&#8220;7079&#8243; img_size=&#8220;full&#8220; alignment=&#8220;center&#8220; css=&#8220;.vc_custom_1606216359892{margin-bottom: 0px !important;}&#8220; el_class=&#8220;no-space-img&#8220;][vc_column_text css=&#8220;.vc_custom_1606216439694{margin-bottom: 0px !important;}&#8220;]<\/p>\n<h4 class=\"al-center white big\"><strong>Visitenkarten<\/strong><\/h4>\n<p>[\/vc_column_text][\/vc_column_inner][vc_column_inner width=&#8220;1\/3&#8243;][vc_single_image image=&#8220;7088&#8243; img_size=&#8220;full&#8220; alignment=&#8220;center&#8220; css=&#8220;.vc_custom_1606216376917{margin-bottom: 0px !important;}&#8220; el_class=&#8220;no-space-img&#8220;][vc_column_text css=&#8220;.vc_custom_1606216451060{margin-bottom: 0px !important;}&#8220;]<\/p>\n<h4 class=\"al-center white big\"><strong>Rollups<\/strong><\/h4>\n<p>[\/vc_column_text][\/vc_column_inner][\/vc_row_inner][vc_btn title=&#8220;Kontaktieren Sie uns&#8220; align=&#8220;center&#8220; link=&#8220;url:%23footer-contact|title:Contact&#8220; el_class=&#8220;inverse-btn scroll&#8220;][\/vc_column][\/vc_row][\/vc_section]<\/p>\n<\/section>","protected":false},"excerpt":{"rendered":"<p>[vc_section full_width=&#8220;stretch_row_content&#8220; parallax=&#8220;content-moving&#8220; parallax_speed_bg=&#8220;2.5&#8243; el_id=&#8220;intro&#8220; css=&#8220;.vc_custom_1596635908694{background-image: url(\/wp-content\/uploads\/2020\/08\/BG-STARS.jpg?id=109) !important;}&#8220;][vc_row el_id=&#8220;iss&#8220; css=&#8220;.vc_custom_1596635068619{background-image: url(\/wp-content\/uploads\/2020\/08\/Moon.png?id=116) !important;}&#8220;][vc_column][vc_single_image image=&#8220;113&#8243; img_size=&#8220;full&#8220; alignment=&#8220;center&#8220; el_class=&#8220;no-space-img&#8220;][\/vc_column][\/vc_row][\/vc_section][vc_section full_width=&#8220;stretch_row&#8220; parallax=&#8220;content-moving&#8220; parallax_speed_bg=&#8220;2&#8243; css=&#8220;.vc_custom_1612954237513{background-image: url(\/wp-content\/uploads\/2021\/02\/PurpleStarsBG4000.jpg) !important;}&#8220; el_class=&#8220;white&#8220;][vc_row][vc_column width=&#8220;1\/4&#8243;][\/vc_column][vc_column width=&#8220;1\/2&#8243;][vc_column_text] Design<span class=\"excerpt-hellip\"> [\u2026]<\/span><\/p>\n","protected":false},"author":1,"featured_media":0,"parent":5715,"menu_order":0,"comment_status":"closed","ping_status":"closed","template":"","meta":{"inline_featured_image":false,"footnotes":""},"yoast_head":"<!-- This site is optimized with the Yoast SEO plugin v21.5 - https:\/\/yoast.com\/wordpress\/plugins\/seo\/ -->\n<title>Design von Done | Visuelle Identit\u00e4t: Ein fundamentales Element Ihres Unternehmens<\/title>\n<meta name=\"description\" content=\"Um sich von Ihren Konkurrenten abzuheben und leicht erkennbar zu sein, m\u00fcssen Ihre visuelle Identit\u00e4t und Ihr Website-Design hervorstechen. Wenn ein Besucher auf Ihrer Website ankommt, dauert es nur wenige Sekunden, um sich eine Meinung \u00fcber Sie zu bilden.\" \/>\n<meta name=\"robots\" content=\"index, follow, max-snippet:-1, max-image-preview:large, max-video-preview:-1\" \/>\n<link rel=\"canonical\" href=\"https:\/\/done.lu\/de\/kompetenzen\/design\/\" \/>\n<meta property=\"og:locale\" content=\"de_DE\" \/>\n<meta property=\"og:type\" content=\"article\" \/>\n<meta property=\"og:title\" content=\"Design von Done | Visuelle Identit\u00e4t: Ein fundamentales Element Ihres Unternehmens\" \/>\n<meta property=\"og:description\" content=\"Um sich von Ihren Konkurrenten abzuheben und leicht erkennbar zu sein, m\u00fcssen Ihre visuelle Identit\u00e4t und Ihr Website-Design hervorstechen. Wenn ein Besucher auf Ihrer Website ankommt, dauert es nur wenige Sekunden, um sich eine Meinung \u00fcber Sie zu bilden.\" \/>\n<meta property=\"og:url\" content=\"https:\/\/done.lu\/de\/kompetenzen\/design\/\" \/>\n<meta property=\"og:site_name\" content=\"Done\" \/>\n<meta property=\"article:publisher\" content=\"https:\/\/www.facebook.com\/donesarl\" \/>\n<meta property=\"article:modified_time\" content=\"2021-02-23T10:58:24+00:00\" \/>\n<meta name=\"twitter:card\" content=\"summary_large_image\" \/>\n<meta name=\"twitter:site\" content=\"@DONElux\" \/>\n<meta name=\"twitter:label1\" content=\"Gesch\u00e4tzte Lesezeit\" \/>\n\t<meta name=\"twitter:data1\" content=\"7\u00a0Minuten\" \/>\n<script type=\"application\/ld+json\" class=\"yoast-schema-graph\">{\"@context\":\"https:\/\/schema.org\",\"@graph\":[{\"@type\":\"WebPage\",\"@id\":\"https:\/\/done.lu\/de\/kompetenzen\/design\/\",\"url\":\"https:\/\/done.lu\/de\/kompetenzen\/design\/\",\"name\":\"Design von Done | Visuelle Identit\u00e4t: Ein fundamentales Element Ihres Unternehmens\",\"isPartOf\":{\"@id\":\"https:\/\/done.lu\/#website\"},\"datePublished\":\"2020-08-05T13:19:07+00:00\",\"dateModified\":\"2021-02-23T10:58:24+00:00\",\"description\":\"Um sich von Ihren Konkurrenten abzuheben und leicht erkennbar zu sein, m\u00fcssen Ihre visuelle Identit\u00e4t und Ihr Website-Design hervorstechen. Wenn ein Besucher auf Ihrer Website ankommt, dauert es nur wenige Sekunden, um sich eine Meinung \u00fcber Sie zu bilden.\",\"breadcrumb\":{\"@id\":\"https:\/\/done.lu\/de\/kompetenzen\/design\/#breadcrumb\"},\"inLanguage\":\"de\",\"potentialAction\":[{\"@type\":\"ReadAction\",\"target\":[\"https:\/\/done.lu\/de\/kompetenzen\/design\/\"]}]},{\"@type\":\"BreadcrumbList\",\"@id\":\"https:\/\/done.lu\/de\/kompetenzen\/design\/#breadcrumb\",\"itemListElement\":[{\"@type\":\"ListItem\",\"position\":1,\"name\":\"Home\",\"item\":\"https:\/\/done.lu\/de\/\"},{\"@type\":\"ListItem\",\"position\":2,\"name\":\"Kompetenzen\",\"item\":\"https:\/\/done.lu\/de\/kompetenzen\/\"},{\"@type\":\"ListItem\",\"position\":3,\"name\":\"Design\"}]},{\"@type\":\"WebSite\",\"@id\":\"https:\/\/done.lu\/#website\",\"url\":\"https:\/\/done.lu\/\",\"name\":\"Done\",\"description\":\"\",\"publisher\":{\"@id\":\"https:\/\/done.lu\/#organization\"},\"potentialAction\":[{\"@type\":\"SearchAction\",\"target\":{\"@type\":\"EntryPoint\",\"urlTemplate\":\"https:\/\/done.lu\/?s={search_term_string}\"},\"query-input\":\"required name=search_term_string\"}],\"inLanguage\":\"de\"},{\"@type\":\"Organization\",\"@id\":\"https:\/\/done.lu\/#organization\",\"name\":\"Done SARL\",\"alternateName\":\"Done Website as a Service\",\"url\":\"https:\/\/done.lu\/\",\"logo\":{\"@type\":\"ImageObject\",\"inLanguage\":\"de\",\"@id\":\"https:\/\/done.lu\/#\/schema\/logo\/image\/\",\"url\":\"https:\/\/done.lu\/wp-content\/uploads\/2024\/07\/logo_done_rgb_neu.jpg\",\"contentUrl\":\"https:\/\/done.lu\/wp-content\/uploads\/2024\/07\/logo_done_rgb_neu.jpg\",\"width\":945,\"height\":377,\"caption\":\"Done SARL\"},\"image\":{\"@id\":\"https:\/\/done.lu\/#\/schema\/logo\/image\/\"},\"sameAs\":[\"https:\/\/www.facebook.com\/donesarl\",\"https:\/\/twitter.com\/DONElux\",\"https:\/\/www.instagram.com\/done.lu\/\",\"https:\/\/www.linkedin.com\/company\/donelux\/\"]}]}<\/script>\n<!-- \/ Yoast SEO plugin. -->","yoast_head_json":{"title":"Design von Done | Visuelle Identit\u00e4t: Ein fundamentales Element Ihres Unternehmens","description":"Um sich von Ihren Konkurrenten abzuheben und leicht erkennbar zu sein, m\u00fcssen Ihre visuelle Identit\u00e4t und Ihr Website-Design hervorstechen. Wenn ein Besucher auf Ihrer Website ankommt, dauert es nur wenige Sekunden, um sich eine Meinung \u00fcber Sie zu bilden.","robots":{"index":"index","follow":"follow","max-snippet":"max-snippet:-1","max-image-preview":"max-image-preview:large","max-video-preview":"max-video-preview:-1"},"canonical":"https:\/\/done.lu\/de\/kompetenzen\/design\/","og_locale":"de_DE","og_type":"article","og_title":"Design von Done | Visuelle Identit\u00e4t: Ein fundamentales Element Ihres Unternehmens","og_description":"Um sich von Ihren Konkurrenten abzuheben und leicht erkennbar zu sein, m\u00fcssen Ihre visuelle Identit\u00e4t und Ihr Website-Design hervorstechen. Wenn ein Besucher auf Ihrer Website ankommt, dauert es nur wenige Sekunden, um sich eine Meinung \u00fcber Sie zu bilden.","og_url":"https:\/\/done.lu\/de\/kompetenzen\/design\/","og_site_name":"Done","article_publisher":"https:\/\/www.facebook.com\/donesarl","article_modified_time":"2021-02-23T10:58:24+00:00","twitter_card":"summary_large_image","twitter_site":"@DONElux","twitter_misc":{"Gesch\u00e4tzte Lesezeit":"7\u00a0Minuten"},"schema":{"@context":"https:\/\/schema.org","@graph":[{"@type":"WebPage","@id":"https:\/\/done.lu\/de\/kompetenzen\/design\/","url":"https:\/\/done.lu\/de\/kompetenzen\/design\/","name":"Design von Done | Visuelle Identit\u00e4t: Ein fundamentales Element Ihres Unternehmens","isPartOf":{"@id":"https:\/\/done.lu\/#website"},"datePublished":"2020-08-05T13:19:07+00:00","dateModified":"2021-02-23T10:58:24+00:00","description":"Um sich von Ihren Konkurrenten abzuheben und leicht erkennbar zu sein, m\u00fcssen Ihre visuelle Identit\u00e4t und Ihr Website-Design hervorstechen. Wenn ein Besucher auf Ihrer Website ankommt, dauert es nur wenige Sekunden, um sich eine Meinung \u00fcber Sie zu bilden.","breadcrumb":{"@id":"https:\/\/done.lu\/de\/kompetenzen\/design\/#breadcrumb"},"inLanguage":"de","potentialAction":[{"@type":"ReadAction","target":["https:\/\/done.lu\/de\/kompetenzen\/design\/"]}]},{"@type":"BreadcrumbList","@id":"https:\/\/done.lu\/de\/kompetenzen\/design\/#breadcrumb","itemListElement":[{"@type":"ListItem","position":1,"name":"Home","item":"https:\/\/done.lu\/de\/"},{"@type":"ListItem","position":2,"name":"Kompetenzen","item":"https:\/\/done.lu\/de\/kompetenzen\/"},{"@type":"ListItem","position":3,"name":"Design"}]},{"@type":"WebSite","@id":"https:\/\/done.lu\/#website","url":"https:\/\/done.lu\/","name":"Done","description":"","publisher":{"@id":"https:\/\/done.lu\/#organization"},"potentialAction":[{"@type":"SearchAction","target":{"@type":"EntryPoint","urlTemplate":"https:\/\/done.lu\/?s={search_term_string}"},"query-input":"required name=search_term_string"}],"inLanguage":"de"},{"@type":"Organization","@id":"https:\/\/done.lu\/#organization","name":"Done SARL","alternateName":"Done Website as a Service","url":"https:\/\/done.lu\/","logo":{"@type":"ImageObject","inLanguage":"de","@id":"https:\/\/done.lu\/#\/schema\/logo\/image\/","url":"https:\/\/done.lu\/wp-content\/uploads\/2024\/07\/logo_done_rgb_neu.jpg","contentUrl":"https:\/\/done.lu\/wp-content\/uploads\/2024\/07\/logo_done_rgb_neu.jpg","width":945,"height":377,"caption":"Done SARL"},"image":{"@id":"https:\/\/done.lu\/#\/schema\/logo\/image\/"},"sameAs":["https:\/\/www.facebook.com\/donesarl","https:\/\/twitter.com\/DONElux","https:\/\/www.instagram.com\/done.lu\/","https:\/\/www.linkedin.com\/company\/donelux\/"]}]}},"_links":{"self":[{"href":"https:\/\/done.lu\/de\/wp-json\/wp\/v2\/pages\/6099"}],"collection":[{"href":"https:\/\/done.lu\/de\/wp-json\/wp\/v2\/pages"}],"about":[{"href":"https:\/\/done.lu\/de\/wp-json\/wp\/v2\/types\/page"}],"author":[{"embeddable":true,"href":"https:\/\/done.lu\/de\/wp-json\/wp\/v2\/users\/1"}],"replies":[{"embeddable":true,"href":"https:\/\/done.lu\/de\/wp-json\/wp\/v2\/comments?post=6099"}],"version-history":[{"count":8,"href":"https:\/\/done.lu\/de\/wp-json\/wp\/v2\/pages\/6099\/revisions"}],"predecessor-version":[{"id":8697,"href":"https:\/\/done.lu\/de\/wp-json\/wp\/v2\/pages\/6099\/revisions\/8697"}],"up":[{"embeddable":true,"href":"https:\/\/done.lu\/de\/wp-json\/wp\/v2\/pages\/5715"}],"wp:attachment":[{"href":"https:\/\/done.lu\/de\/wp-json\/wp\/v2\/media?parent=6099"}],"curies":[{"name":"wp","href":"https:\/\/api.w.org\/{rel}","templated":true}]}}