{"id":6032,"date":"2020-08-05T15:20:11","date_gmt":"2020-08-05T13:20:11","guid":{"rendered":"https:\/\/done.lu\/kompetenzen\/security\/"},"modified":"2021-02-10T14:17:13","modified_gmt":"2021-02-10T13:17:13","slug":"sicherheit","status":"publish","type":"page","link":"https:\/\/done.lu\/de\/kompetenzen\/sicherheit\/","title":{"rendered":"Sicherheit"},"content":{"rendered":"<section class=\"wpb-content-wrapper\"><p>[vc_section full_width=&#8220;stretch_row_content&#8220; parallax=&#8220;content-moving&#8220; parallax_speed_bg=&#8220;2.5&#8243; el_id=&#8220;intro&#8220; css=&#8220;.vc_custom_1596635908694{background-image: url(\/wp-content\/uploads\/2020\/08\/BG-STARS.jpg?id=109) !important;}&#8220;][vc_row el_id=&#8220;iss&#8220; css=&#8220;.vc_custom_1596635068619{background-image: url(\/wp-content\/uploads\/2020\/08\/Moon.png?id=116) !important;}&#8220;][vc_column][vc_single_image image=&#8220;113&#8243; img_size=&#8220;full&#8220; alignment=&#8220;center&#8220; el_class=&#8220;no-space-img&#8220;][\/vc_column][\/vc_row][\/vc_section][vc_section full_width=&#8220;stretch_row&#8220; parallax=&#8220;content-moving&#8220; parallax_speed_bg=&#8220;2&#8243; css=&#8220;.vc_custom_1612962627495{background-image: url(\/wp-content\/uploads\/2021\/02\/PurpleStarsBG3000.jpg?id=7823) !important;}&#8220; el_class=&#8220;white&#8220;][vc_row][vc_column width=&#8220;1\/4&#8243;][\/vc_column][vc_column width=&#8220;1\/2&#8243;][vc_column_text]<\/p>\n<h1 class=\"intro-heading\">Sicherheit<\/h1>\n<p class=\"al-just big\">Monitoring, SSL-Zertifikat, DDOS-Schutzsystem, SQS-L\u00f6sungen\u2026. <strong class=\"green\">DONE erstellt sichere Websites und sorgt f\u00fcr deren \u00dcberwachung.<\/strong><\/p>\n<p>[\/vc_column_text][\/vc_column][vc_column width=&#8220;1\/4&#8243;][\/vc_column][\/vc_row][vc_row equal_height=&#8220;yes&#8220;][vc_column width=&#8220;1\/2&#8243;][vc_column_text]<\/p>\n<h2 class=\"green\">Wir bieten L\u00f6sungen zur Sicherung Ihrer Website an.<\/h2>\n<p class=\"big al-just\">Seit 2017 ist Google auf der Suche nach ungesicherten Websites. Eine Ma\u00dfnahme, die darauf abzielt, Benutzer vor Datenhackern zu sch\u00fctzen. Wenn Ihre Website nicht den Sicherheitsanforderungen von Google entspricht, wird sie bestraft. Weniger gut referenziert, verliert man die Sichtbarkeit.<\/p>\n<p>[\/vc_column_text][\/vc_column][vc_column width=&#8220;1\/2&#8243;][vc_single_image image=&#8220;750&#8243; img_size=&#8220;full&#8220; alignment=&#8220;center&#8220; css=&#8220;.vc_custom_1596881452849{margin-bottom: 0px !important;}&#8220;][\/vc_column][\/vc_row][vc_row equal_height=&#8220;yes&#8220; content_placement=&#8220;middle&#8220; el_class=&#8220;cta-row&#8220; el_id=&#8220;cta-7&#8243;][vc_column width=&#8220;1\/3&#8243; css=&#8220;.vc_custom_1606127567338{background-color: #ffffff !important;}&#8220;][vc_single_image image=&#8220;7064&#8243; img_size=&#8220;full&#8220; alignment=&#8220;center&#8220; el_class=&#8220;no-space-img&#8220;][\/vc_column][vc_column width=&#8220;2\/3&#8243; css=&#8220;.vc_custom_1606127558105{background-color: #79ca30 !important;}&#8220;][vc_column_text]<\/p>\n<h3 class=\"white upper al-center bigger-40\">Sie werden es lieben, mit uns zu arbeiten!<\/h3>\n<p>[\/vc_column_text][vc_row_inner equal_height=&#8220;yes&#8220; el_class=&#8220;cta-inner-icons-row&#8220;][vc_column_inner width=&#8220;1\/3&#8243;][vc_single_image image=&#8220;7042&#8243; img_size=&#8220;full&#8220; alignment=&#8220;center&#8220; css=&#8220;.vc_custom_1606207954168{margin-bottom: 0px !important;}&#8220; el_class=&#8220;no-space-img&#8220;][vc_column_text css=&#8220;.vc_custom_1606208184474{margin-bottom: 0px !important;}&#8220;]<\/p>\n<h4 class=\"al-center white\"><strong>Eine Agentur in menschlicher Gr\u00f6\u00dfe<\/strong><\/h4>\n<p>[\/vc_column_text][\/vc_column_inner][vc_column_inner width=&#8220;1\/3&#8243;][vc_single_image image=&#8220;7039&#8243; img_size=&#8220;full&#8220; alignment=&#8220;center&#8220; css=&#8220;.vc_custom_1606207970692{margin-bottom: 0px !important;}&#8220; el_class=&#8220;no-space-img&#8220;][vc_column_text css=&#8220;.vc_custom_1606208193148{margin-bottom: 0px !important;}&#8220;]<\/p>\n<h4 class=\"al-center white\"><strong>Flie\u00dfende und direkte Beziehungen<\/strong><\/h4>\n<p>[\/vc_column_text][\/vc_column_inner][vc_column_inner width=&#8220;1\/3&#8243;][vc_single_image image=&#8220;7036&#8243; img_size=&#8220;full&#8220; alignment=&#8220;center&#8220; css=&#8220;.vc_custom_1606207989556{margin-bottom: 0px !important;}&#8220; el_class=&#8220;no-space-img&#8220;][vc_column_text css=&#8220;.vc_custom_1606208201760{margin-bottom: 0px !important;}&#8220;]<\/p>\n<h4 class=\"al-center white\"><strong>Leidenschaftliche Experten<\/strong><\/h4>\n<p>[\/vc_column_text][\/vc_column_inner][\/vc_row_inner][vc_row_inner css=&#8220;.vc_custom_1606208209925{margin-bottom: 0px !important;}&#8220;][vc_column_inner width=&#8220;1\/2&#8243;][vc_btn title=&#8220;Besuchen Sie unser Portfolio&#8220; align=&#8220;center&#8220; link=&#8220;url:%2Fde\/referenzen%2F|title:Portfolio&#8220; el_class=&#8220;inverse-btn scroll&#8220;][\/vc_column_inner][vc_column_inner width=&#8220;1\/2&#8243;][vc_btn title=&#8220;Sprechen Sie \u00fcber Ihr Projekt&#8220; align=&#8220;center&#8220; link=&#8220;url:%23footer-contact|title:Contact&#8220; el_class=&#8220;inverse-btn scroll&#8220;][\/vc_column_inner][\/vc_row_inner][\/vc_column][\/vc_row][\/vc_section][vc_section full_width=&#8220;stretch_row&#8220; parallax=&#8220;content-moving&#8220; parallax_speed_bg=&#8220;2.5&#8243; el_class=&#8220;star-sec&#8220; css=&#8220;.vc_custom_1612963007258{background-image: url(\/wp-content\/uploads\/2021\/02\/BGstars2000.jpg?id=7826) !important;}&#8220;][vc_row][vc_column][vc_column_text]<\/p>\n<h2 class=\"al-center green\">Monitoring-Systeml\u00f6sungen: Auf der Suche nach Schwachstellen<\/h2>\n<hr class=\"heading-sep\" \/>\n<p>[\/vc_column_text][\/vc_column][\/vc_row][vc_row][vc_column width=&#8220;1\/4&#8243;][\/vc_column][vc_column width=&#8220;1\/2&#8243;][vc_column_text]<\/p>\n<h3 class=\"al-center\">Der Nutzen des IT-Monitoring<\/h3>\n<p>[\/vc_column_text][vc_column_text el_class=&#8220;big al-just&#8220;]Das Monitoring besteht darin, Informationen \u00fcber die ordnungsgem\u00e4\u00dfe Funktion Ihres Systems zu sammeln. Die Analyse der Daten erm\u00f6glicht es, die optimale Funktionsweise der Infrastruktur und der Software sicherzustellen und das Auftreten bestimmter Risiken vorherzusehen.<br \/>\n[\/vc_column_text][\/vc_column][vc_column width=&#8220;1\/4&#8243;][\/vc_column][\/vc_row][\/vc_section][vc_section full_width=&#8220;stretch_row&#8220; parallax=&#8220;content-moving&#8220; parallax_speed_bg=&#8220;2&#8243; css=&#8220;.vc_custom_1612963019903{background-image: url(\/wp-content\/uploads\/2021\/02\/PurpleStarsBG3000.jpg?id=7823) !important;}&#8220; el_class=&#8220;white&#8220;][vc_row full_width=&#8220;stretch_row&#8220; el_id=&#8220;planet-row&#8220; css=&#8220;.vc_custom_1596881581742{background-image: url(\/wp-content\/uploads\/2020\/08\/planet-4.png?id=756) !important;}&#8220;][vc_column][vc_column_text]<\/p>\n<h2 class=\"al-center green\">DDOS Schutzsysteme<\/h2>\n<hr class=\"heading-sep\" \/>\n<p>[\/vc_column_text][vc_row_inner][vc_column_inner width=&#8220;1\/4&#8243;][\/vc_column_inner][vc_column_inner width=&#8220;1\/2&#8243;][vc_column_text el_class=&#8220;al-just big&#8220;]Um auf Ihren Sicherheitsbereich zuzugreifen, <strong class=\"green\">richten wir ein Verbindungssystem mit Zwei-Faktor-Authentifizierung ein<\/strong>. Ihre digitale Identit\u00e4t und Ihre Daten sind absolut sicher.[\/vc_column_text][\/vc_column_inner][vc_column_inner width=&#8220;1\/4&#8243;][\/vc_column_inner][\/vc_row_inner][vc_row_inner equal_height=&#8220;yes&#8220;][vc_column_inner width=&#8220;1\/2&#8243;][vc_column_text el_class=&#8220;al-center&#8220;]<\/p>\n<h3 class=\"green\">Was ist ein DDOS-Angriff?<\/h3>\n<p>[\/vc_column_text][vc_single_image image=&#8220;5890&#8243; img_size=&#8220;full&#8220; alignment=&#8220;center&#8220; css=&#8220;.vc_custom_1601285227672{margin-bottom: 0px !important;}&#8220;][vc_column_text el_class=&#8220;al-just&#8220;]Ein \u201eDistributed Denial of Service\u201c Angriff ist eine Hacking-Aktion, die darauf abzielt, zu verhindern, dass eine Website ordnungsgem\u00e4\u00df funktioniert. In den letzten Jahren stark zugenommen, wirkt es sich direkt auf den Traffic der Website oder den Verkauf eines Online-Shops aus, indem es die Besucher daran hindert, entweder auf die Website zuzugreifen oder einen Kauf oder die gew\u00fcnschte Aktion durchzuf\u00fchren.[\/vc_column_text][\/vc_column_inner][vc_column_inner width=&#8220;1\/2&#8243;][vc_column_text el_class=&#8220;al-center&#8220;]<\/p>\n<h3 class=\"green\">Wie kann man einem DDOS-Angriff entgegenwirken?<\/h3>\n<p>[\/vc_column_text][vc_single_image image=&#8220;5893&#8243; img_size=&#8220;full&#8220; alignment=&#8220;center&#8220; css=&#8220;.vc_custom_1601285239547{margin-bottom: 0px !important;}&#8220;][vc_column_text el_class=&#8220;al-just&#8220;]Es gibt mehrere L\u00f6sungen zum Schutz vor einem \u201eDistributed Denial-of-Service\u201c-Angriff: das Verbot von IP-Adressen, die St\u00e4rkung der Netzwerksicherheit, die Verwendung mehrerer Server oder das Scannen des Datenverkehrs vor der Ankunft auf dem Server. Ihre Webagentur wird Ihnen die am besten geeignete L\u00f6sung f\u00fcr Ihre Infrastruktur empfehlen.[\/vc_column_text][\/vc_column_inner][\/vc_row_inner][\/vc_column][\/vc_row][\/vc_section]<\/p>\n<\/section>","protected":false},"excerpt":{"rendered":"<p>[vc_section full_width=&#8220;stretch_row_content&#8220; parallax=&#8220;content-moving&#8220; parallax_speed_bg=&#8220;2.5&#8243; el_id=&#8220;intro&#8220; css=&#8220;.vc_custom_1596635908694{background-image: url(\/wp-content\/uploads\/2020\/08\/BG-STARS.jpg?id=109) !important;}&#8220;][vc_row el_id=&#8220;iss&#8220; css=&#8220;.vc_custom_1596635068619{background-image: url(\/wp-content\/uploads\/2020\/08\/Moon.png?id=116) !important;}&#8220;][vc_column][vc_single_image image=&#8220;113&#8243; img_size=&#8220;full&#8220; alignment=&#8220;center&#8220; el_class=&#8220;no-space-img&#8220;][\/vc_column][\/vc_row][\/vc_section][vc_section full_width=&#8220;stretch_row&#8220; parallax=&#8220;content-moving&#8220; parallax_speed_bg=&#8220;2&#8243; css=&#8220;.vc_custom_1612962627495{background-image: url(\/wp-content\/uploads\/2021\/02\/PurpleStarsBG3000.jpg?id=7823) !important;}&#8220; el_class=&#8220;white&#8220;][vc_row][vc_column width=&#8220;1\/4&#8243;][\/vc_column][vc_column width=&#8220;1\/2&#8243;][vc_column_text] Sicherheit<span class=\"excerpt-hellip\"> [\u2026]<\/span><\/p>\n","protected":false},"author":1,"featured_media":0,"parent":5715,"menu_order":0,"comment_status":"closed","ping_status":"closed","template":"","meta":{"inline_featured_image":false,"footnotes":""},"yoast_head":"<!-- This site is optimized with the Yoast SEO plugin v21.5 - https:\/\/yoast.com\/wordpress\/plugins\/seo\/ -->\n<title>Sicherheit von Done | Wir bieten L\u00f6sungen zur Sicherung ihrer Website an<\/title>\n<meta name=\"description\" content=\"Monitoring, SSL-Zertifikat, DDOS-Schutzsystem, SQS-L\u00f6sungen\u2026. DONE erstellt sichere Websites und sorgt f\u00fcr deren \u00dcberwachung.\" \/>\n<meta name=\"robots\" content=\"index, follow, max-snippet:-1, max-image-preview:large, max-video-preview:-1\" \/>\n<link rel=\"canonical\" href=\"https:\/\/done.lu\/de\/kompetenzen\/sicherheit\/\" \/>\n<meta property=\"og:locale\" content=\"de_DE\" \/>\n<meta property=\"og:type\" content=\"article\" \/>\n<meta property=\"og:title\" content=\"Sicherheit von Done | Wir bieten L\u00f6sungen zur Sicherung ihrer Website an\" \/>\n<meta property=\"og:description\" content=\"Monitoring, SSL-Zertifikat, DDOS-Schutzsystem, SQS-L\u00f6sungen\u2026. DONE erstellt sichere Websites und sorgt f\u00fcr deren \u00dcberwachung.\" \/>\n<meta property=\"og:url\" content=\"https:\/\/done.lu\/de\/kompetenzen\/sicherheit\/\" \/>\n<meta property=\"og:site_name\" content=\"Done\" \/>\n<meta property=\"article:publisher\" content=\"https:\/\/www.facebook.com\/donesarl\" \/>\n<meta property=\"article:modified_time\" content=\"2021-02-10T13:17:13+00:00\" \/>\n<meta name=\"twitter:card\" content=\"summary_large_image\" \/>\n<meta name=\"twitter:site\" content=\"@DONElux\" \/>\n<meta name=\"twitter:label1\" content=\"Gesch\u00e4tzte Lesezeit\" \/>\n\t<meta name=\"twitter:data1\" content=\"5\u00a0Minuten\" \/>\n<script type=\"application\/ld+json\" class=\"yoast-schema-graph\">{\"@context\":\"https:\/\/schema.org\",\"@graph\":[{\"@type\":\"WebPage\",\"@id\":\"https:\/\/done.lu\/de\/kompetenzen\/sicherheit\/\",\"url\":\"https:\/\/done.lu\/de\/kompetenzen\/sicherheit\/\",\"name\":\"Sicherheit von Done | Wir bieten L\u00f6sungen zur Sicherung ihrer Website an\",\"isPartOf\":{\"@id\":\"https:\/\/done.lu\/#website\"},\"datePublished\":\"2020-08-05T13:20:11+00:00\",\"dateModified\":\"2021-02-10T13:17:13+00:00\",\"description\":\"Monitoring, SSL-Zertifikat, DDOS-Schutzsystem, SQS-L\u00f6sungen\u2026. DONE erstellt sichere Websites und sorgt f\u00fcr deren \u00dcberwachung.\",\"breadcrumb\":{\"@id\":\"https:\/\/done.lu\/de\/kompetenzen\/sicherheit\/#breadcrumb\"},\"inLanguage\":\"de\",\"potentialAction\":[{\"@type\":\"ReadAction\",\"target\":[\"https:\/\/done.lu\/de\/kompetenzen\/sicherheit\/\"]}]},{\"@type\":\"BreadcrumbList\",\"@id\":\"https:\/\/done.lu\/de\/kompetenzen\/sicherheit\/#breadcrumb\",\"itemListElement\":[{\"@type\":\"ListItem\",\"position\":1,\"name\":\"Home\",\"item\":\"https:\/\/done.lu\/de\/\"},{\"@type\":\"ListItem\",\"position\":2,\"name\":\"Kompetenzen\",\"item\":\"https:\/\/done.lu\/de\/kompetenzen\/\"},{\"@type\":\"ListItem\",\"position\":3,\"name\":\"Sicherheit\"}]},{\"@type\":\"WebSite\",\"@id\":\"https:\/\/done.lu\/#website\",\"url\":\"https:\/\/done.lu\/\",\"name\":\"Done\",\"description\":\"\",\"publisher\":{\"@id\":\"https:\/\/done.lu\/#organization\"},\"potentialAction\":[{\"@type\":\"SearchAction\",\"target\":{\"@type\":\"EntryPoint\",\"urlTemplate\":\"https:\/\/done.lu\/?s={search_term_string}\"},\"query-input\":\"required name=search_term_string\"}],\"inLanguage\":\"de\"},{\"@type\":\"Organization\",\"@id\":\"https:\/\/done.lu\/#organization\",\"name\":\"Done SARL\",\"alternateName\":\"Done Website as a Service\",\"url\":\"https:\/\/done.lu\/\",\"logo\":{\"@type\":\"ImageObject\",\"inLanguage\":\"de\",\"@id\":\"https:\/\/done.lu\/#\/schema\/logo\/image\/\",\"url\":\"https:\/\/done.lu\/wp-content\/uploads\/2024\/07\/logo_done_rgb_neu.jpg\",\"contentUrl\":\"https:\/\/done.lu\/wp-content\/uploads\/2024\/07\/logo_done_rgb_neu.jpg\",\"width\":945,\"height\":377,\"caption\":\"Done SARL\"},\"image\":{\"@id\":\"https:\/\/done.lu\/#\/schema\/logo\/image\/\"},\"sameAs\":[\"https:\/\/www.facebook.com\/donesarl\",\"https:\/\/twitter.com\/DONElux\",\"https:\/\/www.instagram.com\/done.lu\/\",\"https:\/\/www.linkedin.com\/company\/donelux\/\"]}]}<\/script>\n<!-- \/ Yoast SEO plugin. -->","yoast_head_json":{"title":"Sicherheit von Done | Wir bieten L\u00f6sungen zur Sicherung ihrer Website an","description":"Monitoring, SSL-Zertifikat, DDOS-Schutzsystem, SQS-L\u00f6sungen\u2026. DONE erstellt sichere Websites und sorgt f\u00fcr deren \u00dcberwachung.","robots":{"index":"index","follow":"follow","max-snippet":"max-snippet:-1","max-image-preview":"max-image-preview:large","max-video-preview":"max-video-preview:-1"},"canonical":"https:\/\/done.lu\/de\/kompetenzen\/sicherheit\/","og_locale":"de_DE","og_type":"article","og_title":"Sicherheit von Done | Wir bieten L\u00f6sungen zur Sicherung ihrer Website an","og_description":"Monitoring, SSL-Zertifikat, DDOS-Schutzsystem, SQS-L\u00f6sungen\u2026. DONE erstellt sichere Websites und sorgt f\u00fcr deren \u00dcberwachung.","og_url":"https:\/\/done.lu\/de\/kompetenzen\/sicherheit\/","og_site_name":"Done","article_publisher":"https:\/\/www.facebook.com\/donesarl","article_modified_time":"2021-02-10T13:17:13+00:00","twitter_card":"summary_large_image","twitter_site":"@DONElux","twitter_misc":{"Gesch\u00e4tzte Lesezeit":"5\u00a0Minuten"},"schema":{"@context":"https:\/\/schema.org","@graph":[{"@type":"WebPage","@id":"https:\/\/done.lu\/de\/kompetenzen\/sicherheit\/","url":"https:\/\/done.lu\/de\/kompetenzen\/sicherheit\/","name":"Sicherheit von Done | Wir bieten L\u00f6sungen zur Sicherung ihrer Website an","isPartOf":{"@id":"https:\/\/done.lu\/#website"},"datePublished":"2020-08-05T13:20:11+00:00","dateModified":"2021-02-10T13:17:13+00:00","description":"Monitoring, SSL-Zertifikat, DDOS-Schutzsystem, SQS-L\u00f6sungen\u2026. DONE erstellt sichere Websites und sorgt f\u00fcr deren \u00dcberwachung.","breadcrumb":{"@id":"https:\/\/done.lu\/de\/kompetenzen\/sicherheit\/#breadcrumb"},"inLanguage":"de","potentialAction":[{"@type":"ReadAction","target":["https:\/\/done.lu\/de\/kompetenzen\/sicherheit\/"]}]},{"@type":"BreadcrumbList","@id":"https:\/\/done.lu\/de\/kompetenzen\/sicherheit\/#breadcrumb","itemListElement":[{"@type":"ListItem","position":1,"name":"Home","item":"https:\/\/done.lu\/de\/"},{"@type":"ListItem","position":2,"name":"Kompetenzen","item":"https:\/\/done.lu\/de\/kompetenzen\/"},{"@type":"ListItem","position":3,"name":"Sicherheit"}]},{"@type":"WebSite","@id":"https:\/\/done.lu\/#website","url":"https:\/\/done.lu\/","name":"Done","description":"","publisher":{"@id":"https:\/\/done.lu\/#organization"},"potentialAction":[{"@type":"SearchAction","target":{"@type":"EntryPoint","urlTemplate":"https:\/\/done.lu\/?s={search_term_string}"},"query-input":"required name=search_term_string"}],"inLanguage":"de"},{"@type":"Organization","@id":"https:\/\/done.lu\/#organization","name":"Done SARL","alternateName":"Done Website as a Service","url":"https:\/\/done.lu\/","logo":{"@type":"ImageObject","inLanguage":"de","@id":"https:\/\/done.lu\/#\/schema\/logo\/image\/","url":"https:\/\/done.lu\/wp-content\/uploads\/2024\/07\/logo_done_rgb_neu.jpg","contentUrl":"https:\/\/done.lu\/wp-content\/uploads\/2024\/07\/logo_done_rgb_neu.jpg","width":945,"height":377,"caption":"Done SARL"},"image":{"@id":"https:\/\/done.lu\/#\/schema\/logo\/image\/"},"sameAs":["https:\/\/www.facebook.com\/donesarl","https:\/\/twitter.com\/DONElux","https:\/\/www.instagram.com\/done.lu\/","https:\/\/www.linkedin.com\/company\/donelux\/"]}]}},"_links":{"self":[{"href":"https:\/\/done.lu\/de\/wp-json\/wp\/v2\/pages\/6032"}],"collection":[{"href":"https:\/\/done.lu\/de\/wp-json\/wp\/v2\/pages"}],"about":[{"href":"https:\/\/done.lu\/de\/wp-json\/wp\/v2\/types\/page"}],"author":[{"embeddable":true,"href":"https:\/\/done.lu\/de\/wp-json\/wp\/v2\/users\/1"}],"replies":[{"embeddable":true,"href":"https:\/\/done.lu\/de\/wp-json\/wp\/v2\/comments?post=6032"}],"version-history":[{"count":5,"href":"https:\/\/done.lu\/de\/wp-json\/wp\/v2\/pages\/6032\/revisions"}],"predecessor-version":[{"id":7870,"href":"https:\/\/done.lu\/de\/wp-json\/wp\/v2\/pages\/6032\/revisions\/7870"}],"up":[{"embeddable":true,"href":"https:\/\/done.lu\/de\/wp-json\/wp\/v2\/pages\/5715"}],"wp:attachment":[{"href":"https:\/\/done.lu\/de\/wp-json\/wp\/v2\/media?parent=6032"}],"curies":[{"name":"wp","href":"https:\/\/api.w.org\/{rel}","templated":true}]}}