{"id":6020,"date":"2020-08-05T15:18:20","date_gmt":"2020-08-05T13:18:20","guid":{"rendered":"https:\/\/done.lu\/kompetenzen\/mobile-apps\/"},"modified":"2021-02-23T12:40:53","modified_gmt":"2021-02-23T11:40:53","slug":"mobile-apps","status":"publish","type":"page","link":"https:\/\/done.lu\/de\/kompetenzen\/mobile-apps\/","title":{"rendered":"Mobile Apps"},"content":{"rendered":"<section class=\"wpb-content-wrapper\"><p>[vc_section full_width=&#8220;stretch_row_content&#8220; parallax=&#8220;content-moving&#8220; parallax_speed_bg=&#8220;2.5&#8243; el_id=&#8220;intro&#8220; css=&#8220;.vc_custom_1596635908694{background-image: url(\/wp-content\/uploads\/2020\/08\/BG-STARS.jpg?id=109) !important;}&#8220;][vc_row el_id=&#8220;iss&#8220; css=&#8220;.vc_custom_1596635068619{background-image: url(\/wp-content\/uploads\/2020\/08\/Moon.png?id=116) !important;}&#8220;][vc_column][vc_single_image image=&#8220;113&#8243; img_size=&#8220;full&#8220; alignment=&#8220;center&#8220; el_class=&#8220;no-space-img&#8220;][\/vc_column][\/vc_row][\/vc_section][vc_section full_width=&#8220;stretch_row&#8220; parallax=&#8220;content-moving&#8220; parallax_speed_bg=&#8220;2&#8243; css=&#8220;.vc_custom_1614006581592{background-image: url(\/wp-content\/uploads\/2021\/02\/PurpleStarsBG5000.jpg?id=7975) !important;}&#8220; el_class=&#8220;white&#8220;][vc_row][vc_column width=&#8220;1\/4&#8243;][\/vc_column][vc_column width=&#8220;1\/2&#8243;][vc_column_text]<\/p>\n<h1 class=\"intro-heading\">Mobile Apps<\/h1>\n<p class=\"al-just big\">Steigern Sie die Effizienz mit angepassten Apps! Von der Gesch\u00e4fts-App zur Verbesserung des Managementprozesses und der Organisation Ihres Unternehmens bis hin zur Kunden-App, welche die Kommunikation mit Ihren Kunden erleichtert, entwickeln wir ma\u00dfgeschneiderte mobile Apps, die den spezifischen Anforderungen Ihres Unternehmens entsprechen.<\/p>\n<p>[\/vc_column_text][\/vc_column][vc_column width=&#8220;1\/4&#8243;][\/vc_column][\/vc_row][vc_row equal_height=&#8220;yes&#8220;][vc_column width=&#8220;1\/2&#8243;][vc_column_text]<\/p>\n<h2 class=\"green\">Mobile Apps: Bleiben Sie in Verbindung!<\/h2>\n<p class=\"big al-just\">Als \u201eAll-in-One\u201c-Webagentur erstellt DONE Ihre individuellen Apps und analysiert deren Ergebnisse, um Sie bei der Steuerung Ihres Digitalisierungsprozesses zu unterst\u00fctzen. Unsere L\u00f6sungen sind kompatibel mit IOS oder Android.<\/p>\n<p>[\/vc_column_text][\/vc_column][vc_column width=&#8220;1\/2&#8243;][vc_single_image image=&#8220;420&#8243; img_size=&#8220;full&#8220; alignment=&#8220;center&#8220; css=&#8220;.vc_custom_1596718982097{margin-bottom: 0px !important;}&#8220;][\/vc_column][\/vc_row][vc_row gap=&#8220;30&#8243; el_id=&#8220;os-row&#8220;][vc_column width=&#8220;1\/4&#8243;][\/vc_column][vc_column width=&#8220;1\/4&#8243;][vc_single_image image=&#8220;7207&#8243; img_size=&#8220;full&#8220; alignment=&#8220;center&#8220; css=&#8220;.vc_custom_1607358732877{margin-bottom: 0px !important;}&#8220; el_id=&#8220;ios&#8220;][\/vc_column][vc_column width=&#8220;1\/4&#8243;][vc_single_image image=&#8220;7204&#8243; img_size=&#8220;full&#8220; alignment=&#8220;center&#8220; css=&#8220;.vc_custom_1607358749917{margin-bottom: 0px !important;}&#8220; el_id=&#8220;android&#8220;][\/vc_column][vc_column width=&#8220;1\/4&#8243;][\/vc_column][\/vc_row][vc_row equal_height=&#8220;yes&#8220; content_placement=&#8220;middle&#8220; el_class=&#8220;cta-row&#8220; el_id=&#8220;cta-1&#8243;][vc_column width=&#8220;1\/3&#8243; css=&#8220;.vc_custom_1606127567338{background-color: #ffffff !important;}&#8220;][vc_single_image image=&#8220;7053&#8243; img_size=&#8220;full&#8220; alignment=&#8220;center&#8220; el_class=&#8220;no-space-img&#8220;][\/vc_column][vc_column width=&#8220;2\/3&#8243; css=&#8220;.vc_custom_1606127558105{background-color: #79ca30 !important;}&#8220;][vc_column_text]<\/p>\n<h3 class=\"white upper al-center bigger-40\">Haben Sie ein Web-Projekt?<\/h3>\n<p>[\/vc_column_text][vc_column_text el_class=&#8220;big white al-center&#8220;]<strong>Sprechen Sie mit unseren Experten!<\/strong>[\/vc_column_text][vc_row_inner equal_height=&#8220;yes&#8220; el_class=&#8220;cta-inner-icons-row&#8220;][vc_column_inner width=&#8220;1\/4&#8243;][vc_single_image image=&#8220;7021&#8243; img_size=&#8220;full&#8220; alignment=&#8220;center&#8220; css=&#8220;.vc_custom_1606152509780{margin-bottom: 0px !important;}&#8220; el_class=&#8220;no-space-img&#8220;][vc_column_text css=&#8220;.vc_custom_1606152525256{margin-bottom: 0px !important;}&#8220;]<\/p>\n<h4 class=\"al-center big white\"><strong>Expertise<\/strong><\/h4>\n<p>[\/vc_column_text][\/vc_column_inner][vc_column_inner width=&#8220;1\/4&#8243;][vc_single_image image=&#8220;7027&#8243; img_size=&#8220;full&#8220; alignment=&#8220;center&#8220; css=&#8220;.vc_custom_1606152547291{margin-bottom: 0px !important;}&#8220; el_class=&#8220;no-space-img&#8220;][vc_column_text css=&#8220;.vc_custom_1606152557609{margin-bottom: 0px !important;}&#8220;]<\/p>\n<h4 class=\"al-center big white\"><strong>Performance<\/strong><\/h4>\n<p>[\/vc_column_text][\/vc_column_inner][vc_column_inner width=&#8220;1\/4&#8243;][vc_single_image image=&#8220;7030&#8243; img_size=&#8220;full&#8220; alignment=&#8220;center&#8220; css=&#8220;.vc_custom_1606152578633{margin-bottom: 0px !important;}&#8220; el_class=&#8220;no-space-img&#8220;][vc_column_text css=&#8220;.vc_custom_1606152587446{margin-bottom: 0px !important;}&#8220;]<\/p>\n<h4 class=\"al-center big white\"><strong>Reaktivit\u00e4t<\/strong><\/h4>\n<p>[\/vc_column_text][\/vc_column_inner][vc_column_inner width=&#8220;1\/4&#8243;][vc_single_image image=&#8220;7024&#8243; img_size=&#8220;full&#8220; alignment=&#8220;center&#8220; css=&#8220;.vc_custom_1606152614374{margin-bottom: 0px !important;}&#8220; el_class=&#8220;no-space-img&#8220;][vc_column_text css=&#8220;.vc_custom_1606152623187{margin-bottom: 0px !important;}&#8220;]<\/p>\n<h4 class=\"al-center big white\"><strong>Involvierung<\/strong><\/h4>\n<p>[\/vc_column_text][\/vc_column_inner][\/vc_row_inner][vc_btn title=&#8220;Kontaktieren Sie uns jetzt&#8220; align=&#8220;center&#8220; link=&#8220;url:%23footer-contact|title:Contact&#8220; el_class=&#8220;inverse-btn scroll&#8220;][\/vc_column][\/vc_row][\/vc_section][vc_section full_width=&#8220;stretch_row&#8220; parallax=&#8220;content-moving&#8220; parallax_speed_bg=&#8220;2.5&#8243; el_class=&#8220;star-sec&#8220; css=&#8220;.vc_custom_1612950425536{background-image: url(\/wp-content\/uploads\/2021\/02\/BGstars2000.jpg?id=7826) !important;}&#8220;][vc_row][vc_column width=&#8220;1\/4&#8243;][\/vc_column][vc_column width=&#8220;1\/2&#8243;][vc_column_text]<\/p>\n<h2 class=\"al-center green\">Gesch\u00e4fts-Apps: Automatisieren Sie Ihre Prozesse!<\/h2>\n<hr class=\"heading-sep\" \/>\n<p>[\/vc_column_text][vc_column_text el_class=&#8220;big al-just&#8220;]Arbeiten Sie von \u00fcberall aus, verwalten Sie die Aktivit\u00e4ten Ihres Unternehmens, automatisieren Sie Ihre Prozesse und standardisieren Sie die Arbeitsmethoden Ihrer Mitarbeiter:[\/vc_column_text][vc_column_text el_class=&#8220;big&#8220;]<\/p>\n<ul class=\"dash-list big\">\n<li>Zeiterfassungsl\u00f6sung<\/li>\n<li>Geolokalisierungsl\u00f6sung<\/li>\n<li>L\u00f6sung f\u00fcr geteilte Arbeit<\/li>\n<\/ul>\n<p>[\/vc_column_text][vc_column_text el_class=&#8220;big al-just&#8220;]Dies sind nur einige der Dienstleistungen, die wir regelm\u00e4\u00dfig erbringen.[\/vc_column_text][\/vc_column][vc_column width=&#8220;1\/4&#8243;][\/vc_column][\/vc_row][\/vc_section][vc_section full_width=&#8220;stretch_row&#8220; parallax=&#8220;content-moving&#8220; parallax_speed_bg=&#8220;2&#8243; css=&#8220;.vc_custom_1612950441201{background-image: url(\/wp-content\/uploads\/2021\/02\/PurpleStarsBG3000.jpg?id=7823) !important;}&#8220; el_class=&#8220;white&#8220;][vc_row][vc_column][vc_column_text]<\/p>\n<h2 class=\"green al-center\">Kunden-App: Optimieren Sie die Effizienz Ihres digitalen Marketings!<\/h2>\n<hr class=\"heading-sep\" \/>\n<p>[\/vc_column_text][\/vc_column][\/vc_row][vc_row][vc_column width=&#8220;1\/4&#8243;][\/vc_column][vc_column width=&#8220;1\/2&#8243;][vc_column_text el_class=&#8220;big al-just&#8220;]Eine von DONE entwickelte App erm\u00f6glicht es Ihnen beispielsweise, Kundenbindung aufzubauen und mit Ihren Kunden in Echtzeit zu kommunizieren, insbesondere durch:[\/vc_column_text][vc_column_text el_class=&#8220;big al-just&#8220;]<\/p>\n<ul class=\"dash-list big\">\n<li>Senden von Inhalten direkt an die Handys Ihrer Kunden.<\/li>\n<li>Sicherstellung einer konstanten Sichtbarkeit Ihres Logos bei einer Zielgruppe, die an Ihrer Marke interessiert ist.<\/li>\n<li>Umleitung Ihrer Kontakte auf Ihre Website.<\/li>\n<\/ul>\n<p>[\/vc_column_text][\/vc_column][vc_column width=&#8220;1\/4&#8243;][\/vc_column][\/vc_row][\/vc_section][vc_section full_width=&#8220;stretch_row&#8220; parallax=&#8220;content-moving&#8220; parallax_speed_bg=&#8220;2.5&#8243; el_class=&#8220;star-sec&#8220; css=&#8220;.vc_custom_1612950460936{background-image: url(\/wp-content\/uploads\/2021\/02\/BGstars3000-1.jpg?id=7829) !important;}&#8220;][vc_row][vc_column][vc_column_text el_class=&#8220;al-center&#8220;]<\/p>\n<h2 class=\"green\">Wir realisieren Ihre App von A bis Z<\/h2>\n<hr class=\"heading-sep\" \/>\n<p>[\/vc_column_text][\/vc_column][\/vc_row][vc_row equal_height=&#8220;yes&#8220; el_class=&#8220;icon-row icon-row-more-min&#8220;][vc_column width=&#8220;1\/3&#8243;][vc_single_image image=&#8220;5581&#8243; img_size=&#8220;full&#8220; alignment=&#8220;center&#8220; css=&#8220;.vc_custom_1600958564319{margin-bottom: 0px !important;}&#8220;][vc_column_text el_class=&#8220;al-center&#8220; css=&#8220;.vc_custom_1601307338811{margin-bottom: 0px !important;}&#8220;]<\/p>\n<h3>Projektstudie<\/h3>\n<p>[\/vc_column_text][vc_column_text el_class=&#8220;al-just&#8220;]Die Erstellung einer mobilen App erfordert eine eingehende Studie. Dieser Schritt bildet die Grundlage f\u00fcr unsere Zusammenarbeit. Unser Projektleiter unterst\u00fctzt Sie von der Analyse Ihrer Erwartungen bis zur Definition der Funktionalit\u00e4ten der App.[\/vc_column_text][\/vc_column][vc_column width=&#8220;1\/3&#8243;][vc_single_image image=&#8220;5584&#8243; img_size=&#8220;full&#8220; alignment=&#8220;center&#8220; css=&#8220;.vc_custom_1601307346428{margin-bottom: 0px !important;}&#8220;][vc_column_text el_class=&#8220;al-center&#8220; css=&#8220;.vc_custom_1601307361563{margin-bottom: 0px !important;}&#8220;]<\/p>\n<h3>Wahl des Designs<\/h3>\n<p>[\/vc_column_text][vc_column_text el_class=&#8220;al-just&#8220;]Ein leistungsstarkes Design und eine durchdachte Ergonomie tragen dazu bei, die Anzahl der Downloads und die Nutzungsrate Ihrer App zu erh\u00f6hen. Wir garantieren Ihnen ein intuitives Browsererlebnis und ein Design, das Ihre visuelle Identit\u00e4t respektiert.[\/vc_column_text][\/vc_column][vc_column width=&#8220;1\/3&#8243;][vc_single_image image=&#8220;5587&#8243; img_size=&#8220;full&#8220; alignment=&#8220;center&#8220; css=&#8220;.vc_custom_1600958600273{margin-bottom: 0px !important;}&#8220;][vc_column_text el_class=&#8220;al-center&#8220; css=&#8220;.vc_custom_1601307353135{margin-bottom: 0px !important;}&#8220;]<\/p>\n<h3>Hochladen und Analysieren der Ergebnisse.<\/h3>\n<p>[\/vc_column_text][vc_column_text el_class=&#8220;al-just&#8220;]Anzahl der Downloads, prozentuale Weiterleitungen auf Ihre Website, Kundenpfade\u2026. erhalten Sie Details zu den von Ihrer App ausgef\u00fchrten Aktionen. Wir helfen Ihnen, das Nutzerverhalten zu analysieren, um Ihre digitalen Inhalte und Werkzeuge zu optimieren.[\/vc_column_text][\/vc_column][\/vc_row][\/vc_section]<\/p>\n<\/section>","protected":false},"excerpt":{"rendered":"<p>[vc_section full_width=&#8220;stretch_row_content&#8220; parallax=&#8220;content-moving&#8220; parallax_speed_bg=&#8220;2.5&#8243; el_id=&#8220;intro&#8220; css=&#8220;.vc_custom_1596635908694{background-image: url(\/wp-content\/uploads\/2020\/08\/BG-STARS.jpg?id=109) !important;}&#8220;][vc_row el_id=&#8220;iss&#8220; css=&#8220;.vc_custom_1596635068619{background-image: url(\/wp-content\/uploads\/2020\/08\/Moon.png?id=116) !important;}&#8220;][vc_column][vc_single_image image=&#8220;113&#8243; img_size=&#8220;full&#8220; alignment=&#8220;center&#8220; el_class=&#8220;no-space-img&#8220;][\/vc_column][\/vc_row][\/vc_section][vc_section full_width=&#8220;stretch_row&#8220; parallax=&#8220;content-moving&#8220; parallax_speed_bg=&#8220;2&#8243; css=&#8220;.vc_custom_1614006581592{background-image: url(\/wp-content\/uploads\/2021\/02\/PurpleStarsBG5000.jpg?id=7975) !important;}&#8220; el_class=&#8220;white&#8220;][vc_row][vc_column width=&#8220;1\/4&#8243;][\/vc_column][vc_column width=&#8220;1\/2&#8243;][vc_column_text] Mobile<span class=\"excerpt-hellip\"> [\u2026]<\/span><\/p>\n","protected":false},"author":1,"featured_media":0,"parent":5715,"menu_order":0,"comment_status":"closed","ping_status":"closed","template":"","meta":{"inline_featured_image":false,"footnotes":""},"yoast_head":"<!-- This site is optimized with the Yoast SEO plugin v21.5 - https:\/\/yoast.com\/wordpress\/plugins\/seo\/ -->\n<title>Mobile Apps von Done: Bleiben Sie in Verbindung! IOS und Android<\/title>\n<meta name=\"description\" content=\"Als Webagentur erstellt DONE Ihre individuellen Apps und analysiert deren Ergebnisse, um Sie bei der Digitalisierung zu unterst\u00fctzen\" \/>\n<meta name=\"robots\" content=\"index, follow, max-snippet:-1, max-image-preview:large, max-video-preview:-1\" \/>\n<link rel=\"canonical\" href=\"https:\/\/done.lu\/de\/kompetenzen\/mobile-apps\/\" \/>\n<meta property=\"og:locale\" content=\"de_DE\" \/>\n<meta property=\"og:type\" content=\"article\" \/>\n<meta property=\"og:title\" content=\"Mobile Apps von Done: Bleiben Sie in Verbindung! IOS und Android\" \/>\n<meta property=\"og:description\" content=\"Als Webagentur erstellt DONE Ihre individuellen Apps und analysiert deren Ergebnisse, um Sie bei der Digitalisierung zu unterst\u00fctzen\" \/>\n<meta property=\"og:url\" content=\"https:\/\/done.lu\/de\/kompetenzen\/mobile-apps\/\" \/>\n<meta property=\"og:site_name\" content=\"Done\" \/>\n<meta property=\"article:publisher\" content=\"https:\/\/www.facebook.com\/donesarl\" \/>\n<meta property=\"article:modified_time\" content=\"2021-02-23T11:40:53+00:00\" \/>\n<meta name=\"twitter:card\" content=\"summary_large_image\" \/>\n<meta name=\"twitter:site\" content=\"@DONElux\" \/>\n<meta name=\"twitter:label1\" content=\"Gesch\u00e4tzte Lesezeit\" \/>\n\t<meta name=\"twitter:data1\" content=\"3\u00a0Minuten\" \/>\n<script type=\"application\/ld+json\" class=\"yoast-schema-graph\">{\"@context\":\"https:\/\/schema.org\",\"@graph\":[{\"@type\":\"WebPage\",\"@id\":\"https:\/\/done.lu\/de\/kompetenzen\/mobile-apps\/\",\"url\":\"https:\/\/done.lu\/de\/kompetenzen\/mobile-apps\/\",\"name\":\"Mobile Apps von Done: Bleiben Sie in Verbindung! IOS und Android\",\"isPartOf\":{\"@id\":\"https:\/\/done.lu\/#website\"},\"datePublished\":\"2020-08-05T13:18:20+00:00\",\"dateModified\":\"2021-02-23T11:40:53+00:00\",\"description\":\"Als Webagentur erstellt DONE Ihre individuellen Apps und analysiert deren Ergebnisse, um Sie bei der Digitalisierung zu unterst\u00fctzen\",\"breadcrumb\":{\"@id\":\"https:\/\/done.lu\/de\/kompetenzen\/mobile-apps\/#breadcrumb\"},\"inLanguage\":\"de\",\"potentialAction\":[{\"@type\":\"ReadAction\",\"target\":[\"https:\/\/done.lu\/de\/kompetenzen\/mobile-apps\/\"]}]},{\"@type\":\"BreadcrumbList\",\"@id\":\"https:\/\/done.lu\/de\/kompetenzen\/mobile-apps\/#breadcrumb\",\"itemListElement\":[{\"@type\":\"ListItem\",\"position\":1,\"name\":\"Home\",\"item\":\"https:\/\/done.lu\/de\/\"},{\"@type\":\"ListItem\",\"position\":2,\"name\":\"Kompetenzen\",\"item\":\"https:\/\/done.lu\/de\/kompetenzen\/\"},{\"@type\":\"ListItem\",\"position\":3,\"name\":\"Mobile Apps\"}]},{\"@type\":\"WebSite\",\"@id\":\"https:\/\/done.lu\/#website\",\"url\":\"https:\/\/done.lu\/\",\"name\":\"Done\",\"description\":\"\",\"publisher\":{\"@id\":\"https:\/\/done.lu\/#organization\"},\"potentialAction\":[{\"@type\":\"SearchAction\",\"target\":{\"@type\":\"EntryPoint\",\"urlTemplate\":\"https:\/\/done.lu\/?s={search_term_string}\"},\"query-input\":\"required name=search_term_string\"}],\"inLanguage\":\"de\"},{\"@type\":\"Organization\",\"@id\":\"https:\/\/done.lu\/#organization\",\"name\":\"Done SARL\",\"alternateName\":\"Done Website as a Service\",\"url\":\"https:\/\/done.lu\/\",\"logo\":{\"@type\":\"ImageObject\",\"inLanguage\":\"de\",\"@id\":\"https:\/\/done.lu\/#\/schema\/logo\/image\/\",\"url\":\"https:\/\/done.lu\/wp-content\/uploads\/2024\/07\/logo_done_rgb_neu.jpg\",\"contentUrl\":\"https:\/\/done.lu\/wp-content\/uploads\/2024\/07\/logo_done_rgb_neu.jpg\",\"width\":945,\"height\":377,\"caption\":\"Done SARL\"},\"image\":{\"@id\":\"https:\/\/done.lu\/#\/schema\/logo\/image\/\"},\"sameAs\":[\"https:\/\/www.facebook.com\/donesarl\",\"https:\/\/twitter.com\/DONElux\",\"https:\/\/www.instagram.com\/done.lu\/\",\"https:\/\/www.linkedin.com\/company\/donelux\/\"]}]}<\/script>\n<!-- \/ Yoast SEO plugin. -->","yoast_head_json":{"title":"Mobile Apps von Done: Bleiben Sie in Verbindung! IOS und Android","description":"Als Webagentur erstellt DONE Ihre individuellen Apps und analysiert deren Ergebnisse, um Sie bei der Digitalisierung zu unterst\u00fctzen","robots":{"index":"index","follow":"follow","max-snippet":"max-snippet:-1","max-image-preview":"max-image-preview:large","max-video-preview":"max-video-preview:-1"},"canonical":"https:\/\/done.lu\/de\/kompetenzen\/mobile-apps\/","og_locale":"de_DE","og_type":"article","og_title":"Mobile Apps von Done: Bleiben Sie in Verbindung! IOS und Android","og_description":"Als Webagentur erstellt DONE Ihre individuellen Apps und analysiert deren Ergebnisse, um Sie bei der Digitalisierung zu unterst\u00fctzen","og_url":"https:\/\/done.lu\/de\/kompetenzen\/mobile-apps\/","og_site_name":"Done","article_publisher":"https:\/\/www.facebook.com\/donesarl","article_modified_time":"2021-02-23T11:40:53+00:00","twitter_card":"summary_large_image","twitter_site":"@DONElux","twitter_misc":{"Gesch\u00e4tzte Lesezeit":"3\u00a0Minuten"},"schema":{"@context":"https:\/\/schema.org","@graph":[{"@type":"WebPage","@id":"https:\/\/done.lu\/de\/kompetenzen\/mobile-apps\/","url":"https:\/\/done.lu\/de\/kompetenzen\/mobile-apps\/","name":"Mobile Apps von Done: Bleiben Sie in Verbindung! IOS und Android","isPartOf":{"@id":"https:\/\/done.lu\/#website"},"datePublished":"2020-08-05T13:18:20+00:00","dateModified":"2021-02-23T11:40:53+00:00","description":"Als Webagentur erstellt DONE Ihre individuellen Apps und analysiert deren Ergebnisse, um Sie bei der Digitalisierung zu unterst\u00fctzen","breadcrumb":{"@id":"https:\/\/done.lu\/de\/kompetenzen\/mobile-apps\/#breadcrumb"},"inLanguage":"de","potentialAction":[{"@type":"ReadAction","target":["https:\/\/done.lu\/de\/kompetenzen\/mobile-apps\/"]}]},{"@type":"BreadcrumbList","@id":"https:\/\/done.lu\/de\/kompetenzen\/mobile-apps\/#breadcrumb","itemListElement":[{"@type":"ListItem","position":1,"name":"Home","item":"https:\/\/done.lu\/de\/"},{"@type":"ListItem","position":2,"name":"Kompetenzen","item":"https:\/\/done.lu\/de\/kompetenzen\/"},{"@type":"ListItem","position":3,"name":"Mobile Apps"}]},{"@type":"WebSite","@id":"https:\/\/done.lu\/#website","url":"https:\/\/done.lu\/","name":"Done","description":"","publisher":{"@id":"https:\/\/done.lu\/#organization"},"potentialAction":[{"@type":"SearchAction","target":{"@type":"EntryPoint","urlTemplate":"https:\/\/done.lu\/?s={search_term_string}"},"query-input":"required name=search_term_string"}],"inLanguage":"de"},{"@type":"Organization","@id":"https:\/\/done.lu\/#organization","name":"Done SARL","alternateName":"Done Website as a Service","url":"https:\/\/done.lu\/","logo":{"@type":"ImageObject","inLanguage":"de","@id":"https:\/\/done.lu\/#\/schema\/logo\/image\/","url":"https:\/\/done.lu\/wp-content\/uploads\/2024\/07\/logo_done_rgb_neu.jpg","contentUrl":"https:\/\/done.lu\/wp-content\/uploads\/2024\/07\/logo_done_rgb_neu.jpg","width":945,"height":377,"caption":"Done SARL"},"image":{"@id":"https:\/\/done.lu\/#\/schema\/logo\/image\/"},"sameAs":["https:\/\/www.facebook.com\/donesarl","https:\/\/twitter.com\/DONElux","https:\/\/www.instagram.com\/done.lu\/","https:\/\/www.linkedin.com\/company\/donelux\/"]}]}},"_links":{"self":[{"href":"https:\/\/done.lu\/de\/wp-json\/wp\/v2\/pages\/6020"}],"collection":[{"href":"https:\/\/done.lu\/de\/wp-json\/wp\/v2\/pages"}],"about":[{"href":"https:\/\/done.lu\/de\/wp-json\/wp\/v2\/types\/page"}],"author":[{"embeddable":true,"href":"https:\/\/done.lu\/de\/wp-json\/wp\/v2\/users\/1"}],"replies":[{"embeddable":true,"href":"https:\/\/done.lu\/de\/wp-json\/wp\/v2\/comments?post=6020"}],"version-history":[{"count":7,"href":"https:\/\/done.lu\/de\/wp-json\/wp\/v2\/pages\/6020\/revisions"}],"predecessor-version":[{"id":8658,"href":"https:\/\/done.lu\/de\/wp-json\/wp\/v2\/pages\/6020\/revisions\/8658"}],"up":[{"embeddable":true,"href":"https:\/\/done.lu\/de\/wp-json\/wp\/v2\/pages\/5715"}],"wp:attachment":[{"href":"https:\/\/done.lu\/de\/wp-json\/wp\/v2\/media?parent=6020"}],"curies":[{"name":"wp","href":"https:\/\/api.w.org\/{rel}","templated":true}]}}