{"id":5740,"date":"2020-08-05T15:19:40","date_gmt":"2020-08-05T13:19:40","guid":{"rendered":"https:\/\/done.lu\/kompetenzen\/programming\/"},"modified":"2021-02-23T12:27:08","modified_gmt":"2021-02-23T11:27:08","slug":"programmierung","status":"publish","type":"page","link":"https:\/\/done.lu\/de\/kompetenzen\/programmierung\/","title":{"rendered":"Programmierung"},"content":{"rendered":"<section class=\"wpb-content-wrapper\"><p>[vc_section full_width=&#8220;stretch_row_content&#8220; parallax=&#8220;content-moving&#8220; parallax_speed_bg=&#8220;2.5&#8243; el_id=&#8220;intro&#8220; css=&#8220;.vc_custom_1596635908694{background-image: url(\/wp-content\/uploads\/2020\/08\/BG-STARS.jpg?id=109) !important;}&#8220;][vc_row el_id=&#8220;iss&#8220; css=&#8220;.vc_custom_1596635068619{background-image: url(\/wp-content\/uploads\/2020\/08\/Moon.png?id=116) !important;}&#8220;][vc_column][vc_single_image image=&#8220;113&#8243; img_size=&#8220;full&#8220; alignment=&#8220;center&#8220; el_class=&#8220;no-space-img&#8220;][\/vc_column][\/vc_row][\/vc_section][vc_section full_width=&#8220;stretch_row&#8220; parallax=&#8220;content-moving&#8220; parallax_speed_bg=&#8220;2&#8243; css=&#8220;.vc_custom_1612960366006{background-image: url(\/wp-content\/uploads\/2021\/02\/PurpleStarsBG5000.jpg) !important;}&#8220; el_class=&#8220;white&#8220;][vc_row][vc_column width=&#8220;1\/4&#8243;][\/vc_column][vc_column width=&#8220;1\/2&#8243;][vc_column_text]<\/p>\n<h1 class=\"intro-heading\">Programmierung<\/h1>\n<p class=\"al-just big\">Website, Online-Shop, mobile Apps oder Software\u2026 <strong class=\"green\">DONE entwickelt L\u00f6sungen, die den spezifischen Anforderungen Ihres Unternehmens entsprechen<\/strong>.<\/p>\n<p class=\"al-just big\">Das ideale Werkzeug zur Verbesserung Ihrer Leistung gibt es noch nicht? Wir entwickeln es von A bis Z.<\/p>\n<p>[\/vc_column_text][\/vc_column][vc_column width=&#8220;1\/4&#8243;][\/vc_column][\/vc_row][vc_row equal_height=&#8220;yes&#8220;][vc_column width=&#8220;1\/2&#8243;][vc_column_text]<\/p>\n<h2 class=\"green\">Wir erstellen Ihre Website ganz nach Ihren W\u00fcnschen<\/h2>\n<p class=\"big al-just\">Als digitales Schaufenster des Unternehmens spiegelt Ihre Website das Image Ihres Unternehmens wider. Bei DONE wollen wir Ihnen helfen, Ihre Identit\u00e4t zu bewahren. <strong class=\"green\">Ihr Unternehmen ist einzigartig, Ihre Website sollte es auch sein<\/strong>.<br \/>\nUnsere Entwickler erstellen Ihre Website, sie aktualisieren sie, sie sorgen f\u00fcr ihre kontinuierliche Pflege und mit unserem \u201eGrowth Driven Design\u201c-Ansatz entwickeln sie sich gleichzeitig mit den Anforderungen Ihres Unternehmens: Seiten hinzuf\u00fcgen, Chatbot, Simulator\u2026<\/p>\n<p>[\/vc_column_text][\/vc_column][vc_column width=&#8220;1\/2&#8243;][vc_single_image image=&#8220;7227&#8243; img_size=&#8220;full&#8220; alignment=&#8220;center&#8220; css=&#8220;.vc_custom_1607363067282{margin-bottom: 0px !important;}&#8220;][\/vc_column][\/vc_row][vc_row equal_height=&#8220;yes&#8220; content_placement=&#8220;middle&#8220; el_class=&#8220;cta-row&#8220; el_id=&#8220;cta-3&#8243;][vc_column width=&#8220;1\/3&#8243; css=&#8220;.vc_custom_1606127567338{background-color: #ffffff !important;}&#8220;][vc_single_image image=&#8220;7060&#8243; img_size=&#8220;full&#8220; alignment=&#8220;center&#8220; el_class=&#8220;no-space-img&#8220;][\/vc_column][vc_column width=&#8220;2\/3&#8243; css=&#8220;.vc_custom_1606127558105{background-color: #79ca30 !important;}&#8220;][vc_column_text]<\/p>\n<h3 class=\"white upper al-center bigger-40\">Sie werden es lieben, mit uns zu arbeiten!<\/h3>\n<p>[\/vc_column_text][vc_row_inner equal_height=&#8220;yes&#8220; el_class=&#8220;cta-inner-icons-row&#8220;][vc_column_inner width=&#8220;1\/4&#8243;][vc_single_image image=&#8220;7005&#8243; img_size=&#8220;full&#8220; alignment=&#8220;center&#8220; css=&#8220;.vc_custom_1606149545425{margin-bottom: 0px !important;}&#8220; el_class=&#8220;no-space-img&#8220;][vc_column_text css=&#8220;.vc_custom_1606149558714{margin-bottom: 0px !important;}&#8220;]<\/p>\n<h4 class=\"al-center big white\"><strong>Website<\/strong><\/h4>\n<p>[\/vc_column_text][\/vc_column_inner][vc_column_inner width=&#8220;1\/4&#8243;][vc_single_image image=&#8220;7002&#8243; img_size=&#8220;full&#8220; alignment=&#8220;center&#8220; css=&#8220;.vc_custom_1606149575857{margin-bottom: 0px !important;}&#8220; el_class=&#8220;no-space-img&#8220;][vc_column_text css=&#8220;.vc_custom_1606149585876{margin-bottom: 0px !important;}&#8220;]<\/p>\n<h4 class=\"al-center big white\"><strong>E-Commerce<\/strong><\/h4>\n<p>[\/vc_column_text][\/vc_column_inner][vc_column_inner width=&#8220;1\/4&#8243;][vc_single_image image=&#8220;6996&#8243; img_size=&#8220;full&#8220; alignment=&#8220;center&#8220; css=&#8220;.vc_custom_1606149603781{margin-bottom: 0px !important;}&#8220; el_class=&#8220;no-space-img&#8220;][vc_column_text css=&#8220;.vc_custom_1606149610870{margin-bottom: 0px !important;}&#8220;]<\/p>\n<h4 class=\"al-center big white\"><strong>Apps<\/strong><\/h4>\n<p>[\/vc_column_text][\/vc_column_inner][vc_column_inner width=&#8220;1\/4&#8243;][vc_single_image image=&#8220;6999&#8243; img_size=&#8220;full&#8220; alignment=&#8220;center&#8220; css=&#8220;.vc_custom_1606149648210{margin-bottom: 0px !important;}&#8220; el_class=&#8220;no-space-img&#8220;][vc_column_text css=&#8220;.vc_custom_1606149655540{margin-bottom: 0px !important;}&#8220;]<\/p>\n<h4 class=\"al-center big white\"><strong>Digitales Marketing<\/strong><\/h4>\n<p>[\/vc_column_text][\/vc_column_inner][\/vc_row_inner][vc_column_text el_class=&#8220;big white al-center&#8220;]<strong>Lassen Sie uns \u00fcber Ihr Projekt sprechen.<\/strong>[\/vc_column_text][vc_btn title=&#8220;Meeting buchen&#8220; align=&#8220;center&#8220; link=&#8220;url:%23footer-contact|title:Contact&#8220; el_class=&#8220;inverse-btn scroll&#8220;][\/vc_column][\/vc_row][\/vc_section][vc_section full_width=&#8220;stretch_row&#8220; parallax=&#8220;content-moving&#8220; parallax_speed_bg=&#8220;2.5&#8243; el_class=&#8220;star-sec&#8220; css=&#8220;.vc_custom_1612960379341{background-image: url(\/wp-content\/uploads\/2021\/02\/BGstars2000.jpg?id=7826) !important;}&#8220;][vc_row][vc_column][vc_column_text]<\/p>\n<h2 class=\"al-center green\">M\u00f6chten Sie Ihre Produktivit\u00e4t verbessern?<br \/>\nWir erstellen die passende Software!<\/h2>\n<hr class=\"heading-sep\" \/>\n<p>[\/vc_column_text][\/vc_column][\/vc_row][vc_row][vc_column width=&#8220;1\/4&#8243;][\/vc_column][vc_column width=&#8220;1\/2&#8243;][vc_column_text el_class=&#8220;big al-just&#8220;]Riesige Menge an Dateien, doppelte Datenbanken, Schwierigkeiten bei der gleichzeitigen Arbeit mit mehreren Personen am gleichen Projekt\u2026 Probleme, mit denen viele Unternehmen konfrontiert sind, die in Standardsoftware investiert haben, die ihren Anforderungen nicht vollst\u00e4ndig gerecht wird.<\/p>\n<p>Als Multiservice Webagentur entwickeln wir Software, die speziell f\u00fcr unsere Kunden entwickelt wurde. Unser Ansatz ist einfach, <strong class=\"green\">wir analysieren Ihre Arbeitsmethoden und wir sind an den Zielen Ihres Unternehmens interessiert, um Ihnen effektive L\u00f6sungen anzubieten<\/strong> die Ihnen helfen, produktiver zu sein.[\/vc_column_text][\/vc_column][vc_column width=&#8220;1\/4&#8243;][\/vc_column][\/vc_row][\/vc_section][vc_section full_width=&#8220;stretch_row&#8220; parallax=&#8220;content-moving&#8220; parallax_speed_bg=&#8220;2&#8243; css=&#8220;.vc_custom_1612960392155{background-image: url(\/wp-content\/uploads\/2021\/02\/PurpleStarsBG5000.jpg) !important;}&#8220; el_class=&#8220;white&#8220;][vc_row][vc_column width=&#8220;1\/4&#8243;][\/vc_column][vc_column width=&#8220;1\/2&#8243;][vc_column_text]<\/p>\n<h2 class=\"al-center green\">Ihre ma\u00dfgeschneiderte E-Commerce L\u00f6sung<\/h2>\n<hr class=\"heading-sep\" \/>\n<p>[\/vc_column_text][vc_column_text el_class=&#8220;big al-just&#8220;]Kleiner Online-Shop oder gro\u00dfes E-Commerce \u2013 unabh\u00e4ngig vom Konzept Ihrer E-Commerce-Website gestalten wir diese so, dass sie einfach zu verwalten und f\u00fcr den Kunden angenehm zu bedienen sind.[\/vc_column_text][\/vc_column][vc_column width=&#8220;1\/4&#8243;][\/vc_column][\/vc_row][vc_row gap=&#8220;35&#8243; equal_height=&#8220;yes&#8220; el_class=&#8220;icon-row&#8220;][vc_column width=&#8220;1\/2&#8243;][vc_column_text]<\/p>\n<h3 class=\"al-center green\">Die Vorteile eines E-Commerce von DONE f\u00fcr den Kunden:<\/h3>\n<hr class=\"heading-sep\" \/>\n<p>[\/vc_column_text][vc_column_text el_class=&#8220;al-center&#8220;]Schneller Zugriff auf das gesuchte Produkt.<\/p>\n<p>Ein angenehmes Einkaufserlebnis.<\/p>\n<p>Ein sicheres Zahlungssystem.<\/p>\n<p>Ein Chat zur Kontaktaufnahme mit dem Kundenservice.[\/vc_column_text][\/vc_column][vc_column width=&#8220;1\/2&#8243;][vc_column_text]<\/p>\n<h3 class=\"al-center green\">Und f\u00fcr den E-Merchant sind die Vorteile eines individuellen Online-Shops:<\/h3>\n<hr class=\"heading-sep\" \/>\n<p>[\/vc_column_text][vc_column_text el_class=&#8220;al-center&#8220;]Eine Erweiterung der Flaggschiffprodukte.<\/p>\n<p>Eine Website, die die nat\u00fcrlichen SEO-Richtlinien respektiert.<\/p>\n<p>Ein Design, das zu Ihrer redaktionellen Satzung passt.<\/p>\n<p>Integration der APIs Ihrer Lieferanten.<\/p>\n<p>Click &amp; Collect-Funktion.<\/p>\n<p>Direkte Bestellung beim Lieferanten von ausverkauften Produkten.<\/p>\n<p>Integriertes Abrechnungssystem.<\/p>\n<p>Bestandsverwaltung.[\/vc_column_text][\/vc_column][\/vc_row][vc_row][vc_column width=&#8220;1\/4&#8243;][\/vc_column][vc_column width=&#8220;1\/2&#8243;][vc_column_text el_class=&#8220;big al-just&#8220;]Wir entwickeln auch Tablet-Zahlungsl\u00f6sungen. Ideal f\u00fcr vielbesch\u00e4ftigte Kunden \u2013 stellen Sie sicher, dass der Verkauf nicht verpasst wird, wenn zu viele Personen an der Kasse sind.[\/vc_column_text][\/vc_column][vc_column width=&#8220;1\/4&#8243;][\/vc_column][\/vc_row][\/vc_section][vc_section full_width=&#8220;stretch_row&#8220; parallax=&#8220;content-moving&#8220; parallax_speed_bg=&#8220;2.5&#8243; el_class=&#8220;star-sec&#8220; css=&#8220;.vc_custom_1612960408681{background-image: url(\/wp-content\/uploads\/2021\/02\/BGstars3000-1.jpg?id=7829) !important;}&#8220;][vc_row][vc_column][vc_column_text el_class=&#8220;al-center&#8220;]<\/p>\n<h2 class=\"green\">Apps: Bleiben Sie jederzeit mit Ihren Kunden in Verbindung<\/h2>\n<hr class=\"heading-sep\" \/>\n<p>[\/vc_column_text][\/vc_column][\/vc_row][vc_row][vc_column width=&#8220;1\/4&#8243;][\/vc_column][vc_column width=&#8220;1\/2&#8243;][vc_column_text el_class=&#8220;big al-just&#8220;]Die Aufrechterhaltung des st\u00e4ndigen Kontakts mit seinen Kunden und allen, die ihre Anwendung auf ihr Smartphone heruntergeladen haben, ist ein wesentlicher Vorteil f\u00fcr ein Unternehmen. Kunden k\u00f6nnen sich jederzeit verbinden. Was das Unternehmen betrifft k\u00f6nnen sich Kunden das Image der Marke einpr\u00e4gen wenn das Unternehmen ein Logo gew\u00e4hlt hat, welches dessen grafischer Satzung entspricht.<\/p>\n<p>Wir entwickeln mobile Apps f\u00fcr die Android- und IOS-Welt sowie Gesch\u00e4fts-Apps f\u00fcr Ihre Kunden oder Mitarbeiter:[\/vc_column_text][\/vc_column][vc_column width=&#8220;1\/4&#8243;][\/vc_column][\/vc_row][vc_row el_class=&#8220;top-mar-row-2 mob-no-top-space&#8220;][vc_column width=&#8220;1\/4&#8243;][\/vc_column][vc_column width=&#8220;1\/2&#8243;][vc_column_text el_class=&#8220;al-center&#8220;]<\/p>\n<h3>Gesch\u00e4fs-App:<\/h3>\n<p>Zeiterfassung, Geolokalisierung, Arbeitsteilung, CRM, ERP\u2026[\/vc_column_text][\/vc_column][vc_column width=&#8220;1\/4&#8243;][\/vc_column][\/vc_row][vc_row el_class=&#8220;bot-mar-row-2 mob-no-bot-space&#8220;][vc_column width=&#8220;1\/4&#8243;][\/vc_column][vc_column width=&#8220;1\/2&#8243;][vc_column_text el_class=&#8220;al-center&#8220;]<\/p>\n<h3>Kunden-App:<\/h3>\n<p>Werbebotschaft, E-Commerce-Anwendung, Werkzeuge zur Leistungs\u00fcberwachung\u2026[\/vc_column_text][\/vc_column][vc_column width=&#8220;1\/4&#8243;][\/vc_column][\/vc_row][vc_row el_id=&#8220;tech-row&#8220;][vc_column width=&#8220;1\/6&#8243;][vc_single_image image=&#8220;701&#8243; img_size=&#8220;full&#8220; alignment=&#8220;center&#8220;][\/vc_column][vc_column width=&#8220;1\/6&#8243;][vc_single_image image=&#8220;692&#8243; img_size=&#8220;full&#8220; alignment=&#8220;center&#8220;][\/vc_column][vc_column width=&#8220;1\/6&#8243;][vc_single_image image=&#8220;707&#8243; img_size=&#8220;full&#8220; alignment=&#8220;center&#8220;][\/vc_column][vc_column width=&#8220;1\/6&#8243;][vc_single_image image=&#8220;698&#8243; img_size=&#8220;full&#8220; alignment=&#8220;center&#8220;][\/vc_column][vc_column width=&#8220;1\/6&#8243;][vc_single_image image=&#8220;704&#8243; img_size=&#8220;full&#8220; alignment=&#8220;center&#8220;][\/vc_column][vc_column width=&#8220;1\/6&#8243;][vc_single_image image=&#8220;695&#8243; img_size=&#8220;full&#8220; alignment=&#8220;center&#8220;][\/vc_column][\/vc_row][vc_row][vc_column width=&#8220;1\/4&#8243;][\/vc_column][vc_column width=&#8220;1\/2&#8243;][vc_column_text el_class=&#8220;big al-just&#8220;]Die DONE Webagentur hat ihren Sitz in Bertrange bei Luxemburg-Stadt. Unser Team besteht aus Experten f\u00fcr IT, digitales Marketing und Inhalts-Marketing. Unsere Full-Stack-Entwickler beherrschen die folgenden Sprachen: Java, C#, PHP, HTML, JS, CSS. Alle unsere Kreationen, Websites und Anwendungen werden vollst\u00e4ndig angepasst, so dass wir sie perfekt an Ihre technischen Bed\u00fcrfnisse und Ihre visuelle Identit\u00e4t anpassen k\u00f6nnen.<br \/>\n[\/vc_column_text][\/vc_column][vc_column width=&#8220;1\/4&#8243;][\/vc_column][\/vc_row][vc_row equal_height=&#8220;yes&#8220; content_placement=&#8220;middle&#8220; el_class=&#8220;cta-row&#8220; el_id=&#8220;cta-6&#8243;][vc_column width=&#8220;1\/3&#8243; css=&#8220;.vc_custom_1606127567338{background-color: #ffffff !important;}&#8220;][vc_single_image image=&#8220;7070&#8243; img_size=&#8220;full&#8220; alignment=&#8220;center&#8220; el_class=&#8220;no-space-img&#8220;][\/vc_column][vc_column width=&#8220;2\/3&#8243; css=&#8220;.vc_custom_1606127558105{background-color: #79ca30 !important;}&#8220;][vc_column_text]<\/p>\n<h2 class=\"white upper al-center\">Website-Erstellung, Neugestaltung von E-Commerce-Websites?<\/h2>\n<p>[\/vc_column_text][vc_column_text el_class=&#8220;white al-center big&#8220;]<strong>Kontaktieren Sie uns!<\/strong>[\/vc_column_text][vc_column_text el_class=&#8220;white al-center big&#8220;]Unser Expertenteam, bestehend aus Entwicklern, Webdesignern, Redakteuren und Spezialisten f\u00fcr digitales Marketing, beantwortet alle Ihre Fragen.[\/vc_column_text][vc_btn title=&#8220;Meeting buchen&#8220; align=&#8220;center&#8220; link=&#8220;url:%23footer-contact|title:Contact&#8220; el_class=&#8220;inverse-btn scroll&#8220;][\/vc_column][\/vc_row][\/vc_section]<\/p>\n<\/section>","protected":false},"excerpt":{"rendered":"<p>[vc_section full_width=&#8220;stretch_row_content&#8220; parallax=&#8220;content-moving&#8220; parallax_speed_bg=&#8220;2.5&#8243; el_id=&#8220;intro&#8220; css=&#8220;.vc_custom_1596635908694{background-image: url(\/wp-content\/uploads\/2020\/08\/BG-STARS.jpg?id=109) !important;}&#8220;][vc_row el_id=&#8220;iss&#8220; css=&#8220;.vc_custom_1596635068619{background-image: url(\/wp-content\/uploads\/2020\/08\/Moon.png?id=116) !important;}&#8220;][vc_column][vc_single_image image=&#8220;113&#8243; img_size=&#8220;full&#8220; alignment=&#8220;center&#8220; el_class=&#8220;no-space-img&#8220;][\/vc_column][\/vc_row][\/vc_section][vc_section full_width=&#8220;stretch_row&#8220; parallax=&#8220;content-moving&#8220; parallax_speed_bg=&#8220;2&#8243; css=&#8220;.vc_custom_1612960366006{background-image: url(\/wp-content\/uploads\/2021\/02\/PurpleStarsBG5000.jpg) !important;}&#8220; el_class=&#8220;white&#8220;][vc_row][vc_column width=&#8220;1\/4&#8243;][\/vc_column][vc_column width=&#8220;1\/2&#8243;][vc_column_text] Programmierung<span class=\"excerpt-hellip\"> [\u2026]<\/span><\/p>\n","protected":false},"author":1,"featured_media":0,"parent":5715,"menu_order":0,"comment_status":"closed","ping_status":"closed","template":"","meta":{"inline_featured_image":false,"footnotes":""},"yoast_head":"<!-- This site is optimized with the Yoast SEO plugin v21.5 - https:\/\/yoast.com\/wordpress\/plugins\/seo\/ -->\n<title>Programmierung von Done | Wir erstellen Ihre Website nach Ihrem Wunsch<\/title>\n<meta name=\"description\" content=\"Website, Online-Shop, mobile Apps oder Software\u2026 DONE entwickelt L\u00f6sungen, die den spezifischen Anforderungen Ihres Unternehmens entsprechen.\" \/>\n<meta name=\"robots\" content=\"index, follow, max-snippet:-1, max-image-preview:large, max-video-preview:-1\" \/>\n<link rel=\"canonical\" href=\"https:\/\/done.lu\/de\/kompetenzen\/programmierung\/\" \/>\n<meta property=\"og:locale\" content=\"de_DE\" \/>\n<meta property=\"og:type\" content=\"article\" \/>\n<meta property=\"og:title\" content=\"Programmierung von Done | Wir erstellen Ihre Website nach Ihrem Wunsch\" \/>\n<meta property=\"og:description\" content=\"Website, Online-Shop, mobile Apps oder Software\u2026 DONE entwickelt L\u00f6sungen, die den spezifischen Anforderungen Ihres Unternehmens entsprechen.\" \/>\n<meta property=\"og:url\" content=\"https:\/\/done.lu\/de\/kompetenzen\/programmierung\/\" \/>\n<meta property=\"og:site_name\" content=\"Done\" \/>\n<meta property=\"article:publisher\" content=\"https:\/\/www.facebook.com\/donesarl\" \/>\n<meta property=\"article:modified_time\" content=\"2021-02-23T11:27:08+00:00\" \/>\n<meta name=\"twitter:card\" content=\"summary_large_image\" \/>\n<meta name=\"twitter:site\" content=\"@DONElux\" \/>\n<meta name=\"twitter:label1\" content=\"Gesch\u00e4tzte Lesezeit\" \/>\n\t<meta name=\"twitter:data1\" content=\"8\u00a0Minuten\" \/>\n<script type=\"application\/ld+json\" class=\"yoast-schema-graph\">{\"@context\":\"https:\/\/schema.org\",\"@graph\":[{\"@type\":\"WebPage\",\"@id\":\"https:\/\/done.lu\/de\/kompetenzen\/programmierung\/\",\"url\":\"https:\/\/done.lu\/de\/kompetenzen\/programmierung\/\",\"name\":\"Programmierung von Done | Wir erstellen Ihre Website nach Ihrem Wunsch\",\"isPartOf\":{\"@id\":\"https:\/\/done.lu\/#website\"},\"datePublished\":\"2020-08-05T13:19:40+00:00\",\"dateModified\":\"2021-02-23T11:27:08+00:00\",\"description\":\"Website, Online-Shop, mobile Apps oder Software\u2026 DONE entwickelt L\u00f6sungen, die den spezifischen Anforderungen Ihres Unternehmens entsprechen.\",\"breadcrumb\":{\"@id\":\"https:\/\/done.lu\/de\/kompetenzen\/programmierung\/#breadcrumb\"},\"inLanguage\":\"de\",\"potentialAction\":[{\"@type\":\"ReadAction\",\"target\":[\"https:\/\/done.lu\/de\/kompetenzen\/programmierung\/\"]}]},{\"@type\":\"BreadcrumbList\",\"@id\":\"https:\/\/done.lu\/de\/kompetenzen\/programmierung\/#breadcrumb\",\"itemListElement\":[{\"@type\":\"ListItem\",\"position\":1,\"name\":\"Home\",\"item\":\"https:\/\/done.lu\/de\/\"},{\"@type\":\"ListItem\",\"position\":2,\"name\":\"Kompetenzen\",\"item\":\"https:\/\/done.lu\/de\/kompetenzen\/\"},{\"@type\":\"ListItem\",\"position\":3,\"name\":\"Programmierung\"}]},{\"@type\":\"WebSite\",\"@id\":\"https:\/\/done.lu\/#website\",\"url\":\"https:\/\/done.lu\/\",\"name\":\"Done\",\"description\":\"\",\"publisher\":{\"@id\":\"https:\/\/done.lu\/#organization\"},\"potentialAction\":[{\"@type\":\"SearchAction\",\"target\":{\"@type\":\"EntryPoint\",\"urlTemplate\":\"https:\/\/done.lu\/?s={search_term_string}\"},\"query-input\":\"required name=search_term_string\"}],\"inLanguage\":\"de\"},{\"@type\":\"Organization\",\"@id\":\"https:\/\/done.lu\/#organization\",\"name\":\"Done SARL\",\"alternateName\":\"Done Website as a Service\",\"url\":\"https:\/\/done.lu\/\",\"logo\":{\"@type\":\"ImageObject\",\"inLanguage\":\"de\",\"@id\":\"https:\/\/done.lu\/#\/schema\/logo\/image\/\",\"url\":\"https:\/\/done.lu\/wp-content\/uploads\/2024\/07\/logo_done_rgb_neu.jpg\",\"contentUrl\":\"https:\/\/done.lu\/wp-content\/uploads\/2024\/07\/logo_done_rgb_neu.jpg\",\"width\":945,\"height\":377,\"caption\":\"Done SARL\"},\"image\":{\"@id\":\"https:\/\/done.lu\/#\/schema\/logo\/image\/\"},\"sameAs\":[\"https:\/\/www.facebook.com\/donesarl\",\"https:\/\/twitter.com\/DONElux\",\"https:\/\/www.instagram.com\/done.lu\/\",\"https:\/\/www.linkedin.com\/company\/donelux\/\"]}]}<\/script>\n<!-- \/ Yoast SEO plugin. -->","yoast_head_json":{"title":"Programmierung von Done | Wir erstellen Ihre Website nach Ihrem Wunsch","description":"Website, Online-Shop, mobile Apps oder Software\u2026 DONE entwickelt L\u00f6sungen, die den spezifischen Anforderungen Ihres Unternehmens entsprechen.","robots":{"index":"index","follow":"follow","max-snippet":"max-snippet:-1","max-image-preview":"max-image-preview:large","max-video-preview":"max-video-preview:-1"},"canonical":"https:\/\/done.lu\/de\/kompetenzen\/programmierung\/","og_locale":"de_DE","og_type":"article","og_title":"Programmierung von Done | Wir erstellen Ihre Website nach Ihrem Wunsch","og_description":"Website, Online-Shop, mobile Apps oder Software\u2026 DONE entwickelt L\u00f6sungen, die den spezifischen Anforderungen Ihres Unternehmens entsprechen.","og_url":"https:\/\/done.lu\/de\/kompetenzen\/programmierung\/","og_site_name":"Done","article_publisher":"https:\/\/www.facebook.com\/donesarl","article_modified_time":"2021-02-23T11:27:08+00:00","twitter_card":"summary_large_image","twitter_site":"@DONElux","twitter_misc":{"Gesch\u00e4tzte Lesezeit":"8\u00a0Minuten"},"schema":{"@context":"https:\/\/schema.org","@graph":[{"@type":"WebPage","@id":"https:\/\/done.lu\/de\/kompetenzen\/programmierung\/","url":"https:\/\/done.lu\/de\/kompetenzen\/programmierung\/","name":"Programmierung von Done | Wir erstellen Ihre Website nach Ihrem Wunsch","isPartOf":{"@id":"https:\/\/done.lu\/#website"},"datePublished":"2020-08-05T13:19:40+00:00","dateModified":"2021-02-23T11:27:08+00:00","description":"Website, Online-Shop, mobile Apps oder Software\u2026 DONE entwickelt L\u00f6sungen, die den spezifischen Anforderungen Ihres Unternehmens entsprechen.","breadcrumb":{"@id":"https:\/\/done.lu\/de\/kompetenzen\/programmierung\/#breadcrumb"},"inLanguage":"de","potentialAction":[{"@type":"ReadAction","target":["https:\/\/done.lu\/de\/kompetenzen\/programmierung\/"]}]},{"@type":"BreadcrumbList","@id":"https:\/\/done.lu\/de\/kompetenzen\/programmierung\/#breadcrumb","itemListElement":[{"@type":"ListItem","position":1,"name":"Home","item":"https:\/\/done.lu\/de\/"},{"@type":"ListItem","position":2,"name":"Kompetenzen","item":"https:\/\/done.lu\/de\/kompetenzen\/"},{"@type":"ListItem","position":3,"name":"Programmierung"}]},{"@type":"WebSite","@id":"https:\/\/done.lu\/#website","url":"https:\/\/done.lu\/","name":"Done","description":"","publisher":{"@id":"https:\/\/done.lu\/#organization"},"potentialAction":[{"@type":"SearchAction","target":{"@type":"EntryPoint","urlTemplate":"https:\/\/done.lu\/?s={search_term_string}"},"query-input":"required name=search_term_string"}],"inLanguage":"de"},{"@type":"Organization","@id":"https:\/\/done.lu\/#organization","name":"Done SARL","alternateName":"Done Website as a Service","url":"https:\/\/done.lu\/","logo":{"@type":"ImageObject","inLanguage":"de","@id":"https:\/\/done.lu\/#\/schema\/logo\/image\/","url":"https:\/\/done.lu\/wp-content\/uploads\/2024\/07\/logo_done_rgb_neu.jpg","contentUrl":"https:\/\/done.lu\/wp-content\/uploads\/2024\/07\/logo_done_rgb_neu.jpg","width":945,"height":377,"caption":"Done SARL"},"image":{"@id":"https:\/\/done.lu\/#\/schema\/logo\/image\/"},"sameAs":["https:\/\/www.facebook.com\/donesarl","https:\/\/twitter.com\/DONElux","https:\/\/www.instagram.com\/done.lu\/","https:\/\/www.linkedin.com\/company\/donelux\/"]}]}},"_links":{"self":[{"href":"https:\/\/done.lu\/de\/wp-json\/wp\/v2\/pages\/5740"}],"collection":[{"href":"https:\/\/done.lu\/de\/wp-json\/wp\/v2\/pages"}],"about":[{"href":"https:\/\/done.lu\/de\/wp-json\/wp\/v2\/types\/page"}],"author":[{"embeddable":true,"href":"https:\/\/done.lu\/de\/wp-json\/wp\/v2\/users\/1"}],"replies":[{"embeddable":true,"href":"https:\/\/done.lu\/de\/wp-json\/wp\/v2\/comments?post=5740"}],"version-history":[{"count":6,"href":"https:\/\/done.lu\/de\/wp-json\/wp\/v2\/pages\/5740\/revisions"}],"predecessor-version":[{"id":8706,"href":"https:\/\/done.lu\/de\/wp-json\/wp\/v2\/pages\/5740\/revisions\/8706"}],"up":[{"embeddable":true,"href":"https:\/\/done.lu\/de\/wp-json\/wp\/v2\/pages\/5715"}],"wp:attachment":[{"href":"https:\/\/done.lu\/de\/wp-json\/wp\/v2\/media?parent=5740"}],"curies":[{"name":"wp","href":"https:\/\/api.w.org\/{rel}","templated":true}]}}