{"id":5725,"date":"2020-08-05T15:17:00","date_gmt":"2020-08-05T13:17:00","guid":{"rendered":"https:\/\/done.lu\/kompetenzen\/consulting\/"},"modified":"2021-02-23T11:33:59","modified_gmt":"2021-02-23T10:33:59","slug":"consulting","status":"publish","type":"page","link":"https:\/\/done.lu\/de\/kompetenzen\/consulting\/","title":{"rendered":"Consulting"},"content":{"rendered":"<section class=\"wpb-content-wrapper\"><p>[vc_section full_width=&#8220;stretch_row_content&#8220; parallax=&#8220;content-moving&#8220; parallax_speed_bg=&#8220;2.5&#8243; el_id=&#8220;intro&#8220; css=&#8220;.vc_custom_1596635908694{background-image: url(\/wp-content\/uploads\/2020\/08\/BG-STARS.jpg?id=109) !important;}&#8220;][vc_row el_id=&#8220;iss&#8220; css=&#8220;.vc_custom_1596635068619{background-image: url(\/wp-content\/uploads\/2020\/08\/Moon.png?id=116) !important;}&#8220;][vc_column][vc_single_image image=&#8220;113&#8243; img_size=&#8220;full&#8220; alignment=&#8220;center&#8220; el_class=&#8220;no-space-img&#8220;][\/vc_column][\/vc_row][\/vc_section][vc_section full_width=&#8220;stretch_row&#8220; parallax=&#8220;content-moving&#8220; parallax_speed_bg=&#8220;2&#8243; css=&#8220;.vc_custom_1614076429113{background-image: url(\/wp-content\/uploads\/2021\/02\/PurpleStarsBG4000.jpg?id=7972) !important;}&#8220; el_class=&#8220;white&#8220;][vc_row][vc_column width=&#8220;1\/4&#8243;][\/vc_column][vc_column width=&#8220;1\/2&#8243;][vc_column_text]<\/p>\n<h1 class=\"intro-heading\">Consulting<\/h1>\n<p class=\"al-just big\">Strategie, Website, Audit, Anwendungsentwicklung \u2013 unser Gesch\u00e4ft besteht darin, effektive und angepasste L\u00f6sungen f\u00fcr Ihre digitalen und kommerziellen Projekte anzubieten.<\/p>\n<p>[\/vc_column_text][\/vc_column][vc_column width=&#8220;1\/4&#8243;][\/vc_column][\/vc_row][vc_row equal_height=&#8220;yes&#8220;][vc_column width=&#8220;1\/2&#8243;][vc_column_text]<\/p>\n<h2 class=\"green\">Der Schl\u00fcssel zu Ihrem Erfolg ist digital.<\/h2>\n<p class=\"big al-just\">Das Erstellen einer Anwendung, die Entwicklung einer Website oder die Sicherstellung ihrer Wartung sind die Kernaufgaben unseres Unternehmens. Unsere Beratungsleistungen beziehen sich auf Ihre digitalen Projekte und Ihre Business Development Strategie. DONE kombiniert Technologie mit Marketing, um Ihnen zu helfen, Ihre Ziele zu erreichen.<\/p>\n<p>[\/vc_column_text][\/vc_column][vc_column width=&#8220;1\/2&#8243;][vc_single_image image=&#8220;7160&#8243; img_size=&#8220;full&#8220; alignment=&#8220;center&#8220; css=&#8220;.vc_custom_1607341558917{margin-bottom: 0px !important;}&#8220;][\/vc_column][\/vc_row][vc_row equal_height=&#8220;yes&#8220; content_placement=&#8220;middle&#8220; el_class=&#8220;cta-row&#8220; el_id=&#8220;cta-8&#8243;][vc_column width=&#8220;1\/3&#8243; css=&#8220;.vc_custom_1606127567338{background-color: #ffffff !important;}&#8220;][vc_single_image image=&#8220;7015&#8243; img_size=&#8220;full&#8220; alignment=&#8220;center&#8220; el_class=&#8220;no-space-img&#8220;][\/vc_column][vc_column width=&#8220;2\/3&#8243; css=&#8220;.vc_custom_1606127558105{background-color: #79ca30 !important;}&#8220;][vc_column_text]<\/p>\n<h2 class=\"white upper al-center\">Ihre ma\u00dfgeschneiderte Website ohne Erstellungskosten?<\/h2>\n<p>[\/vc_column_text][vc_column_text el_class=&#8220;white al-center big&#8220;]Das ist durchaus m\u00f6glich![\/vc_column_text][vc_column_text el_class=&#8220;white al-center big&#8220;]Und so haben wir sogar seit 2014 gearbeitet.[\/vc_column_text][vc_btn title=&#8220;Meeting buchen&#8220; align=&#8220;center&#8220; link=&#8220;url:%23footer-contact|title:Contact&#8220; el_class=&#8220;inverse-btn scroll&#8220;][\/vc_column][\/vc_row][\/vc_section][vc_section full_width=&#8220;stretch_row&#8220; parallax=&#8220;content-moving&#8220; parallax_speed_bg=&#8220;2.5&#8243; el_class=&#8220;star-sec&#8220; css=&#8220;.vc_custom_1612798147775{background-image: url(\/wp-content\/uploads\/2021\/01\/BGstars2000.jpg?id=7550) !important;}&#8220;][vc_row][vc_column][vc_column_text]<\/p>\n<h2 class=\"al-center green\">Digitale Strategieberatung: Ihre Ziele im Fokus<\/h2>\n<hr class=\"heading-sep\" \/>\n<p>[\/vc_column_text][\/vc_column][\/vc_row][vc_row][vc_column width=&#8220;1\/4&#8243;][\/vc_column][vc_column width=&#8220;1\/2&#8243;][vc_column_text el_class=&#8220;big al-just&#8220;]<strong class=\"green\">Die Digitalisierung des Unternehmens steht im Mittelpunkt der gro\u00dfen Herausforderungen f\u00fcr Unternehmer<\/strong>. Ob es darum geht, neue Kunden zu gewinnen oder die Arbeit Ihrer Mitarbeiter zu erleichtern \u2013 jede entwickelte L\u00f6sung muss auf das Endziel ausgerichtet sein: den Erfolg Ihres Unternehmens.[\/vc_column_text][\/vc_column][vc_column width=&#8220;1\/4&#8243;][\/vc_column][\/vc_row][vc_row][vc_column width=&#8220;2\/3&#8243;][vc_single_image image=&#8220;7163&#8243; img_size=&#8220;full&#8220; alignment=&#8220;center&#8220; css=&#8220;.vc_custom_1607341574210{margin-bottom: 0px !important;}&#8220;][\/vc_column][vc_column width=&#8220;1\/3&#8243;][vc_column_text]<\/p>\n<h2 class=\"green\">Zuh\u00f6ren und beraten<\/h2>\n<p class=\"al-just big\"><strong class=\"green\">Wir helfen Ihnen, eine digitale Strategie f\u00fcr Ihr Unternehmen zu definieren<\/strong>. Unser Projektleiter bietet Ihnen ma\u00dfgeschneiderte L\u00f6sungen. \u00dcber die Entwicklung Ihrer Programme oder Ihrer Website hinaus unterst\u00fctzen wir Sie bei den Schritten, um alle ihre Funktionen voll auszusch\u00f6pfen.<\/p>\n<p>[\/vc_column_text][\/vc_column][\/vc_row][\/vc_section][vc_section full_width=&#8220;stretch_row&#8220; parallax=&#8220;content-moving&#8220; parallax_speed_bg=&#8220;2&#8243; css=&#8220;.vc_custom_1612798159396{background-image: url(\/wp-content\/uploads\/2021\/01\/PurpleStarsBG3000-scaled.jpg?id=7546) !important;}&#8220; el_class=&#8220;white&#8220;][vc_row][vc_column width=&#8220;1\/4&#8243;][\/vc_column][vc_column width=&#8220;1\/2&#8243;][vc_column_text]<\/p>\n<h2 class=\"al-center green\">Vom dem IT-audit bis zur Wartung: Unsere Vision von IT-Beratung<\/h2>\n<hr class=\"heading-sep\" \/>\n<p>[\/vc_column_text][\/vc_column][vc_column width=&#8220;1\/4&#8243;][\/vc_column][\/vc_row][vc_row el_id=&#8220;planet-row&#8220; css=&#8220;.vc_custom_1606234442292{background-image: url(\/wp-content\/uploads\/2020\/08\/planet.png?id=335) !important;}&#8220;][vc_column][vc_row_inner equal_height=&#8220;yes&#8220; el_class=&#8220;icon-row&#8220;][vc_column_inner width=&#8220;1\/3&#8243;][vc_column_text el_class=&#8220;al-center&#8220;]<\/p>\n<h3 class=\"white\">1. Audit<\/h3>\n<p>Wir lernen Sie besser kennen, um Sie besser zu unterst\u00fctzen.[\/vc_column_text][\/vc_column_inner][vc_column_inner el_class=&#8220;mob-hide-479&#8243; width=&#8220;1\/3&#8243;][\/vc_column_inner][vc_column_inner width=&#8220;1\/3&#8243;][vc_column_text el_class=&#8220;al-center&#8220;]<\/p>\n<h3 class=\"white\">2. Strategie<\/h3>\n<p>Wir analysieren Ihren Wettbewerb und arbeiten an Ihrer Positionierung.[\/vc_column_text][\/vc_column_inner][\/vc_row_inner][vc_row_inner equal_height=&#8220;yes&#8220; el_class=&#8220;icon-row&#8220;][vc_column_inner width=&#8220;1\/3&#8243;][vc_column_text el_class=&#8220;al-center&#8220;]<\/p>\n<h3 class=\"white\">3. Design<\/h3>\n<p>Wir kreieren Ihre visuelle Identit\u00e4t und ergonomische Oberfl\u00e4chen.[\/vc_column_text][\/vc_column_inner][vc_column_inner el_class=&#8220;mob-hide-479&#8243; width=&#8220;1\/3&#8243;][\/vc_column_inner][vc_column_inner width=&#8220;1\/3&#8243;][vc_column_text el_class=&#8220;al-center&#8220;]<\/p>\n<h3 class=\"white\">4. Inhalt<\/h3>\n<p>Unser SEO-Editor erstellt optimierte Inhalte.[\/vc_column_text][\/vc_column_inner][\/vc_row_inner][vc_row_inner equal_height=&#8220;yes&#8220; el_class=&#8220;icon-row&#8220;][vc_column_inner width=&#8220;1\/3&#8243;][vc_column_text el_class=&#8220;al-center&#8220;]<\/p>\n<h3 class=\"white\">5. Integration und Entwicklung<\/h3>\n<p>Wir implementieren Ihre L\u00f6sung.[\/vc_column_text][\/vc_column_inner][vc_column_inner width=&#8220;1\/3&#8243;][vc_column_text el_class=&#8220;al-center&#8220;]<\/p>\n<h3 class=\"white\">6. Aktualisierung<\/h3>\n<p>Wir aktualisieren Ihre L\u00f6sung.[\/vc_column_text][\/vc_column_inner][vc_column_inner width=&#8220;1\/3&#8243;][vc_column_text el_class=&#8220;al-center&#8220;]<\/p>\n<h3 class=\"white\">7. Support<\/h3>\n<p>Wir bieten Anwenderunterst\u00fctzung und IT-Wartung.[\/vc_column_text][\/vc_column_inner][\/vc_row_inner][\/vc_column][\/vc_row][\/vc_section][vc_section full_width=&#8220;stretch_row&#8220; parallax=&#8220;content-moving&#8220; parallax_speed_bg=&#8220;2.5&#8243; el_class=&#8220;star-sec&#8220; css=&#8220;.vc_custom_1612798186559{background-image: url(\/wp-content\/uploads\/2021\/02\/BGstars3000-scaled.jpg?id=7622) !important;}&#8220;][vc_row][vc_column][vc_column_text el_class=&#8220;al-center&#8220;]<\/p>\n<h2 class=\"green\">IT-Projekt: Von der Beratung bis zur Entwicklung<\/h2>\n<hr class=\"heading-sep\" \/>\n<p>[\/vc_column_text][vc_column_text el_class=&#8220;big al-just&#8220;]Haben Sie einen Bedarf erkannt oder m\u00f6chten Sie einen internen Prozess verbessern? Wir k\u00f6nnen Ihnen helfen. Die IT-Beratung, wie wir sie praktizieren, soll die ideale L\u00f6sung oder die idealen L\u00f6sungen zur Erreichung Ihrer Ziele definieren:[\/vc_column_text][vc_column_text el_class=&#8220;big al-center&#8220;]<\/p>\n<ul>\n<li>Kollaborative Arbeitswerkzeuge<\/li>\n<li>Zeiterfassung<\/li>\n<li>Sofortnachrichten<\/li>\n<li>Mobile Anwendung<\/li>\n<li>E-Commerce<\/li>\n<\/ul>\n<p>[\/vc_column_text][vc_column_text el_class=&#8220;big al-just&#8220;]Profitieren Sie von der Unterst\u00fctzung eines digitalen Projektleiters bei der Analyse Ihrer Bed\u00fcrfnisse und Ihres \u00d6kosystems bis hin zur Integration Ihrer IT-L\u00f6sung. Wir arbeiten selbst\u00e4ndig oder in Zusammenarbeit mit Ihren internen Teams.[\/vc_column_text][\/vc_column][\/vc_row][vc_row equal_height=&#8220;yes&#8220; content_placement=&#8220;middle&#8220; el_class=&#8220;cta-row&#8220; el_id=&#8220;cta-1&#8243;][vc_column width=&#8220;1\/3&#8243; css=&#8220;.vc_custom_1606127567338{background-color: #ffffff !important;}&#8220;][vc_single_image image=&#8220;7053&#8243; img_size=&#8220;full&#8220; alignment=&#8220;center&#8220; el_class=&#8220;no-space-img&#8220;][\/vc_column][vc_column width=&#8220;2\/3&#8243; css=&#8220;.vc_custom_1606127558105{background-color: #79ca30 !important;}&#8220;][vc_column_text]<\/p>\n<h3 class=\"white upper al-center bigger-40\">Haben Sie ein Web-Projekt?<\/h3>\n<p>[\/vc_column_text][vc_column_text el_class=&#8220;big white al-center&#8220;]<strong>Sprechen Sie mit unseren Experten!<\/strong>[\/vc_column_text][vc_row_inner equal_height=&#8220;yes&#8220; el_class=&#8220;cta-inner-icons-row&#8220;][vc_column_inner width=&#8220;1\/4&#8243;][vc_single_image image=&#8220;7021&#8243; img_size=&#8220;full&#8220; alignment=&#8220;center&#8220; css=&#8220;.vc_custom_1606152509780{margin-bottom: 0px !important;}&#8220; el_class=&#8220;no-space-img&#8220;][vc_column_text css=&#8220;.vc_custom_1606152525256{margin-bottom: 0px !important;}&#8220;]<\/p>\n<h4 class=\"al-center big white\"><strong>Expertise<\/strong><\/h4>\n<p>[\/vc_column_text][\/vc_column_inner][vc_column_inner width=&#8220;1\/4&#8243;][vc_single_image image=&#8220;7027&#8243; img_size=&#8220;full&#8220; alignment=&#8220;center&#8220; css=&#8220;.vc_custom_1606152547291{margin-bottom: 0px !important;}&#8220; el_class=&#8220;no-space-img&#8220;][vc_column_text css=&#8220;.vc_custom_1606152557609{margin-bottom: 0px !important;}&#8220;]<\/p>\n<h4 class=\"al-center big white\"><strong>Performance<\/strong><\/h4>\n<p>[\/vc_column_text][\/vc_column_inner][vc_column_inner width=&#8220;1\/4&#8243;][vc_single_image image=&#8220;7030&#8243; img_size=&#8220;full&#8220; alignment=&#8220;center&#8220; css=&#8220;.vc_custom_1606152578633{margin-bottom: 0px !important;}&#8220; el_class=&#8220;no-space-img&#8220;][vc_column_text css=&#8220;.vc_custom_1606152587446{margin-bottom: 0px !important;}&#8220;]<\/p>\n<h4 class=\"al-center big white\"><strong>Reaktivit\u00e4t<\/strong><\/h4>\n<p>[\/vc_column_text][\/vc_column_inner][vc_column_inner width=&#8220;1\/4&#8243;][vc_single_image image=&#8220;7024&#8243; img_size=&#8220;full&#8220; alignment=&#8220;center&#8220; css=&#8220;.vc_custom_1606152614374{margin-bottom: 0px !important;}&#8220; el_class=&#8220;no-space-img&#8220;][vc_column_text css=&#8220;.vc_custom_1606152623187{margin-bottom: 0px !important;}&#8220;]<\/p>\n<h4 class=\"al-center big white\"><strong>Involvierung<\/strong><\/h4>\n<p>[\/vc_column_text][\/vc_column_inner][\/vc_row_inner][vc_btn title=&#8220;Kontaktieren Sie uns jetzt&#8220; align=&#8220;center&#8220; link=&#8220;url:%23footer-contact|title:Contact&#8220; el_class=&#8220;inverse-btn scroll&#8220;][\/vc_column][\/vc_row][\/vc_section]<\/p>\n<\/section>","protected":false},"excerpt":{"rendered":"<p>[vc_section full_width=&#8220;stretch_row_content&#8220; parallax=&#8220;content-moving&#8220; parallax_speed_bg=&#8220;2.5&#8243; el_id=&#8220;intro&#8220; css=&#8220;.vc_custom_1596635908694{background-image: url(\/wp-content\/uploads\/2020\/08\/BG-STARS.jpg?id=109) !important;}&#8220;][vc_row el_id=&#8220;iss&#8220; css=&#8220;.vc_custom_1596635068619{background-image: url(\/wp-content\/uploads\/2020\/08\/Moon.png?id=116) !important;}&#8220;][vc_column][vc_single_image image=&#8220;113&#8243; img_size=&#8220;full&#8220; alignment=&#8220;center&#8220; el_class=&#8220;no-space-img&#8220;][\/vc_column][\/vc_row][\/vc_section][vc_section full_width=&#8220;stretch_row&#8220; parallax=&#8220;content-moving&#8220; parallax_speed_bg=&#8220;2&#8243; css=&#8220;.vc_custom_1614076429113{background-image: url(\/wp-content\/uploads\/2021\/02\/PurpleStarsBG4000.jpg?id=7972) !important;}&#8220; el_class=&#8220;white&#8220;][vc_row][vc_column width=&#8220;1\/4&#8243;][\/vc_column][vc_column width=&#8220;1\/2&#8243;][vc_column_text] Consulting<span class=\"excerpt-hellip\"> [\u2026]<\/span><\/p>\n","protected":false},"author":1,"featured_media":0,"parent":5715,"menu_order":0,"comment_status":"closed","ping_status":"closed","template":"","meta":{"inline_featured_image":false,"footnotes":""},"yoast_head":"<!-- This site is optimized with the Yoast SEO plugin v21.5 - https:\/\/yoast.com\/wordpress\/plugins\/seo\/ -->\n<title>Consulting von Done | Der Schl\u00fcssel zu Ihrem Erfolg ist digital.<\/title>\n<meta name=\"description\" content=\"Consulting, Strategie, Website, Audit, Anwendungsentwicklung \u2013 unser Gesch\u00e4ft besteht darin, effektive und angepasste L\u00f6sungen f\u00fcr Ihre digitalen und kommerziellen Projekte anzubieten.\" \/>\n<meta name=\"robots\" content=\"index, follow, max-snippet:-1, max-image-preview:large, max-video-preview:-1\" \/>\n<link rel=\"canonical\" href=\"https:\/\/done.lu\/de\/kompetenzen\/consulting\/\" \/>\n<meta property=\"og:locale\" content=\"de_DE\" \/>\n<meta property=\"og:type\" content=\"article\" \/>\n<meta property=\"og:title\" content=\"Consulting von Done | Der Schl\u00fcssel zu Ihrem Erfolg ist digital.\" \/>\n<meta property=\"og:description\" content=\"Consulting, Strategie, Website, Audit, Anwendungsentwicklung \u2013 unser Gesch\u00e4ft besteht darin, effektive und angepasste L\u00f6sungen f\u00fcr Ihre digitalen und kommerziellen Projekte anzubieten.\" \/>\n<meta property=\"og:url\" content=\"https:\/\/done.lu\/de\/kompetenzen\/consulting\/\" \/>\n<meta property=\"og:site_name\" content=\"Done\" \/>\n<meta property=\"article:publisher\" content=\"https:\/\/www.facebook.com\/donesarl\" \/>\n<meta property=\"article:modified_time\" content=\"2021-02-23T10:33:59+00:00\" \/>\n<meta name=\"twitter:card\" content=\"summary_large_image\" \/>\n<meta name=\"twitter:site\" content=\"@DONElux\" \/>\n<meta name=\"twitter:label1\" content=\"Gesch\u00e4tzte Lesezeit\" \/>\n\t<meta name=\"twitter:data1\" content=\"6\u00a0Minuten\" \/>\n<script type=\"application\/ld+json\" class=\"yoast-schema-graph\">{\"@context\":\"https:\/\/schema.org\",\"@graph\":[{\"@type\":\"WebPage\",\"@id\":\"https:\/\/done.lu\/de\/kompetenzen\/consulting\/\",\"url\":\"https:\/\/done.lu\/de\/kompetenzen\/consulting\/\",\"name\":\"Consulting von Done | Der Schl\u00fcssel zu Ihrem Erfolg ist digital.\",\"isPartOf\":{\"@id\":\"https:\/\/done.lu\/#website\"},\"datePublished\":\"2020-08-05T13:17:00+00:00\",\"dateModified\":\"2021-02-23T10:33:59+00:00\",\"description\":\"Consulting, Strategie, Website, Audit, Anwendungsentwicklung \u2013 unser Gesch\u00e4ft besteht darin, effektive und angepasste L\u00f6sungen f\u00fcr Ihre digitalen und kommerziellen Projekte anzubieten.\",\"breadcrumb\":{\"@id\":\"https:\/\/done.lu\/de\/kompetenzen\/consulting\/#breadcrumb\"},\"inLanguage\":\"de\",\"potentialAction\":[{\"@type\":\"ReadAction\",\"target\":[\"https:\/\/done.lu\/de\/kompetenzen\/consulting\/\"]}]},{\"@type\":\"BreadcrumbList\",\"@id\":\"https:\/\/done.lu\/de\/kompetenzen\/consulting\/#breadcrumb\",\"itemListElement\":[{\"@type\":\"ListItem\",\"position\":1,\"name\":\"Home\",\"item\":\"https:\/\/done.lu\/de\/\"},{\"@type\":\"ListItem\",\"position\":2,\"name\":\"Kompetenzen\",\"item\":\"https:\/\/done.lu\/de\/kompetenzen\/\"},{\"@type\":\"ListItem\",\"position\":3,\"name\":\"Consulting\"}]},{\"@type\":\"WebSite\",\"@id\":\"https:\/\/done.lu\/#website\",\"url\":\"https:\/\/done.lu\/\",\"name\":\"Done\",\"description\":\"\",\"publisher\":{\"@id\":\"https:\/\/done.lu\/#organization\"},\"potentialAction\":[{\"@type\":\"SearchAction\",\"target\":{\"@type\":\"EntryPoint\",\"urlTemplate\":\"https:\/\/done.lu\/?s={search_term_string}\"},\"query-input\":\"required name=search_term_string\"}],\"inLanguage\":\"de\"},{\"@type\":\"Organization\",\"@id\":\"https:\/\/done.lu\/#organization\",\"name\":\"Done SARL\",\"alternateName\":\"Done Website as a Service\",\"url\":\"https:\/\/done.lu\/\",\"logo\":{\"@type\":\"ImageObject\",\"inLanguage\":\"de\",\"@id\":\"https:\/\/done.lu\/#\/schema\/logo\/image\/\",\"url\":\"https:\/\/done.lu\/wp-content\/uploads\/2024\/07\/logo_done_rgb_neu.jpg\",\"contentUrl\":\"https:\/\/done.lu\/wp-content\/uploads\/2024\/07\/logo_done_rgb_neu.jpg\",\"width\":945,\"height\":377,\"caption\":\"Done SARL\"},\"image\":{\"@id\":\"https:\/\/done.lu\/#\/schema\/logo\/image\/\"},\"sameAs\":[\"https:\/\/www.facebook.com\/donesarl\",\"https:\/\/twitter.com\/DONElux\",\"https:\/\/www.instagram.com\/done.lu\/\",\"https:\/\/www.linkedin.com\/company\/donelux\/\"]}]}<\/script>\n<!-- \/ Yoast SEO plugin. -->","yoast_head_json":{"title":"Consulting von Done | Der Schl\u00fcssel zu Ihrem Erfolg ist digital.","description":"Consulting, Strategie, Website, Audit, Anwendungsentwicklung \u2013 unser Gesch\u00e4ft besteht darin, effektive und angepasste L\u00f6sungen f\u00fcr Ihre digitalen und kommerziellen Projekte anzubieten.","robots":{"index":"index","follow":"follow","max-snippet":"max-snippet:-1","max-image-preview":"max-image-preview:large","max-video-preview":"max-video-preview:-1"},"canonical":"https:\/\/done.lu\/de\/kompetenzen\/consulting\/","og_locale":"de_DE","og_type":"article","og_title":"Consulting von Done | Der Schl\u00fcssel zu Ihrem Erfolg ist digital.","og_description":"Consulting, Strategie, Website, Audit, Anwendungsentwicklung \u2013 unser Gesch\u00e4ft besteht darin, effektive und angepasste L\u00f6sungen f\u00fcr Ihre digitalen und kommerziellen Projekte anzubieten.","og_url":"https:\/\/done.lu\/de\/kompetenzen\/consulting\/","og_site_name":"Done","article_publisher":"https:\/\/www.facebook.com\/donesarl","article_modified_time":"2021-02-23T10:33:59+00:00","twitter_card":"summary_large_image","twitter_site":"@DONElux","twitter_misc":{"Gesch\u00e4tzte Lesezeit":"6\u00a0Minuten"},"schema":{"@context":"https:\/\/schema.org","@graph":[{"@type":"WebPage","@id":"https:\/\/done.lu\/de\/kompetenzen\/consulting\/","url":"https:\/\/done.lu\/de\/kompetenzen\/consulting\/","name":"Consulting von Done | Der Schl\u00fcssel zu Ihrem Erfolg ist digital.","isPartOf":{"@id":"https:\/\/done.lu\/#website"},"datePublished":"2020-08-05T13:17:00+00:00","dateModified":"2021-02-23T10:33:59+00:00","description":"Consulting, Strategie, Website, Audit, Anwendungsentwicklung \u2013 unser Gesch\u00e4ft besteht darin, effektive und angepasste L\u00f6sungen f\u00fcr Ihre digitalen und kommerziellen Projekte anzubieten.","breadcrumb":{"@id":"https:\/\/done.lu\/de\/kompetenzen\/consulting\/#breadcrumb"},"inLanguage":"de","potentialAction":[{"@type":"ReadAction","target":["https:\/\/done.lu\/de\/kompetenzen\/consulting\/"]}]},{"@type":"BreadcrumbList","@id":"https:\/\/done.lu\/de\/kompetenzen\/consulting\/#breadcrumb","itemListElement":[{"@type":"ListItem","position":1,"name":"Home","item":"https:\/\/done.lu\/de\/"},{"@type":"ListItem","position":2,"name":"Kompetenzen","item":"https:\/\/done.lu\/de\/kompetenzen\/"},{"@type":"ListItem","position":3,"name":"Consulting"}]},{"@type":"WebSite","@id":"https:\/\/done.lu\/#website","url":"https:\/\/done.lu\/","name":"Done","description":"","publisher":{"@id":"https:\/\/done.lu\/#organization"},"potentialAction":[{"@type":"SearchAction","target":{"@type":"EntryPoint","urlTemplate":"https:\/\/done.lu\/?s={search_term_string}"},"query-input":"required name=search_term_string"}],"inLanguage":"de"},{"@type":"Organization","@id":"https:\/\/done.lu\/#organization","name":"Done SARL","alternateName":"Done Website as a Service","url":"https:\/\/done.lu\/","logo":{"@type":"ImageObject","inLanguage":"de","@id":"https:\/\/done.lu\/#\/schema\/logo\/image\/","url":"https:\/\/done.lu\/wp-content\/uploads\/2024\/07\/logo_done_rgb_neu.jpg","contentUrl":"https:\/\/done.lu\/wp-content\/uploads\/2024\/07\/logo_done_rgb_neu.jpg","width":945,"height":377,"caption":"Done SARL"},"image":{"@id":"https:\/\/done.lu\/#\/schema\/logo\/image\/"},"sameAs":["https:\/\/www.facebook.com\/donesarl","https:\/\/twitter.com\/DONElux","https:\/\/www.instagram.com\/done.lu\/","https:\/\/www.linkedin.com\/company\/donelux\/"]}]}},"_links":{"self":[{"href":"https:\/\/done.lu\/de\/wp-json\/wp\/v2\/pages\/5725"}],"collection":[{"href":"https:\/\/done.lu\/de\/wp-json\/wp\/v2\/pages"}],"about":[{"href":"https:\/\/done.lu\/de\/wp-json\/wp\/v2\/types\/page"}],"author":[{"embeddable":true,"href":"https:\/\/done.lu\/de\/wp-json\/wp\/v2\/users\/1"}],"replies":[{"embeddable":true,"href":"https:\/\/done.lu\/de\/wp-json\/wp\/v2\/comments?post=5725"}],"version-history":[{"count":8,"href":"https:\/\/done.lu\/de\/wp-json\/wp\/v2\/pages\/5725\/revisions"}],"predecessor-version":[{"id":8677,"href":"https:\/\/done.lu\/de\/wp-json\/wp\/v2\/pages\/5725\/revisions\/8677"}],"up":[{"embeddable":true,"href":"https:\/\/done.lu\/de\/wp-json\/wp\/v2\/pages\/5715"}],"wp:attachment":[{"href":"https:\/\/done.lu\/de\/wp-json\/wp\/v2\/media?parent=5725"}],"curies":[{"name":"wp","href":"https:\/\/api.w.org\/{rel}","templated":true}]}}