{"id":5557,"date":"2020-08-05T15:33:25","date_gmt":"2020-08-05T13:33:25","guid":{"rendered":"https:\/\/done.lu\/approach\/"},"modified":"2021-02-22T17:45:54","modified_gmt":"2021-02-22T16:45:54","slug":"konzept","status":"publish","type":"page","link":"https:\/\/done.lu\/de\/konzept\/","title":{"rendered":"Konzept"},"content":{"rendered":"<section class=\"wpb-content-wrapper\"><p>[vc_section full_width=&#8220;stretch_row_content&#8220; parallax=&#8220;content-moving&#8220; parallax_speed_bg=&#8220;2.5&#8243; el_id=&#8220;intro&#8220; css=&#8220;.vc_custom_1596635908694{background-image: url(\/wp-content\/uploads\/2020\/08\/BG-STARS.jpg?id=109) !important;}&#8220;][vc_row el_id=&#8220;iss&#8220; css=&#8220;.vc_custom_1596635068619{background-image: url(\/wp-content\/uploads\/2020\/08\/Moon.png?id=116) !important;}&#8220;][vc_column][vc_single_image image=&#8220;113&#8243; img_size=&#8220;full&#8220; alignment=&#8220;center&#8220; el_class=&#8220;no-space-img&#8220;][\/vc_column][\/vc_row][\/vc_section][vc_section full_width=&#8220;stretch_row&#8220; parallax=&#8220;content-moving&#8220; parallax_speed_bg=&#8220;2&#8243; el_id=&#8220;page-head&#8220; css=&#8220;.vc_custom_1614012323681{background-image: url(\/wp-content\/uploads\/2021\/02\/PurpleStarsBG5000.jpg?id=7975) !important;}&#8220; el_class=&#8220;white&#8220;][vc_row][vc_column width=&#8220;1\/4&#8243;][\/vc_column][vc_column width=&#8220;1\/2&#8243;][vc_column_text]<\/p>\n<h1 class=\"intro-heading\">Konzept<\/h1>\n<p class=\"al-just big\">Wir bieten ma\u00dfgeschneiderte Websites, die sich mit dem Tempo der Technologie weiterentwickeln, auf sich \u00e4ndernde Trends reagieren und sich an die Ver\u00e4nderungen anpassen, die das Unternehmen in seinem Gesch\u00e4ft und Umfeld erlebt.<\/p>\n<p>[\/vc_column_text][\/vc_column][vc_column width=&#8220;1\/4&#8243;][\/vc_column][\/vc_row][vc_row][vc_column width=&#8220;1\/2&#8243;][vc_column_text]<\/p>\n<h2 class=\"al-center green\">Eine Website ist kein fertiges Produkt!<\/h2>\n<p class=\"al-just big\">Ob Sie eine neue Website entwerfen oder eine bestehende aktualisieren, DONE bietet eine breite Palette von Werkzeugen und Strategien, um Ihr Webprojekt zum Erfolg zu f\u00fchren.<\/p>\n<p>[\/vc_column_text][\/vc_column][vc_column width=&#8220;1\/2&#8243;][vc_single_image image=&#8220;315&#8243; img_size=&#8220;full&#8220; alignment=&#8220;center&#8220; css=&#8220;.vc_custom_1596710656255{margin-bottom: 0px !important;}&#8220;][\/vc_column][\/vc_row][vc_row equal_height=&#8220;yes&#8220; content_placement=&#8220;middle&#8220; el_class=&#8220;cta-row&#8220; el_id=&#8220;cta-8&#8243;][vc_column width=&#8220;1\/3&#8243; css=&#8220;.vc_custom_1606127567338{background-color: #ffffff !important;}&#8220;][vc_single_image image=&#8220;7015&#8243; img_size=&#8220;full&#8220; alignment=&#8220;center&#8220; el_class=&#8220;no-space-img&#8220;][\/vc_column][vc_column width=&#8220;2\/3&#8243; css=&#8220;.vc_custom_1606127558105{background-color: #79ca30 !important;}&#8220;][vc_column_text]<\/p>\n<h2 class=\"white upper al-center\">Ihre ma\u00dfgeschneiderte Website ohne Erstellungskosten?<\/h2>\n<p>[\/vc_column_text][vc_column_text el_class=&#8220;white al-center big&#8220;]Das ist durchaus m\u00f6glich![\/vc_column_text][vc_column_text el_class=&#8220;white al-center big&#8220;]Und so haben wir sogar seit 2014 gearbeitet.[\/vc_column_text][vc_btn title=&#8220;Meeting buchen&#8220; align=&#8220;center&#8220; link=&#8220;url:%23footer-contact|title:Contact&#8220; el_class=&#8220;inverse-btn scroll&#8220;][\/vc_column][\/vc_row][\/vc_section][vc_section full_width=&#8220;stretch_row&#8220; parallax=&#8220;content-moving&#8220; parallax_speed_bg=&#8220;2.5&#8243; el_class=&#8220;star-sec&#8220; css=&#8220;.vc_custom_1612791452264{background-image: url(\/wp-content\/uploads\/2021\/01\/BGstars2000.jpg?id=7550) !important;}&#8220;][vc_row full_width=&#8220;stretch_row&#8220; el_id=&#8220;astronaut-row&#8220; css=&#8220;.vc_custom_1596710767798{background-image: url(\/wp-content\/uploads\/2020\/08\/astronaut-1.png?id=318) !important;}&#8220;][vc_column width=&#8220;1\/4&#8243;][\/vc_column][vc_column width=&#8220;1\/2&#8243;][vc_column_text]<\/p>\n<h2 class=\"al-center green\">Als \u201eAll in One\u201c Webagentur bedenken wir, dass<\/h2>\n<hr class=\"heading-sep\" \/>\n<p>[\/vc_column_text][vc_column_text el_class=&#8220;al-just big top-mar-row-4&#8243;]1 \u2013 Die Bereitstellung eines globalen Service, der es Ihnen erm\u00f6glicht sich auf Ihr Gesch\u00e4ft zu konzentrieren, w\u00e4hrend wir die Website entwickeln, die Ihre Kunden erwarten. Wir sind technologisch f\u00fchrend und auf der Suche nach neuen Trends in Bezug auf Design, Ergonomie, Benutzerfreundlichkeit, Integration und Programmierung, die es uns erm\u00f6glichen, die besten L\u00f6sungen f\u00fcr Ihre Bed\u00fcrfnisse zu entwickeln.[\/vc_column_text][vc_column_text el_class=&#8220;al-just big top-mar-row-4&#8243;]2 \u2013 Eine Website kein Selbstzweck ist, sie findet im Mittelpunkt Ihrer T\u00e4tigkeit und innerhalb des \u00d6kosystems (Umwelt und Markt) statt und muss als solche flexibel und agil sein, um auf die st\u00e4ndigen Entwicklungen zu reagieren, die von verschiedenen Arten sind:[\/vc_column_text][vc_single_image image=&#8220;318&#8243; img_size=&#8220;medium&#8220; alignment=&#8220;center&#8220; el_class=&#8220;mob-block-767 no-space-img&#8220;][\/vc_column][vc_column width=&#8220;1\/4&#8243; el_class=&#8220;mob-hide-767&#8243;][\/vc_column][\/vc_row][vc_row gap=&#8220;20&#8243; equal_height=&#8220;yes&#8220; el_class=&#8220;icon-row-more-min icon-row&#8220; el_id=&#8220;all-in-one-row&#8220;][vc_column width=&#8220;1\/4&#8243;][vc_column_text el_class=&#8220;al-center&#8220;]<\/p>\n<h4>Ihr Umfeld, Ihre Angebote und Ihre Produkte entwickeln sich weiter.<\/h4>\n<p class=\"small\">Wenn Ihre Website diese Entwicklung nicht widerspiegelt, ist sie nicht im Einklang mit Ihrem Unternehmen und verliert ihren Nutzen.<\/p>\n<p>[\/vc_column_text][\/vc_column][vc_column width=&#8220;1\/4&#8243;][vc_column_text el_class=&#8220;al-center&#8220;]<\/p>\n<h4>\u00c4sthetische Trends und Kodizes ver\u00e4ndern sich.<\/h4>\n<p class=\"small\">M\u00f6glicherweise haben Sie selbst dar\u00fcber nachgedacht, als Sie auf einer Website ankamen, die \u201everaltet\u201c aussah und nicht mehr auf dem neuesten Stand ist\u2026 und Sie sind wahrscheinlich auf eine andere Website gegangen.<\/p>\n<p>[\/vc_column_text][\/vc_column][vc_column width=&#8220;1\/4&#8243;][vc_column_text el_class=&#8220;al-center&#8220;]<\/p>\n<h4>Die Web-Technologie wird immer anspruchsvoller.<\/h4>\n<p class=\"small\">Ein Wartungs- und Aktualisierungspaket f\u00fcr Ihre Website nicht anzunehmen, ist ein bisschen wie ein Auto ohne Versicherung zu fahren oder zu versuchen, Ihren VHS-Videorekorder mit Ihrem neuesten 4k-Fernseher zu verbinden, w\u00fcrden Sie das tun?<\/p>\n<p>[\/vc_column_text][\/vc_column][vc_column width=&#8220;1\/4&#8243;][vc_column_text el_class=&#8220;al-center&#8220;]<\/p>\n<h4>Es m\u00fcssen starke Entscheidungen getroffen werden<\/h4>\n<p class=\"small\">sowohl in Bezug auf die technischen L\u00f6sungen, die Ihre Website ausmachen, als auch in Bezug auf Design und Marketing-Positionierung.<\/p>\n<p class=\"small\">Unser \u201eGrowth Driven Design\u201c Ansatz ist daher eine Garantie daf\u00fcr, dass wir eine nachhaltige Website anbieten, die immer den Erwartungen Ihrer Zielgruppe entspricht.<\/p>\n<p>[\/vc_column_text][\/vc_column][\/vc_row][\/vc_section][vc_section full_width=&#8220;stretch_row&#8220; parallax=&#8220;content-moving&#8220; parallax_speed_bg=&#8220;2&#8243; css=&#8220;.vc_custom_1614012339570{background-image: url(\/wp-content\/uploads\/2021\/02\/PurpleStarsBG5000.jpg?id=7975) !important;}&#8220; el_class=&#8220;white&#8220;][vc_row][vc_column][vc_column_text]<\/p>\n<h2 class=\"al-center green\">Wir bauen vertrauensw\u00fcrdige Partnerschaften mit unseren Kunden auf.<\/h2>\n<hr class=\"heading-sep\" \/>\n<p>[\/vc_column_text][\/vc_column][\/vc_row][vc_row][vc_column width=&#8220;1\/4&#8243;][\/vc_column][vc_column width=&#8220;1\/2&#8243;][vc_single_image image=&#8220;7154&#8243; img_size=&#8220;full&#8220; alignment=&#8220;center&#8220; css=&#8220;.vc_custom_1607341322517{margin-bottom: 0px !important;}&#8220;][vc_column_text el_class=&#8220;big al-just&#8220;]Diese langfristigen Beziehungen, die zu Effizienz und Zeitersparnis f\u00fchren, stehen im Mittelpunkt unseres Gesch\u00e4ftsmodells. Seit unserer Gr\u00fcndung haben wir uns daf\u00fcr entschieden, das Konzept von \u201eWebsite As a Service\u201c in Luxemburg anzuwenden.<\/p>\n<p>Die Idee hinter diesem einzigartigen Konzept von \u201eWebsite As a Service\u201c ist es, den Kunden dauerhaft zu unterst\u00fctzen. In der Tat glauben wir, dass eine Website, die nicht aktualisiert wird, wie ein Auto ist, das nicht gepflegt wird, mit den daraus resultierenden Folgen. Dar\u00fcber hinaus bietet DONE Audit- und Beratungsleistungen, Unterst\u00fctzung und kontinuierliche Aktualisierung der Website und der Inhalte.[\/vc_column_text][\/vc_column][vc_column width=&#8220;1\/4&#8243;][\/vc_column][\/vc_row][vc_row][vc_column][vc_btn title=&#8220;Besuchen Sie unser Portfolio&#8220; align=&#8220;center&#8220; link=&#8220;url:%2Fde%2Freferenzen%2F|title:Referenzen&#8220;][\/vc_column][\/vc_row][\/vc_section][vc_section full_width=&#8220;stretch_row&#8220; parallax=&#8220;content-moving&#8220; parallax_speed_bg=&#8220;2.5&#8243; el_class=&#8220;star-sec&#8220; css=&#8220;.vc_custom_1612791476867{background-image: url(\/wp-content\/uploads\/2021\/02\/BGstars3000-scaled.jpg?id=7622) !important;}&#8220;][vc_row][vc_column][vc_column_text]<\/p>\n<h2 class=\"al-center green\">Ihre Website in 7 Schritten<\/h2>\n<hr class=\"heading-sep\" \/>\n<p>[\/vc_column_text][\/vc_column][\/vc_row][vc_row][vc_column width=&#8220;1\/2&#8243;][vc_single_image image=&#8220;5548&#8243; img_size=&#8220;full&#8220; alignment=&#8220;center&#8220; css=&#8220;.vc_custom_1600941528574{margin-bottom: 0px !important;}&#8220;][\/vc_column][vc_column width=&#8220;1\/2&#8243;][vc_column_text]<\/p>\n<div class=\"step-wrap\">\n<div class=\"step-item\">\n<h4 class=\"green\">1. Kunden-Audit<\/h4>\n<ul class=\"small\">\n<li>Kennenlernen des Unternehmens und dessen Umwelt<\/li>\n<li>Stand der Technik: Ziele und Marketingstrategie<\/li>\n<\/ul>\n<\/div>\n<\/div>\n<div class=\"step-wrap\">\n<div class=\"step-item\">\n<h4 class=\"green\">2. Projektstrategie<\/h4>\n<ul class=\"small\">\n<li>Benchmarking<\/li>\n<li>Untersuchung und Verfeinerung des Projekts<\/li>\n<li>Zielgruppe und Positionierung<\/li>\n<\/ul>\n<\/div>\n<\/div>\n<div class=\"step-wrap\">\n<div class=\"step-item\">\n<h4 class=\"green\">3. Design<\/h4>\n<ul class=\"small\">\n<li>Visuelle Identit\u00e4t<\/li>\n<li>Wireframe<\/li>\n<li>Benutzeroberfl\u00e4che<\/li>\n<li>Kundenspezifisches Webdesign<\/li>\n<li>Responsives Design<\/li>\n<\/ul>\n<\/div>\n<div class=\"step-item multi-step\">\n<h4 class=\"green\">4. Inhalt<\/h4>\n<ul class=\"small\">\n<li>Inhaltsstrategie<\/li>\n<li>Informationsarchitektur<\/li>\n<li>SEO Inhaltserstellung<\/li>\n<\/ul>\n<\/div>\n<div class=\"step-item multi-step\">\n<h4 class=\"green\">5. Integration und Entwicklung<\/h4>\n<ul class=\"small\">\n<li>CMS-Implementatierung<\/li>\n<li>Spezielle Programme und Funktionen<\/li>\n<li>Newsletter-System<\/li>\n<\/ul>\n<\/div>\n<\/div>\n<div class=\"step-wrap\">\n<div class=\"step-item\">\n<h4 class=\"green\">6. Updating<\/h4>\n<ul class=\"small\">\n<li>Aktualisierung der Inhalte<\/li>\n<li>Technische Updates<\/li>\n<\/ul>\n<\/div>\n<\/div>\n<div class=\"step-wrap\">\n<div class=\"step-item\">\n<h4 class=\"green\">7. Support, maintenence<\/h4>\n<ul class=\"small\">\n<li>24\/7<\/li>\n<li>Monitoring<\/li>\n<\/ul>\n<\/div>\n<\/div>\n<p>[\/vc_column_text][\/vc_column][\/vc_row][vc_row equal_height=&#8220;yes&#8220; content_placement=&#8220;middle&#8220; el_class=&#8220;cta-row&#8220; el_id=&#8220;cta-7&#8243;][vc_column width=&#8220;1\/3&#8243; css=&#8220;.vc_custom_1606127567338{background-color: #ffffff !important;}&#8220;][vc_single_image image=&#8220;7064&#8243; img_size=&#8220;full&#8220; alignment=&#8220;center&#8220; el_class=&#8220;no-space-img&#8220;][\/vc_column][vc_column width=&#8220;2\/3&#8243; css=&#8220;.vc_custom_1606127558105{background-color: #79ca30 !important;}&#8220;][vc_column_text]<\/p>\n<h3 class=\"white upper al-center bigger-40\">Sie werden es lieben, mit uns zu arbeiten!<\/h3>\n<p>[\/vc_column_text][vc_row_inner equal_height=&#8220;yes&#8220; el_class=&#8220;cta-inner-icons-row&#8220;][vc_column_inner width=&#8220;1\/3&#8243;][vc_single_image image=&#8220;7042&#8243; img_size=&#8220;full&#8220; alignment=&#8220;center&#8220; css=&#8220;.vc_custom_1606207954168{margin-bottom: 0px !important;}&#8220; el_class=&#8220;no-space-img&#8220;][vc_column_text css=&#8220;.vc_custom_1606208184474{margin-bottom: 0px !important;}&#8220;]<\/p>\n<h4 class=\"al-center white\"><strong>Eine Agentur in menschlicher Gr\u00f6\u00dfe<\/strong><\/h4>\n<p>[\/vc_column_text][\/vc_column_inner][vc_column_inner width=&#8220;1\/3&#8243;][vc_single_image image=&#8220;7039&#8243; img_size=&#8220;full&#8220; alignment=&#8220;center&#8220; css=&#8220;.vc_custom_1606207970692{margin-bottom: 0px !important;}&#8220; el_class=&#8220;no-space-img&#8220;][vc_column_text css=&#8220;.vc_custom_1606208193148{margin-bottom: 0px !important;}&#8220;]<\/p>\n<h4 class=\"al-center white\"><strong>Flie\u00dfende und direkte Beziehungen<\/strong><\/h4>\n<p>[\/vc_column_text][\/vc_column_inner][vc_column_inner width=&#8220;1\/3&#8243;][vc_single_image image=&#8220;7036&#8243; img_size=&#8220;full&#8220; alignment=&#8220;center&#8220; css=&#8220;.vc_custom_1606207989556{margin-bottom: 0px !important;}&#8220; el_class=&#8220;no-space-img&#8220;][vc_column_text css=&#8220;.vc_custom_1606208201760{margin-bottom: 0px !important;}&#8220;]<\/p>\n<h4 class=\"al-center white\"><strong>Leidenschaftliche Experten<\/strong><\/h4>\n<p>[\/vc_column_text][\/vc_column_inner][\/vc_row_inner][vc_row_inner css=&#8220;.vc_custom_1606208209925{margin-bottom: 0px !important;}&#8220;][vc_column_inner width=&#8220;1\/2&#8243;][vc_btn title=&#8220;Besuchen Sie unser Portfolio&#8220; align=&#8220;center&#8220; link=&#8220;url:%2Fde\/referenzen%2F|title:Portfolio&#8220; el_class=&#8220;inverse-btn scroll&#8220;][\/vc_column_inner][vc_column_inner width=&#8220;1\/2&#8243;][vc_btn title=&#8220;Sprechen Sie \u00fcber Ihr Projekt&#8220; align=&#8220;center&#8220; link=&#8220;url:%23footer-contact|title:Contact&#8220; el_class=&#8220;inverse-btn scroll&#8220;][\/vc_column_inner][\/vc_row_inner][\/vc_column][\/vc_row][\/vc_section]<\/p>\n<\/section>","protected":false},"excerpt":{"rendered":"<p>[vc_section full_width=&#8220;stretch_row_content&#8220; parallax=&#8220;content-moving&#8220; parallax_speed_bg=&#8220;2.5&#8243; el_id=&#8220;intro&#8220; css=&#8220;.vc_custom_1596635908694{background-image: url(\/wp-content\/uploads\/2020\/08\/BG-STARS.jpg?id=109) !important;}&#8220;][vc_row el_id=&#8220;iss&#8220; css=&#8220;.vc_custom_1596635068619{background-image: url(\/wp-content\/uploads\/2020\/08\/Moon.png?id=116) !important;}&#8220;][vc_column][vc_single_image image=&#8220;113&#8243; img_size=&#8220;full&#8220; alignment=&#8220;center&#8220; el_class=&#8220;no-space-img&#8220;][\/vc_column][\/vc_row][\/vc_section][vc_section full_width=&#8220;stretch_row&#8220; parallax=&#8220;content-moving&#8220; parallax_speed_bg=&#8220;2&#8243; el_id=&#8220;page-head&#8220; css=&#8220;.vc_custom_1614012323681{background-image: url(\/wp-content\/uploads\/2021\/02\/PurpleStarsBG5000.jpg?id=7975) !important;}&#8220; el_class=&#8220;white&#8220;][vc_row][vc_column width=&#8220;1\/4&#8243;][\/vc_column][vc_column width=&#8220;1\/2&#8243;][vc_column_text]<span class=\"excerpt-hellip\"> [\u2026]<\/span><\/p>\n","protected":false},"author":1,"featured_media":0,"parent":0,"menu_order":0,"comment_status":"closed","ping_status":"closed","template":"","meta":{"inline_featured_image":false,"footnotes":""},"yoast_head":"<!-- This site is optimized with the Yoast SEO plugin v21.5 - https:\/\/yoast.com\/wordpress\/plugins\/seo\/ -->\n<title>Done&#039;s Konzept | Eine Website ist kein fertiges Produkt!<\/title>\n<meta name=\"description\" content=\"Wir bieten ma\u00dfgeschneiderte Websites, die sich mit dem Tempo der Technologie weiterentwickeln, auf sich \u00e4ndernde Trends reagieren und sich an die Ver\u00e4nderungen anpassen, die das Unternehmen in seinem Gesch\u00e4ft und Umfeld erlebt.\" \/>\n<meta name=\"robots\" content=\"index, follow, max-snippet:-1, max-image-preview:large, max-video-preview:-1\" \/>\n<link rel=\"canonical\" href=\"https:\/\/done.lu\/de\/konzept\/\" \/>\n<meta property=\"og:locale\" content=\"de_DE\" \/>\n<meta property=\"og:type\" content=\"article\" \/>\n<meta property=\"og:title\" content=\"Done&#039;s Konzept | Eine Website ist kein fertiges Produkt!\" \/>\n<meta property=\"og:description\" content=\"Wir bieten ma\u00dfgeschneiderte Websites, die sich mit dem Tempo der Technologie weiterentwickeln, auf sich \u00e4ndernde Trends reagieren und sich an die Ver\u00e4nderungen anpassen, die das Unternehmen in seinem Gesch\u00e4ft und Umfeld erlebt.\" \/>\n<meta property=\"og:url\" content=\"https:\/\/done.lu\/de\/konzept\/\" \/>\n<meta property=\"og:site_name\" content=\"Done\" \/>\n<meta property=\"article:publisher\" content=\"https:\/\/www.facebook.com\/donesarl\" \/>\n<meta property=\"article:modified_time\" content=\"2021-02-22T16:45:54+00:00\" \/>\n<meta name=\"twitter:card\" content=\"summary_large_image\" \/>\n<meta name=\"twitter:site\" content=\"@DONElux\" \/>\n<meta name=\"twitter:label1\" content=\"Gesch\u00e4tzte Lesezeit\" \/>\n\t<meta name=\"twitter:data1\" content=\"4\u00a0Minuten\" \/>\n<script type=\"application\/ld+json\" class=\"yoast-schema-graph\">{\"@context\":\"https:\/\/schema.org\",\"@graph\":[{\"@type\":\"WebPage\",\"@id\":\"https:\/\/done.lu\/de\/konzept\/\",\"url\":\"https:\/\/done.lu\/de\/konzept\/\",\"name\":\"Done's Konzept | Eine Website ist kein fertiges Produkt!\",\"isPartOf\":{\"@id\":\"https:\/\/done.lu\/#website\"},\"datePublished\":\"2020-08-05T13:33:25+00:00\",\"dateModified\":\"2021-02-22T16:45:54+00:00\",\"description\":\"Wir bieten ma\u00dfgeschneiderte Websites, die sich mit dem Tempo der Technologie weiterentwickeln, auf sich \u00e4ndernde Trends reagieren und sich an die Ver\u00e4nderungen anpassen, die das Unternehmen in seinem Gesch\u00e4ft und Umfeld erlebt.\",\"breadcrumb\":{\"@id\":\"https:\/\/done.lu\/de\/konzept\/#breadcrumb\"},\"inLanguage\":\"de\",\"potentialAction\":[{\"@type\":\"ReadAction\",\"target\":[\"https:\/\/done.lu\/de\/konzept\/\"]}]},{\"@type\":\"BreadcrumbList\",\"@id\":\"https:\/\/done.lu\/de\/konzept\/#breadcrumb\",\"itemListElement\":[{\"@type\":\"ListItem\",\"position\":1,\"name\":\"Home\",\"item\":\"https:\/\/done.lu\/de\/\"},{\"@type\":\"ListItem\",\"position\":2,\"name\":\"Konzept\"}]},{\"@type\":\"WebSite\",\"@id\":\"https:\/\/done.lu\/#website\",\"url\":\"https:\/\/done.lu\/\",\"name\":\"Done\",\"description\":\"\",\"publisher\":{\"@id\":\"https:\/\/done.lu\/#organization\"},\"potentialAction\":[{\"@type\":\"SearchAction\",\"target\":{\"@type\":\"EntryPoint\",\"urlTemplate\":\"https:\/\/done.lu\/?s={search_term_string}\"},\"query-input\":\"required name=search_term_string\"}],\"inLanguage\":\"de\"},{\"@type\":\"Organization\",\"@id\":\"https:\/\/done.lu\/#organization\",\"name\":\"Done SARL\",\"alternateName\":\"Done Website as a Service\",\"url\":\"https:\/\/done.lu\/\",\"logo\":{\"@type\":\"ImageObject\",\"inLanguage\":\"de\",\"@id\":\"https:\/\/done.lu\/#\/schema\/logo\/image\/\",\"url\":\"https:\/\/done.lu\/wp-content\/uploads\/2024\/07\/logo_done_rgb_neu.jpg\",\"contentUrl\":\"https:\/\/done.lu\/wp-content\/uploads\/2024\/07\/logo_done_rgb_neu.jpg\",\"width\":945,\"height\":377,\"caption\":\"Done SARL\"},\"image\":{\"@id\":\"https:\/\/done.lu\/#\/schema\/logo\/image\/\"},\"sameAs\":[\"https:\/\/www.facebook.com\/donesarl\",\"https:\/\/twitter.com\/DONElux\",\"https:\/\/www.instagram.com\/done.lu\/\",\"https:\/\/www.linkedin.com\/company\/donelux\/\"]}]}<\/script>\n<!-- \/ Yoast SEO plugin. -->","yoast_head_json":{"title":"Done's Konzept | Eine Website ist kein fertiges Produkt!","description":"Wir bieten ma\u00dfgeschneiderte Websites, die sich mit dem Tempo der Technologie weiterentwickeln, auf sich \u00e4ndernde Trends reagieren und sich an die Ver\u00e4nderungen anpassen, die das Unternehmen in seinem Gesch\u00e4ft und Umfeld erlebt.","robots":{"index":"index","follow":"follow","max-snippet":"max-snippet:-1","max-image-preview":"max-image-preview:large","max-video-preview":"max-video-preview:-1"},"canonical":"https:\/\/done.lu\/de\/konzept\/","og_locale":"de_DE","og_type":"article","og_title":"Done's Konzept | Eine Website ist kein fertiges Produkt!","og_description":"Wir bieten ma\u00dfgeschneiderte Websites, die sich mit dem Tempo der Technologie weiterentwickeln, auf sich \u00e4ndernde Trends reagieren und sich an die Ver\u00e4nderungen anpassen, die das Unternehmen in seinem Gesch\u00e4ft und Umfeld erlebt.","og_url":"https:\/\/done.lu\/de\/konzept\/","og_site_name":"Done","article_publisher":"https:\/\/www.facebook.com\/donesarl","article_modified_time":"2021-02-22T16:45:54+00:00","twitter_card":"summary_large_image","twitter_site":"@DONElux","twitter_misc":{"Gesch\u00e4tzte Lesezeit":"4\u00a0Minuten"},"schema":{"@context":"https:\/\/schema.org","@graph":[{"@type":"WebPage","@id":"https:\/\/done.lu\/de\/konzept\/","url":"https:\/\/done.lu\/de\/konzept\/","name":"Done's Konzept | Eine Website ist kein fertiges Produkt!","isPartOf":{"@id":"https:\/\/done.lu\/#website"},"datePublished":"2020-08-05T13:33:25+00:00","dateModified":"2021-02-22T16:45:54+00:00","description":"Wir bieten ma\u00dfgeschneiderte Websites, die sich mit dem Tempo der Technologie weiterentwickeln, auf sich \u00e4ndernde Trends reagieren und sich an die Ver\u00e4nderungen anpassen, die das Unternehmen in seinem Gesch\u00e4ft und Umfeld erlebt.","breadcrumb":{"@id":"https:\/\/done.lu\/de\/konzept\/#breadcrumb"},"inLanguage":"de","potentialAction":[{"@type":"ReadAction","target":["https:\/\/done.lu\/de\/konzept\/"]}]},{"@type":"BreadcrumbList","@id":"https:\/\/done.lu\/de\/konzept\/#breadcrumb","itemListElement":[{"@type":"ListItem","position":1,"name":"Home","item":"https:\/\/done.lu\/de\/"},{"@type":"ListItem","position":2,"name":"Konzept"}]},{"@type":"WebSite","@id":"https:\/\/done.lu\/#website","url":"https:\/\/done.lu\/","name":"Done","description":"","publisher":{"@id":"https:\/\/done.lu\/#organization"},"potentialAction":[{"@type":"SearchAction","target":{"@type":"EntryPoint","urlTemplate":"https:\/\/done.lu\/?s={search_term_string}"},"query-input":"required name=search_term_string"}],"inLanguage":"de"},{"@type":"Organization","@id":"https:\/\/done.lu\/#organization","name":"Done SARL","alternateName":"Done Website as a Service","url":"https:\/\/done.lu\/","logo":{"@type":"ImageObject","inLanguage":"de","@id":"https:\/\/done.lu\/#\/schema\/logo\/image\/","url":"https:\/\/done.lu\/wp-content\/uploads\/2024\/07\/logo_done_rgb_neu.jpg","contentUrl":"https:\/\/done.lu\/wp-content\/uploads\/2024\/07\/logo_done_rgb_neu.jpg","width":945,"height":377,"caption":"Done SARL"},"image":{"@id":"https:\/\/done.lu\/#\/schema\/logo\/image\/"},"sameAs":["https:\/\/www.facebook.com\/donesarl","https:\/\/twitter.com\/DONElux","https:\/\/www.instagram.com\/done.lu\/","https:\/\/www.linkedin.com\/company\/donelux\/"]}]}},"_links":{"self":[{"href":"https:\/\/done.lu\/de\/wp-json\/wp\/v2\/pages\/5557"}],"collection":[{"href":"https:\/\/done.lu\/de\/wp-json\/wp\/v2\/pages"}],"about":[{"href":"https:\/\/done.lu\/de\/wp-json\/wp\/v2\/types\/page"}],"author":[{"embeddable":true,"href":"https:\/\/done.lu\/de\/wp-json\/wp\/v2\/users\/1"}],"replies":[{"embeddable":true,"href":"https:\/\/done.lu\/de\/wp-json\/wp\/v2\/comments?post=5557"}],"version-history":[{"count":11,"href":"https:\/\/done.lu\/de\/wp-json\/wp\/v2\/pages\/5557\/revisions"}],"predecessor-version":[{"id":8667,"href":"https:\/\/done.lu\/de\/wp-json\/wp\/v2\/pages\/5557\/revisions\/8667"}],"wp:attachment":[{"href":"https:\/\/done.lu\/de\/wp-json\/wp\/v2\/media?parent=5557"}],"curies":[{"name":"wp","href":"https:\/\/api.w.org\/{rel}","templated":true}]}}