{"id":5428,"date":"2020-09-23T09:59:16","date_gmt":"2020-09-23T07:59:16","guid":{"rendered":"https:\/\/done.lu\/?page_id=5428"},"modified":"2020-09-23T10:37:58","modified_gmt":"2020-09-23T08:37:58","slug":"testimonials","status":"publish","type":"page","link":"https:\/\/done.lu\/de\/testimonials\/","title":{"rendered":"Testimonials"},"content":{"rendered":"<section class=\"wpb-content-wrapper\"><p>[vc_section full_width=&#8220;stretch_row_content&#8220; parallax=&#8220;content-moving&#8220; parallax_speed_bg=&#8220;2.5&#8243; el_id=&#8220;intro&#8220; css=&#8220;.vc_custom_1596635908694{background-image: url(\/wp-content\/uploads\/2020\/08\/BG-STARS.jpg?id=109) !important;}&#8220;][vc_row el_id=&#8220;iss&#8220; css=&#8220;.vc_custom_1596635068619{background-image: url(\/wp-content\/uploads\/2020\/08\/Moon.png?id=116) !important;}&#8220;][vc_column][vc_single_image image=&#8220;113&#8243; img_size=&#8220;full&#8220; alignment=&#8220;center&#8220; el_class=&#8220;no-space-img&#8220;][\/vc_column][\/vc_row][\/vc_section][vc_section full_width=&#8220;stretch_row&#8220; css=&#8220;.vc_custom_1597047278423{padding-top: 0px !important;background-image: url(\/wp-content\/uploads\/2020\/08\/BGpostGrid.jpg?id=1106) !important;}&#8220;][vc_row el_id=&#8220;ref-wrap&#8220;][vc_column][vc_column_text el_id=&#8220;ref-heading-intro&#8220;]<\/p>\n<h2 class=\"al-center\">Testimonials<\/h2>\n<h3 class=\"al-center\">Sie sprechen \u00fcber uns<\/h3>\n<p>[\/vc_column_text][vc_row_inner][vc_column_inner width=&#8220;1\/4&#8243;][\/vc_column_inner][vc_column_inner width=&#8220;1\/2&#8243;][vc_column_text el_class=&#8220;extra-small&#8220;]Eine Website oder ein E-Commerce zu erstellen ist viel mehr als eine strenge Zusammenarbeit zwischen einem Kunden und seinem Lieferanten, es ist ein menschliches Abenteuer, das aus Offenheit, Vertrauen und guter Laune besteht. Aber schlie\u00dflich sind es unsere Kunden, die am besten dar\u00fcber sprechen k\u00f6nnen.[\/vc_column_text][\/vc_column_inner][vc_column_inner width=&#8220;1\/4&#8243;][\/vc_column_inner][\/vc_row_inner]<div class=\"testimonials_list \"><div class=\"item \"><div class=\"photo\"><div class=\"image_frame no_link scale-with-grid has_border\"><div class=\"image_wrapper\"><img width=\"432\" height=\"180\" src=\"https:\/\/done.lu\/wp-content\/uploads\/2020\/09\/logo.png\" class=\"scale-with-grid wp-post-image\" alt=\"klensch\" decoding=\"async\" srcset=\"https:\/\/done.lu\/wp-content\/uploads\/2020\/09\/logo.png 432w, https:\/\/done.lu\/wp-content\/uploads\/2020\/09\/logo-300x125.png 300w, https:\/\/done.lu\/wp-content\/uploads\/2020\/09\/logo-260x108.png 260w, https:\/\/done.lu\/wp-content\/uploads\/2020\/09\/logo-50x21.png 50w, https:\/\/done.lu\/wp-content\/uploads\/2020\/09\/logo-150x63.png 150w\" sizes=\"(max-width:767px) 432px, 432px\" \/><\/div><\/div><\/div><div class=\"desc\"><h4><a target=\"_blank\" href=\"\/de\/klensch\/\">Restaurant Klensch<\/a><\/h4><p class=\"subtitle\"><\/p><hr class=\"hr_color\" \/><div class=\"blockquote\"><span class=\"mfn-blockquote-icon\"><i class=\"icon-quote\" aria-hidden=\"true\"><\/i><\/span><blockquote>\"Das junge und dynamische Done-Team war kreativ und aufmerksam auf unsere Bed\u00fcrfnisse, um die von uns gew\u00fcnschte moderne und reaktionsf\u00e4hige Website zu bauen.\r\n<br><br>\r\nImmer aufmerksam auf die Bed\u00fcrfnisse des Kunden, empfehlen wir Done f\u00fcr die Erstellung von Websites und f\u00fcr jede andere digitale Verwaltungsaufgabe!\"\r\n<div class=\"testimonial-bottom-link\"><a href=\"\/de\/klensch\">Projekt anschauen<\/a><\/div><\/blockquote><\/div><\/div><\/div>\n<div class=\"item \"><div class=\"photo\"><div class=\"image_frame no_link scale-with-grid has_border\"><div class=\"image_wrapper\"><img width=\"271\" height=\"107\" src=\"https:\/\/done.lu\/wp-content\/uploads\/2020\/11\/logo.png\" class=\"scale-with-grid wp-post-image\" alt=\"zitha\" decoding=\"async\" srcset=\"https:\/\/done.lu\/wp-content\/uploads\/2020\/11\/logo.png 271w, https:\/\/done.lu\/wp-content\/uploads\/2020\/11\/logo-260x103.png 260w, https:\/\/done.lu\/wp-content\/uploads\/2020\/11\/logo-50x20.png 50w, https:\/\/done.lu\/wp-content\/uploads\/2020\/11\/logo-150x59.png 150w\" sizes=\"(max-width:767px) 271px, 271px\" \/><\/div><\/div><\/div><div class=\"desc\"><h4><a target=\"_blank\" href=\"\/de\/zithaaktiv\/\">Zitha<\/a><\/h4><p class=\"subtitle\"><\/p><hr class=\"hr_color\" \/><div class=\"blockquote\"><span class=\"mfn-blockquote-icon\"><i class=\"icon-quote\" aria-hidden=\"true\"><\/i><\/span><blockquote>\"Done - ein motiviertes, schnelles, dynamisches und zuverl\u00e4ssiges Team.\r\n<br><br>\r\nDone - ein Unternehmen, das immer ein offenes Ohr f\u00fcr die Bed\u00fcrfnisse seiner Kunden hat.\r\n<br><br>\r\nSeit Jahren unterst\u00fctzen uns die Mitarbeiter von Done, die ihre Arbeit mit Leidenschaft aus\u00fcben, bei den verschiedenen Marketingans\u00e4tzen zu unserer vollsten Zufriedenheit.\"\r\n<div class=\"testimonial-bottom-link\"><a href=\"\/de\/zithaaktiv\/\">Projekt anschauen<\/a><\/div><\/blockquote><\/div><\/div><\/div>\n<div class=\"item \"><div class=\"photo\"><div class=\"image_frame no_link scale-with-grid has_border\"><div class=\"image_wrapper\"><img src=\"https:\/\/done.lu\/wp-content\/uploads\/2020\/11\/BuecherWumLogo.svg\" class=\"scale-with-grid wp-post-image\" alt=\"\" decoding=\"async\" \/><\/div><\/div><\/div><div class=\"desc\"><h4><a target=\"_blank\" href=\"\/de\/buecherwum\/\">BuecherWum<\/a><\/h4><p class=\"subtitle\"><\/p><hr class=\"hr_color\" \/><div class=\"blockquote\"><span class=\"mfn-blockquote-icon\"><i class=\"icon-quote\" aria-hidden=\"true\"><\/i><\/span><blockquote>\"Das digitale Marketing mit DONE hat mir viele neue K\u00e4ufer gebracht, so viele treue Leser f\u00fcr meine auf Deutsch und Franz\u00f6sisch geschriebenen und ver\u00f6ffentlichten B\u00fccher. \r\n<br>\r\n<br>\r\nIch kann DONE, das eine ausgezeichnete Zusammenarbeit bietet, nur zuversichtlich empfehlen.\"\r\n<div class=\"testimonial-bottom-link\"><a href=\"\/de\/buecherwum\/\">Projekt anschauen<\/a><\/div><\/blockquote><\/div><\/div><\/div>\n<div class=\"item \"><div class=\"photo\"><div class=\"image_frame no_link scale-with-grid has_border\"><div class=\"image_wrapper\"><img src=\"https:\/\/done.lu\/wp-content\/uploads\/2020\/11\/MayanneLogo.svg\" class=\"scale-with-grid wp-post-image\" alt=\"\" decoding=\"async\" \/><\/div><\/div><\/div><div class=\"desc\"><h4><a target=\"_blank\" href=\"\/mayanne\/\">Mayanne Ev\u00e9nementiel<\/a><\/h4><p class=\"subtitle\"><\/p><hr class=\"hr_color\" \/><div class=\"blockquote\"><span class=\"mfn-blockquote-icon\"><i class=\"icon-quote\" aria-hidden=\"true\"><\/i><\/span><blockquote>\"Danke an das ganze Team f\u00fcr seine Professionalit\u00e4t, seine Reaktivit\u00e4t, seine Didaktik und vor allem seine Freundlichkeit.\r\n<br><br>\r\nDanke, dass Sie die Ideen, die in meinem Kopf waren, erdacht, realisiert und online gestellt haben! Nochmals DANKE und BRAVO.\"\r\n<div class=\"testimonial-bottom-link\"><a href=\"\/de\/mayanne\">Projekt anschauen<\/a><\/div><\/blockquote><\/div><\/div><\/div>\n<div class=\"item \"><div class=\"photo\"><div class=\"image_frame no_link scale-with-grid has_border\"><div class=\"image_wrapper\"><img src=\"https:\/\/done.lu\/wp-content\/uploads\/2020\/11\/ProphamedisLogo.svg\" class=\"scale-with-grid wp-post-image\" alt=\"prophamedis\" decoding=\"async\" \/><\/div><\/div><\/div><div class=\"desc\"><h4><a target=\"_blank\" href=\"\/de\/prophamedis\">ProPhaMeDis<\/a><\/h4><p class=\"subtitle\"><\/p><hr class=\"hr_color\" \/><div class=\"blockquote\"><span class=\"mfn-blockquote-icon\"><i class=\"icon-quote\" aria-hidden=\"true\"><\/i><\/span><blockquote>\"Ein professionelles und seri\u00f6ses Team, sehr verf\u00fcgbar und aufmerksam! DONE hat dank seiner Beratung und Dienstleistungen enorm zum Wachstum unseres Unternehmens beigetragen! \r\n<br><br>\r\nWir sind mit den Dienstleistungen von DONE zufrieden und freuen uns sehr \u00fcber die Zusammenarbeit mit ihrem Team!\"\r\n<div class=\"testimonial-bottom-link\"><a href=\"\/de\/prophamedis\/\">Projekt anschauen<\/a><\/div><\/blockquote><\/div><\/div><\/div>\n<\/div>\n[\/vc_column][\/vc_row][\/vc_section]<\/p>\n<\/section>","protected":false},"excerpt":{"rendered":"<p>[vc_section full_width=&#8220;stretch_row_content&#8220; parallax=&#8220;content-moving&#8220; parallax_speed_bg=&#8220;2.5&#8243; el_id=&#8220;intro&#8220; css=&#8220;.vc_custom_1596635908694{background-image: url(\/wp-content\/uploads\/2020\/08\/BG-STARS.jpg?id=109) !important;}&#8220;][vc_row el_id=&#8220;iss&#8220; css=&#8220;.vc_custom_1596635068619{background-image: url(\/wp-content\/uploads\/2020\/08\/Moon.png?id=116) !important;}&#8220;][vc_column][vc_single_image image=&#8220;113&#8243; img_size=&#8220;full&#8220; alignment=&#8220;center&#8220; el_class=&#8220;no-space-img&#8220;][\/vc_column][\/vc_row][\/vc_section][vc_section full_width=&#8220;stretch_row&#8220; css=&#8220;.vc_custom_1597047278423{padding-top: 0px !important;background-image: url(\/wp-content\/uploads\/2020\/08\/BGpostGrid.jpg?id=1106) !important;}&#8220;][vc_row el_id=&#8220;ref-wrap&#8220;][vc_column][vc_column_text el_id=&#8220;ref-heading-intro&#8220;] Testimonials Sie<span class=\"excerpt-hellip\"> [\u2026]<\/span><\/p>\n","protected":false},"author":1,"featured_media":0,"parent":0,"menu_order":0,"comment_status":"closed","ping_status":"closed","template":"","meta":{"inline_featured_image":false,"footnotes":""},"yoast_head":"<!-- This site is optimized with the Yoast SEO plugin v21.5 - https:\/\/yoast.com\/wordpress\/plugins\/seo\/ -->\n<title>Testimonials und Meinungen unserer Kunden | Done Webagentur in Luxemburg<\/title>\n<meta name=\"description\" content=\"Seit 2014 haben uns viele von Ihnen ihre Web- und Digitalprojekte anvertraut. Unsere Kunden sind zu unseren besten Botschaftern geworden. Entdecken Sie ihre Meinungen \u00fcber unsere Webagentur.\" \/>\n<meta name=\"robots\" content=\"index, follow, max-snippet:-1, max-image-preview:large, max-video-preview:-1\" \/>\n<link rel=\"canonical\" href=\"https:\/\/done.lu\/de\/testimonials\/\" \/>\n<meta property=\"og:locale\" content=\"de_DE\" \/>\n<meta property=\"og:type\" content=\"article\" \/>\n<meta property=\"og:title\" content=\"Testimonials und Meinungen unserer Kunden | Done Webagentur in Luxemburg\" \/>\n<meta property=\"og:description\" content=\"Seit 2014 haben uns viele von Ihnen ihre Web- und Digitalprojekte anvertraut. Unsere Kunden sind zu unseren besten Botschaftern geworden. Entdecken Sie ihre Meinungen \u00fcber unsere Webagentur.\" \/>\n<meta property=\"og:url\" content=\"https:\/\/done.lu\/de\/testimonials\/\" \/>\n<meta property=\"og:site_name\" content=\"Done\" \/>\n<meta property=\"article:publisher\" content=\"https:\/\/www.facebook.com\/donesarl\" \/>\n<meta property=\"article:modified_time\" content=\"2020-09-23T08:37:58+00:00\" \/>\n<meta name=\"twitter:card\" content=\"summary_large_image\" \/>\n<meta name=\"twitter:site\" content=\"@DONElux\" \/>\n<meta name=\"twitter:label1\" content=\"Gesch\u00e4tzte Lesezeit\" \/>\n\t<meta name=\"twitter:data1\" content=\"1\u00a0Minute\" \/>\n<script type=\"application\/ld+json\" class=\"yoast-schema-graph\">{\"@context\":\"https:\/\/schema.org\",\"@graph\":[{\"@type\":\"WebPage\",\"@id\":\"https:\/\/done.lu\/de\/testimonials\/\",\"url\":\"https:\/\/done.lu\/de\/testimonials\/\",\"name\":\"Testimonials und Meinungen unserer Kunden | Done Webagentur in Luxemburg\",\"isPartOf\":{\"@id\":\"https:\/\/done.lu\/#website\"},\"datePublished\":\"2020-09-23T07:59:16+00:00\",\"dateModified\":\"2020-09-23T08:37:58+00:00\",\"description\":\"Seit 2014 haben uns viele von Ihnen ihre Web- und Digitalprojekte anvertraut. Unsere Kunden sind zu unseren besten Botschaftern geworden. Entdecken Sie ihre Meinungen \u00fcber unsere Webagentur.\",\"breadcrumb\":{\"@id\":\"https:\/\/done.lu\/de\/testimonials\/#breadcrumb\"},\"inLanguage\":\"de\",\"potentialAction\":[{\"@type\":\"ReadAction\",\"target\":[\"https:\/\/done.lu\/de\/testimonials\/\"]}]},{\"@type\":\"BreadcrumbList\",\"@id\":\"https:\/\/done.lu\/de\/testimonials\/#breadcrumb\",\"itemListElement\":[{\"@type\":\"ListItem\",\"position\":1,\"name\":\"Home\",\"item\":\"https:\/\/done.lu\/de\/\"},{\"@type\":\"ListItem\",\"position\":2,\"name\":\"Testimonials\"}]},{\"@type\":\"WebSite\",\"@id\":\"https:\/\/done.lu\/#website\",\"url\":\"https:\/\/done.lu\/\",\"name\":\"Done\",\"description\":\"\",\"publisher\":{\"@id\":\"https:\/\/done.lu\/#organization\"},\"potentialAction\":[{\"@type\":\"SearchAction\",\"target\":{\"@type\":\"EntryPoint\",\"urlTemplate\":\"https:\/\/done.lu\/?s={search_term_string}\"},\"query-input\":\"required name=search_term_string\"}],\"inLanguage\":\"de\"},{\"@type\":\"Organization\",\"@id\":\"https:\/\/done.lu\/#organization\",\"name\":\"Done SARL\",\"alternateName\":\"Done Website as a Service\",\"url\":\"https:\/\/done.lu\/\",\"logo\":{\"@type\":\"ImageObject\",\"inLanguage\":\"de\",\"@id\":\"https:\/\/done.lu\/#\/schema\/logo\/image\/\",\"url\":\"https:\/\/done.lu\/wp-content\/uploads\/2024\/07\/logo_done_rgb_neu.jpg\",\"contentUrl\":\"https:\/\/done.lu\/wp-content\/uploads\/2024\/07\/logo_done_rgb_neu.jpg\",\"width\":945,\"height\":377,\"caption\":\"Done SARL\"},\"image\":{\"@id\":\"https:\/\/done.lu\/#\/schema\/logo\/image\/\"},\"sameAs\":[\"https:\/\/www.facebook.com\/donesarl\",\"https:\/\/twitter.com\/DONElux\",\"https:\/\/www.instagram.com\/done.lu\/\",\"https:\/\/www.linkedin.com\/company\/donelux\/\"]}]}<\/script>\n<!-- \/ Yoast SEO plugin. -->","yoast_head_json":{"title":"Testimonials und Meinungen unserer Kunden | Done Webagentur in Luxemburg","description":"Seit 2014 haben uns viele von Ihnen ihre Web- und Digitalprojekte anvertraut. Unsere Kunden sind zu unseren besten Botschaftern geworden. Entdecken Sie ihre Meinungen \u00fcber unsere Webagentur.","robots":{"index":"index","follow":"follow","max-snippet":"max-snippet:-1","max-image-preview":"max-image-preview:large","max-video-preview":"max-video-preview:-1"},"canonical":"https:\/\/done.lu\/de\/testimonials\/","og_locale":"de_DE","og_type":"article","og_title":"Testimonials und Meinungen unserer Kunden | Done Webagentur in Luxemburg","og_description":"Seit 2014 haben uns viele von Ihnen ihre Web- und Digitalprojekte anvertraut. Unsere Kunden sind zu unseren besten Botschaftern geworden. Entdecken Sie ihre Meinungen \u00fcber unsere Webagentur.","og_url":"https:\/\/done.lu\/de\/testimonials\/","og_site_name":"Done","article_publisher":"https:\/\/www.facebook.com\/donesarl","article_modified_time":"2020-09-23T08:37:58+00:00","twitter_card":"summary_large_image","twitter_site":"@DONElux","twitter_misc":{"Gesch\u00e4tzte Lesezeit":"1\u00a0Minute"},"schema":{"@context":"https:\/\/schema.org","@graph":[{"@type":"WebPage","@id":"https:\/\/done.lu\/de\/testimonials\/","url":"https:\/\/done.lu\/de\/testimonials\/","name":"Testimonials und Meinungen unserer Kunden | Done Webagentur in Luxemburg","isPartOf":{"@id":"https:\/\/done.lu\/#website"},"datePublished":"2020-09-23T07:59:16+00:00","dateModified":"2020-09-23T08:37:58+00:00","description":"Seit 2014 haben uns viele von Ihnen ihre Web- und Digitalprojekte anvertraut. Unsere Kunden sind zu unseren besten Botschaftern geworden. Entdecken Sie ihre Meinungen \u00fcber unsere Webagentur.","breadcrumb":{"@id":"https:\/\/done.lu\/de\/testimonials\/#breadcrumb"},"inLanguage":"de","potentialAction":[{"@type":"ReadAction","target":["https:\/\/done.lu\/de\/testimonials\/"]}]},{"@type":"BreadcrumbList","@id":"https:\/\/done.lu\/de\/testimonials\/#breadcrumb","itemListElement":[{"@type":"ListItem","position":1,"name":"Home","item":"https:\/\/done.lu\/de\/"},{"@type":"ListItem","position":2,"name":"Testimonials"}]},{"@type":"WebSite","@id":"https:\/\/done.lu\/#website","url":"https:\/\/done.lu\/","name":"Done","description":"","publisher":{"@id":"https:\/\/done.lu\/#organization"},"potentialAction":[{"@type":"SearchAction","target":{"@type":"EntryPoint","urlTemplate":"https:\/\/done.lu\/?s={search_term_string}"},"query-input":"required name=search_term_string"}],"inLanguage":"de"},{"@type":"Organization","@id":"https:\/\/done.lu\/#organization","name":"Done SARL","alternateName":"Done Website as a Service","url":"https:\/\/done.lu\/","logo":{"@type":"ImageObject","inLanguage":"de","@id":"https:\/\/done.lu\/#\/schema\/logo\/image\/","url":"https:\/\/done.lu\/wp-content\/uploads\/2024\/07\/logo_done_rgb_neu.jpg","contentUrl":"https:\/\/done.lu\/wp-content\/uploads\/2024\/07\/logo_done_rgb_neu.jpg","width":945,"height":377,"caption":"Done SARL"},"image":{"@id":"https:\/\/done.lu\/#\/schema\/logo\/image\/"},"sameAs":["https:\/\/www.facebook.com\/donesarl","https:\/\/twitter.com\/DONElux","https:\/\/www.instagram.com\/done.lu\/","https:\/\/www.linkedin.com\/company\/donelux\/"]}]}},"_links":{"self":[{"href":"https:\/\/done.lu\/de\/wp-json\/wp\/v2\/pages\/5428"}],"collection":[{"href":"https:\/\/done.lu\/de\/wp-json\/wp\/v2\/pages"}],"about":[{"href":"https:\/\/done.lu\/de\/wp-json\/wp\/v2\/types\/page"}],"author":[{"embeddable":true,"href":"https:\/\/done.lu\/de\/wp-json\/wp\/v2\/users\/1"}],"replies":[{"embeddable":true,"href":"https:\/\/done.lu\/de\/wp-json\/wp\/v2\/comments?post=5428"}],"version-history":[{"count":2,"href":"https:\/\/done.lu\/de\/wp-json\/wp\/v2\/pages\/5428\/revisions"}],"predecessor-version":[{"id":5455,"href":"https:\/\/done.lu\/de\/wp-json\/wp\/v2\/pages\/5428\/revisions\/5455"}],"wp:attachment":[{"href":"https:\/\/done.lu\/de\/wp-json\/wp\/v2\/media?parent=5428"}],"curies":[{"name":"wp","href":"https:\/\/api.w.org\/{rel}","templated":true}]}}