{"id":5402,"date":"2020-08-05T15:21:57","date_gmt":"2020-08-05T13:21:57","guid":{"rendered":"https:\/\/done.lu\/blog\/"},"modified":"2021-04-28T16:33:15","modified_gmt":"2021-04-28T14:33:15","slug":"blog","status":"publish","type":"page","link":"https:\/\/done.lu\/de\/blog\/","title":{"rendered":"Blog"},"content":{"rendered":"<section class=\"wpb-content-wrapper\"><p>[vc_section full_width=&#8220;stretch_row_content&#8220; parallax=&#8220;content-moving&#8220; parallax_speed_bg=&#8220;2.5&#8243; el_id=&#8220;intro&#8220; css=&#8220;.vc_custom_1596635908694{background-image: url(\/wp-content\/uploads\/2020\/08\/BG-STARS.jpg?id=109) !important;}&#8220;][vc_row el_id=&#8220;iss&#8220; css=&#8220;.vc_custom_1596635068619{background-image: url(\/wp-content\/uploads\/2020\/08\/Moon.png?id=116) !important;}&#8220;][vc_column][vc_single_image image=&#8220;113&#8243; img_size=&#8220;full&#8220; alignment=&#8220;center&#8220; el_class=&#8220;no-space-img&#8220;][\/vc_column][\/vc_row][\/vc_section][vc_section full_width=&#8220;stretch_row&#8220; el_id=&#8220;blog-grid-wrap&#8220; css=&#8220;.vc_custom_1597044225681{background-image: url(\/wp-content\/uploads\/2020\/08\/BGpostGrid.jpg?id=1106) !important;}&#8220;][vc_row el_id=&#8220;blog-content-wrap&#8220;][vc_column][vc_column_text]<\/p>\n<h1 class=\"lowercase\">Die neuesten digitalen Nachrichten in Luxemburg und dar\u00fcber hinaus finden Sie in unserem Blog.<\/h1>\n<p>[\/vc_column_text][vc_column_text el_class=&#8220;extra-small&#8220;]Webdesign, Digitales Marketing, SEO, Website-Erstellung, E-Commerce-L\u00f6sungen \u2026 wir ver\u00f6ffentlichen mindestens einen Artikel pro Woche in der wir Ihnen unseren Standpunkt und unsere Ratschl\u00e4ge f\u00fcr die Verbesserung der Effizienz Ihrer Online-Kommunikation.<\/p>\n<p>Z\u00f6gern Sie nicht, unseren Newsletter zu abonnieren, um unsere neuesten Publikationen zu erhalten.[\/vc_column_text][vc_basic_grid post_type=&#8220;post&#8220; max_items=&#8220;-1&#8243; show_filter=&#8220;yes&#8220; item=&#8220;5396&#8243; grid_id=&#8220;vc_gid:1619620368381-b4e13a49-039f-6&#8243; taxonomies=&#8220;4&#8243; filter_source=&#8220;category&#8220; el_class=&#8220;blog-post-grid&#8220;][\/vc_column][\/vc_row][\/vc_section]<\/p>\n<\/section>","protected":false},"excerpt":{"rendered":"<p>[vc_section full_width=&#8220;stretch_row_content&#8220; parallax=&#8220;content-moving&#8220; parallax_speed_bg=&#8220;2.5&#8243; el_id=&#8220;intro&#8220; css=&#8220;.vc_custom_1596635908694{background-image: url(\/wp-content\/uploads\/2020\/08\/BG-STARS.jpg?id=109) !important;}&#8220;][vc_row el_id=&#8220;iss&#8220; css=&#8220;.vc_custom_1596635068619{background-image: url(\/wp-content\/uploads\/2020\/08\/Moon.png?id=116) !important;}&#8220;][vc_column][vc_single_image image=&#8220;113&#8243; img_size=&#8220;full&#8220; alignment=&#8220;center&#8220; el_class=&#8220;no-space-img&#8220;][\/vc_column][\/vc_row][\/vc_section][vc_section full_width=&#8220;stretch_row&#8220; el_id=&#8220;blog-grid-wrap&#8220; css=&#8220;.vc_custom_1597044225681{background-image: url(\/wp-content\/uploads\/2020\/08\/BGpostGrid.jpg?id=1106) !important;}&#8220;][vc_row el_id=&#8220;blog-content-wrap&#8220;][vc_column][vc_column_text] Die neuesten digitalen Nachrichten<span class=\"excerpt-hellip\"> [\u2026]<\/span><\/p>\n","protected":false},"author":1,"featured_media":0,"parent":0,"menu_order":0,"comment_status":"closed","ping_status":"closed","template":"","meta":{"inline_featured_image":false,"footnotes":""},"yoast_head":"<!-- This site is optimized with the Yoast SEO plugin v21.5 - https:\/\/yoast.com\/wordpress\/plugins\/seo\/ -->\n<title>In unserem Blog finden Sie viele Infos und hilfreiche und relevante Inhalte<\/title>\n<meta name=\"description\" content=\"Sie sind hier auf unserem Blog - Sie werden lustige und hilfreiche Dinge hier finden, aber gehen Sie nicht verloren.....\" \/>\n<meta name=\"robots\" content=\"index, follow, max-snippet:-1, max-image-preview:large, max-video-preview:-1\" \/>\n<link rel=\"canonical\" href=\"https:\/\/done.lu\/de\/blog\/\" \/>\n<meta property=\"og:locale\" content=\"de_DE\" \/>\n<meta property=\"og:type\" content=\"article\" \/>\n<meta property=\"og:title\" content=\"In unserem Blog finden Sie viele Infos und hilfreiche und relevante Inhalte\" \/>\n<meta property=\"og:description\" content=\"Sie sind hier auf unserem Blog - Sie werden lustige und hilfreiche Dinge hier finden, aber gehen Sie nicht verloren.....\" \/>\n<meta property=\"og:url\" content=\"https:\/\/done.lu\/de\/blog\/\" \/>\n<meta property=\"og:site_name\" content=\"Done\" \/>\n<meta property=\"article:publisher\" content=\"https:\/\/www.facebook.com\/donesarl\" \/>\n<meta property=\"article:modified_time\" content=\"2021-04-28T14:33:15+00:00\" \/>\n<meta name=\"twitter:card\" content=\"summary_large_image\" \/>\n<meta name=\"twitter:site\" content=\"@DONElux\" \/>\n<meta name=\"twitter:label1\" content=\"Gesch\u00e4tzte Lesezeit\" \/>\n\t<meta name=\"twitter:data1\" content=\"1\u00a0Minute\" \/>\n<script type=\"application\/ld+json\" class=\"yoast-schema-graph\">{\"@context\":\"https:\/\/schema.org\",\"@graph\":[{\"@type\":\"WebPage\",\"@id\":\"https:\/\/done.lu\/de\/blog\/\",\"url\":\"https:\/\/done.lu\/de\/blog\/\",\"name\":\"In unserem Blog finden Sie viele Infos und hilfreiche und relevante Inhalte\",\"isPartOf\":{\"@id\":\"https:\/\/done.lu\/#website\"},\"datePublished\":\"2020-08-05T13:21:57+00:00\",\"dateModified\":\"2021-04-28T14:33:15+00:00\",\"description\":\"Sie sind hier auf unserem Blog - Sie werden lustige und hilfreiche Dinge hier finden, aber gehen Sie nicht verloren.....\",\"breadcrumb\":{\"@id\":\"https:\/\/done.lu\/de\/blog\/#breadcrumb\"},\"inLanguage\":\"de\",\"potentialAction\":[{\"@type\":\"ReadAction\",\"target\":[\"https:\/\/done.lu\/de\/blog\/\"]}]},{\"@type\":\"BreadcrumbList\",\"@id\":\"https:\/\/done.lu\/de\/blog\/#breadcrumb\",\"itemListElement\":[{\"@type\":\"ListItem\",\"position\":1,\"name\":\"Home\",\"item\":\"https:\/\/done.lu\/de\/\"},{\"@type\":\"ListItem\",\"position\":2,\"name\":\"Blog\"}]},{\"@type\":\"WebSite\",\"@id\":\"https:\/\/done.lu\/#website\",\"url\":\"https:\/\/done.lu\/\",\"name\":\"Done\",\"description\":\"\",\"publisher\":{\"@id\":\"https:\/\/done.lu\/#organization\"},\"potentialAction\":[{\"@type\":\"SearchAction\",\"target\":{\"@type\":\"EntryPoint\",\"urlTemplate\":\"https:\/\/done.lu\/?s={search_term_string}\"},\"query-input\":\"required name=search_term_string\"}],\"inLanguage\":\"de\"},{\"@type\":\"Organization\",\"@id\":\"https:\/\/done.lu\/#organization\",\"name\":\"Done SARL\",\"alternateName\":\"Done Website as a Service\",\"url\":\"https:\/\/done.lu\/\",\"logo\":{\"@type\":\"ImageObject\",\"inLanguage\":\"de\",\"@id\":\"https:\/\/done.lu\/#\/schema\/logo\/image\/\",\"url\":\"https:\/\/done.lu\/wp-content\/uploads\/2024\/07\/logo_done_rgb_neu.jpg\",\"contentUrl\":\"https:\/\/done.lu\/wp-content\/uploads\/2024\/07\/logo_done_rgb_neu.jpg\",\"width\":945,\"height\":377,\"caption\":\"Done SARL\"},\"image\":{\"@id\":\"https:\/\/done.lu\/#\/schema\/logo\/image\/\"},\"sameAs\":[\"https:\/\/www.facebook.com\/donesarl\",\"https:\/\/twitter.com\/DONElux\",\"https:\/\/www.instagram.com\/done.lu\/\",\"https:\/\/www.linkedin.com\/company\/donelux\/\"]}]}<\/script>\n<!-- \/ Yoast SEO plugin. -->","yoast_head_json":{"title":"In unserem Blog finden Sie viele Infos und hilfreiche und relevante Inhalte","description":"Sie sind hier auf unserem Blog - Sie werden lustige und hilfreiche Dinge hier finden, aber gehen Sie nicht verloren.....","robots":{"index":"index","follow":"follow","max-snippet":"max-snippet:-1","max-image-preview":"max-image-preview:large","max-video-preview":"max-video-preview:-1"},"canonical":"https:\/\/done.lu\/de\/blog\/","og_locale":"de_DE","og_type":"article","og_title":"In unserem Blog finden Sie viele Infos und hilfreiche und relevante Inhalte","og_description":"Sie sind hier auf unserem Blog - Sie werden lustige und hilfreiche Dinge hier finden, aber gehen Sie nicht verloren.....","og_url":"https:\/\/done.lu\/de\/blog\/","og_site_name":"Done","article_publisher":"https:\/\/www.facebook.com\/donesarl","article_modified_time":"2021-04-28T14:33:15+00:00","twitter_card":"summary_large_image","twitter_site":"@DONElux","twitter_misc":{"Gesch\u00e4tzte Lesezeit":"1\u00a0Minute"},"schema":{"@context":"https:\/\/schema.org","@graph":[{"@type":"WebPage","@id":"https:\/\/done.lu\/de\/blog\/","url":"https:\/\/done.lu\/de\/blog\/","name":"In unserem Blog finden Sie viele Infos und hilfreiche und relevante Inhalte","isPartOf":{"@id":"https:\/\/done.lu\/#website"},"datePublished":"2020-08-05T13:21:57+00:00","dateModified":"2021-04-28T14:33:15+00:00","description":"Sie sind hier auf unserem Blog - Sie werden lustige und hilfreiche Dinge hier finden, aber gehen Sie nicht verloren.....","breadcrumb":{"@id":"https:\/\/done.lu\/de\/blog\/#breadcrumb"},"inLanguage":"de","potentialAction":[{"@type":"ReadAction","target":["https:\/\/done.lu\/de\/blog\/"]}]},{"@type":"BreadcrumbList","@id":"https:\/\/done.lu\/de\/blog\/#breadcrumb","itemListElement":[{"@type":"ListItem","position":1,"name":"Home","item":"https:\/\/done.lu\/de\/"},{"@type":"ListItem","position":2,"name":"Blog"}]},{"@type":"WebSite","@id":"https:\/\/done.lu\/#website","url":"https:\/\/done.lu\/","name":"Done","description":"","publisher":{"@id":"https:\/\/done.lu\/#organization"},"potentialAction":[{"@type":"SearchAction","target":{"@type":"EntryPoint","urlTemplate":"https:\/\/done.lu\/?s={search_term_string}"},"query-input":"required name=search_term_string"}],"inLanguage":"de"},{"@type":"Organization","@id":"https:\/\/done.lu\/#organization","name":"Done SARL","alternateName":"Done Website as a Service","url":"https:\/\/done.lu\/","logo":{"@type":"ImageObject","inLanguage":"de","@id":"https:\/\/done.lu\/#\/schema\/logo\/image\/","url":"https:\/\/done.lu\/wp-content\/uploads\/2024\/07\/logo_done_rgb_neu.jpg","contentUrl":"https:\/\/done.lu\/wp-content\/uploads\/2024\/07\/logo_done_rgb_neu.jpg","width":945,"height":377,"caption":"Done SARL"},"image":{"@id":"https:\/\/done.lu\/#\/schema\/logo\/image\/"},"sameAs":["https:\/\/www.facebook.com\/donesarl","https:\/\/twitter.com\/DONElux","https:\/\/www.instagram.com\/done.lu\/","https:\/\/www.linkedin.com\/company\/donelux\/"]}]}},"_links":{"self":[{"href":"https:\/\/done.lu\/de\/wp-json\/wp\/v2\/pages\/5402"}],"collection":[{"href":"https:\/\/done.lu\/de\/wp-json\/wp\/v2\/pages"}],"about":[{"href":"https:\/\/done.lu\/de\/wp-json\/wp\/v2\/types\/page"}],"author":[{"embeddable":true,"href":"https:\/\/done.lu\/de\/wp-json\/wp\/v2\/users\/1"}],"replies":[{"embeddable":true,"href":"https:\/\/done.lu\/de\/wp-json\/wp\/v2\/comments?post=5402"}],"version-history":[{"count":4,"href":"https:\/\/done.lu\/de\/wp-json\/wp\/v2\/pages\/5402\/revisions"}],"predecessor-version":[{"id":9594,"href":"https:\/\/done.lu\/de\/wp-json\/wp\/v2\/pages\/5402\/revisions\/9594"}],"wp:attachment":[{"href":"https:\/\/done.lu\/de\/wp-json\/wp\/v2\/media?parent=5402"}],"curies":[{"name":"wp","href":"https:\/\/api.w.org\/{rel}","templated":true}]}}