{"id":12357,"date":"2025-04-01T18:06:34","date_gmt":"2025-04-01T16:06:34","guid":{"rendered":"https:\/\/done.lu\/pick-your-path\/"},"modified":"2025-04-15T16:38:47","modified_gmt":"2025-04-15T14:38:47","slug":"pick-your-path","status":"publish","type":"page","link":"https:\/\/done.lu\/de\/pick-your-path\/","title":{"rendered":"Pick Your Path"},"content":{"rendered":"<section class=\"wpb-content-wrapper\"><p>[vc_section full_width=&#8220;stretch_row_content&#8220; el_id=&#8220;custom-header&#8220; css=&#8220;.vc_custom_1743519154120{padding-top: 0px !important;background-color: #282624 !important;}&#8220;][vc_row full_width=&#8220;stretch_row_content&#8220; equal_height=&#8220;yes&#8220; content_placement=&#8220;middle&#8220; css=&#8220;.vc_custom_1743519167169{margin-top: 25px !important;}&#8220;][vc_column width=&#8220;1\/2&#8243;][vc_single_image image=&#8220;5368&#8243; img_size=&#8220;full&#8220; css=&#8220;.vc_custom_1743519077613{margin-left: 50px !important;padding-bottom: 15px !important;}&#8220;][\/vc_column][vc_column width=&#8220;1\/4&#8243;][\/vc_column][vc_column width=&#8220;2\/12&#8243;][vc_column_text el_class=&#8220;menu-items&#8220; css=&#8220;.vc_custom_1744690646065{margin-right: 100px !important;padding-bottom: 50px !important;}&#8220;]<\/p>\n<p style=\"text-align: right;\"><a href=\"https:\/\/done.lu\/de\/kontakt\/\">Kontakt<\/a><\/p>\n<p>[\/vc_column_text][\/vc_column][vc_column width=&#8220;1\/12&#8243;][vc_column_text]\n<div\n\t class=\"wpml-ls-sidebars- wpml-ls wpml-ls-legacy-dropdown js-wpml-ls-legacy-dropdown\">\n\t<ul>\n\n\t\t<li tabindex=\"0\" class=\"wpml-ls-slot- wpml-ls-item wpml-ls-item-de wpml-ls-current-language wpml-ls-last-item wpml-ls-item-legacy-dropdown\">\n\t\t\t<a href=\"#\" class=\"js-wpml-ls-item-toggle wpml-ls-item-toggle\">\n                                                    <img\n            class=\"wpml-ls-flag\"\n            src=\"https:\/\/done.lu\/wp-content\/plugins\/sitepress-multilingual-cms\/res\/flags\/de.png\"\n            alt=\"\"\n            width=18\n            height=12\n    \/><span class=\"wpml-ls-native\">Deutsch<\/span><\/a>\n\n\t\t\t<ul class=\"wpml-ls-sub-menu\">\n\t\t\t\t\n\t\t\t\t\t<li class=\"wpml-ls-slot- wpml-ls-item wpml-ls-item-en wpml-ls-first-item\">\n\t\t\t\t\t\t<a href=\"https:\/\/done.lu\" class=\"wpml-ls-link\">\n                                                                <img\n            class=\"wpml-ls-flag\"\n            src=\"https:\/\/done.lu\/wp-content\/plugins\/sitepress-multilingual-cms\/res\/flags\/en.png\"\n            alt=\"\"\n            width=18\n            height=12\n    \/><span class=\"wpml-ls-display\">Englisch<\/span><\/a>\n\t\t\t\t\t<\/li>\n\n\t\t\t\t\n\t\t\t\t\t<li class=\"wpml-ls-slot- wpml-ls-item wpml-ls-item-fr\">\n\t\t\t\t\t\t<a href=\"https:\/\/done.lu\/fr\/\" class=\"wpml-ls-link\">\n                                                                <img\n            class=\"wpml-ls-flag\"\n            src=\"https:\/\/done.lu\/wp-content\/plugins\/sitepress-multilingual-cms\/res\/flags\/fr.png\"\n            alt=\"\"\n            width=18\n            height=12\n    \/><span class=\"wpml-ls-display\">Franz\u00f6sisch<\/span><\/a>\n\t\t\t\t\t<\/li>\n\n\t\t\t\t\t\t\t<\/ul>\n\n\t\t<\/li>\n\n\t<\/ul>\n<\/div>\n[\/vc_column_text][\/vc_column][\/vc_row][\/vc_section][vc_section full_width=&#8220;stretch_row_content&#8220; full_height=&#8220;yes&#8220; content_placement=&#8220;middle&#8220; el_id=&#8220;intro&#8220; css=&#8220;.vc_custom_1743523029292{background-image: url(https:\/\/done.lu\/wp-content\/uploads\/2025\/04\/Mask-Group-127.jpg?id=12168) !important;}&#8220;][vc_row full_width=&#8220;stretch_row_content_no_spaces&#8220; full_height=&#8220;yes&#8220; content_placement=&#8220;middle&#8220;][vc_column width=&#8220;1\/3&#8243; css=&#8220;.vc_custom_1743518519413{background-color: #282624 !important;}&#8220;][vc_column_text css=&#8220;.vc_custom_1744690657807{margin-left: 30px !important;}&#8220;]<\/p>\n<h1 style=\"color: #79ca30;\">W\u00e4hlen Sie Ihren Weg<\/h1>\n<p>[\/vc_column_text][vc_column_text css=&#8220;.vc_custom_1744690697614{margin-left: 30px !important;}&#8220; el_class=&#8220;content-white-big&#8220;]Hilfe von Experten<br \/>\nBuchen Sie ein Beratungsgespr\u00e4ch in Sekundenschnelle.<\/p>\n<p><span style=\"font-size: 24px;\">W\u00e4hlen Sie den gew\u00fcnschten Service und eine passende Uhrzeit<br \/>\nund l\u00f6sen Sie Ihr Problem &#8211; schnell.<\/span>[\/vc_column_text][vc_row_inner][vc_column_inner width=&#8220;1\/2&#8243;][vc_btn title=&#8220;WEBSITE-KONSULTATION&#8220; style=&#8220;custom&#8220; custom_background=&#8220;#282624 !important&#8220; custom_text=&#8220;#ffffff&#8220; shape=&#8220;round&#8220; size=&#8220;lg&#8220; align=&#8220;center&#8220; link=&#8220;url:https%3A%2F%2Fcalendar.app.google%2FD2AfLDFC3KEsa8E4A&#8220; el_class=&#8220;margin-top-30 landing-btn&#8220;][\/vc_column_inner][vc_column_inner width=&#8220;1\/2&#8243;][vc_btn title=&#8220;MARKETINGSTRATEGIE-ANRUF&#8220; style=&#8220;custom&#8220; custom_background=&#8220;#79ca30&#8243; custom_text=&#8220;#ffffff&#8220; shape=&#8220;round&#8220; size=&#8220;lg&#8220; align=&#8220;center&#8220; link=&#8220;url:https%3A%2F%2Fcalendar.app.google%2FdHjcgxpNTrVBMjdG8%20&#8243; el_class=&#8220;margin-top-30 landing-btn&#8220;][\/vc_column_inner][\/vc_row_inner][\/vc_column][\/vc_row][\/vc_section][vc_section full_width=&#8220;stretch_row&#8220; css=&#8220;.vc_custom_1743523478457{padding-bottom: 50px !important;background-color: #282624 !important;}&#8220;][vc_row css=&#8220;.vc_custom_1743520297022{margin-top: 50px !important;}&#8220;][vc_column width=&#8220;1\/6&#8243;][\/vc_column][vc_column width=&#8220;2\/3&#8243;][vc_column_text]<\/p>\n<h2 style=\"text-align: center;\">Warum bei uns buchen?<\/h2>\n<p>[\/vc_column_text][\/vc_column][vc_column width=&#8220;1\/6&#8243;][\/vc_column][\/vc_row][vc_row css=&#8220;.vc_custom_1743520973049{margin-top: 25px !important;}&#8220;][vc_column width=&#8220;1\/5&#8243;][\/vc_column][vc_column width=&#8220;1\/5&#8243;][vc_single_image image=&#8220;12128&#8243; img_size=&#8220;full&#8220; alignment=&#8220;center&#8220; css=&#8220;.vc_custom_1743527419111{margin-bottom: 0px !important;border-bottom-width: 0px !important;padding-bottom: 0px !important;}&#8220;][vc_column_text]<\/p>\n<h4 style=\"text-align: center;\">Time-Saving<\/h4>\n<p>[\/vc_column_text][vc_column_text el_class=&#8220;content-white&#8220;]<\/p>\n<p style=\"text-align: center;\">Kein Hin und Her mit E-Mails, sofortige Terminplanung.<\/p>\n<p>[\/vc_column_text][\/vc_column][vc_column width=&#8220;1\/5&#8243;][vc_single_image image=&#8220;12122&#8243; img_size=&#8220;full&#8220; alignment=&#8220;center&#8220; css=&#8220;.vc_custom_1743527426352{margin-bottom: 0px !important;border-bottom-width: 0px !important;padding-bottom: 0px !important;}&#8220;][vc_column_text]<\/p>\n<h4 style=\"text-align: center;\">Ma\u00dfgeschneiderte Konsultation<\/h4>\n<p>[\/vc_column_text][vc_column_text el_class=&#8220;content-white&#8220;]<\/p>\n<p style=\"text-align: center;\">Sie erhalten einen ma\u00dfgeschneiderten Plan f\u00fcr Ihre Ziele.<\/p>\n<p>[\/vc_column_text][\/vc_column][vc_column width=&#8220;1\/5&#8243;][vc_single_image image=&#8220;12125&#8243; img_size=&#8220;full&#8220; alignment=&#8220;center&#8220; css=&#8220;.vc_custom_1743527432305{margin-bottom: 0px !important;border-bottom-width: 0px !important;padding-bottom: 0px !important;}&#8220;][vc_column_text]<\/p>\n<h4 style=\"text-align: center;\">Beratung durch Experten<\/h4>\n<p>[\/vc_column_text][vc_column_text el_class=&#8220;content-white&#8220;]<\/p>\n<p style=\"text-align: center;\">Nutzen Sie unsere Erfahrung in<br \/>\n[spezifische Dienstleistungsbereiche].<\/p>\n<p>[\/vc_column_text][\/vc_column][vc_column width=&#8220;1\/5&#8243;][\/vc_column][\/vc_row][vc_row el_class=&#8220;margin-top-100&#8243;][vc_column width=&#8220;1\/6&#8243;][\/vc_column][vc_column width=&#8220;2\/3&#8243;][vc_single_image image=&#8220;12234&#8243; img_size=&#8220;full&#8220; alignment=&#8220;center&#8220;][\/vc_column][vc_column width=&#8220;1\/6&#8243;][\/vc_column][\/vc_row][vc_row el_class=&#8220;margin-top-50&#8243;][vc_column width=&#8220;1\/6&#8243;][\/vc_column][vc_column width=&#8220;2\/3&#8243;][vc_column_text]<\/p>\n<h2 style=\"text-align: center;\">Wie es funktioniert<\/h2>\n<p>[\/vc_column_text][vc_column_text el_class=&#8220;content-white&#8220;]Unabh\u00e4ngig von der Gr\u00f6\u00dfe Ihres Unternehmens, Ihrer Branche oder Ihrem Budget setzen wir unsere F\u00e4higkeiten ein, um eine ma\u00dfgeschneiderte L\u00f6sung zu entwickeln, die Ihren Umsatz und Ihr Ansehen steigert.[\/vc_column_text][\/vc_column][vc_column width=&#8220;1\/6&#8243;][\/vc_column][\/vc_row][vc_row css=&#8220;.vc_custom_1743520973049{margin-top: 25px !important;}&#8220;][vc_column width=&#8220;1\/4&#8243;][vc_single_image image=&#8220;12131&#8243; img_size=&#8220;full&#8220; alignment=&#8220;center&#8220; css=&#8220;.vc_custom_1743527637920{margin-bottom: 0px !important;border-bottom-width: 0px !important;padding-bottom: 0px !important;}&#8220;][vc_column_text]<\/p>\n<h4 style=\"text-align: center;\">Website-Entwicklung<\/h4>\n<p>[\/vc_column_text][vc_column_text el_class=&#8220;content-white&#8220;]<\/p>\n<p style=\"text-align: center;\">Kundenspezifische Entwicklung<br \/>\n(Java, C#, PHP, HTML, JS, CSS, Rect)<br \/>\nResponsive Design UX \/UI-Optimierung<\/p>\n<p>[\/vc_column_text][\/vc_column][vc_column width=&#8220;1\/4&#8243;][vc_single_image image=&#8220;12134&#8243; img_size=&#8220;full&#8220; alignment=&#8220;center&#8220; css=&#8220;.vc_custom_1743527645495{margin-bottom: 0px !important;border-bottom-width: 0px !important;padding-bottom: 0px !important;}&#8220;][vc_column_text]<\/p>\n<h4 style=\"text-align: center;\">Webdesign<\/h4>\n<p>[\/vc_column_text][vc_column_text el_class=&#8220;content-white&#8220;]<\/p>\n<p style=\"text-align: center;\">Markenidentit\u00e4t<br \/>\nLogo-Kreation<br \/>\nWebdesign<\/p>\n<p>[\/vc_column_text][\/vc_column][vc_column width=&#8220;1\/4&#8243;][vc_single_image image=&#8220;12119&#8243; img_size=&#8220;full&#8220; alignment=&#8220;center&#8220; css=&#8220;.vc_custom_1743527653568{margin-bottom: 0px !important;border-bottom-width: 0px !important;padding-bottom: 0px !important;}&#8220;][vc_column_text]<\/p>\n<h4 style=\"text-align: center;\">E-Commerce<\/h4>\n<p>[\/vc_column_text][vc_column_text el_class=&#8220;content-white&#8220;]<\/p>\n<p style=\"text-align: center;\">e-Commerce Strategie<br \/>\nVerkehrserfassung<br \/>\nKonversion &amp; Loyalit\u00e4t<br \/>\ne-Commerce Management<\/p>\n<p>[\/vc_column_text][\/vc_column][vc_column width=&#8220;1\/4&#8243;][vc_single_image image=&#8220;12116&#8243; img_size=&#8220;full&#8220; alignment=&#8220;center&#8220; css=&#8220;.vc_custom_1743527660552{margin-bottom: 0px !important;border-bottom-width: 0px !important;padding-bottom: 0px !important;}&#8220;][vc_column_text]<\/p>\n<h4 style=\"text-align: center;\">Digital Marketing<\/h4>\n<p>[\/vc_column_text][vc_column_text el_class=&#8220;content-white&#8220;]<\/p>\n<p style=\"text-align: center;\">Redaktionelle Strategie<br \/>\nMarketing-Aktionsplan<br \/>\nSEA + SEM<br \/>\nSoziale Netzwerke<\/p>\n<p>[\/vc_column_text][\/vc_column][\/vc_row][vc_row el_class=&#8220;margin-top-100&#8243;][vc_column width=&#8220;1\/6&#8243;][\/vc_column][vc_column width=&#8220;2\/3&#8243;][vc_column_text]<\/p>\n<h2 style=\"text-align: center;\">Zufriedene Kunden<\/h2>\n<p>[\/vc_column_text][\/vc_column][vc_column width=&#8220;1\/6&#8243;][\/vc_column][\/vc_row][vc_row][vc_column width=&#8220;1\/4&#8243;][vc_single_image image=&#8220;12253&#8243; img_size=&#8220;full&#8220; alignment=&#8220;center&#8220;][\/vc_column][vc_column width=&#8220;1\/4&#8243;][vc_single_image image=&#8220;12250&#8243; img_size=&#8220;full&#8220; alignment=&#8220;center&#8220;][\/vc_column][vc_column width=&#8220;1\/4&#8243;][vc_single_image image=&#8220;12244&#8243; img_size=&#8220;full&#8220; alignment=&#8220;center&#8220;][\/vc_column][vc_column width=&#8220;1\/4&#8243;][vc_single_image image=&#8220;12247&#8243; img_size=&#8220;full&#8220; alignment=&#8220;center&#8220;][\/vc_column][\/vc_row][vc_row][vc_column width=&#8220;1\/4&#8243;][vc_single_image image=&#8220;12256&#8243; img_size=&#8220;full&#8220; alignment=&#8220;center&#8220;][\/vc_column][vc_column width=&#8220;1\/4&#8243;][vc_single_image image=&#8220;12259&#8243; img_size=&#8220;full&#8220; alignment=&#8220;center&#8220;][\/vc_column][vc_column width=&#8220;1\/4&#8243;][vc_single_image image=&#8220;12238&#8243; img_size=&#8220;full&#8220; alignment=&#8220;center&#8220;][\/vc_column][vc_column width=&#8220;1\/4&#8243;][vc_single_image image=&#8220;12241&#8243; img_size=&#8220;full&#8220; alignment=&#8220;center&#8220;][\/vc_column][\/vc_row][vc_row][vc_column width=&#8220;1\/4&#8243;][vc_single_image image=&#8220;12270&#8243; img_size=&#8220;full&#8220; alignment=&#8220;center&#8220;][\/vc_column][vc_column width=&#8220;1\/4&#8243;][vc_single_image image=&#8220;12273&#8243; img_size=&#8220;full&#8220; alignment=&#8220;center&#8220;][\/vc_column][vc_column width=&#8220;1\/4&#8243;][vc_single_image image=&#8220;12264&#8243; img_size=&#8220;full&#8220; alignment=&#8220;center&#8220;][\/vc_column][vc_column width=&#8220;1\/4&#8243;][vc_single_image image=&#8220;12267&#8243; img_size=&#8220;full&#8220; alignment=&#8220;center&#8220;][\/vc_column][\/vc_row][vc_row el_class=&#8220;margin-top-100&#8243;][vc_column width=&#8220;1\/6&#8243;][\/vc_column][vc_column width=&#8220;2\/3&#8243;][vc_column_text]<\/p>\n<h2 style=\"text-align: center;\">Bereit f\u00fcr den Einstieg?<\/h2>\n<p>[\/vc_column_text][vc_column_text el_class=&#8220;content-white&#8220;]<\/p>\n<p style=\"text-align: center;\">Wir senden Ihnen eine Best\u00e4tigungs-E-Mail mit allen Einzelheiten. Bis bald!<\/p>\n<p>[\/vc_column_text][vc_row_inner][vc_column_inner width=&#8220;1\/2&#8243;][vc_btn title=&#8220;WEBSITE-KONSULTATION&#8220; style=&#8220;custom&#8220; custom_background=&#8220;#79ca30&#8243; custom_text=&#8220;#ffffff&#8220; shape=&#8220;round&#8220; size=&#8220;lg&#8220; align=&#8220;center&#8220; link=&#8220;url:https%3A%2F%2Fcalendar.app.google%2FD2AfLDFC3KEsa8E4A&#8220; el_class=&#8220;margin-top-30&#8243;][\/vc_column_inner][vc_column_inner width=&#8220;1\/2&#8243;][vc_btn title=&#8220;ETINGSTRATEGIE-ANRUF&#8220; style=&#8220;custom&#8220; custom_background=&#8220;#79ca30&#8243; custom_text=&#8220;#ffffff&#8220; shape=&#8220;round&#8220; size=&#8220;lg&#8220; align=&#8220;center&#8220; link=&#8220;url:https%3A%2F%2Fcalendar.app.google%2FdHjcgxpNTrVBMjdG8%20&#8243; el_class=&#8220;margin-top-30&#8243;][\/vc_column_inner][\/vc_row_inner][\/vc_column][vc_column width=&#8220;1\/6&#8243;][\/vc_column][\/vc_row][\/vc_section]<\/p>\n<\/section>","protected":false},"excerpt":{"rendered":"<p>[vc_section full_width=&#8220;stretch_row_content&#8220; el_id=&#8220;custom-header&#8220; css=&#8220;.vc_custom_1743519154120{padding-top: 0px !important;background-color: #282624 !important;}&#8220;][vc_row full_width=&#8220;stretch_row_content&#8220; equal_height=&#8220;yes&#8220; content_placement=&#8220;middle&#8220; css=&#8220;.vc_custom_1743519167169{margin-top: 25px !important;}&#8220;][vc_column width=&#8220;1\/2&#8243;][vc_single_image image=&#8220;5368&#8243; img_size=&#8220;full&#8220; css=&#8220;.vc_custom_1743519077613{margin-left: 50px !important;padding-bottom: 15px !important;}&#8220;][\/vc_column][vc_column width=&#8220;1\/4&#8243;][\/vc_column][vc_column width=&#8220;2\/12&#8243;][vc_column_text el_class=&#8220;menu-items&#8220; css=&#8220;.vc_custom_1744690646065{margin-right:<span class=\"excerpt-hellip\"> [\u2026]<\/span><\/p>\n","protected":false},"author":1,"featured_media":0,"parent":0,"menu_order":0,"comment_status":"closed","ping_status":"closed","template":"","meta":{"inline_featured_image":false,"footnotes":""},"yoast_head":"<!-- This site is optimized with the Yoast SEO plugin v21.5 - https:\/\/yoast.com\/wordpress\/plugins\/seo\/ -->\n<title>Pick Your Path - Done<\/title>\n<meta name=\"robots\" content=\"index, follow, max-snippet:-1, max-image-preview:large, max-video-preview:-1\" \/>\n<link rel=\"canonical\" href=\"https:\/\/done.lu\/de\/pick-your-path\/\" \/>\n<meta property=\"og:locale\" content=\"de_DE\" \/>\n<meta property=\"og:type\" content=\"article\" \/>\n<meta property=\"og:title\" content=\"Pick Your Path - Done\" \/>\n<meta property=\"og:description\" content=\"[vc_section full_width=&#8220;stretch_row_content&#8220; el_id=&#8220;custom-header&#8220; css=&#8220;.vc_custom_1743519154120{padding-top: 0px !important;background-color: #282624 !important;}&#8220;][vc_row full_width=&#8220;stretch_row_content&#8220; equal_height=&#8220;yes&#8220; content_placement=&#8220;middle&#8220; css=&#8220;.vc_custom_1743519167169{margin-top: 25px !important;}&#8220;][vc_column width=&#8220;1\/2&#8243;][vc_single_image image=&#8220;5368&#8243; img_size=&#8220;full&#8220; css=&#8220;.vc_custom_1743519077613{margin-left: 50px !important;padding-bottom: 15px !important;}&#8220;][\/vc_column][vc_column width=&#8220;1\/4&#8243;][\/vc_column][vc_column width=&#8220;2\/12&#8243;][vc_column_text el_class=&#8220;menu-items&#8220; css=&#8220;.vc_custom_1744690646065{margin-right: [\u2026]\" \/>\n<meta property=\"og:url\" content=\"https:\/\/done.lu\/de\/pick-your-path\/\" \/>\n<meta property=\"og:site_name\" content=\"Done\" \/>\n<meta property=\"article:publisher\" content=\"https:\/\/www.facebook.com\/donesarl\" \/>\n<meta property=\"article:modified_time\" content=\"2025-04-15T14:38:47+00:00\" \/>\n<meta name=\"twitter:card\" content=\"summary_large_image\" \/>\n<meta name=\"twitter:site\" content=\"@DONElux\" \/>\n<meta name=\"twitter:label1\" content=\"Gesch\u00e4tzte Lesezeit\" \/>\n\t<meta name=\"twitter:data1\" content=\"3\u00a0Minuten\" \/>\n<script type=\"application\/ld+json\" class=\"yoast-schema-graph\">{\"@context\":\"https:\/\/schema.org\",\"@graph\":[{\"@type\":\"WebPage\",\"@id\":\"https:\/\/done.lu\/de\/pick-your-path\/\",\"url\":\"https:\/\/done.lu\/de\/pick-your-path\/\",\"name\":\"Pick Your Path - Done\",\"isPartOf\":{\"@id\":\"https:\/\/done.lu\/#website\"},\"datePublished\":\"2025-04-01T16:06:34+00:00\",\"dateModified\":\"2025-04-15T14:38:47+00:00\",\"breadcrumb\":{\"@id\":\"https:\/\/done.lu\/de\/pick-your-path\/#breadcrumb\"},\"inLanguage\":\"de\",\"potentialAction\":[{\"@type\":\"ReadAction\",\"target\":[\"https:\/\/done.lu\/de\/pick-your-path\/\"]}]},{\"@type\":\"BreadcrumbList\",\"@id\":\"https:\/\/done.lu\/de\/pick-your-path\/#breadcrumb\",\"itemListElement\":[{\"@type\":\"ListItem\",\"position\":1,\"name\":\"Home\",\"item\":\"https:\/\/done.lu\/de\/\"},{\"@type\":\"ListItem\",\"position\":2,\"name\":\"Pick Your Path\"}]},{\"@type\":\"WebSite\",\"@id\":\"https:\/\/done.lu\/#website\",\"url\":\"https:\/\/done.lu\/\",\"name\":\"Done\",\"description\":\"\",\"publisher\":{\"@id\":\"https:\/\/done.lu\/#organization\"},\"potentialAction\":[{\"@type\":\"SearchAction\",\"target\":{\"@type\":\"EntryPoint\",\"urlTemplate\":\"https:\/\/done.lu\/?s={search_term_string}\"},\"query-input\":\"required name=search_term_string\"}],\"inLanguage\":\"de\"},{\"@type\":\"Organization\",\"@id\":\"https:\/\/done.lu\/#organization\",\"name\":\"Done SARL\",\"alternateName\":\"Done Website as a Service\",\"url\":\"https:\/\/done.lu\/\",\"logo\":{\"@type\":\"ImageObject\",\"inLanguage\":\"de\",\"@id\":\"https:\/\/done.lu\/#\/schema\/logo\/image\/\",\"url\":\"https:\/\/done.lu\/wp-content\/uploads\/2024\/07\/logo_done_rgb_neu.jpg\",\"contentUrl\":\"https:\/\/done.lu\/wp-content\/uploads\/2024\/07\/logo_done_rgb_neu.jpg\",\"width\":945,\"height\":377,\"caption\":\"Done SARL\"},\"image\":{\"@id\":\"https:\/\/done.lu\/#\/schema\/logo\/image\/\"},\"sameAs\":[\"https:\/\/www.facebook.com\/donesarl\",\"https:\/\/twitter.com\/DONElux\",\"https:\/\/www.instagram.com\/done.lu\/\",\"https:\/\/www.linkedin.com\/company\/donelux\/\"]}]}<\/script>\n<!-- \/ Yoast SEO plugin. -->","yoast_head_json":{"title":"Pick Your Path - Done","robots":{"index":"index","follow":"follow","max-snippet":"max-snippet:-1","max-image-preview":"max-image-preview:large","max-video-preview":"max-video-preview:-1"},"canonical":"https:\/\/done.lu\/de\/pick-your-path\/","og_locale":"de_DE","og_type":"article","og_title":"Pick Your Path - Done","og_description":"[vc_section full_width=&#8220;stretch_row_content&#8220; el_id=&#8220;custom-header&#8220; css=&#8220;.vc_custom_1743519154120{padding-top: 0px !important;background-color: #282624 !important;}&#8220;][vc_row full_width=&#8220;stretch_row_content&#8220; equal_height=&#8220;yes&#8220; content_placement=&#8220;middle&#8220; css=&#8220;.vc_custom_1743519167169{margin-top: 25px !important;}&#8220;][vc_column width=&#8220;1\/2&#8243;][vc_single_image image=&#8220;5368&#8243; img_size=&#8220;full&#8220; css=&#8220;.vc_custom_1743519077613{margin-left: 50px !important;padding-bottom: 15px !important;}&#8220;][\/vc_column][vc_column width=&#8220;1\/4&#8243;][\/vc_column][vc_column width=&#8220;2\/12&#8243;][vc_column_text el_class=&#8220;menu-items&#8220; css=&#8220;.vc_custom_1744690646065{margin-right: [\u2026]","og_url":"https:\/\/done.lu\/de\/pick-your-path\/","og_site_name":"Done","article_publisher":"https:\/\/www.facebook.com\/donesarl","article_modified_time":"2025-04-15T14:38:47+00:00","twitter_card":"summary_large_image","twitter_site":"@DONElux","twitter_misc":{"Gesch\u00e4tzte Lesezeit":"3\u00a0Minuten"},"schema":{"@context":"https:\/\/schema.org","@graph":[{"@type":"WebPage","@id":"https:\/\/done.lu\/de\/pick-your-path\/","url":"https:\/\/done.lu\/de\/pick-your-path\/","name":"Pick Your Path - Done","isPartOf":{"@id":"https:\/\/done.lu\/#website"},"datePublished":"2025-04-01T16:06:34+00:00","dateModified":"2025-04-15T14:38:47+00:00","breadcrumb":{"@id":"https:\/\/done.lu\/de\/pick-your-path\/#breadcrumb"},"inLanguage":"de","potentialAction":[{"@type":"ReadAction","target":["https:\/\/done.lu\/de\/pick-your-path\/"]}]},{"@type":"BreadcrumbList","@id":"https:\/\/done.lu\/de\/pick-your-path\/#breadcrumb","itemListElement":[{"@type":"ListItem","position":1,"name":"Home","item":"https:\/\/done.lu\/de\/"},{"@type":"ListItem","position":2,"name":"Pick Your Path"}]},{"@type":"WebSite","@id":"https:\/\/done.lu\/#website","url":"https:\/\/done.lu\/","name":"Done","description":"","publisher":{"@id":"https:\/\/done.lu\/#organization"},"potentialAction":[{"@type":"SearchAction","target":{"@type":"EntryPoint","urlTemplate":"https:\/\/done.lu\/?s={search_term_string}"},"query-input":"required name=search_term_string"}],"inLanguage":"de"},{"@type":"Organization","@id":"https:\/\/done.lu\/#organization","name":"Done SARL","alternateName":"Done Website as a Service","url":"https:\/\/done.lu\/","logo":{"@type":"ImageObject","inLanguage":"de","@id":"https:\/\/done.lu\/#\/schema\/logo\/image\/","url":"https:\/\/done.lu\/wp-content\/uploads\/2024\/07\/logo_done_rgb_neu.jpg","contentUrl":"https:\/\/done.lu\/wp-content\/uploads\/2024\/07\/logo_done_rgb_neu.jpg","width":945,"height":377,"caption":"Done SARL"},"image":{"@id":"https:\/\/done.lu\/#\/schema\/logo\/image\/"},"sameAs":["https:\/\/www.facebook.com\/donesarl","https:\/\/twitter.com\/DONElux","https:\/\/www.instagram.com\/done.lu\/","https:\/\/www.linkedin.com\/company\/donelux\/"]}]}},"_links":{"self":[{"href":"https:\/\/done.lu\/de\/wp-json\/wp\/v2\/pages\/12357"}],"collection":[{"href":"https:\/\/done.lu\/de\/wp-json\/wp\/v2\/pages"}],"about":[{"href":"https:\/\/done.lu\/de\/wp-json\/wp\/v2\/types\/page"}],"author":[{"embeddable":true,"href":"https:\/\/done.lu\/de\/wp-json\/wp\/v2\/users\/1"}],"replies":[{"embeddable":true,"href":"https:\/\/done.lu\/de\/wp-json\/wp\/v2\/comments?post=12357"}],"version-history":[{"count":4,"href":"https:\/\/done.lu\/de\/wp-json\/wp\/v2\/pages\/12357\/revisions"}],"predecessor-version":[{"id":12386,"href":"https:\/\/done.lu\/de\/wp-json\/wp\/v2\/pages\/12357\/revisions\/12386"}],"wp:attachment":[{"href":"https:\/\/done.lu\/de\/wp-json\/wp\/v2\/media?parent=12357"}],"curies":[{"name":"wp","href":"https:\/\/api.w.org\/{rel}","templated":true}]}}